{"id":1973,"date":"2022-10-04T09:43:48","date_gmt":"2022-10-04T09:43:48","guid":{"rendered":"https:\/\/www.majesticsaigon.com\/homepage\/"},"modified":"2026-01-13T10:35:25","modified_gmt":"2026-01-13T10:35:25","slug":"homepage","status":"publish","type":"page","link":"https:\/\/www.majesticsaigon.com\/vi\/","title":{"rendered":"KH\u00c1CH S\u1ea0N MAJESTIC S\u00c0I G\u00d2N"},"content":{"rendered":"<p>Ch\u00e0o m\u1eebng qu\u00fd kh\u00e1ch \u0111\u1ebfn v\u1edbi Kh\u00e1ch s\u1ea1n Majestic S\u00e0i G\u00f2n, kh\u00e1ch s\u1ea1n sang tr\u1ecdng l\u00e2u \u0111\u1eddi v\u1edbi n\u00e9t d\u1ea5u \u1ea5n Di s\u1ea3n, D\u1ecbch v\u1ee5 t\u1eadn t\u00e2m v\u00e0 s\u1ef1 Sang tr\u1ecdng.<\/p>\n<p>T\u1eeb n\u0103m 1925, kh\u00e1ch s\u1ea1n \u0111\u01b0\u1ee3c t\u1ecda l\u1ea1c t\u1ea1i trung t\u00e2m Th\u00e0nh ph\u1ed1 H\u1ed3 Ch\u00ed Minh v\u00e0 m\u1edf ra t\u1ea7m nh\u00ecn tuy\u1ec7t \u0111\u1eb9p h\u01b0\u1edbng v\u1ec1 S\u00f4ng S\u00e0i G\u00f2n. Kh\u00e1ch s\u1ea1n 5 sao Majestic S\u00e0i G\u00f2n \u0111\u00e3 v\u00e0 \u0111ang l\u00e0 m\u1ed9t trong nh\u1eefng \u0111\u1ecba danh tr\u00e1ng l\u1ec7 v\u00e0 quen thu\u1ed9c nh\u1ea5t th\u00e0nh ph\u1ed1. Kh\u00e1ch s\u1ea1n c\u1ee7a ch\u00fang t\u00f4i l\u00e0 t\u1ed5ng h\u00f2a c\u1ee7a thi\u1ebft k\u1ebf di s\u1ea3n \u0111\u1ed9c \u0111\u00e1o c\u00f9ng h\u1ec7 th\u1ed1ng ph\u00f2ng ngh\u1ec9 sang tr\u1ecdng, tr\u1ea3i nghi\u1ec7m \u1ea9m th\u1ef1c tinh t\u1ebf, ti\u1ec7n nghi cao c\u1ea5p v\u00e0 d\u1ecbch v\u1ee5 \u0111\u1eb3ng c\u1ea5p.<\/p>\n<p>Ch\u00fang t\u00f4i mang \u0111\u1ebfn d\u1ecbch v\u1ee5 l\u01b0u tr\u00fa ho\u00e0n h\u1ea3o cho chuy\u1ebfn gh\u00e9 th\u0103m c\u1ee7a qu\u00fd kh\u00e1ch ngay gi\u1eefa l\u00f2ng S\u00e0i G\u00f2n, d\u00f9 l\u00e0 \u0111\u1ec3 g\u1eb7p g\u1ee1 \u0111\u1ed1i t\u00e1c, t\u1eadn h\u01b0\u1edfng k\u1ef3 ngh\u1ec9 tuy\u1ec7t v\u1eddi hay ghi l\u1ea1i m\u1ed9t \u0111\u00e1m c\u01b0\u1edbi l\u00e3ng m\u1ea1n v\u00e0 tu\u1ea7n tr\u0103ng m\u1eadt kh\u00f3 qu\u00ean. H\u1ec7 th\u1ed1ng 175 ph\u00f2ng deluxe v\u00e0 suite r\u1ed9ng r\u00e3i v\u1edbi ph\u00f2ng t\u1eafm l\u00e1t \u0111\u00e1 c\u1ea9m th\u1ea1ch, ban c\u00f4ng ri\u00eang c\u00f9ng c\u00e1c ti\u1ec7n nghi cao c\u1ea5p s\u1ebd mang \u0111\u1ebfn cho b\u1ea1n m\u1ed9t k\u1ef3 ngh\u1ec9 tho\u1ea3i m\u00e1i v\u00e0 \u0111\u1ea7y phong c\u00e1ch. M Bar c\u1ee7a ch\u00fang t\u00f4i, m\u1ed9t trong m\u01b0\u1eddi qu\u1ea7y bar tr\u00ean t\u1ea7ng th\u01b0\u1ee3ng h\u1ea5p d\u1eabn nh\u1ea5t S\u00e0i G\u00f2n, l\u00e0 \u0111i\u1ec3m \u0111\u1ebfn kh\u00f4ng th\u1ec3 b\u1ecf qua \u0111\u1ec3 th\u01b0\u1edfng th\u1ee9c nh\u1eefng ly cocktail tr\u1ee9 danh v\u00e0 tr\u1ea3i nghi\u1ec7m khung c\u1ea3nh ngo\u1ea1n m\u1ee5c c\u1ee7a S\u00f4ng S\u00e0i G\u00f2n v\u1ec1 \u0111\u00eam trong l\u00fac l\u1eafng nghe nh\u1eefng m\u00e0n tr\u00ecnh di\u1ec5n \u0111\u1ea7y h\u1ee9ng kh\u1edfi c\u1ee7a ngh\u1ec7 s\u0129 \u0111\u1ecba ph\u01b0\u01a1ng. H\u00e3y tho\u00e1t kh\u1ecfi nh\u1eefng h\u1ed1i h\u1ea3 b\u1ed9n b\u1ec1 c\u1ee7a th\u00e0nh ph\u1ed1 b\u1eb1ng c\u00e1ch \u0111\u1eafm m\u00ecnh trong h\u1ed3 b\u01a1i c\u1ee7a kh\u00e1ch s\u1ea1n v\u00e0 t\u1eadn h\u01b0\u1edfng nh\u1eefng th\u1ee9c u\u1ed1ng s\u1ea3ng kho\u00e1i mi\u1ec5n ph\u00ed b\u00ean h\u1ed3 b\u01a1i.<\/p>\n","protected":false},"excerpt":{"rendered":"<p>Ch\u00e0o m\u1eebng qu\u00fd kh\u00e1ch \u0111\u1ebfn v\u1edbi Kh\u00e1ch s\u1ea1n Majestic S\u00e0i G\u00f2n, kh\u00e1ch s\u1ea1n sang tr\u1ecdng l\u00e2u \u0111\u1eddi v\u1edbi n\u00e9t d\u1ea5u \u1ea5n Di s\u1ea3n, D\u1ecbch v\u1ee5 t\u1eadn t\u00e2m v\u00e0 s\u1ef1 Sang tr\u1ecdng. T\u1eeb n\u0103m 1925, kh\u00e1ch s\u1ea1n \u0111\u01b0\u1ee3c t\u1ecda l\u1ea1c t\u1ea1i trung t\u00e2m Th\u00e0nh ph\u1ed1 H\u1ed3 Ch\u00ed Minh v\u00e0 m\u1edf ra t\u1ea7m nh\u00ecn tuy\u1ec7t \u0111\u1eb9p h\u01b0\u1edbng [&hellip;]<\/p>\n","protected":false},"author":368,"featured_media":1365,"parent":0,"menu_order":0,"comment_status":"closed","ping_status":"closed","template":"","meta":{"footnotes":""},"acf":[],"yoast_head":"<!-- This site is optimized with the Yoast SEO plugin v22.3 - https:\/\/yoast.com\/wordpress\/plugins\/seo\/ -->\n<title>Home - Hotel Majestic Saigon<\/title>\n<meta name=\"description\" content=\"Since 1925, Hotel Majestic Saigon has become one of Saigon&#039;s most desirable locations, offering guests breathtaking views of the Saigon River and the city.\" \/>\n<meta name=\"robots\" content=\"index, follow, max-snippet:-1, max-image-preview:large, max-video-preview:-1\" \/>\n<link rel=\"canonical\" href=\"https:\/\/www.majesticsaigon.com\/vi\/\" \/>\n<meta property=\"og:locale\" content=\"vi_VN\" \/>\n<meta property=\"og:type\" content=\"article\" \/>\n<meta property=\"og:title\" content=\"Home - Hotel Majestic Saigon\" \/>\n<meta property=\"og:description\" content=\"Since 1925, Hotel Majestic Saigon has become one of Saigon&#039;s most desirable locations, offering guests breathtaking views of the Saigon River and the city.\" \/>\n<meta property=\"og:url\" content=\"https:\/\/www.majesticsaigon.com\/vi\/\" \/>\n<meta property=\"og:site_name\" content=\"Majestic Saigon Hotel\" \/>\n<meta property=\"article:modified_time\" content=\"2026-01-13T10:35:25+00:00\" \/>\n<meta property=\"og:image\" content=\"https:\/\/www.majesticsaigon.com\/wp-content\/uploads\/sites\/258\/2023\/10\/Noble-Summer-Camp-Closing-Ceremony-at-Chi-Bu-Aug-11-3.jpg\" \/>\n\t<meta property=\"og:image:width\" content=\"1464\" \/>\n\t<meta property=\"og:image:height\" content=\"2200\" \/>\n\t<meta property=\"og:image:type\" content=\"image\/jpeg\" \/>\n<meta name=\"twitter:card\" content=\"summary_large_image\" \/>\n<meta name=\"twitter:label1\" content=\"Est. reading time\" \/>\n\t<meta name=\"twitter:data1\" content=\"2 minutes\" \/>\n<script type=\"application\/ld+json\" class=\"yoast-schema-graph\">{\"@context\":\"https:\/\/schema.org\",\"@graph\":[{\"@type\":\"WebPage\",\"@id\":\"https:\/\/www.majesticsaigon.com\/vi\/\",\"url\":\"https:\/\/www.majesticsaigon.com\/vi\/\",\"name\":\"Home - Hotel Majestic Saigon\",\"isPartOf\":{\"@id\":\"https:\/\/www.majesticsaigon.com\/vi\/#website\"},\"primaryImageOfPage\":{\"@id\":\"https:\/\/www.majesticsaigon.com\/vi\/#primaryimage\"},\"image\":{\"@id\":\"https:\/\/www.majesticsaigon.com\/vi\/#primaryimage\"},\"thumbnailUrl\":\"https:\/\/www.majesticsaigon.com\/wp-content\/uploads\/sites\/258\/2023\/10\/Noble-Summer-Camp-Closing-Ceremony-at-Chi-Bu-Aug-11-3.jpg\",\"datePublished\":\"2022-10-04T09:43:48+00:00\",\"dateModified\":\"2026-01-13T10:35:25+00:00\",\"description\":\"Since 1925, Hotel Majestic Saigon has become one of Saigon's most desirable locations, offering guests breathtaking views of the Saigon River and the city.\",\"breadcrumb\":{\"@id\":\"https:\/\/www.majesticsaigon.com\/vi\/#breadcrumb\"},\"inLanguage\":\"vi-VN\",\"potentialAction\":[{\"@type\":\"ReadAction\",\"target\":[\"https:\/\/www.majesticsaigon.com\/vi\/\"]}]},{\"@type\":\"ImageObject\",\"inLanguage\":\"vi-VN\",\"@id\":\"https:\/\/www.majesticsaigon.com\/vi\/#primaryimage\",\"url\":\"https:\/\/www.majesticsaigon.com\/wp-content\/uploads\/sites\/258\/2023\/10\/Noble-Summer-Camp-Closing-Ceremony-at-Chi-Bu-Aug-11-3.jpg\",\"contentUrl\":\"https:\/\/www.majesticsaigon.com\/wp-content\/uploads\/sites\/258\/2023\/10\/Noble-Summer-Camp-Closing-Ceremony-at-Chi-Bu-Aug-11-3.jpg\",\"width\":1464,\"height\":2200},{\"@type\":\"BreadcrumbList\",\"@id\":\"https:\/\/www.majesticsaigon.com\/vi\/#breadcrumb\",\"itemListElement\":[{\"@type\":\"ListItem\",\"position\":1,\"name\":\"Home\",\"item\":\"https:\/\/www.majesticsaigon.com\/vi\/\"},{\"@type\":\"ListItem\",\"position\":2,\"name\":\"KH\u00c1CH S\u1ea0N MAJESTIC S\u00c0I G\u00d2N\"}]},{\"@type\":\"WebSite\",\"@id\":\"https:\/\/www.majesticsaigon.com\/vi\/#website\",\"url\":\"https:\/\/www.majesticsaigon.com\/vi\/\",\"name\":\"Majestic Saigon Hotel\",\"description\":\"\",\"potentialAction\":[{\"@type\":\"SearchAction\",\"target\":{\"@type\":\"EntryPoint\",\"urlTemplate\":\"https:\/\/www.majesticsaigon.com\/vi\/?s={search_term_string}\"},\"query-input\":\"required name=search_term_string\"}],\"inLanguage\":\"vi-VN\"}]}<\/script>\n<!-- \/ Yoast SEO plugin. -->","yoast_head_json":{"title":"Home - Hotel Majestic Saigon","description":"Since 1925, Hotel Majestic Saigon has become one of Saigon's most desirable locations, offering guests breathtaking views of the Saigon River and the city.","robots":{"index":"index","follow":"follow","max-snippet":"max-snippet:-1","max-image-preview":"max-image-preview:large","max-video-preview":"max-video-preview:-1"},"canonical":"https:\/\/www.majesticsaigon.com\/vi\/","og_locale":"vi_VN","og_type":"article","og_title":"Home - Hotel Majestic Saigon","og_description":"Since 1925, Hotel Majestic Saigon has become one of Saigon's most desirable locations, offering guests breathtaking views of the Saigon River and the city.","og_url":"https:\/\/www.majesticsaigon.com\/vi\/","og_site_name":"Majestic Saigon Hotel","article_modified_time":"2026-01-13T10:35:25+00:00","og_image":[{"width":1464,"height":2200,"url":"https:\/\/www.majesticsaigon.com\/wp-content\/uploads\/sites\/258\/2023\/10\/Noble-Summer-Camp-Closing-Ceremony-at-Chi-Bu-Aug-11-3.jpg","type":"image\/jpeg"}],"twitter_card":"summary_large_image","twitter_misc":{"Est. reading time":"2 minutes"},"schema":{"@context":"https:\/\/schema.org","@graph":[{"@type":"WebPage","@id":"https:\/\/www.majesticsaigon.com\/vi\/","url":"https:\/\/www.majesticsaigon.com\/vi\/","name":"Home - Hotel Majestic Saigon","isPartOf":{"@id":"https:\/\/www.majesticsaigon.com\/vi\/#website"},"primaryImageOfPage":{"@id":"https:\/\/www.majesticsaigon.com\/vi\/#primaryimage"},"image":{"@id":"https:\/\/www.majesticsaigon.com\/vi\/#primaryimage"},"thumbnailUrl":"https:\/\/www.majesticsaigon.com\/wp-content\/uploads\/sites\/258\/2023\/10\/Noble-Summer-Camp-Closing-Ceremony-at-Chi-Bu-Aug-11-3.jpg","datePublished":"2022-10-04T09:43:48+00:00","dateModified":"2026-01-13T10:35:25+00:00","description":"Since 1925, Hotel Majestic Saigon has become one of Saigon's most desirable locations, offering guests breathtaking views of the Saigon River and the city.","breadcrumb":{"@id":"https:\/\/www.majesticsaigon.com\/vi\/#breadcrumb"},"inLanguage":"vi-VN","potentialAction":[{"@type":"ReadAction","target":["https:\/\/www.majesticsaigon.com\/vi\/"]}]},{"@type":"ImageObject","inLanguage":"vi-VN","@id":"https:\/\/www.majesticsaigon.com\/vi\/#primaryimage","url":"https:\/\/www.majesticsaigon.com\/wp-content\/uploads\/sites\/258\/2023\/10\/Noble-Summer-Camp-Closing-Ceremony-at-Chi-Bu-Aug-11-3.jpg","contentUrl":"https:\/\/www.majesticsaigon.com\/wp-content\/uploads\/sites\/258\/2023\/10\/Noble-Summer-Camp-Closing-Ceremony-at-Chi-Bu-Aug-11-3.jpg","width":1464,"height":2200},{"@type":"BreadcrumbList","@id":"https:\/\/www.majesticsaigon.com\/vi\/#breadcrumb","itemListElement":[{"@type":"ListItem","position":1,"name":"Home","item":"https:\/\/www.majesticsaigon.com\/vi\/"},{"@type":"ListItem","position":2,"name":"KH\u00c1CH S\u1ea0N MAJESTIC S\u00c0I G\u00d2N"}]},{"@type":"WebSite","@id":"https:\/\/www.majesticsaigon.com\/vi\/#website","url":"https:\/\/www.majesticsaigon.com\/vi\/","name":"Majestic Saigon Hotel","description":"","potentialAction":[{"@type":"SearchAction","target":{"@type":"EntryPoint","urlTemplate":"https:\/\/www.majesticsaigon.com\/vi\/?s={search_term_string}"},"query-input":"required name=search_term_string"}],"inLanguage":"vi-VN"}]}},"_links":{"self":[{"href":"https:\/\/www.majesticsaigon.com\/vi\/wp-json\/wp\/v2\/pages\/1973"}],"collection":[{"href":"https:\/\/www.majesticsaigon.com\/vi\/wp-json\/wp\/v2\/pages"}],"about":[{"href":"https:\/\/www.majesticsaigon.com\/vi\/wp-json\/wp\/v2\/types\/page"}],"author":[{"embeddable":true,"href":"https:\/\/www.majesticsaigon.com\/vi\/wp-json\/wp\/v2\/users\/368"}],"replies":[{"embeddable":true,"href":"https:\/\/www.majesticsaigon.com\/vi\/wp-json\/wp\/v2\/comments?post=1973"}],"version-history":[{"count":0,"href":"https:\/\/www.majesticsaigon.com\/vi\/wp-json\/wp\/v2\/pages\/1973\/revisions"}],"wp:featuredmedia":[{"embeddable":true,"href":"https:\/\/www.majesticsaigon.com\/vi\/wp-json\/wp\/v2\/media\/1365"}],"wp:attachment":[{"href":"https:\/\/www.majesticsaigon.com\/vi\/wp-json\/wp\/v2\/media?parent=1973"}],"curies":[{"name":"wp","href":"https:\/\/api.w.org\/{rel}","templated":true}]}}