{"id":1976,"date":"2022-10-11T07:38:15","date_gmt":"2022-10-11T07:38:15","guid":{"rendered":"https:\/\/www.majesticsaigon.com\/our-history\/"},"modified":"2025-08-13T03:37:28","modified_gmt":"2025-08-13T03:37:28","slug":"our-history","status":"publish","type":"page","link":"https:\/\/www.majesticsaigon.com\/vi\/our-hotel\/our-history\/","title":{"rendered":"L\u1ecaCH S\u1eec C\u1ee6A CH\u00daNG T\u00d4I"},"content":{"rendered":"<p>C\u00e2u chuy\u1ec7n c\u1ee7a ch\u00fang t\u00f4i kh\u1edfi ngu\u1ed3n v\u00e0o n\u0103m 1925 &#8211; khi Kh\u00e1ch s\u1ea1n Majestic S\u00e0i G\u00f2n \u0111\u01b0\u1ee3c th\u00e0nh l\u1eadp b\u1edfi doanh nh\u00e2n ng\u01b0\u1eddi Vi\u1ec7t g\u1ed1c Hoa gi\u00e0u c\u00f3 nh\u1ea5t S\u00e0i G\u00f2n l\u00fac b\u1ea5y gi\u1edd l\u00e0 \u00f4ng Hui Bon Hoa. T\u1eeb \u0111\u00f3 \u0111\u1ebfn nay, ch\u00fang t\u00f4i lu\u00f4n t\u1ef1 h\u00e0o l\u00e0 kh\u00e1ch s\u1ea1n 5 sao \u0111\u1ea7u ti\u00ean do ng\u01b0\u1eddi Vi\u1ec7t qu\u1ea3n l\u00fd. Ng\u00e0y nay, Kh\u00e1ch s\u1ea1n Majestic S\u00e0i G\u00f2n \u0111\u01b0\u1ee3c m\u1ec7nh danh l\u00e0 Kh\u00e1ch s\u1ea1n c\u1ee7a Di s\u1ea3n \u2013 D\u1ecbch v\u1ee5 t\u1eadn t\u00e2m \u2013 S\u1ef1 sang tr\u1ecdng.<\/p>\n<p>1925: Kh\u00e1ch s\u1ea1n \u0111\u01b0\u1ee3c th\u00e0nh l\u1eadp b\u1edfi c\u00f4ng ty Hui Bon Hoa, t\u1ecda l\u1ea1c ngay g\u00f3c \u0111\u01b0\u1eddng Rue de Catinat (\u0111\u01b0\u1eddng \u0110\u1ed3ng Kh\u1edfi) v\u00e0 Quai de Belgique (\u0111\u01b0\u1eddng T\u00f4n \u0110\u1ee9c Th\u1eafng), g\u1ed3m 4 t\u1ea7ng v\u00e0 44 ph\u00f2ng ngh\u1ec9 theo phong c\u00e1ch ki\u1ebfn tr\u00fac v\u00e0 thi\u1ebft k\u1ebf ki\u1ec3u Ph\u00e1p.<\/p>\n<p>1951: Sau cu\u1ed9c chi\u1ebfn tranh \u1edf Vi\u1ec7t Nam, ch\u00ednh ph\u1ee7 Ph\u00e1p ph\u1ea3i r\u00fat lui v\u00e0 b\u00e0n giao Kh\u00e1ch s\u1ea1n cho ch\u00ednh quy\u1ec1n S\u00e0i G\u00f2n.<\/p>\n<p>1968: X\u00e2y d\u1ef1ng th\u00eam hai t\u1ea7ng n\u1eefa, b\u1ed5 sung th\u00eam m\u1ed9t ph\u00f2ng h\u1ed9i ngh\u1ecb qu\u1ed1c t\u1ebf, m\u1ed9t nh\u00e0 h\u00e0ng v\u00e0 nhi\u1ec1u ph\u00f2ng ngh\u1ec9. Sau \u0111\u00f3, Kh\u00e1ch s\u1ea1n \u0111\u01b0\u1ee3c \u0111\u1ed5i t\u00ean th\u00e0nh Ho\u00e0n M\u1ef9, hay &#8220;&#8221;S\u1ef1 ho\u00e0n h\u1ea3o&#8221;&#8221;, v\u1edbi c\u00e1i t\u00ean vi\u1ebft t\u1eaft HM l\u1ea5y c\u1ea3m h\u1ee9ng t\u1eeb Hotel Majestic.<\/p>\n<p>1975: \u0110\u01b0\u1ee3c qu\u1ea3n l\u00fd b\u1edfi T\u1ed5ng c\u00f4ng ty Du l\u1ecbch S\u00e0i G\u00f2n (c\u00f4ng ty nh\u00e0 n\u01b0\u1edbc), c\u00f3 99 ph\u00f2ng ngh\u1ec9 v\u1edbi nhi\u1ec1u h\u1ea1ng ph\u00f2ng, m\u1ed9t nh\u00e0 h\u00e0ng \u00c2u, m\u1ed9t nh\u00e0 h\u00e0ng \u00c1, m\u1ed9t gian h\u00e0ng l\u01b0u ni\u1ec7m\u2026<\/p>\n<p>1995: Sau khi x\u00e2y d\u1ef1ng l\u1ea1i v\u00e0 n\u00e2ng c\u1ea5p, Kh\u00e1ch s\u1ea1n ho\u1ea1t \u0111\u1ed9ng tr\u1edf l\u1ea1i v\u1edbi 122 ph\u00f2ng, trong \u0111\u00f3 c\u00f3 30 ph\u00f2ng suite, c\u00f9ng c\u00e1c d\u1ecbch v\u1ee5 b\u1ed5 sung nh\u01b0 D\u1ecbch v\u1ee5 v\u0103n ph\u00f2ng (Business Center), caf\u00e9, h\u1ed3 b\u01a1i, ph\u00f2ng gym, spa, massage.<\/p>\n<p>2003: M\u1ed9t c\u00e1nh g\u1ed3m 8 t\u1ea7ng m\u1edbi \u0111\u01b0\u1ee3c s\u00e1p nh\u1eadp v\u00e0o t\u00f2a nh\u00e0 hi\u1ec7n c\u00f3, b\u1ed5 sung th\u00eam 54 ph\u00f2ng, Nh\u00e0 h\u00e0ng Serenade v\u00e0 Bellevue Bar (nay l\u00e0 M Bar).<\/p>\n<p>2007: \u0110\u01b0\u1ee3c vinh danh v\u00e0 l\u1eadp k\u1ef7 l\u1ee5c qu\u1ed1c gia l\u00e0 kh\u00e1ch s\u1ea1n \u0111\u1ea7u ti\u00ean do ng\u01b0\u1eddi Vi\u1ec7t qu\u1ea3n l\u00fd \u0111\u01b0\u1ee3c th\u0103ng h\u1ea1ng 5 sao (29\/02\/2007).<\/p>\n<p>2015: Kh\u00e1ch s\u1ea1n Majestic S\u00e0i G\u00f2n k\u1ef7 ni\u1ec7m 90 n\u0103m th\u00e0nh l\u1eadp.<\/p>\n<p>2025: Kh\u00e1ch s\u1ea1n Majestic S\u00e0i G\u00f2n ch\u00e0o m\u1eebng k\u1ef7 ni\u1ec7m 100 n\u0103m th\u00e0nh l\u1eadp v\u1edbi slogan &#8220;H\u00e0nh tr\u00ecnh Tr\u0103m n\u0103m, N\u00e2ng t\u1ea7m di s\u1ea3n&#8221;<\/p>\n","protected":false},"excerpt":{"rendered":"<p>C\u00e2u chuy\u1ec7n c\u1ee7a ch\u00fang t\u00f4i kh\u1edfi ngu\u1ed3n v\u00e0o n\u0103m 1925 &#8211; khi Kh\u00e1ch s\u1ea1n Majestic S\u00e0i G\u00f2n \u0111\u01b0\u1ee3c th\u00e0nh l\u1eadp b\u1edfi doanh nh\u00e2n ng\u01b0\u1eddi Vi\u1ec7t g\u1ed1c Hoa gi\u00e0u c\u00f3 nh\u1ea5t S\u00e0i G\u00f2n l\u00fac b\u1ea5y gi\u1edd l\u00e0 \u00f4ng Hui Bon Hoa. T\u1eeb \u0111\u00f3 \u0111\u1ebfn nay, ch\u00fang t\u00f4i lu\u00f4n t\u1ef1 h\u00e0o l\u00e0 kh\u00e1ch s\u1ea1n 5 sao \u0111\u1ea7u [&hellip;]<\/p>\n","protected":false},"author":124,"featured_media":1266,"parent":3118,"menu_order":0,"comment_status":"closed","ping_status":"closed","template":"","meta":{"footnotes":""},"acf":[],"yoast_head":"<!-- This site is optimized with the Yoast SEO plugin v22.3 - https:\/\/yoast.com\/wordpress\/plugins\/seo\/ -->\n<title>About Us - Hotel Majestic Saigon<\/title>\n<meta name=\"description\" content=\"We are proud to be the first 5-star hotel in Saigon managed by the Vietnamese, renowned as the hotel of Heritage \u2013 Hospitality \u2013 Elegance.\u00a0\" \/>\n<meta name=\"robots\" content=\"index, follow, max-snippet:-1, max-image-preview:large, max-video-preview:-1\" \/>\n<link rel=\"canonical\" href=\"https:\/\/www.majesticsaigon.com\/vi\/our-hotel\/our-history\/\" \/>\n<meta property=\"og:locale\" content=\"vi_VN\" \/>\n<meta property=\"og:type\" content=\"article\" \/>\n<meta property=\"og:title\" content=\"About Us - Hotel Majestic Saigon\" \/>\n<meta property=\"og:description\" content=\"We are proud to be the first 5-star hotel in Saigon managed by the Vietnamese, renowned as the hotel of Heritage \u2013 Hospitality \u2013 Elegance.\u00a0\" \/>\n<meta property=\"og:url\" content=\"https:\/\/www.majesticsaigon.com\/vi\/our-hotel\/our-history\/\" \/>\n<meta property=\"og:site_name\" content=\"Majestic Saigon Hotel\" \/>\n<meta property=\"article:modified_time\" content=\"2025-08-13T03:37:28+00:00\" \/>\n<meta property=\"og:image\" content=\"https:\/\/www.majesticsaigon.com\/wp-content\/uploads\/sites\/258\/2023\/10\/KAL00351.jpg\" \/>\n\t<meta property=\"og:image:width\" content=\"2200\" \/>\n\t<meta property=\"og:image:height\" content=\"1467\" \/>\n\t<meta property=\"og:image:type\" content=\"image\/jpeg\" \/>\n<meta name=\"twitter:card\" content=\"summary_large_image\" \/>\n<meta name=\"twitter:label1\" content=\"Est. reading time\" \/>\n\t<meta name=\"twitter:data1\" content=\"2 minutes\" \/>\n<script type=\"application\/ld+json\" class=\"yoast-schema-graph\">{\"@context\":\"https:\/\/schema.org\",\"@graph\":[{\"@type\":\"WebPage\",\"@id\":\"https:\/\/www.majesticsaigon.com\/vi\/our-hotel\/our-history\/\",\"url\":\"https:\/\/www.majesticsaigon.com\/vi\/our-hotel\/our-history\/\",\"name\":\"About Us - Hotel Majestic Saigon\",\"isPartOf\":{\"@id\":\"https:\/\/www.majesticsaigon.com\/vi\/#website\"},\"primaryImageOfPage\":{\"@id\":\"https:\/\/www.majesticsaigon.com\/vi\/our-hotel\/our-history\/#primaryimage\"},\"image\":{\"@id\":\"https:\/\/www.majesticsaigon.com\/vi\/our-hotel\/our-history\/#primaryimage\"},\"thumbnailUrl\":\"https:\/\/www.majesticsaigon.com\/wp-content\/uploads\/sites\/258\/2023\/10\/KAL00351.jpg\",\"datePublished\":\"2022-10-11T07:38:15+00:00\",\"dateModified\":\"2025-08-13T03:37:28+00:00\",\"description\":\"We are proud to be the first 5-star hotel in Saigon managed by the Vietnamese, renowned as the hotel of Heritage \u2013 Hospitality \u2013 Elegance.\u00a0\",\"breadcrumb\":{\"@id\":\"https:\/\/www.majesticsaigon.com\/vi\/our-hotel\/our-history\/#breadcrumb\"},\"inLanguage\":\"vi-VN\",\"potentialAction\":[{\"@type\":\"ReadAction\",\"target\":[\"https:\/\/www.majesticsaigon.com\/vi\/our-hotel\/our-history\/\"]}]},{\"@type\":\"ImageObject\",\"inLanguage\":\"vi-VN\",\"@id\":\"https:\/\/www.majesticsaigon.com\/vi\/our-hotel\/our-history\/#primaryimage\",\"url\":\"https:\/\/www.majesticsaigon.com\/wp-content\/uploads\/sites\/258\/2023\/10\/KAL00351.jpg\",\"contentUrl\":\"https:\/\/www.majesticsaigon.com\/wp-content\/uploads\/sites\/258\/2023\/10\/KAL00351.jpg\",\"width\":2200,\"height\":1467},{\"@type\":\"BreadcrumbList\",\"@id\":\"https:\/\/www.majesticsaigon.com\/vi\/our-hotel\/our-history\/#breadcrumb\",\"itemListElement\":[{\"@type\":\"ListItem\",\"position\":1,\"name\":\"Home\",\"item\":\"https:\/\/www.majesticsaigon.com\/vi\/\"},{\"@type\":\"ListItem\",\"position\":2,\"name\":\"V\u1ec0 KH\u00c1CH S\u1ea0N\",\"item\":\"https:\/\/www.majesticsaigon.com\/vi\/our-hotel\/\"},{\"@type\":\"ListItem\",\"position\":3,\"name\":\"L\u1ecaCH S\u1eec C\u1ee6A CH\u00daNG T\u00d4I\"}]},{\"@type\":\"WebSite\",\"@id\":\"https:\/\/www.majesticsaigon.com\/vi\/#website\",\"url\":\"https:\/\/www.majesticsaigon.com\/vi\/\",\"name\":\"Majestic Saigon Hotel\",\"description\":\"\",\"potentialAction\":[{\"@type\":\"SearchAction\",\"target\":{\"@type\":\"EntryPoint\",\"urlTemplate\":\"https:\/\/www.majesticsaigon.com\/vi\/?s={search_term_string}\"},\"query-input\":\"required name=search_term_string\"}],\"inLanguage\":\"vi-VN\"}]}<\/script>\n<!-- \/ Yoast SEO plugin. -->","yoast_head_json":{"title":"About Us - Hotel Majestic Saigon","description":"We are proud to be the first 5-star hotel in Saigon managed by the Vietnamese, renowned as the hotel of Heritage \u2013 Hospitality \u2013 Elegance.\u00a0","robots":{"index":"index","follow":"follow","max-snippet":"max-snippet:-1","max-image-preview":"max-image-preview:large","max-video-preview":"max-video-preview:-1"},"canonical":"https:\/\/www.majesticsaigon.com\/vi\/our-hotel\/our-history\/","og_locale":"vi_VN","og_type":"article","og_title":"About Us - Hotel Majestic Saigon","og_description":"We are proud to be the first 5-star hotel in Saigon managed by the Vietnamese, renowned as the hotel of Heritage \u2013 Hospitality \u2013 Elegance.\u00a0","og_url":"https:\/\/www.majesticsaigon.com\/vi\/our-hotel\/our-history\/","og_site_name":"Majestic Saigon Hotel","article_modified_time":"2025-08-13T03:37:28+00:00","og_image":[{"width":2200,"height":1467,"url":"https:\/\/www.majesticsaigon.com\/wp-content\/uploads\/sites\/258\/2023\/10\/KAL00351.jpg","type":"image\/jpeg"}],"twitter_card":"summary_large_image","twitter_misc":{"Est. reading time":"2 minutes"},"schema":{"@context":"https:\/\/schema.org","@graph":[{"@type":"WebPage","@id":"https:\/\/www.majesticsaigon.com\/vi\/our-hotel\/our-history\/","url":"https:\/\/www.majesticsaigon.com\/vi\/our-hotel\/our-history\/","name":"About Us - Hotel Majestic Saigon","isPartOf":{"@id":"https:\/\/www.majesticsaigon.com\/vi\/#website"},"primaryImageOfPage":{"@id":"https:\/\/www.majesticsaigon.com\/vi\/our-hotel\/our-history\/#primaryimage"},"image":{"@id":"https:\/\/www.majesticsaigon.com\/vi\/our-hotel\/our-history\/#primaryimage"},"thumbnailUrl":"https:\/\/www.majesticsaigon.com\/wp-content\/uploads\/sites\/258\/2023\/10\/KAL00351.jpg","datePublished":"2022-10-11T07:38:15+00:00","dateModified":"2025-08-13T03:37:28+00:00","description":"We are proud to be the first 5-star hotel in Saigon managed by the Vietnamese, renowned as the hotel of Heritage \u2013 Hospitality \u2013 Elegance.\u00a0","breadcrumb":{"@id":"https:\/\/www.majesticsaigon.com\/vi\/our-hotel\/our-history\/#breadcrumb"},"inLanguage":"vi-VN","potentialAction":[{"@type":"ReadAction","target":["https:\/\/www.majesticsaigon.com\/vi\/our-hotel\/our-history\/"]}]},{"@type":"ImageObject","inLanguage":"vi-VN","@id":"https:\/\/www.majesticsaigon.com\/vi\/our-hotel\/our-history\/#primaryimage","url":"https:\/\/www.majesticsaigon.com\/wp-content\/uploads\/sites\/258\/2023\/10\/KAL00351.jpg","contentUrl":"https:\/\/www.majesticsaigon.com\/wp-content\/uploads\/sites\/258\/2023\/10\/KAL00351.jpg","width":2200,"height":1467},{"@type":"BreadcrumbList","@id":"https:\/\/www.majesticsaigon.com\/vi\/our-hotel\/our-history\/#breadcrumb","itemListElement":[{"@type":"ListItem","position":1,"name":"Home","item":"https:\/\/www.majesticsaigon.com\/vi\/"},{"@type":"ListItem","position":2,"name":"V\u1ec0 KH\u00c1CH S\u1ea0N","item":"https:\/\/www.majesticsaigon.com\/vi\/our-hotel\/"},{"@type":"ListItem","position":3,"name":"L\u1ecaCH S\u1eec C\u1ee6A CH\u00daNG T\u00d4I"}]},{"@type":"WebSite","@id":"https:\/\/www.majesticsaigon.com\/vi\/#website","url":"https:\/\/www.majesticsaigon.com\/vi\/","name":"Majestic Saigon Hotel","description":"","potentialAction":[{"@type":"SearchAction","target":{"@type":"EntryPoint","urlTemplate":"https:\/\/www.majesticsaigon.com\/vi\/?s={search_term_string}"},"query-input":"required name=search_term_string"}],"inLanguage":"vi-VN"}]}},"_links":{"self":[{"href":"https:\/\/www.majesticsaigon.com\/vi\/wp-json\/wp\/v2\/pages\/1976"}],"collection":[{"href":"https:\/\/www.majesticsaigon.com\/vi\/wp-json\/wp\/v2\/pages"}],"about":[{"href":"https:\/\/www.majesticsaigon.com\/vi\/wp-json\/wp\/v2\/types\/page"}],"author":[{"embeddable":true,"href":"https:\/\/www.majesticsaigon.com\/vi\/wp-json\/wp\/v2\/users\/124"}],"replies":[{"embeddable":true,"href":"https:\/\/www.majesticsaigon.com\/vi\/wp-json\/wp\/v2\/comments?post=1976"}],"version-history":[{"count":0,"href":"https:\/\/www.majesticsaigon.com\/vi\/wp-json\/wp\/v2\/pages\/1976\/revisions"}],"up":[{"embeddable":true,"href":"https:\/\/www.majesticsaigon.com\/vi\/wp-json\/wp\/v2\/pages\/3118"}],"wp:featuredmedia":[{"embeddable":true,"href":"https:\/\/www.majesticsaigon.com\/vi\/wp-json\/wp\/v2\/media\/1266"}],"wp:attachment":[{"href":"https:\/\/www.majesticsaigon.com\/vi\/wp-json\/wp\/v2\/media?parent=1976"}],"curies":[{"name":"wp","href":"https:\/\/api.w.org\/{rel}","templated":true}]}}