{"id":1979,"date":"2022-10-11T08:33:01","date_gmt":"2022-10-11T08:33:01","guid":{"rendered":"https:\/\/www.majesticsaigon.com\/our-deluxes-suites\/"},"modified":"2024-04-23T04:03:38","modified_gmt":"2024-04-23T04:03:38","slug":"our-deluxes-suites","status":"publish","type":"page","link":"https:\/\/www.majesticsaigon.com\/vi\/our-deluxes-suites\/","title":{"rendered":"DELUXE &#038; SUITE"},"content":{"rendered":"<p>Kh\u00e1ch s\u1ea1n Majestic S\u00e0i G\u00f2n c\u00f3 h\u1ec7 th\u1ed1ng g\u1ed3m 175 ph\u00f2ng deluxe v\u00e0 suite r\u1ed9ng r\u00e3i. T\u1ea5t c\u1ea3 c\u00e1c ph\u00f2ng \u0111\u1ec1u \u0111\u01b0\u1ee3c thi\u1ebft k\u1ebf theo phong c\u00e1ch thu\u1ed9c \u0111\u1ecba Ph\u00e1p c\u1ed5 \u0111i\u1ec3n v\u1edbi ban c\u00f4ng ri\u00eang v\u00e0 \u0111\u01b0\u1ee3c trang b\u1ecb c\u00e1c ti\u1ec7n nghi h\u00e0ng \u0111\u1ea7u d\u00e0nh cho kh\u00e1ch.<\/p>\n","protected":false},"excerpt":{"rendered":"<p>Kh\u00e1ch s\u1ea1n Majestic S\u00e0i G\u00f2n c\u00f3 h\u1ec7 th\u1ed1ng g\u1ed3m 175 ph\u00f2ng deluxe v\u00e0 suite r\u1ed9ng r\u00e3i. T\u1ea5t c\u1ea3 c\u00e1c ph\u00f2ng \u0111\u1ec1u \u0111\u01b0\u1ee3c thi\u1ebft k\u1ebf theo phong c\u00e1ch thu\u1ed9c \u0111\u1ecba Ph\u00e1p c\u1ed5 \u0111i\u1ec3n v\u1edbi ban c\u00f4ng ri\u00eang v\u00e0 \u0111\u01b0\u1ee3c trang b\u1ecb c\u00e1c ti\u1ec7n nghi h\u00e0ng \u0111\u1ea7u d\u00e0nh cho kh\u00e1ch.<\/p>\n","protected":false},"author":124,"featured_media":32,"parent":0,"menu_order":0,"comment_status":"closed","ping_status":"closed","template":"template-rooms.php","meta":{"footnotes":""},"acf":[],"yoast_head":"<!-- This site is optimized with the Yoast SEO plugin v22.3 - https:\/\/yoast.com\/wordpress\/plugins\/seo\/ -->\n<title>Deluxe Rooms &amp; Suites - Hotel Majestic Saigon<\/title>\n<meta name=\"description\" content=\"We are committed to giving our guests a lavish stay in one of the city&#039;s most exquisite hotels.\u00a0\" \/>\n<meta name=\"robots\" content=\"index, follow, max-snippet:-1, max-image-preview:large, max-video-preview:-1\" \/>\n<link rel=\"canonical\" href=\"https:\/\/www.majesticsaigon.com\/vi\/our-deluxes-suites\/\" \/>\n<meta property=\"og:locale\" content=\"vi_VN\" \/>\n<meta property=\"og:type\" content=\"article\" \/>\n<meta property=\"og:title\" content=\"Deluxe Rooms &amp; Suites - Hotel Majestic Saigon\" \/>\n<meta property=\"og:description\" content=\"We are committed to giving our guests a lavish stay in one of the city&#039;s most exquisite hotels.\u00a0\" \/>\n<meta property=\"og:url\" content=\"https:\/\/www.majesticsaigon.com\/vi\/our-deluxes-suites\/\" \/>\n<meta property=\"og:site_name\" content=\"Majestic Saigon Hotel\" \/>\n<meta property=\"article:modified_time\" content=\"2024-04-23T04:03:38+00:00\" \/>\n<meta property=\"og:image\" content=\"https:\/\/www.majesticsaigon.com\/wp-content\/uploads\/sites\/258\/2022\/10\/Copy-of-hotel_majestic_rivernew-5.jpg\" \/>\n\t<meta property=\"og:image:width\" content=\"2200\" \/>\n\t<meta property=\"og:image:height\" content=\"1466\" \/>\n\t<meta property=\"og:image:type\" content=\"image\/jpeg\" \/>\n<meta name=\"twitter:card\" content=\"summary_large_image\" \/>\n<meta name=\"twitter:label1\" content=\"Est. reading time\" \/>\n\t<meta name=\"twitter:data1\" content=\"1 minute\" \/>\n<script type=\"application\/ld+json\" class=\"yoast-schema-graph\">{\"@context\":\"https:\/\/schema.org\",\"@graph\":[{\"@type\":\"WebPage\",\"@id\":\"https:\/\/www.majesticsaigon.com\/vi\/our-deluxes-suites\/\",\"url\":\"https:\/\/www.majesticsaigon.com\/vi\/our-deluxes-suites\/\",\"name\":\"Deluxe Rooms & Suites - Hotel Majestic Saigon\",\"isPartOf\":{\"@id\":\"https:\/\/www.majesticsaigon.com\/vi\/#website\"},\"primaryImageOfPage\":{\"@id\":\"https:\/\/www.majesticsaigon.com\/vi\/our-deluxes-suites\/#primaryimage\"},\"image\":{\"@id\":\"https:\/\/www.majesticsaigon.com\/vi\/our-deluxes-suites\/#primaryimage\"},\"thumbnailUrl\":\"https:\/\/www.majesticsaigon.com\/wp-content\/uploads\/sites\/258\/2022\/10\/Copy-of-hotel_majestic_rivernew-5.jpg\",\"datePublished\":\"2022-10-11T08:33:01+00:00\",\"dateModified\":\"2024-04-23T04:03:38+00:00\",\"description\":\"We are committed to giving our guests a lavish stay in one of the city's most exquisite hotels.\u00a0\",\"breadcrumb\":{\"@id\":\"https:\/\/www.majesticsaigon.com\/vi\/our-deluxes-suites\/#breadcrumb\"},\"inLanguage\":\"vi-VN\",\"potentialAction\":[{\"@type\":\"ReadAction\",\"target\":[\"https:\/\/www.majesticsaigon.com\/vi\/our-deluxes-suites\/\"]}]},{\"@type\":\"ImageObject\",\"inLanguage\":\"vi-VN\",\"@id\":\"https:\/\/www.majesticsaigon.com\/vi\/our-deluxes-suites\/#primaryimage\",\"url\":\"https:\/\/www.majesticsaigon.com\/wp-content\/uploads\/sites\/258\/2022\/10\/Copy-of-hotel_majestic_rivernew-5.jpg\",\"contentUrl\":\"https:\/\/www.majesticsaigon.com\/wp-content\/uploads\/sites\/258\/2022\/10\/Copy-of-hotel_majestic_rivernew-5.jpg\",\"width\":2200,\"height\":1466},{\"@type\":\"BreadcrumbList\",\"@id\":\"https:\/\/www.majesticsaigon.com\/vi\/our-deluxes-suites\/#breadcrumb\",\"itemListElement\":[{\"@type\":\"ListItem\",\"position\":1,\"name\":\"Home\",\"item\":\"https:\/\/www.majesticsaigon.com\/vi\/\"},{\"@type\":\"ListItem\",\"position\":2,\"name\":\"DELUXE &#038; SUITE\"}]},{\"@type\":\"WebSite\",\"@id\":\"https:\/\/www.majesticsaigon.com\/vi\/#website\",\"url\":\"https:\/\/www.majesticsaigon.com\/vi\/\",\"name\":\"Majestic Saigon Hotel\",\"description\":\"\",\"potentialAction\":[{\"@type\":\"SearchAction\",\"target\":{\"@type\":\"EntryPoint\",\"urlTemplate\":\"https:\/\/www.majesticsaigon.com\/vi\/?s={search_term_string}\"},\"query-input\":\"required name=search_term_string\"}],\"inLanguage\":\"vi-VN\"}]}<\/script>\n<!-- \/ Yoast SEO plugin. -->","yoast_head_json":{"title":"Deluxe Rooms & Suites - Hotel Majestic Saigon","description":"We are committed to giving our guests a lavish stay in one of the city's most exquisite hotels.\u00a0","robots":{"index":"index","follow":"follow","max-snippet":"max-snippet:-1","max-image-preview":"max-image-preview:large","max-video-preview":"max-video-preview:-1"},"canonical":"https:\/\/www.majesticsaigon.com\/vi\/our-deluxes-suites\/","og_locale":"vi_VN","og_type":"article","og_title":"Deluxe Rooms & Suites - Hotel Majestic Saigon","og_description":"We are committed to giving our guests a lavish stay in one of the city's most exquisite hotels.\u00a0","og_url":"https:\/\/www.majesticsaigon.com\/vi\/our-deluxes-suites\/","og_site_name":"Majestic Saigon Hotel","article_modified_time":"2024-04-23T04:03:38+00:00","og_image":[{"width":2200,"height":1466,"url":"https:\/\/www.majesticsaigon.com\/wp-content\/uploads\/sites\/258\/2022\/10\/Copy-of-hotel_majestic_rivernew-5.jpg","type":"image\/jpeg"}],"twitter_card":"summary_large_image","twitter_misc":{"Est. reading time":"1 minute"},"schema":{"@context":"https:\/\/schema.org","@graph":[{"@type":"WebPage","@id":"https:\/\/www.majesticsaigon.com\/vi\/our-deluxes-suites\/","url":"https:\/\/www.majesticsaigon.com\/vi\/our-deluxes-suites\/","name":"Deluxe Rooms & Suites - Hotel Majestic Saigon","isPartOf":{"@id":"https:\/\/www.majesticsaigon.com\/vi\/#website"},"primaryImageOfPage":{"@id":"https:\/\/www.majesticsaigon.com\/vi\/our-deluxes-suites\/#primaryimage"},"image":{"@id":"https:\/\/www.majesticsaigon.com\/vi\/our-deluxes-suites\/#primaryimage"},"thumbnailUrl":"https:\/\/www.majesticsaigon.com\/wp-content\/uploads\/sites\/258\/2022\/10\/Copy-of-hotel_majestic_rivernew-5.jpg","datePublished":"2022-10-11T08:33:01+00:00","dateModified":"2024-04-23T04:03:38+00:00","description":"We are committed to giving our guests a lavish stay in one of the city's most exquisite hotels.\u00a0","breadcrumb":{"@id":"https:\/\/www.majesticsaigon.com\/vi\/our-deluxes-suites\/#breadcrumb"},"inLanguage":"vi-VN","potentialAction":[{"@type":"ReadAction","target":["https:\/\/www.majesticsaigon.com\/vi\/our-deluxes-suites\/"]}]},{"@type":"ImageObject","inLanguage":"vi-VN","@id":"https:\/\/www.majesticsaigon.com\/vi\/our-deluxes-suites\/#primaryimage","url":"https:\/\/www.majesticsaigon.com\/wp-content\/uploads\/sites\/258\/2022\/10\/Copy-of-hotel_majestic_rivernew-5.jpg","contentUrl":"https:\/\/www.majesticsaigon.com\/wp-content\/uploads\/sites\/258\/2022\/10\/Copy-of-hotel_majestic_rivernew-5.jpg","width":2200,"height":1466},{"@type":"BreadcrumbList","@id":"https:\/\/www.majesticsaigon.com\/vi\/our-deluxes-suites\/#breadcrumb","itemListElement":[{"@type":"ListItem","position":1,"name":"Home","item":"https:\/\/www.majesticsaigon.com\/vi\/"},{"@type":"ListItem","position":2,"name":"DELUXE &#038; SUITE"}]},{"@type":"WebSite","@id":"https:\/\/www.majesticsaigon.com\/vi\/#website","url":"https:\/\/www.majesticsaigon.com\/vi\/","name":"Majestic Saigon Hotel","description":"","potentialAction":[{"@type":"SearchAction","target":{"@type":"EntryPoint","urlTemplate":"https:\/\/www.majesticsaigon.com\/vi\/?s={search_term_string}"},"query-input":"required name=search_term_string"}],"inLanguage":"vi-VN"}]}},"_links":{"self":[{"href":"https:\/\/www.majesticsaigon.com\/vi\/wp-json\/wp\/v2\/pages\/1979"}],"collection":[{"href":"https:\/\/www.majesticsaigon.com\/vi\/wp-json\/wp\/v2\/pages"}],"about":[{"href":"https:\/\/www.majesticsaigon.com\/vi\/wp-json\/wp\/v2\/types\/page"}],"author":[{"embeddable":true,"href":"https:\/\/www.majesticsaigon.com\/vi\/wp-json\/wp\/v2\/users\/124"}],"replies":[{"embeddable":true,"href":"https:\/\/www.majesticsaigon.com\/vi\/wp-json\/wp\/v2\/comments?post=1979"}],"version-history":[{"count":0,"href":"https:\/\/www.majesticsaigon.com\/vi\/wp-json\/wp\/v2\/pages\/1979\/revisions"}],"wp:featuredmedia":[{"embeddable":true,"href":"https:\/\/www.majesticsaigon.com\/vi\/wp-json\/wp\/v2\/media\/32"}],"wp:attachment":[{"href":"https:\/\/www.majesticsaigon.com\/vi\/wp-json\/wp\/v2\/media?parent=1979"}],"curies":[{"name":"wp","href":"https:\/\/api.w.org\/{rel}","templated":true}]}}