{"id":1981,"date":"2022-10-11T08:36:23","date_gmt":"2022-10-11T08:36:23","guid":{"rendered":"https:\/\/www.majesticsaigon.com\/our-deluxes-suites\/colonial-deluxe\/"},"modified":"2025-05-12T01:40:31","modified_gmt":"2025-05-12T01:40:31","slug":"century-deluxe","status":"publish","type":"page","link":"https:\/\/www.majesticsaigon.com\/vi\/our-deluxes-suites\/century-deluxe\/","title":{"rendered":"CENTURY DELUXE"},"content":{"rendered":"<p>\u0110\u01b0\u1ee3c trang tr\u00ed v\u1edbi b\u1ea3ng m\u00e0u \u1ea5m \u00e1p \u0111\u1eb7c tr\u01b0ng, Ph\u00f2ng Century Deluxe c\u00f3 t\u1ea5t c\u1ea3 c\u00e1c ti\u1ec7n nghi v\u00e0 d\u1ecbch v\u1ee5 h\u00e0ng \u0111\u1ea7u d\u00e0nh cho kh\u00e1ch nh\u01b0 c\u00e1c ph\u00f2ng truy\u1ec1n th\u1ed1ng c\u1ee7a kh\u00e1ch s\u1ea1n.<\/p>\n<p>M\u1ed9t s\u1ed1 ph\u00f2ng c\u00f3 th\u1ec3 c\u00f3 t\u1ea7m nh\u00ecn h\u1ea1n ch\u1ebf, nh\u01b0ng mang l\u1ea1i s\u1ef1 y\u00ean t\u0129nh v\u00e0 ri\u00eang t\u01b0 v\u01b0\u1ee3t tr\u1ed9i. V\u1ecb tr\u00ed ph\u00f2ng s\u1ebd \u0111\u01b0\u1ee3c s\u1eafp x\u1ebfp theo t\u00ecnh tr\u1ea1ng th\u1ef1c t\u1ebf khi nh\u1eadn ph\u00f2ng. Vui l\u00f2ng li\u00ean h\u1ec7 l\u1ec5 t\u00e2n \u0111\u1ec3 \u0111\u01b0\u1ee3c t\u01b0 v\u1ea5n chi ti\u1ebft v\u00e0 h\u1ed7 tr\u1ee3 l\u1ef1a ch\u1ecdn ph\u00f9 h\u1ee3p v\u1edbi nhu c\u1ea7u c\u1ee7a qu\u00fd kh\u00e1ch<\/p>\n","protected":false},"excerpt":{"rendered":"<p>\u0110\u01b0\u1ee3c trang tr\u00ed v\u1edbi b\u1ea3ng m\u00e0u \u1ea5m \u00e1p \u0111\u1eb7c tr\u01b0ng, Ph\u00f2ng Century Deluxe c\u00f3 t\u1ea5t c\u1ea3 c\u00e1c ti\u1ec7n nghi v\u00e0 d\u1ecbch v\u1ee5 h\u00e0ng \u0111\u1ea7u d\u00e0nh cho kh\u00e1ch nh\u01b0 c\u00e1c ph\u00f2ng truy\u1ec1n th\u1ed1ng c\u1ee7a kh\u00e1ch s\u1ea1n. M\u1ed9t s\u1ed1 ph\u00f2ng c\u00f3 th\u1ec3 c\u00f3 t\u1ea7m nh\u00ecn h\u1ea1n ch\u1ebf, nh\u01b0ng mang l\u1ea1i s\u1ef1 y\u00ean t\u0129nh v\u00e0 ri\u00eang t\u01b0 v\u01b0\u1ee3t [&hellip;]<\/p>\n","protected":false},"author":124,"featured_media":892,"parent":1979,"menu_order":1,"comment_status":"closed","ping_status":"closed","template":"template-single-room.php","meta":{"footnotes":""},"acf":[],"yoast_head":"<!-- This site is optimized with the Yoast SEO plugin v22.3 - https:\/\/yoast.com\/wordpress\/plugins\/seo\/ -->\n<title>Century Deluxe - Hotel Majestic Saigon<\/title>\n<meta name=\"description\" content=\"Located in both the hotel&#039;s classic and new wings, with 35m2 furnished with fundamental amenities and 24\/7 services, offering a nostalgic Colonial French style.\" \/>\n<meta name=\"robots\" content=\"index, follow, max-snippet:-1, max-image-preview:large, max-video-preview:-1\" \/>\n<link rel=\"canonical\" href=\"https:\/\/www.majesticsaigon.com\/vi\/our-deluxes-suites\/century-deluxe\/\" \/>\n<meta property=\"og:locale\" content=\"vi_VN\" \/>\n<meta property=\"og:type\" content=\"article\" \/>\n<meta property=\"og:title\" content=\"Century Deluxe - Hotel Majestic Saigon\" \/>\n<meta property=\"og:description\" content=\"Located in both the hotel&#039;s classic and new wings, with 35m2 furnished with fundamental amenities and 24\/7 services, offering a nostalgic Colonial French style.\" \/>\n<meta property=\"og:url\" content=\"https:\/\/www.majesticsaigon.com\/vi\/our-deluxes-suites\/century-deluxe\/\" \/>\n<meta property=\"og:site_name\" content=\"Majestic Saigon Hotel\" \/>\n<meta property=\"article:modified_time\" content=\"2025-05-12T01:40:31+00:00\" \/>\n<meta property=\"og:image\" content=\"https:\/\/www.majesticsaigon.com\/wp-content\/uploads\/sites\/258\/2023\/10\/Noble-Summer-Camp-Closing-Ceremony-at-Chi-Bu-Aug-11-92.jpg\" \/>\n\t<meta property=\"og:image:width\" content=\"2200\" \/>\n\t<meta property=\"og:image:height\" content=\"1464\" \/>\n\t<meta property=\"og:image:type\" content=\"image\/jpeg\" \/>\n<meta name=\"twitter:card\" content=\"summary_large_image\" \/>\n<meta name=\"twitter:label1\" content=\"Est. reading time\" \/>\n\t<meta name=\"twitter:data1\" content=\"1 minute\" \/>\n<script type=\"application\/ld+json\" class=\"yoast-schema-graph\">{\"@context\":\"https:\/\/schema.org\",\"@graph\":[{\"@type\":\"WebPage\",\"@id\":\"https:\/\/www.majesticsaigon.com\/vi\/our-deluxes-suites\/century-deluxe\/\",\"url\":\"https:\/\/www.majesticsaigon.com\/vi\/our-deluxes-suites\/century-deluxe\/\",\"name\":\"Century Deluxe - Hotel Majestic Saigon\",\"isPartOf\":{\"@id\":\"https:\/\/www.majesticsaigon.com\/vi\/#website\"},\"primaryImageOfPage\":{\"@id\":\"https:\/\/www.majesticsaigon.com\/vi\/our-deluxes-suites\/century-deluxe\/#primaryimage\"},\"image\":{\"@id\":\"https:\/\/www.majesticsaigon.com\/vi\/our-deluxes-suites\/century-deluxe\/#primaryimage\"},\"thumbnailUrl\":\"https:\/\/www.majesticsaigon.com\/wp-content\/uploads\/sites\/258\/2023\/10\/Noble-Summer-Camp-Closing-Ceremony-at-Chi-Bu-Aug-11-92.jpg\",\"datePublished\":\"2022-10-11T08:36:23+00:00\",\"dateModified\":\"2025-05-12T01:40:31+00:00\",\"description\":\"Located in both the hotel's classic and new wings, with 35m2 furnished with fundamental amenities and 24\/7 services, offering a nostalgic Colonial French style.\",\"breadcrumb\":{\"@id\":\"https:\/\/www.majesticsaigon.com\/vi\/our-deluxes-suites\/century-deluxe\/#breadcrumb\"},\"inLanguage\":\"vi-VN\",\"potentialAction\":[{\"@type\":\"ReadAction\",\"target\":[\"https:\/\/www.majesticsaigon.com\/vi\/our-deluxes-suites\/century-deluxe\/\"]}]},{\"@type\":\"ImageObject\",\"inLanguage\":\"vi-VN\",\"@id\":\"https:\/\/www.majesticsaigon.com\/vi\/our-deluxes-suites\/century-deluxe\/#primaryimage\",\"url\":\"https:\/\/www.majesticsaigon.com\/wp-content\/uploads\/sites\/258\/2023\/10\/Noble-Summer-Camp-Closing-Ceremony-at-Chi-Bu-Aug-11-92.jpg\",\"contentUrl\":\"https:\/\/www.majesticsaigon.com\/wp-content\/uploads\/sites\/258\/2023\/10\/Noble-Summer-Camp-Closing-Ceremony-at-Chi-Bu-Aug-11-92.jpg\",\"width\":2200,\"height\":1464},{\"@type\":\"BreadcrumbList\",\"@id\":\"https:\/\/www.majesticsaigon.com\/vi\/our-deluxes-suites\/century-deluxe\/#breadcrumb\",\"itemListElement\":[{\"@type\":\"ListItem\",\"position\":1,\"name\":\"Home\",\"item\":\"https:\/\/www.majesticsaigon.com\/vi\/\"},{\"@type\":\"ListItem\",\"position\":2,\"name\":\"DELUXE &#038; SUITE\",\"item\":\"https:\/\/www.majesticsaigon.com\/vi\/our-deluxes-suites\/\"},{\"@type\":\"ListItem\",\"position\":3,\"name\":\"CENTURY DELUXE\"}]},{\"@type\":\"WebSite\",\"@id\":\"https:\/\/www.majesticsaigon.com\/vi\/#website\",\"url\":\"https:\/\/www.majesticsaigon.com\/vi\/\",\"name\":\"Majestic Saigon Hotel\",\"description\":\"\",\"potentialAction\":[{\"@type\":\"SearchAction\",\"target\":{\"@type\":\"EntryPoint\",\"urlTemplate\":\"https:\/\/www.majesticsaigon.com\/vi\/?s={search_term_string}\"},\"query-input\":\"required name=search_term_string\"}],\"inLanguage\":\"vi-VN\"}]}<\/script>\n<!-- \/ Yoast SEO plugin. -->","yoast_head_json":{"title":"Century Deluxe - Hotel Majestic Saigon","description":"Located in both the hotel's classic and new wings, with 35m2 furnished with fundamental amenities and 24\/7 services, offering a nostalgic Colonial French style.","robots":{"index":"index","follow":"follow","max-snippet":"max-snippet:-1","max-image-preview":"max-image-preview:large","max-video-preview":"max-video-preview:-1"},"canonical":"https:\/\/www.majesticsaigon.com\/vi\/our-deluxes-suites\/century-deluxe\/","og_locale":"vi_VN","og_type":"article","og_title":"Century Deluxe - Hotel Majestic Saigon","og_description":"Located in both the hotel's classic and new wings, with 35m2 furnished with fundamental amenities and 24\/7 services, offering a nostalgic Colonial French style.","og_url":"https:\/\/www.majesticsaigon.com\/vi\/our-deluxes-suites\/century-deluxe\/","og_site_name":"Majestic Saigon Hotel","article_modified_time":"2025-05-12T01:40:31+00:00","og_image":[{"width":2200,"height":1464,"url":"https:\/\/www.majesticsaigon.com\/wp-content\/uploads\/sites\/258\/2023\/10\/Noble-Summer-Camp-Closing-Ceremony-at-Chi-Bu-Aug-11-92.jpg","type":"image\/jpeg"}],"twitter_card":"summary_large_image","twitter_misc":{"Est. reading time":"1 minute"},"schema":{"@context":"https:\/\/schema.org","@graph":[{"@type":"WebPage","@id":"https:\/\/www.majesticsaigon.com\/vi\/our-deluxes-suites\/century-deluxe\/","url":"https:\/\/www.majesticsaigon.com\/vi\/our-deluxes-suites\/century-deluxe\/","name":"Century Deluxe - Hotel Majestic Saigon","isPartOf":{"@id":"https:\/\/www.majesticsaigon.com\/vi\/#website"},"primaryImageOfPage":{"@id":"https:\/\/www.majesticsaigon.com\/vi\/our-deluxes-suites\/century-deluxe\/#primaryimage"},"image":{"@id":"https:\/\/www.majesticsaigon.com\/vi\/our-deluxes-suites\/century-deluxe\/#primaryimage"},"thumbnailUrl":"https:\/\/www.majesticsaigon.com\/wp-content\/uploads\/sites\/258\/2023\/10\/Noble-Summer-Camp-Closing-Ceremony-at-Chi-Bu-Aug-11-92.jpg","datePublished":"2022-10-11T08:36:23+00:00","dateModified":"2025-05-12T01:40:31+00:00","description":"Located in both the hotel's classic and new wings, with 35m2 furnished with fundamental amenities and 24\/7 services, offering a nostalgic Colonial French style.","breadcrumb":{"@id":"https:\/\/www.majesticsaigon.com\/vi\/our-deluxes-suites\/century-deluxe\/#breadcrumb"},"inLanguage":"vi-VN","potentialAction":[{"@type":"ReadAction","target":["https:\/\/www.majesticsaigon.com\/vi\/our-deluxes-suites\/century-deluxe\/"]}]},{"@type":"ImageObject","inLanguage":"vi-VN","@id":"https:\/\/www.majesticsaigon.com\/vi\/our-deluxes-suites\/century-deluxe\/#primaryimage","url":"https:\/\/www.majesticsaigon.com\/wp-content\/uploads\/sites\/258\/2023\/10\/Noble-Summer-Camp-Closing-Ceremony-at-Chi-Bu-Aug-11-92.jpg","contentUrl":"https:\/\/www.majesticsaigon.com\/wp-content\/uploads\/sites\/258\/2023\/10\/Noble-Summer-Camp-Closing-Ceremony-at-Chi-Bu-Aug-11-92.jpg","width":2200,"height":1464},{"@type":"BreadcrumbList","@id":"https:\/\/www.majesticsaigon.com\/vi\/our-deluxes-suites\/century-deluxe\/#breadcrumb","itemListElement":[{"@type":"ListItem","position":1,"name":"Home","item":"https:\/\/www.majesticsaigon.com\/vi\/"},{"@type":"ListItem","position":2,"name":"DELUXE &#038; SUITE","item":"https:\/\/www.majesticsaigon.com\/vi\/our-deluxes-suites\/"},{"@type":"ListItem","position":3,"name":"CENTURY DELUXE"}]},{"@type":"WebSite","@id":"https:\/\/www.majesticsaigon.com\/vi\/#website","url":"https:\/\/www.majesticsaigon.com\/vi\/","name":"Majestic Saigon Hotel","description":"","potentialAction":[{"@type":"SearchAction","target":{"@type":"EntryPoint","urlTemplate":"https:\/\/www.majesticsaigon.com\/vi\/?s={search_term_string}"},"query-input":"required name=search_term_string"}],"inLanguage":"vi-VN"}]}},"_links":{"self":[{"href":"https:\/\/www.majesticsaigon.com\/vi\/wp-json\/wp\/v2\/pages\/1981"}],"collection":[{"href":"https:\/\/www.majesticsaigon.com\/vi\/wp-json\/wp\/v2\/pages"}],"about":[{"href":"https:\/\/www.majesticsaigon.com\/vi\/wp-json\/wp\/v2\/types\/page"}],"author":[{"embeddable":true,"href":"https:\/\/www.majesticsaigon.com\/vi\/wp-json\/wp\/v2\/users\/124"}],"replies":[{"embeddable":true,"href":"https:\/\/www.majesticsaigon.com\/vi\/wp-json\/wp\/v2\/comments?post=1981"}],"version-history":[{"count":0,"href":"https:\/\/www.majesticsaigon.com\/vi\/wp-json\/wp\/v2\/pages\/1981\/revisions"}],"up":[{"embeddable":true,"href":"https:\/\/www.majesticsaigon.com\/vi\/wp-json\/wp\/v2\/pages\/1979"}],"wp:featuredmedia":[{"embeddable":true,"href":"https:\/\/www.majesticsaigon.com\/vi\/wp-json\/wp\/v2\/media\/892"}],"wp:attachment":[{"href":"https:\/\/www.majesticsaigon.com\/vi\/wp-json\/wp\/v2\/media?parent=1981"}],"curies":[{"name":"wp","href":"https:\/\/api.w.org\/{rel}","templated":true}]}}