{"id":1985,"date":"2022-10-11T09:01:25","date_gmt":"2022-10-11T09:01:25","guid":{"rendered":"https:\/\/www.majesticsaigon.com\/our-deluxes-suites\/colonial-city-deluxe\/"},"modified":"2025-03-16T07:03:31","modified_gmt":"2025-03-16T07:03:31","slug":"century-city-deluxe","status":"publish","type":"page","link":"https:\/\/www.majesticsaigon.com\/vi\/our-deluxes-suites\/century-city-deluxe\/","title":{"rendered":"CENTURY CITY DELUXE"},"content":{"rendered":"<p>V\u1edbi t\u1ea7m nh\u00ecn h\u01b0\u1edbng ra \u0111\u01b0\u1eddng \u0110\u1ed3ng Kh\u1edfi, m\u1ed9t trong nh\u1eefng con \u0111\u01b0\u1eddng huy\u1ebft m\u1ea1ch v\u00e0 s\u00f4i \u0111\u1ed9ng nh\u1ea5t Th\u00e0nh ph\u1ed1 H\u1ed3 Ch\u00ed Minh, Ph\u00f2ng Century City l\u00e0 s\u1ef1 c\u00e2n b\u1eb1ng ho\u00e0n h\u1ea3o gi\u1eefa sang tr\u1ecdng v\u00e0 thanh l\u1ecbch, mang \u0111\u1ebfn tr\u1ea3i nghi\u1ec7m \u0111\u1ed9c \u0111\u00e1o cho nh\u1eefng ai y\u00eau th\u00edch s\u1ef1 s\u00e0nh \u0111i\u1ec7u v\u00e0 c\u1ed5 k\u00ednh.<\/p>\n","protected":false},"excerpt":{"rendered":"<p>V\u1edbi t\u1ea7m nh\u00ecn h\u01b0\u1edbng ra \u0111\u01b0\u1eddng \u0110\u1ed3ng Kh\u1edfi, m\u1ed9t trong nh\u1eefng con \u0111\u01b0\u1eddng huy\u1ebft m\u1ea1ch v\u00e0 s\u00f4i \u0111\u1ed9ng nh\u1ea5t Th\u00e0nh ph\u1ed1 H\u1ed3 Ch\u00ed Minh, Ph\u00f2ng Century City l\u00e0 s\u1ef1 c\u00e2n b\u1eb1ng ho\u00e0n h\u1ea3o gi\u1eefa sang tr\u1ecdng v\u00e0 thanh l\u1ecbch, mang \u0111\u1ebfn tr\u1ea3i nghi\u1ec7m \u0111\u1ed9c \u0111\u00e1o cho nh\u1eefng ai y\u00eau th\u00edch s\u1ef1 s\u00e0nh \u0111i\u1ec7u v\u00e0 c\u1ed5 [&hellip;]<\/p>\n","protected":false},"author":124,"featured_media":911,"parent":1979,"menu_order":2,"comment_status":"closed","ping_status":"closed","template":"template-single-room.php","meta":{"footnotes":""},"acf":[],"yoast_head":"<!-- This site is optimized with the Yoast SEO plugin v22.3 - https:\/\/yoast.com\/wordpress\/plugins\/seo\/ -->\n<title>Century City Deluxe - Hotel Majestic Saigon<\/title>\n<meta name=\"description\" content=\"Located in both the hotel&#039;s classic and new wings, with 37m2 furnished with fundamental amenities and 24\/7 services, offering a nostalgic Colonial French style with views of Dong Khoi St. or Nguyen Hue St.\" \/>\n<meta name=\"robots\" content=\"index, follow, max-snippet:-1, max-image-preview:large, max-video-preview:-1\" \/>\n<link rel=\"canonical\" href=\"https:\/\/www.majesticsaigon.com\/vi\/our-deluxes-suites\/century-city-deluxe\/\" \/>\n<meta property=\"og:locale\" content=\"vi_VN\" \/>\n<meta property=\"og:type\" content=\"article\" \/>\n<meta property=\"og:title\" content=\"Century City Deluxe - Hotel Majestic Saigon\" \/>\n<meta property=\"og:description\" content=\"Located in both the hotel&#039;s classic and new wings, with 37m2 furnished with fundamental amenities and 24\/7 services, offering a nostalgic Colonial French style with views of Dong Khoi St. or Nguyen Hue St.\" \/>\n<meta property=\"og:url\" content=\"https:\/\/www.majesticsaigon.com\/vi\/our-deluxes-suites\/century-city-deluxe\/\" \/>\n<meta property=\"og:site_name\" content=\"Majestic Saigon Hotel\" \/>\n<meta property=\"article:modified_time\" content=\"2025-03-16T07:03:31+00:00\" \/>\n<meta property=\"og:image\" content=\"https:\/\/www.majesticsaigon.com\/wp-content\/uploads\/sites\/258\/2023\/10\/Noble-Summer-Camp-Closing-Ceremony-at-Chi-Bu-Aug-11-107.jpg\" \/>\n\t<meta property=\"og:image:width\" content=\"2200\" \/>\n\t<meta property=\"og:image:height\" content=\"1464\" \/>\n\t<meta property=\"og:image:type\" content=\"image\/jpeg\" \/>\n<meta name=\"twitter:card\" content=\"summary_large_image\" \/>\n<meta name=\"twitter:label1\" content=\"Est. reading time\" \/>\n\t<meta name=\"twitter:data1\" content=\"1 minute\" \/>\n<script type=\"application\/ld+json\" class=\"yoast-schema-graph\">{\"@context\":\"https:\/\/schema.org\",\"@graph\":[{\"@type\":\"WebPage\",\"@id\":\"https:\/\/www.majesticsaigon.com\/vi\/our-deluxes-suites\/century-city-deluxe\/\",\"url\":\"https:\/\/www.majesticsaigon.com\/vi\/our-deluxes-suites\/century-city-deluxe\/\",\"name\":\"Century City Deluxe - Hotel Majestic Saigon\",\"isPartOf\":{\"@id\":\"https:\/\/www.majesticsaigon.com\/vi\/#website\"},\"primaryImageOfPage\":{\"@id\":\"https:\/\/www.majesticsaigon.com\/vi\/our-deluxes-suites\/century-city-deluxe\/#primaryimage\"},\"image\":{\"@id\":\"https:\/\/www.majesticsaigon.com\/vi\/our-deluxes-suites\/century-city-deluxe\/#primaryimage\"},\"thumbnailUrl\":\"https:\/\/www.majesticsaigon.com\/wp-content\/uploads\/sites\/258\/2023\/10\/Noble-Summer-Camp-Closing-Ceremony-at-Chi-Bu-Aug-11-107.jpg\",\"datePublished\":\"2022-10-11T09:01:25+00:00\",\"dateModified\":\"2025-03-16T07:03:31+00:00\",\"description\":\"Located in both the hotel's classic and new wings, with 37m2 furnished with fundamental amenities and 24\/7 services, offering a nostalgic Colonial French style with views of Dong Khoi St. or Nguyen Hue St.\",\"breadcrumb\":{\"@id\":\"https:\/\/www.majesticsaigon.com\/vi\/our-deluxes-suites\/century-city-deluxe\/#breadcrumb\"},\"inLanguage\":\"vi-VN\",\"potentialAction\":[{\"@type\":\"ReadAction\",\"target\":[\"https:\/\/www.majesticsaigon.com\/vi\/our-deluxes-suites\/century-city-deluxe\/\"]}]},{\"@type\":\"ImageObject\",\"inLanguage\":\"vi-VN\",\"@id\":\"https:\/\/www.majesticsaigon.com\/vi\/our-deluxes-suites\/century-city-deluxe\/#primaryimage\",\"url\":\"https:\/\/www.majesticsaigon.com\/wp-content\/uploads\/sites\/258\/2023\/10\/Noble-Summer-Camp-Closing-Ceremony-at-Chi-Bu-Aug-11-107.jpg\",\"contentUrl\":\"https:\/\/www.majesticsaigon.com\/wp-content\/uploads\/sites\/258\/2023\/10\/Noble-Summer-Camp-Closing-Ceremony-at-Chi-Bu-Aug-11-107.jpg\",\"width\":2200,\"height\":1464},{\"@type\":\"BreadcrumbList\",\"@id\":\"https:\/\/www.majesticsaigon.com\/vi\/our-deluxes-suites\/century-city-deluxe\/#breadcrumb\",\"itemListElement\":[{\"@type\":\"ListItem\",\"position\":1,\"name\":\"Home\",\"item\":\"https:\/\/www.majesticsaigon.com\/vi\/\"},{\"@type\":\"ListItem\",\"position\":2,\"name\":\"DELUXE &#038; SUITE\",\"item\":\"https:\/\/www.majesticsaigon.com\/vi\/our-deluxes-suites\/\"},{\"@type\":\"ListItem\",\"position\":3,\"name\":\"CENTURY CITY DELUXE\"}]},{\"@type\":\"WebSite\",\"@id\":\"https:\/\/www.majesticsaigon.com\/vi\/#website\",\"url\":\"https:\/\/www.majesticsaigon.com\/vi\/\",\"name\":\"Majestic Saigon Hotel\",\"description\":\"\",\"potentialAction\":[{\"@type\":\"SearchAction\",\"target\":{\"@type\":\"EntryPoint\",\"urlTemplate\":\"https:\/\/www.majesticsaigon.com\/vi\/?s={search_term_string}\"},\"query-input\":\"required name=search_term_string\"}],\"inLanguage\":\"vi-VN\"}]}<\/script>\n<!-- \/ Yoast SEO plugin. -->","yoast_head_json":{"title":"Century City Deluxe - Hotel Majestic Saigon","description":"Located in both the hotel's classic and new wings, with 37m2 furnished with fundamental amenities and 24\/7 services, offering a nostalgic Colonial French style with views of Dong Khoi St. or Nguyen Hue St.","robots":{"index":"index","follow":"follow","max-snippet":"max-snippet:-1","max-image-preview":"max-image-preview:large","max-video-preview":"max-video-preview:-1"},"canonical":"https:\/\/www.majesticsaigon.com\/vi\/our-deluxes-suites\/century-city-deluxe\/","og_locale":"vi_VN","og_type":"article","og_title":"Century City Deluxe - Hotel Majestic Saigon","og_description":"Located in both the hotel's classic and new wings, with 37m2 furnished with fundamental amenities and 24\/7 services, offering a nostalgic Colonial French style with views of Dong Khoi St. or Nguyen Hue St.","og_url":"https:\/\/www.majesticsaigon.com\/vi\/our-deluxes-suites\/century-city-deluxe\/","og_site_name":"Majestic Saigon Hotel","article_modified_time":"2025-03-16T07:03:31+00:00","og_image":[{"width":2200,"height":1464,"url":"https:\/\/www.majesticsaigon.com\/wp-content\/uploads\/sites\/258\/2023\/10\/Noble-Summer-Camp-Closing-Ceremony-at-Chi-Bu-Aug-11-107.jpg","type":"image\/jpeg"}],"twitter_card":"summary_large_image","twitter_misc":{"Est. reading time":"1 minute"},"schema":{"@context":"https:\/\/schema.org","@graph":[{"@type":"WebPage","@id":"https:\/\/www.majesticsaigon.com\/vi\/our-deluxes-suites\/century-city-deluxe\/","url":"https:\/\/www.majesticsaigon.com\/vi\/our-deluxes-suites\/century-city-deluxe\/","name":"Century City Deluxe - Hotel Majestic Saigon","isPartOf":{"@id":"https:\/\/www.majesticsaigon.com\/vi\/#website"},"primaryImageOfPage":{"@id":"https:\/\/www.majesticsaigon.com\/vi\/our-deluxes-suites\/century-city-deluxe\/#primaryimage"},"image":{"@id":"https:\/\/www.majesticsaigon.com\/vi\/our-deluxes-suites\/century-city-deluxe\/#primaryimage"},"thumbnailUrl":"https:\/\/www.majesticsaigon.com\/wp-content\/uploads\/sites\/258\/2023\/10\/Noble-Summer-Camp-Closing-Ceremony-at-Chi-Bu-Aug-11-107.jpg","datePublished":"2022-10-11T09:01:25+00:00","dateModified":"2025-03-16T07:03:31+00:00","description":"Located in both the hotel's classic and new wings, with 37m2 furnished with fundamental amenities and 24\/7 services, offering a nostalgic Colonial French style with views of Dong Khoi St. or Nguyen Hue St.","breadcrumb":{"@id":"https:\/\/www.majesticsaigon.com\/vi\/our-deluxes-suites\/century-city-deluxe\/#breadcrumb"},"inLanguage":"vi-VN","potentialAction":[{"@type":"ReadAction","target":["https:\/\/www.majesticsaigon.com\/vi\/our-deluxes-suites\/century-city-deluxe\/"]}]},{"@type":"ImageObject","inLanguage":"vi-VN","@id":"https:\/\/www.majesticsaigon.com\/vi\/our-deluxes-suites\/century-city-deluxe\/#primaryimage","url":"https:\/\/www.majesticsaigon.com\/wp-content\/uploads\/sites\/258\/2023\/10\/Noble-Summer-Camp-Closing-Ceremony-at-Chi-Bu-Aug-11-107.jpg","contentUrl":"https:\/\/www.majesticsaigon.com\/wp-content\/uploads\/sites\/258\/2023\/10\/Noble-Summer-Camp-Closing-Ceremony-at-Chi-Bu-Aug-11-107.jpg","width":2200,"height":1464},{"@type":"BreadcrumbList","@id":"https:\/\/www.majesticsaigon.com\/vi\/our-deluxes-suites\/century-city-deluxe\/#breadcrumb","itemListElement":[{"@type":"ListItem","position":1,"name":"Home","item":"https:\/\/www.majesticsaigon.com\/vi\/"},{"@type":"ListItem","position":2,"name":"DELUXE &#038; SUITE","item":"https:\/\/www.majesticsaigon.com\/vi\/our-deluxes-suites\/"},{"@type":"ListItem","position":3,"name":"CENTURY CITY DELUXE"}]},{"@type":"WebSite","@id":"https:\/\/www.majesticsaigon.com\/vi\/#website","url":"https:\/\/www.majesticsaigon.com\/vi\/","name":"Majestic Saigon Hotel","description":"","potentialAction":[{"@type":"SearchAction","target":{"@type":"EntryPoint","urlTemplate":"https:\/\/www.majesticsaigon.com\/vi\/?s={search_term_string}"},"query-input":"required name=search_term_string"}],"inLanguage":"vi-VN"}]}},"_links":{"self":[{"href":"https:\/\/www.majesticsaigon.com\/vi\/wp-json\/wp\/v2\/pages\/1985"}],"collection":[{"href":"https:\/\/www.majesticsaigon.com\/vi\/wp-json\/wp\/v2\/pages"}],"about":[{"href":"https:\/\/www.majesticsaigon.com\/vi\/wp-json\/wp\/v2\/types\/page"}],"author":[{"embeddable":true,"href":"https:\/\/www.majesticsaigon.com\/vi\/wp-json\/wp\/v2\/users\/124"}],"replies":[{"embeddable":true,"href":"https:\/\/www.majesticsaigon.com\/vi\/wp-json\/wp\/v2\/comments?post=1985"}],"version-history":[{"count":0,"href":"https:\/\/www.majesticsaigon.com\/vi\/wp-json\/wp\/v2\/pages\/1985\/revisions"}],"up":[{"embeddable":true,"href":"https:\/\/www.majesticsaigon.com\/vi\/wp-json\/wp\/v2\/pages\/1979"}],"wp:featuredmedia":[{"embeddable":true,"href":"https:\/\/www.majesticsaigon.com\/vi\/wp-json\/wp\/v2\/media\/911"}],"wp:attachment":[{"href":"https:\/\/www.majesticsaigon.com\/vi\/wp-json\/wp\/v2\/media?parent=1985"}],"curies":[{"name":"wp","href":"https:\/\/api.w.org\/{rel}","templated":true}]}}