{"id":1991,"date":"2022-10-11T09:52:16","date_gmt":"2022-10-11T09:52:16","guid":{"rendered":"https:\/\/www.majesticsaigon.com\/our-deluxes-suites\/colonial-pool-deluxe-2\/"},"modified":"2025-03-16T06:55:50","modified_gmt":"2025-03-16T06:55:50","slug":"century-pool-deluxe","status":"publish","type":"page","link":"https:\/\/www.majesticsaigon.com\/vi\/our-deluxes-suites\/century-pool-deluxe\/","title":{"rendered":"CENTURY POOL DELUXE"},"content":{"rendered":"<p>V\u1edbi kh\u00f4ng gian y\u00ean t\u0129nh v\u00e0 trong l\u00e0nh, ph\u00f2ng Century Pool Deluxe c\u00f3 ban c\u00f4ng nh\u00ecn ra h\u1ed3 b\u01a1i s\u1ebd l\u00e0 l\u1ef1a ch\u1ecdn ho\u00e0n h\u1ea3o cho nh\u1eefng ai \u0111ang t\u00ecm ki\u1ebfm s\u1ef1 tho\u1ea3i m\u00e1i sang tr\u1ecdng pha ch\u00fat y\u00ean b\u00ecnh gi\u1eefa l\u00f2ng S\u00e0i G\u00f2n.<\/p>\n","protected":false},"excerpt":{"rendered":"<p>V\u1edbi kh\u00f4ng gian y\u00ean t\u0129nh v\u00e0 trong l\u00e0nh, ph\u00f2ng Century Pool Deluxe c\u00f3 ban c\u00f4ng nh\u00ecn ra h\u1ed3 b\u01a1i s\u1ebd l\u00e0 l\u1ef1a ch\u1ecdn ho\u00e0n h\u1ea3o cho nh\u1eefng ai \u0111ang t\u00ecm ki\u1ebfm s\u1ef1 tho\u1ea3i m\u00e1i sang tr\u1ecdng pha ch\u00fat y\u00ean b\u00ecnh gi\u1eefa l\u00f2ng S\u00e0i G\u00f2n.<\/p>\n","protected":false},"author":368,"featured_media":887,"parent":1979,"menu_order":3,"comment_status":"closed","ping_status":"closed","template":"template-single-room.php","meta":{"footnotes":""},"acf":[],"yoast_head":"<!-- This site is optimized with the Yoast SEO plugin v22.3 - https:\/\/yoast.com\/wordpress\/plugins\/seo\/ -->\n<title>CENTURY POOL DELUXE - Majestic Saigon Hotel<\/title>\n<meta name=\"robots\" content=\"index, follow, max-snippet:-1, max-image-preview:large, max-video-preview:-1\" \/>\n<link rel=\"canonical\" href=\"https:\/\/www.majesticsaigon.com\/vi\/our-deluxes-suites\/century-pool-deluxe\/\" \/>\n<meta property=\"og:locale\" content=\"vi_VN\" \/>\n<meta property=\"og:type\" content=\"article\" \/>\n<meta property=\"og:title\" content=\"CENTURY POOL DELUXE - Majestic Saigon Hotel\" \/>\n<meta property=\"og:description\" content=\"V\u1edbi kh\u00f4ng gian y\u00ean t\u0129nh v\u00e0 trong l\u00e0nh, ph\u00f2ng Century Pool Deluxe c\u00f3 ban c\u00f4ng nh\u00ecn ra h\u1ed3 b\u01a1i s\u1ebd l\u00e0 l\u1ef1a ch\u1ecdn ho\u00e0n h\u1ea3o cho nh\u1eefng ai \u0111ang t\u00ecm ki\u1ebfm s\u1ef1 tho\u1ea3i m\u00e1i sang tr\u1ecdng pha ch\u00fat y\u00ean b\u00ecnh gi\u1eefa l\u00f2ng S\u00e0i G\u00f2n.\" \/>\n<meta property=\"og:url\" content=\"https:\/\/www.majesticsaigon.com\/vi\/our-deluxes-suites\/century-pool-deluxe\/\" \/>\n<meta property=\"og:site_name\" content=\"Majestic Saigon Hotel\" \/>\n<meta property=\"article:modified_time\" content=\"2025-03-16T06:55:50+00:00\" \/>\n<meta property=\"og:image\" content=\"https:\/\/www.majesticsaigon.com\/wp-content\/uploads\/sites\/258\/2023\/10\/Noble-Summer-Camp-Closing-Ceremony-at-Chi-Bu-Aug-11-101-1.jpg\" \/>\n\t<meta property=\"og:image:width\" content=\"2200\" \/>\n\t<meta property=\"og:image:height\" content=\"1464\" \/>\n\t<meta property=\"og:image:type\" content=\"image\/jpeg\" \/>\n<meta name=\"twitter:card\" content=\"summary_large_image\" \/>\n<meta name=\"twitter:label1\" content=\"Est. reading time\" \/>\n\t<meta name=\"twitter:data1\" content=\"1 minute\" \/>\n<script type=\"application\/ld+json\" class=\"yoast-schema-graph\">{\"@context\":\"https:\/\/schema.org\",\"@graph\":[{\"@type\":\"WebPage\",\"@id\":\"https:\/\/www.majesticsaigon.com\/vi\/our-deluxes-suites\/century-pool-deluxe\/\",\"url\":\"https:\/\/www.majesticsaigon.com\/vi\/our-deluxes-suites\/century-pool-deluxe\/\",\"name\":\"CENTURY POOL DELUXE - Majestic Saigon Hotel\",\"isPartOf\":{\"@id\":\"https:\/\/www.majesticsaigon.com\/vi\/#website\"},\"primaryImageOfPage\":{\"@id\":\"https:\/\/www.majesticsaigon.com\/vi\/our-deluxes-suites\/century-pool-deluxe\/#primaryimage\"},\"image\":{\"@id\":\"https:\/\/www.majesticsaigon.com\/vi\/our-deluxes-suites\/century-pool-deluxe\/#primaryimage\"},\"thumbnailUrl\":\"https:\/\/www.majesticsaigon.com\/wp-content\/uploads\/sites\/258\/2023\/10\/Noble-Summer-Camp-Closing-Ceremony-at-Chi-Bu-Aug-11-101-1.jpg\",\"datePublished\":\"2022-10-11T09:52:16+00:00\",\"dateModified\":\"2025-03-16T06:55:50+00:00\",\"breadcrumb\":{\"@id\":\"https:\/\/www.majesticsaigon.com\/vi\/our-deluxes-suites\/century-pool-deluxe\/#breadcrumb\"},\"inLanguage\":\"vi-VN\",\"potentialAction\":[{\"@type\":\"ReadAction\",\"target\":[\"https:\/\/www.majesticsaigon.com\/vi\/our-deluxes-suites\/century-pool-deluxe\/\"]}]},{\"@type\":\"ImageObject\",\"inLanguage\":\"vi-VN\",\"@id\":\"https:\/\/www.majesticsaigon.com\/vi\/our-deluxes-suites\/century-pool-deluxe\/#primaryimage\",\"url\":\"https:\/\/www.majesticsaigon.com\/wp-content\/uploads\/sites\/258\/2023\/10\/Noble-Summer-Camp-Closing-Ceremony-at-Chi-Bu-Aug-11-101-1.jpg\",\"contentUrl\":\"https:\/\/www.majesticsaigon.com\/wp-content\/uploads\/sites\/258\/2023\/10\/Noble-Summer-Camp-Closing-Ceremony-at-Chi-Bu-Aug-11-101-1.jpg\",\"width\":2200,\"height\":1464},{\"@type\":\"BreadcrumbList\",\"@id\":\"https:\/\/www.majesticsaigon.com\/vi\/our-deluxes-suites\/century-pool-deluxe\/#breadcrumb\",\"itemListElement\":[{\"@type\":\"ListItem\",\"position\":1,\"name\":\"Home\",\"item\":\"https:\/\/www.majesticsaigon.com\/vi\/\"},{\"@type\":\"ListItem\",\"position\":2,\"name\":\"DELUXE &#038; SUITE\",\"item\":\"https:\/\/www.majesticsaigon.com\/vi\/our-deluxes-suites\/\"},{\"@type\":\"ListItem\",\"position\":3,\"name\":\"CENTURY POOL DELUXE\"}]},{\"@type\":\"WebSite\",\"@id\":\"https:\/\/www.majesticsaigon.com\/vi\/#website\",\"url\":\"https:\/\/www.majesticsaigon.com\/vi\/\",\"name\":\"Majestic Saigon Hotel\",\"description\":\"\",\"potentialAction\":[{\"@type\":\"SearchAction\",\"target\":{\"@type\":\"EntryPoint\",\"urlTemplate\":\"https:\/\/www.majesticsaigon.com\/vi\/?s={search_term_string}\"},\"query-input\":\"required name=search_term_string\"}],\"inLanguage\":\"vi-VN\"}]}<\/script>\n<!-- \/ Yoast SEO plugin. -->","yoast_head_json":{"title":"CENTURY POOL DELUXE - Majestic Saigon Hotel","robots":{"index":"index","follow":"follow","max-snippet":"max-snippet:-1","max-image-preview":"max-image-preview:large","max-video-preview":"max-video-preview:-1"},"canonical":"https:\/\/www.majesticsaigon.com\/vi\/our-deluxes-suites\/century-pool-deluxe\/","og_locale":"vi_VN","og_type":"article","og_title":"CENTURY POOL DELUXE - Majestic Saigon Hotel","og_description":"V\u1edbi kh\u00f4ng gian y\u00ean t\u0129nh v\u00e0 trong l\u00e0nh, ph\u00f2ng Century Pool Deluxe c\u00f3 ban c\u00f4ng nh\u00ecn ra h\u1ed3 b\u01a1i s\u1ebd l\u00e0 l\u1ef1a ch\u1ecdn ho\u00e0n h\u1ea3o cho nh\u1eefng ai \u0111ang t\u00ecm ki\u1ebfm s\u1ef1 tho\u1ea3i m\u00e1i sang tr\u1ecdng pha ch\u00fat y\u00ean b\u00ecnh gi\u1eefa l\u00f2ng S\u00e0i G\u00f2n.","og_url":"https:\/\/www.majesticsaigon.com\/vi\/our-deluxes-suites\/century-pool-deluxe\/","og_site_name":"Majestic Saigon Hotel","article_modified_time":"2025-03-16T06:55:50+00:00","og_image":[{"width":2200,"height":1464,"url":"https:\/\/www.majesticsaigon.com\/wp-content\/uploads\/sites\/258\/2023\/10\/Noble-Summer-Camp-Closing-Ceremony-at-Chi-Bu-Aug-11-101-1.jpg","type":"image\/jpeg"}],"twitter_card":"summary_large_image","twitter_misc":{"Est. reading time":"1 minute"},"schema":{"@context":"https:\/\/schema.org","@graph":[{"@type":"WebPage","@id":"https:\/\/www.majesticsaigon.com\/vi\/our-deluxes-suites\/century-pool-deluxe\/","url":"https:\/\/www.majesticsaigon.com\/vi\/our-deluxes-suites\/century-pool-deluxe\/","name":"CENTURY POOL DELUXE - Majestic Saigon Hotel","isPartOf":{"@id":"https:\/\/www.majesticsaigon.com\/vi\/#website"},"primaryImageOfPage":{"@id":"https:\/\/www.majesticsaigon.com\/vi\/our-deluxes-suites\/century-pool-deluxe\/#primaryimage"},"image":{"@id":"https:\/\/www.majesticsaigon.com\/vi\/our-deluxes-suites\/century-pool-deluxe\/#primaryimage"},"thumbnailUrl":"https:\/\/www.majesticsaigon.com\/wp-content\/uploads\/sites\/258\/2023\/10\/Noble-Summer-Camp-Closing-Ceremony-at-Chi-Bu-Aug-11-101-1.jpg","datePublished":"2022-10-11T09:52:16+00:00","dateModified":"2025-03-16T06:55:50+00:00","breadcrumb":{"@id":"https:\/\/www.majesticsaigon.com\/vi\/our-deluxes-suites\/century-pool-deluxe\/#breadcrumb"},"inLanguage":"vi-VN","potentialAction":[{"@type":"ReadAction","target":["https:\/\/www.majesticsaigon.com\/vi\/our-deluxes-suites\/century-pool-deluxe\/"]}]},{"@type":"ImageObject","inLanguage":"vi-VN","@id":"https:\/\/www.majesticsaigon.com\/vi\/our-deluxes-suites\/century-pool-deluxe\/#primaryimage","url":"https:\/\/www.majesticsaigon.com\/wp-content\/uploads\/sites\/258\/2023\/10\/Noble-Summer-Camp-Closing-Ceremony-at-Chi-Bu-Aug-11-101-1.jpg","contentUrl":"https:\/\/www.majesticsaigon.com\/wp-content\/uploads\/sites\/258\/2023\/10\/Noble-Summer-Camp-Closing-Ceremony-at-Chi-Bu-Aug-11-101-1.jpg","width":2200,"height":1464},{"@type":"BreadcrumbList","@id":"https:\/\/www.majesticsaigon.com\/vi\/our-deluxes-suites\/century-pool-deluxe\/#breadcrumb","itemListElement":[{"@type":"ListItem","position":1,"name":"Home","item":"https:\/\/www.majesticsaigon.com\/vi\/"},{"@type":"ListItem","position":2,"name":"DELUXE &#038; SUITE","item":"https:\/\/www.majesticsaigon.com\/vi\/our-deluxes-suites\/"},{"@type":"ListItem","position":3,"name":"CENTURY POOL DELUXE"}]},{"@type":"WebSite","@id":"https:\/\/www.majesticsaigon.com\/vi\/#website","url":"https:\/\/www.majesticsaigon.com\/vi\/","name":"Majestic Saigon Hotel","description":"","potentialAction":[{"@type":"SearchAction","target":{"@type":"EntryPoint","urlTemplate":"https:\/\/www.majesticsaigon.com\/vi\/?s={search_term_string}"},"query-input":"required name=search_term_string"}],"inLanguage":"vi-VN"}]}},"_links":{"self":[{"href":"https:\/\/www.majesticsaigon.com\/vi\/wp-json\/wp\/v2\/pages\/1991"}],"collection":[{"href":"https:\/\/www.majesticsaigon.com\/vi\/wp-json\/wp\/v2\/pages"}],"about":[{"href":"https:\/\/www.majesticsaigon.com\/vi\/wp-json\/wp\/v2\/types\/page"}],"author":[{"embeddable":true,"href":"https:\/\/www.majesticsaigon.com\/vi\/wp-json\/wp\/v2\/users\/368"}],"replies":[{"embeddable":true,"href":"https:\/\/www.majesticsaigon.com\/vi\/wp-json\/wp\/v2\/comments?post=1991"}],"version-history":[{"count":0,"href":"https:\/\/www.majesticsaigon.com\/vi\/wp-json\/wp\/v2\/pages\/1991\/revisions"}],"up":[{"embeddable":true,"href":"https:\/\/www.majesticsaigon.com\/vi\/wp-json\/wp\/v2\/pages\/1979"}],"wp:featuredmedia":[{"embeddable":true,"href":"https:\/\/www.majesticsaigon.com\/vi\/wp-json\/wp\/v2\/media\/887"}],"wp:attachment":[{"href":"https:\/\/www.majesticsaigon.com\/vi\/wp-json\/wp\/v2\/media?parent=1991"}],"curies":[{"name":"wp","href":"https:\/\/api.w.org\/{rel}","templated":true}]}}