{"id":1999,"date":"2022-10-12T02:35:48","date_gmt":"2022-10-12T02:35:48","guid":{"rendered":"https:\/\/www.majesticsaigon.com\/our-deluxes-suites\/colonial-river-deluxe\/"},"modified":"2025-03-16T07:06:12","modified_gmt":"2025-03-16T07:06:12","slug":"century-river-deluxe","status":"publish","type":"page","link":"https:\/\/www.majesticsaigon.com\/vi\/our-deluxes-suites\/century-river-deluxe\/","title":{"rendered":"CENTURY RIVER DELUXE"},"content":{"rendered":"<p>Century River Deluxe h\u1ee9a h\u1eb9n s\u1ebd l\u01b0u l\u1ea1i m\u1ed9t k\u1ef7 ni\u1ec7m \u0111\u1ed9c \u0111\u00e1o, v\u1edbi ban c\u00f4ng nh\u00ecn ra s\u00f4ng S\u00e0i G\u00f2n v\u00e0 \u0111\u1ea7y \u0111\u1ee7 c\u00e1c ti\u1ec7n nghi cao c\u1ea5p, mang \u0111\u1ebfn tr\u1ea3i nghi\u1ec7m \u0111\u1eb7c bi\u1ec7t v\u00e0 \u0111\u00e1ng nh\u1edb cho du kh\u00e1ch, \u0111\u1eb7c bi\u1ec7t l\u00e0 c\u00e1c c\u1eb7p \u0111\u00f4i m\u1edbi c\u01b0\u1edbi.<\/p>\n","protected":false},"excerpt":{"rendered":"<p>Century River Deluxe h\u1ee9a h\u1eb9n s\u1ebd l\u01b0u l\u1ea1i m\u1ed9t k\u1ef7 ni\u1ec7m \u0111\u1ed9c \u0111\u00e1o, v\u1edbi ban c\u00f4ng nh\u00ecn ra s\u00f4ng S\u00e0i G\u00f2n v\u00e0 \u0111\u1ea7y \u0111\u1ee7 c\u00e1c ti\u1ec7n nghi cao c\u1ea5p, mang \u0111\u1ebfn tr\u1ea3i nghi\u1ec7m \u0111\u1eb7c bi\u1ec7t v\u00e0 \u0111\u00e1ng nh\u1edb cho du kh\u00e1ch, \u0111\u1eb7c bi\u1ec7t l\u00e0 c\u00e1c c\u1eb7p \u0111\u00f4i m\u1edbi c\u01b0\u1edbi.<\/p>\n","protected":false},"author":368,"featured_media":929,"parent":1979,"menu_order":4,"comment_status":"closed","ping_status":"closed","template":"template-single-room.php","meta":{"footnotes":""},"acf":[],"yoast_head":"<!-- This site is optimized with the Yoast SEO plugin v22.3 - https:\/\/yoast.com\/wordpress\/plugins\/seo\/ -->\n<title>CENTURY RIVER DELUXE - Majestic Saigon Hotel<\/title>\n<meta name=\"robots\" content=\"index, follow, max-snippet:-1, max-image-preview:large, max-video-preview:-1\" \/>\n<link rel=\"canonical\" href=\"https:\/\/www.majesticsaigon.com\/vi\/our-deluxes-suites\/century-river-deluxe\/\" \/>\n<meta property=\"og:locale\" content=\"vi_VN\" \/>\n<meta property=\"og:type\" content=\"article\" \/>\n<meta property=\"og:title\" content=\"CENTURY RIVER DELUXE - Majestic Saigon Hotel\" \/>\n<meta property=\"og:description\" content=\"Century River Deluxe h\u1ee9a h\u1eb9n s\u1ebd l\u01b0u l\u1ea1i m\u1ed9t k\u1ef7 ni\u1ec7m \u0111\u1ed9c \u0111\u00e1o, v\u1edbi ban c\u00f4ng nh\u00ecn ra s\u00f4ng S\u00e0i G\u00f2n v\u00e0 \u0111\u1ea7y \u0111\u1ee7 c\u00e1c ti\u1ec7n nghi cao c\u1ea5p, mang \u0111\u1ebfn tr\u1ea3i nghi\u1ec7m \u0111\u1eb7c bi\u1ec7t v\u00e0 \u0111\u00e1ng nh\u1edb cho du kh\u00e1ch, \u0111\u1eb7c bi\u1ec7t l\u00e0 c\u00e1c c\u1eb7p \u0111\u00f4i m\u1edbi c\u01b0\u1edbi.\" \/>\n<meta property=\"og:url\" content=\"https:\/\/www.majesticsaigon.com\/vi\/our-deluxes-suites\/century-river-deluxe\/\" \/>\n<meta property=\"og:site_name\" content=\"Majestic Saigon Hotel\" \/>\n<meta property=\"article:modified_time\" content=\"2025-03-16T07:06:12+00:00\" \/>\n<meta property=\"og:image\" content=\"https:\/\/www.majesticsaigon.com\/wp-content\/uploads\/sites\/258\/2023\/10\/Noble-Summer-Camp-Closing-Ceremony-at-Chi-Bu-Aug-11-28.jpg\" \/>\n\t<meta property=\"og:image:width\" content=\"2200\" \/>\n\t<meta property=\"og:image:height\" content=\"1464\" \/>\n\t<meta property=\"og:image:type\" content=\"image\/jpeg\" \/>\n<meta name=\"twitter:card\" content=\"summary_large_image\" \/>\n<meta name=\"twitter:label1\" content=\"Est. reading time\" \/>\n\t<meta name=\"twitter:data1\" content=\"1 minute\" \/>\n<script type=\"application\/ld+json\" class=\"yoast-schema-graph\">{\"@context\":\"https:\/\/schema.org\",\"@graph\":[{\"@type\":\"WebPage\",\"@id\":\"https:\/\/www.majesticsaigon.com\/vi\/our-deluxes-suites\/century-river-deluxe\/\",\"url\":\"https:\/\/www.majesticsaigon.com\/vi\/our-deluxes-suites\/century-river-deluxe\/\",\"name\":\"CENTURY RIVER DELUXE - Majestic Saigon Hotel\",\"isPartOf\":{\"@id\":\"https:\/\/www.majesticsaigon.com\/vi\/#website\"},\"primaryImageOfPage\":{\"@id\":\"https:\/\/www.majesticsaigon.com\/vi\/our-deluxes-suites\/century-river-deluxe\/#primaryimage\"},\"image\":{\"@id\":\"https:\/\/www.majesticsaigon.com\/vi\/our-deluxes-suites\/century-river-deluxe\/#primaryimage\"},\"thumbnailUrl\":\"https:\/\/www.majesticsaigon.com\/wp-content\/uploads\/sites\/258\/2023\/10\/Noble-Summer-Camp-Closing-Ceremony-at-Chi-Bu-Aug-11-28.jpg\",\"datePublished\":\"2022-10-12T02:35:48+00:00\",\"dateModified\":\"2025-03-16T07:06:12+00:00\",\"breadcrumb\":{\"@id\":\"https:\/\/www.majesticsaigon.com\/vi\/our-deluxes-suites\/century-river-deluxe\/#breadcrumb\"},\"inLanguage\":\"vi-VN\",\"potentialAction\":[{\"@type\":\"ReadAction\",\"target\":[\"https:\/\/www.majesticsaigon.com\/vi\/our-deluxes-suites\/century-river-deluxe\/\"]}]},{\"@type\":\"ImageObject\",\"inLanguage\":\"vi-VN\",\"@id\":\"https:\/\/www.majesticsaigon.com\/vi\/our-deluxes-suites\/century-river-deluxe\/#primaryimage\",\"url\":\"https:\/\/www.majesticsaigon.com\/wp-content\/uploads\/sites\/258\/2023\/10\/Noble-Summer-Camp-Closing-Ceremony-at-Chi-Bu-Aug-11-28.jpg\",\"contentUrl\":\"https:\/\/www.majesticsaigon.com\/wp-content\/uploads\/sites\/258\/2023\/10\/Noble-Summer-Camp-Closing-Ceremony-at-Chi-Bu-Aug-11-28.jpg\",\"width\":2200,\"height\":1464},{\"@type\":\"BreadcrumbList\",\"@id\":\"https:\/\/www.majesticsaigon.com\/vi\/our-deluxes-suites\/century-river-deluxe\/#breadcrumb\",\"itemListElement\":[{\"@type\":\"ListItem\",\"position\":1,\"name\":\"Home\",\"item\":\"https:\/\/www.majesticsaigon.com\/vi\/\"},{\"@type\":\"ListItem\",\"position\":2,\"name\":\"DELUXE &#038; SUITE\",\"item\":\"https:\/\/www.majesticsaigon.com\/vi\/our-deluxes-suites\/\"},{\"@type\":\"ListItem\",\"position\":3,\"name\":\"CENTURY RIVER DELUXE\"}]},{\"@type\":\"WebSite\",\"@id\":\"https:\/\/www.majesticsaigon.com\/vi\/#website\",\"url\":\"https:\/\/www.majesticsaigon.com\/vi\/\",\"name\":\"Majestic Saigon Hotel\",\"description\":\"\",\"potentialAction\":[{\"@type\":\"SearchAction\",\"target\":{\"@type\":\"EntryPoint\",\"urlTemplate\":\"https:\/\/www.majesticsaigon.com\/vi\/?s={search_term_string}\"},\"query-input\":\"required name=search_term_string\"}],\"inLanguage\":\"vi-VN\"}]}<\/script>\n<!-- \/ Yoast SEO plugin. -->","yoast_head_json":{"title":"CENTURY RIVER DELUXE - Majestic Saigon Hotel","robots":{"index":"index","follow":"follow","max-snippet":"max-snippet:-1","max-image-preview":"max-image-preview:large","max-video-preview":"max-video-preview:-1"},"canonical":"https:\/\/www.majesticsaigon.com\/vi\/our-deluxes-suites\/century-river-deluxe\/","og_locale":"vi_VN","og_type":"article","og_title":"CENTURY RIVER DELUXE - Majestic Saigon Hotel","og_description":"Century River Deluxe h\u1ee9a h\u1eb9n s\u1ebd l\u01b0u l\u1ea1i m\u1ed9t k\u1ef7 ni\u1ec7m \u0111\u1ed9c \u0111\u00e1o, v\u1edbi ban c\u00f4ng nh\u00ecn ra s\u00f4ng S\u00e0i G\u00f2n v\u00e0 \u0111\u1ea7y \u0111\u1ee7 c\u00e1c ti\u1ec7n nghi cao c\u1ea5p, mang \u0111\u1ebfn tr\u1ea3i nghi\u1ec7m \u0111\u1eb7c bi\u1ec7t v\u00e0 \u0111\u00e1ng nh\u1edb cho du kh\u00e1ch, \u0111\u1eb7c bi\u1ec7t l\u00e0 c\u00e1c c\u1eb7p \u0111\u00f4i m\u1edbi c\u01b0\u1edbi.","og_url":"https:\/\/www.majesticsaigon.com\/vi\/our-deluxes-suites\/century-river-deluxe\/","og_site_name":"Majestic Saigon Hotel","article_modified_time":"2025-03-16T07:06:12+00:00","og_image":[{"width":2200,"height":1464,"url":"https:\/\/www.majesticsaigon.com\/wp-content\/uploads\/sites\/258\/2023\/10\/Noble-Summer-Camp-Closing-Ceremony-at-Chi-Bu-Aug-11-28.jpg","type":"image\/jpeg"}],"twitter_card":"summary_large_image","twitter_misc":{"Est. reading time":"1 minute"},"schema":{"@context":"https:\/\/schema.org","@graph":[{"@type":"WebPage","@id":"https:\/\/www.majesticsaigon.com\/vi\/our-deluxes-suites\/century-river-deluxe\/","url":"https:\/\/www.majesticsaigon.com\/vi\/our-deluxes-suites\/century-river-deluxe\/","name":"CENTURY RIVER DELUXE - Majestic Saigon Hotel","isPartOf":{"@id":"https:\/\/www.majesticsaigon.com\/vi\/#website"},"primaryImageOfPage":{"@id":"https:\/\/www.majesticsaigon.com\/vi\/our-deluxes-suites\/century-river-deluxe\/#primaryimage"},"image":{"@id":"https:\/\/www.majesticsaigon.com\/vi\/our-deluxes-suites\/century-river-deluxe\/#primaryimage"},"thumbnailUrl":"https:\/\/www.majesticsaigon.com\/wp-content\/uploads\/sites\/258\/2023\/10\/Noble-Summer-Camp-Closing-Ceremony-at-Chi-Bu-Aug-11-28.jpg","datePublished":"2022-10-12T02:35:48+00:00","dateModified":"2025-03-16T07:06:12+00:00","breadcrumb":{"@id":"https:\/\/www.majesticsaigon.com\/vi\/our-deluxes-suites\/century-river-deluxe\/#breadcrumb"},"inLanguage":"vi-VN","potentialAction":[{"@type":"ReadAction","target":["https:\/\/www.majesticsaigon.com\/vi\/our-deluxes-suites\/century-river-deluxe\/"]}]},{"@type":"ImageObject","inLanguage":"vi-VN","@id":"https:\/\/www.majesticsaigon.com\/vi\/our-deluxes-suites\/century-river-deluxe\/#primaryimage","url":"https:\/\/www.majesticsaigon.com\/wp-content\/uploads\/sites\/258\/2023\/10\/Noble-Summer-Camp-Closing-Ceremony-at-Chi-Bu-Aug-11-28.jpg","contentUrl":"https:\/\/www.majesticsaigon.com\/wp-content\/uploads\/sites\/258\/2023\/10\/Noble-Summer-Camp-Closing-Ceremony-at-Chi-Bu-Aug-11-28.jpg","width":2200,"height":1464},{"@type":"BreadcrumbList","@id":"https:\/\/www.majesticsaigon.com\/vi\/our-deluxes-suites\/century-river-deluxe\/#breadcrumb","itemListElement":[{"@type":"ListItem","position":1,"name":"Home","item":"https:\/\/www.majesticsaigon.com\/vi\/"},{"@type":"ListItem","position":2,"name":"DELUXE &#038; SUITE","item":"https:\/\/www.majesticsaigon.com\/vi\/our-deluxes-suites\/"},{"@type":"ListItem","position":3,"name":"CENTURY RIVER DELUXE"}]},{"@type":"WebSite","@id":"https:\/\/www.majesticsaigon.com\/vi\/#website","url":"https:\/\/www.majesticsaigon.com\/vi\/","name":"Majestic Saigon Hotel","description":"","potentialAction":[{"@type":"SearchAction","target":{"@type":"EntryPoint","urlTemplate":"https:\/\/www.majesticsaigon.com\/vi\/?s={search_term_string}"},"query-input":"required name=search_term_string"}],"inLanguage":"vi-VN"}]}},"_links":{"self":[{"href":"https:\/\/www.majesticsaigon.com\/vi\/wp-json\/wp\/v2\/pages\/1999"}],"collection":[{"href":"https:\/\/www.majesticsaigon.com\/vi\/wp-json\/wp\/v2\/pages"}],"about":[{"href":"https:\/\/www.majesticsaigon.com\/vi\/wp-json\/wp\/v2\/types\/page"}],"author":[{"embeddable":true,"href":"https:\/\/www.majesticsaigon.com\/vi\/wp-json\/wp\/v2\/users\/368"}],"replies":[{"embeddable":true,"href":"https:\/\/www.majesticsaigon.com\/vi\/wp-json\/wp\/v2\/comments?post=1999"}],"version-history":[{"count":0,"href":"https:\/\/www.majesticsaigon.com\/vi\/wp-json\/wp\/v2\/pages\/1999\/revisions"}],"up":[{"embeddable":true,"href":"https:\/\/www.majesticsaigon.com\/vi\/wp-json\/wp\/v2\/pages\/1979"}],"wp:featuredmedia":[{"embeddable":true,"href":"https:\/\/www.majesticsaigon.com\/vi\/wp-json\/wp\/v2\/media\/929"}],"wp:attachment":[{"href":"https:\/\/www.majesticsaigon.com\/vi\/wp-json\/wp\/v2\/media?parent=1999"}],"curies":[{"name":"wp","href":"https:\/\/api.w.org\/{rel}","templated":true}]}}