{"id":2001,"date":"2022-10-12T05:57:45","date_gmt":"2022-10-12T05:57:45","guid":{"rendered":"https:\/\/www.majesticsaigon.com\/our-deluxes-suites\/colonial-majestic-suite\/"},"modified":"2025-03-16T07:20:33","modified_gmt":"2025-03-16T07:20:33","slug":"century-majestic-suite","status":"publish","type":"page","link":"https:\/\/www.majesticsaigon.com\/vi\/our-deluxes-suites\/century-majestic-suite\/","title":{"rendered":"CENTURY MAJESTIC SUITE"},"content":{"rendered":"<p>Century Majestic Suite l\u00e0 l\u1ef1a ch\u1ecdn ho\u00e0n h\u1ea3o cho m\u1ed9t ph\u00f2ng ngh\u1ec9 sang tr\u1ecdng s\u1edf h\u1eefu t\u1ea7m nh\u00ecn \u1ea5n t\u01b0\u1ee3ng bao qu\u00e1t to\u00e0n c\u1ea3nh s\u00f4ng S\u00e0i G\u00f2n. V\u1edbi ph\u00f2ng kh\u00e1ch v\u00e0 ph\u00f2ng ng\u1ee7 ri\u00eang bi\u1ec7t \u0111i k\u00e8m b\u00e0n l\u00e0m vi\u1ec7c, suite 1 ph\u00f2ng ng\u1ee7 n\u00e0y l\u00e0 ch\u1ed1n ngh\u1ec9 ng\u01a1i ho\u00e0n h\u1ea3o cho nh\u1eefng v\u1ecb kh\u00e1ch mu\u1ed1n t\u1eadn h\u01b0\u1edfng th\u00eam ch\u00fat kh\u00f4ng gian.<\/p>\n","protected":false},"excerpt":{"rendered":"<p>Century Majestic Suite l\u00e0 l\u1ef1a ch\u1ecdn ho\u00e0n h\u1ea3o cho m\u1ed9t ph\u00f2ng ngh\u1ec9 sang tr\u1ecdng s\u1edf h\u1eefu t\u1ea7m nh\u00ecn \u1ea5n t\u01b0\u1ee3ng bao qu\u00e1t to\u00e0n c\u1ea3nh s\u00f4ng S\u00e0i G\u00f2n. V\u1edbi ph\u00f2ng kh\u00e1ch v\u00e0 ph\u00f2ng ng\u1ee7 ri\u00eang bi\u1ec7t \u0111i k\u00e8m b\u00e0n l\u00e0m vi\u1ec7c, suite 1 ph\u00f2ng ng\u1ee7 n\u00e0y l\u00e0 ch\u1ed1n ngh\u1ec9 ng\u01a1i ho\u00e0n h\u1ea3o cho nh\u1eefng v\u1ecb kh\u00e1ch [&hellip;]<\/p>\n","protected":false},"author":368,"featured_media":995,"parent":1979,"menu_order":6,"comment_status":"closed","ping_status":"closed","template":"template-single-room.php","meta":{"footnotes":""},"acf":[],"yoast_head":"<!-- This site is optimized with the Yoast SEO plugin v22.3 - https:\/\/yoast.com\/wordpress\/plugins\/seo\/ -->\n<title>Century Majestic Suite - Hotel Majestic Saigon<\/title>\n<meta name=\"description\" content=\"Located in the hotel&#039;s classic wings, with 100m2 furnished with fundamental amenities and 24\/7 services, featuring a living room and a separate bedroom with a working desk, with a panoramic view of the Saigon River.\" \/>\n<meta name=\"robots\" content=\"index, follow, max-snippet:-1, max-image-preview:large, max-video-preview:-1\" \/>\n<link rel=\"canonical\" href=\"https:\/\/www.majesticsaigon.com\/vi\/our-deluxes-suites\/century-majestic-suite\/\" \/>\n<meta property=\"og:locale\" content=\"vi_VN\" \/>\n<meta property=\"og:type\" content=\"article\" \/>\n<meta property=\"og:title\" content=\"Century Majestic Suite - Hotel Majestic Saigon\" \/>\n<meta property=\"og:description\" content=\"Located in the hotel&#039;s classic wings, with 100m2 furnished with fundamental amenities and 24\/7 services, featuring a living room and a separate bedroom with a working desk, with a panoramic view of the Saigon River.\" \/>\n<meta property=\"og:url\" content=\"https:\/\/www.majesticsaigon.com\/vi\/our-deluxes-suites\/century-majestic-suite\/\" \/>\n<meta property=\"og:site_name\" content=\"Majestic Saigon Hotel\" \/>\n<meta property=\"article:modified_time\" content=\"2025-03-16T07:20:33+00:00\" \/>\n<meta property=\"og:image\" content=\"https:\/\/www.majesticsaigon.com\/wp-content\/uploads\/sites\/258\/2023\/10\/Noble-Summer-Camp-Closing-Ceremony-at-Chi-Bu-Aug-11-53.jpg\" \/>\n\t<meta property=\"og:image:width\" content=\"2200\" \/>\n\t<meta property=\"og:image:height\" content=\"1464\" \/>\n\t<meta property=\"og:image:type\" content=\"image\/jpeg\" \/>\n<meta name=\"twitter:card\" content=\"summary_large_image\" \/>\n<meta name=\"twitter:label1\" content=\"Est. reading time\" \/>\n\t<meta name=\"twitter:data1\" content=\"1 minute\" \/>\n<script type=\"application\/ld+json\" class=\"yoast-schema-graph\">{\"@context\":\"https:\/\/schema.org\",\"@graph\":[{\"@type\":\"WebPage\",\"@id\":\"https:\/\/www.majesticsaigon.com\/vi\/our-deluxes-suites\/century-majestic-suite\/\",\"url\":\"https:\/\/www.majesticsaigon.com\/vi\/our-deluxes-suites\/century-majestic-suite\/\",\"name\":\"Century Majestic Suite - Hotel Majestic Saigon\",\"isPartOf\":{\"@id\":\"https:\/\/www.majesticsaigon.com\/vi\/#website\"},\"primaryImageOfPage\":{\"@id\":\"https:\/\/www.majesticsaigon.com\/vi\/our-deluxes-suites\/century-majestic-suite\/#primaryimage\"},\"image\":{\"@id\":\"https:\/\/www.majesticsaigon.com\/vi\/our-deluxes-suites\/century-majestic-suite\/#primaryimage\"},\"thumbnailUrl\":\"https:\/\/www.majesticsaigon.com\/wp-content\/uploads\/sites\/258\/2023\/10\/Noble-Summer-Camp-Closing-Ceremony-at-Chi-Bu-Aug-11-53.jpg\",\"datePublished\":\"2022-10-12T05:57:45+00:00\",\"dateModified\":\"2025-03-16T07:20:33+00:00\",\"description\":\"Located in the hotel's classic wings, with 100m2 furnished with fundamental amenities and 24\/7 services, featuring a living room and a separate bedroom with a working desk, with a panoramic view of the Saigon River.\",\"breadcrumb\":{\"@id\":\"https:\/\/www.majesticsaigon.com\/vi\/our-deluxes-suites\/century-majestic-suite\/#breadcrumb\"},\"inLanguage\":\"vi-VN\",\"potentialAction\":[{\"@type\":\"ReadAction\",\"target\":[\"https:\/\/www.majesticsaigon.com\/vi\/our-deluxes-suites\/century-majestic-suite\/\"]}]},{\"@type\":\"ImageObject\",\"inLanguage\":\"vi-VN\",\"@id\":\"https:\/\/www.majesticsaigon.com\/vi\/our-deluxes-suites\/century-majestic-suite\/#primaryimage\",\"url\":\"https:\/\/www.majesticsaigon.com\/wp-content\/uploads\/sites\/258\/2023\/10\/Noble-Summer-Camp-Closing-Ceremony-at-Chi-Bu-Aug-11-53.jpg\",\"contentUrl\":\"https:\/\/www.majesticsaigon.com\/wp-content\/uploads\/sites\/258\/2023\/10\/Noble-Summer-Camp-Closing-Ceremony-at-Chi-Bu-Aug-11-53.jpg\",\"width\":2200,\"height\":1464},{\"@type\":\"BreadcrumbList\",\"@id\":\"https:\/\/www.majesticsaigon.com\/vi\/our-deluxes-suites\/century-majestic-suite\/#breadcrumb\",\"itemListElement\":[{\"@type\":\"ListItem\",\"position\":1,\"name\":\"Home\",\"item\":\"https:\/\/www.majesticsaigon.com\/vi\/\"},{\"@type\":\"ListItem\",\"position\":2,\"name\":\"DELUXE &#038; SUITE\",\"item\":\"https:\/\/www.majesticsaigon.com\/vi\/our-deluxes-suites\/\"},{\"@type\":\"ListItem\",\"position\":3,\"name\":\"CENTURY MAJESTIC SUITE\"}]},{\"@type\":\"WebSite\",\"@id\":\"https:\/\/www.majesticsaigon.com\/vi\/#website\",\"url\":\"https:\/\/www.majesticsaigon.com\/vi\/\",\"name\":\"Majestic Saigon Hotel\",\"description\":\"\",\"potentialAction\":[{\"@type\":\"SearchAction\",\"target\":{\"@type\":\"EntryPoint\",\"urlTemplate\":\"https:\/\/www.majesticsaigon.com\/vi\/?s={search_term_string}\"},\"query-input\":\"required name=search_term_string\"}],\"inLanguage\":\"vi-VN\"}]}<\/script>\n<!-- \/ Yoast SEO plugin. -->","yoast_head_json":{"title":"Century Majestic Suite - Hotel Majestic Saigon","description":"Located in the hotel's classic wings, with 100m2 furnished with fundamental amenities and 24\/7 services, featuring a living room and a separate bedroom with a working desk, with a panoramic view of the Saigon River.","robots":{"index":"index","follow":"follow","max-snippet":"max-snippet:-1","max-image-preview":"max-image-preview:large","max-video-preview":"max-video-preview:-1"},"canonical":"https:\/\/www.majesticsaigon.com\/vi\/our-deluxes-suites\/century-majestic-suite\/","og_locale":"vi_VN","og_type":"article","og_title":"Century Majestic Suite - Hotel Majestic Saigon","og_description":"Located in the hotel's classic wings, with 100m2 furnished with fundamental amenities and 24\/7 services, featuring a living room and a separate bedroom with a working desk, with a panoramic view of the Saigon River.","og_url":"https:\/\/www.majesticsaigon.com\/vi\/our-deluxes-suites\/century-majestic-suite\/","og_site_name":"Majestic Saigon Hotel","article_modified_time":"2025-03-16T07:20:33+00:00","og_image":[{"width":2200,"height":1464,"url":"https:\/\/www.majesticsaigon.com\/wp-content\/uploads\/sites\/258\/2023\/10\/Noble-Summer-Camp-Closing-Ceremony-at-Chi-Bu-Aug-11-53.jpg","type":"image\/jpeg"}],"twitter_card":"summary_large_image","twitter_misc":{"Est. reading time":"1 minute"},"schema":{"@context":"https:\/\/schema.org","@graph":[{"@type":"WebPage","@id":"https:\/\/www.majesticsaigon.com\/vi\/our-deluxes-suites\/century-majestic-suite\/","url":"https:\/\/www.majesticsaigon.com\/vi\/our-deluxes-suites\/century-majestic-suite\/","name":"Century Majestic Suite - Hotel Majestic Saigon","isPartOf":{"@id":"https:\/\/www.majesticsaigon.com\/vi\/#website"},"primaryImageOfPage":{"@id":"https:\/\/www.majesticsaigon.com\/vi\/our-deluxes-suites\/century-majestic-suite\/#primaryimage"},"image":{"@id":"https:\/\/www.majesticsaigon.com\/vi\/our-deluxes-suites\/century-majestic-suite\/#primaryimage"},"thumbnailUrl":"https:\/\/www.majesticsaigon.com\/wp-content\/uploads\/sites\/258\/2023\/10\/Noble-Summer-Camp-Closing-Ceremony-at-Chi-Bu-Aug-11-53.jpg","datePublished":"2022-10-12T05:57:45+00:00","dateModified":"2025-03-16T07:20:33+00:00","description":"Located in the hotel's classic wings, with 100m2 furnished with fundamental amenities and 24\/7 services, featuring a living room and a separate bedroom with a working desk, with a panoramic view of the Saigon River.","breadcrumb":{"@id":"https:\/\/www.majesticsaigon.com\/vi\/our-deluxes-suites\/century-majestic-suite\/#breadcrumb"},"inLanguage":"vi-VN","potentialAction":[{"@type":"ReadAction","target":["https:\/\/www.majesticsaigon.com\/vi\/our-deluxes-suites\/century-majestic-suite\/"]}]},{"@type":"ImageObject","inLanguage":"vi-VN","@id":"https:\/\/www.majesticsaigon.com\/vi\/our-deluxes-suites\/century-majestic-suite\/#primaryimage","url":"https:\/\/www.majesticsaigon.com\/wp-content\/uploads\/sites\/258\/2023\/10\/Noble-Summer-Camp-Closing-Ceremony-at-Chi-Bu-Aug-11-53.jpg","contentUrl":"https:\/\/www.majesticsaigon.com\/wp-content\/uploads\/sites\/258\/2023\/10\/Noble-Summer-Camp-Closing-Ceremony-at-Chi-Bu-Aug-11-53.jpg","width":2200,"height":1464},{"@type":"BreadcrumbList","@id":"https:\/\/www.majesticsaigon.com\/vi\/our-deluxes-suites\/century-majestic-suite\/#breadcrumb","itemListElement":[{"@type":"ListItem","position":1,"name":"Home","item":"https:\/\/www.majesticsaigon.com\/vi\/"},{"@type":"ListItem","position":2,"name":"DELUXE &#038; SUITE","item":"https:\/\/www.majesticsaigon.com\/vi\/our-deluxes-suites\/"},{"@type":"ListItem","position":3,"name":"CENTURY MAJESTIC SUITE"}]},{"@type":"WebSite","@id":"https:\/\/www.majesticsaigon.com\/vi\/#website","url":"https:\/\/www.majesticsaigon.com\/vi\/","name":"Majestic Saigon Hotel","description":"","potentialAction":[{"@type":"SearchAction","target":{"@type":"EntryPoint","urlTemplate":"https:\/\/www.majesticsaigon.com\/vi\/?s={search_term_string}"},"query-input":"required name=search_term_string"}],"inLanguage":"vi-VN"}]}},"_links":{"self":[{"href":"https:\/\/www.majesticsaigon.com\/vi\/wp-json\/wp\/v2\/pages\/2001"}],"collection":[{"href":"https:\/\/www.majesticsaigon.com\/vi\/wp-json\/wp\/v2\/pages"}],"about":[{"href":"https:\/\/www.majesticsaigon.com\/vi\/wp-json\/wp\/v2\/types\/page"}],"author":[{"embeddable":true,"href":"https:\/\/www.majesticsaigon.com\/vi\/wp-json\/wp\/v2\/users\/368"}],"replies":[{"embeddable":true,"href":"https:\/\/www.majesticsaigon.com\/vi\/wp-json\/wp\/v2\/comments?post=2001"}],"version-history":[{"count":0,"href":"https:\/\/www.majesticsaigon.com\/vi\/wp-json\/wp\/v2\/pages\/2001\/revisions"}],"up":[{"embeddable":true,"href":"https:\/\/www.majesticsaigon.com\/vi\/wp-json\/wp\/v2\/pages\/1979"}],"wp:featuredmedia":[{"embeddable":true,"href":"https:\/\/www.majesticsaigon.com\/vi\/wp-json\/wp\/v2\/media\/995"}],"wp:attachment":[{"href":"https:\/\/www.majesticsaigon.com\/vi\/wp-json\/wp\/v2\/media?parent=2001"}],"curies":[{"name":"wp","href":"https:\/\/api.w.org\/{rel}","templated":true}]}}