{"id":2010,"date":"2022-10-12T06:39:21","date_gmt":"2022-10-12T06:39:21","guid":{"rendered":"https:\/\/www.majesticsaigon.com\/our-deluxes-suites\/president-suite\/"},"modified":"2025-03-16T07:14:19","modified_gmt":"2025-03-16T07:14:19","slug":"century-presidential-suite","status":"publish","type":"page","link":"https:\/\/www.majesticsaigon.com\/vi\/our-deluxes-suites\/century-presidential-suite\/","title":{"rendered":"CENTURY PRESIDENTIAL SUITE"},"content":{"rendered":"<p>\u0110\u00e2y l\u00e0 ph\u00f2ng Suite \u0111\u1eb3ng c\u1ea5p nh\u1ea5t gi\u1eefa l\u00f2ng S\u00e0i G\u00f2n d\u00e0nh cho nh\u1eefng ai y\u00eau th\u00edch tr\u1ea3i nghi\u1ec7m sang tr\u1ecdng v\u00e0 l\u1ecbch l\u00e3m. Century Presidential Suite mang \u0111\u1ebfn kh\u00f4ng gian sinh ho\u1ea1t, \u0103n u\u1ed1ng v\u00e0 l\u00e0m vi\u1ec7c r\u1ed9ng r\u00e3i cho doanh nghi\u1ec7p ho\u1eb7c gia \u0111\u00ecnh. M\u1ed7i Suite \u0111\u1ec1u c\u00f3 l\u1ed1i v\u00e0o ri\u00eang t\u1eeb h\u00e0nh lang chung \u0111\u1ebfn ph\u00f2ng ng\u1ee7 v\u00e0 ph\u00f2ng kh\u00e1ch, n\u01a1i c\u00f3 b\u00e0n \u0103n cho 4 ng\u01b0\u1eddi.<\/p>\n","protected":false},"excerpt":{"rendered":"<p>\u0110\u00e2y l\u00e0 ph\u00f2ng Suite \u0111\u1eb3ng c\u1ea5p nh\u1ea5t gi\u1eefa l\u00f2ng S\u00e0i G\u00f2n d\u00e0nh cho nh\u1eefng ai y\u00eau th\u00edch tr\u1ea3i nghi\u1ec7m sang tr\u1ecdng v\u00e0 l\u1ecbch l\u00e3m. Century Presidential Suite mang \u0111\u1ebfn kh\u00f4ng gian sinh ho\u1ea1t, \u0103n u\u1ed1ng v\u00e0 l\u00e0m vi\u1ec7c r\u1ed9ng r\u00e3i cho doanh nghi\u1ec7p ho\u1eb7c gia \u0111\u00ecnh. M\u1ed7i Suite \u0111\u1ec1u c\u00f3 l\u1ed1i v\u00e0o ri\u00eang t\u1eeb h\u00e0nh [&hellip;]<\/p>\n","protected":false},"author":368,"featured_media":1066,"parent":1979,"menu_order":7,"comment_status":"closed","ping_status":"closed","template":"template-single-room.php","meta":{"footnotes":""},"acf":[],"yoast_head":"<!-- This site is optimized with the Yoast SEO plugin v22.3 - https:\/\/yoast.com\/wordpress\/plugins\/seo\/ -->\n<title>CENTURY PRESIDENTIAL SUITE - Majestic Saigon Hotel<\/title>\n<meta name=\"robots\" content=\"index, follow, max-snippet:-1, max-image-preview:large, max-video-preview:-1\" \/>\n<link rel=\"canonical\" href=\"https:\/\/www.majesticsaigon.com\/vi\/our-deluxes-suites\/century-presidential-suite\/\" \/>\n<meta property=\"og:locale\" content=\"vi_VN\" \/>\n<meta property=\"og:type\" content=\"article\" \/>\n<meta property=\"og:title\" content=\"CENTURY PRESIDENTIAL SUITE - Majestic Saigon Hotel\" \/>\n<meta property=\"og:description\" content=\"\u0110\u00e2y l\u00e0 ph\u00f2ng Suite \u0111\u1eb3ng c\u1ea5p nh\u1ea5t gi\u1eefa l\u00f2ng S\u00e0i G\u00f2n d\u00e0nh cho nh\u1eefng ai y\u00eau th\u00edch tr\u1ea3i nghi\u1ec7m sang tr\u1ecdng v\u00e0 l\u1ecbch l\u00e3m. Century Presidential Suite mang \u0111\u1ebfn kh\u00f4ng gian sinh ho\u1ea1t, \u0103n u\u1ed1ng v\u00e0 l\u00e0m vi\u1ec7c r\u1ed9ng r\u00e3i cho doanh nghi\u1ec7p ho\u1eb7c gia \u0111\u00ecnh. M\u1ed7i Suite \u0111\u1ec1u c\u00f3 l\u1ed1i v\u00e0o ri\u00eang t\u1eeb h\u00e0nh [&hellip;]\" \/>\n<meta property=\"og:url\" content=\"https:\/\/www.majesticsaigon.com\/vi\/our-deluxes-suites\/century-presidential-suite\/\" \/>\n<meta property=\"og:site_name\" content=\"Majestic Saigon Hotel\" \/>\n<meta property=\"article:modified_time\" content=\"2025-03-16T07:14:19+00:00\" \/>\n<meta property=\"og:image\" content=\"https:\/\/www.majesticsaigon.com\/wp-content\/uploads\/sites\/258\/2023\/10\/Noble-Summer-Camp-Closing-Ceremony-at-Chi-Bu-Aug-11-64-1.jpg\" \/>\n\t<meta property=\"og:image:width\" content=\"2200\" \/>\n\t<meta property=\"og:image:height\" content=\"1464\" \/>\n\t<meta property=\"og:image:type\" content=\"image\/jpeg\" \/>\n<meta name=\"twitter:card\" content=\"summary_large_image\" \/>\n<meta name=\"twitter:label1\" content=\"Est. reading time\" \/>\n\t<meta name=\"twitter:data1\" content=\"1 minute\" \/>\n<script type=\"application\/ld+json\" class=\"yoast-schema-graph\">{\"@context\":\"https:\/\/schema.org\",\"@graph\":[{\"@type\":\"WebPage\",\"@id\":\"https:\/\/www.majesticsaigon.com\/vi\/our-deluxes-suites\/century-presidential-suite\/\",\"url\":\"https:\/\/www.majesticsaigon.com\/vi\/our-deluxes-suites\/century-presidential-suite\/\",\"name\":\"CENTURY PRESIDENTIAL SUITE - Majestic Saigon Hotel\",\"isPartOf\":{\"@id\":\"https:\/\/www.majesticsaigon.com\/vi\/#website\"},\"primaryImageOfPage\":{\"@id\":\"https:\/\/www.majesticsaigon.com\/vi\/our-deluxes-suites\/century-presidential-suite\/#primaryimage\"},\"image\":{\"@id\":\"https:\/\/www.majesticsaigon.com\/vi\/our-deluxes-suites\/century-presidential-suite\/#primaryimage\"},\"thumbnailUrl\":\"https:\/\/www.majesticsaigon.com\/wp-content\/uploads\/sites\/258\/2023\/10\/Noble-Summer-Camp-Closing-Ceremony-at-Chi-Bu-Aug-11-64-1.jpg\",\"datePublished\":\"2022-10-12T06:39:21+00:00\",\"dateModified\":\"2025-03-16T07:14:19+00:00\",\"breadcrumb\":{\"@id\":\"https:\/\/www.majesticsaigon.com\/vi\/our-deluxes-suites\/century-presidential-suite\/#breadcrumb\"},\"inLanguage\":\"vi-VN\",\"potentialAction\":[{\"@type\":\"ReadAction\",\"target\":[\"https:\/\/www.majesticsaigon.com\/vi\/our-deluxes-suites\/century-presidential-suite\/\"]}]},{\"@type\":\"ImageObject\",\"inLanguage\":\"vi-VN\",\"@id\":\"https:\/\/www.majesticsaigon.com\/vi\/our-deluxes-suites\/century-presidential-suite\/#primaryimage\",\"url\":\"https:\/\/www.majesticsaigon.com\/wp-content\/uploads\/sites\/258\/2023\/10\/Noble-Summer-Camp-Closing-Ceremony-at-Chi-Bu-Aug-11-64-1.jpg\",\"contentUrl\":\"https:\/\/www.majesticsaigon.com\/wp-content\/uploads\/sites\/258\/2023\/10\/Noble-Summer-Camp-Closing-Ceremony-at-Chi-Bu-Aug-11-64-1.jpg\",\"width\":2200,\"height\":1464},{\"@type\":\"BreadcrumbList\",\"@id\":\"https:\/\/www.majesticsaigon.com\/vi\/our-deluxes-suites\/century-presidential-suite\/#breadcrumb\",\"itemListElement\":[{\"@type\":\"ListItem\",\"position\":1,\"name\":\"Home\",\"item\":\"https:\/\/www.majesticsaigon.com\/vi\/\"},{\"@type\":\"ListItem\",\"position\":2,\"name\":\"DELUXE &#038; SUITE\",\"item\":\"https:\/\/www.majesticsaigon.com\/vi\/our-deluxes-suites\/\"},{\"@type\":\"ListItem\",\"position\":3,\"name\":\"CENTURY PRESIDENTIAL SUITE\"}]},{\"@type\":\"WebSite\",\"@id\":\"https:\/\/www.majesticsaigon.com\/vi\/#website\",\"url\":\"https:\/\/www.majesticsaigon.com\/vi\/\",\"name\":\"Majestic Saigon Hotel\",\"description\":\"\",\"potentialAction\":[{\"@type\":\"SearchAction\",\"target\":{\"@type\":\"EntryPoint\",\"urlTemplate\":\"https:\/\/www.majesticsaigon.com\/vi\/?s={search_term_string}\"},\"query-input\":\"required name=search_term_string\"}],\"inLanguage\":\"vi-VN\"}]}<\/script>\n<!-- \/ Yoast SEO plugin. -->","yoast_head_json":{"title":"CENTURY PRESIDENTIAL SUITE - Majestic Saigon Hotel","robots":{"index":"index","follow":"follow","max-snippet":"max-snippet:-1","max-image-preview":"max-image-preview:large","max-video-preview":"max-video-preview:-1"},"canonical":"https:\/\/www.majesticsaigon.com\/vi\/our-deluxes-suites\/century-presidential-suite\/","og_locale":"vi_VN","og_type":"article","og_title":"CENTURY PRESIDENTIAL SUITE - Majestic Saigon Hotel","og_description":"\u0110\u00e2y l\u00e0 ph\u00f2ng Suite \u0111\u1eb3ng c\u1ea5p nh\u1ea5t gi\u1eefa l\u00f2ng S\u00e0i G\u00f2n d\u00e0nh cho nh\u1eefng ai y\u00eau th\u00edch tr\u1ea3i nghi\u1ec7m sang tr\u1ecdng v\u00e0 l\u1ecbch l\u00e3m. Century Presidential Suite mang \u0111\u1ebfn kh\u00f4ng gian sinh ho\u1ea1t, \u0103n u\u1ed1ng v\u00e0 l\u00e0m vi\u1ec7c r\u1ed9ng r\u00e3i cho doanh nghi\u1ec7p ho\u1eb7c gia \u0111\u00ecnh. M\u1ed7i Suite \u0111\u1ec1u c\u00f3 l\u1ed1i v\u00e0o ri\u00eang t\u1eeb h\u00e0nh [&hellip;]","og_url":"https:\/\/www.majesticsaigon.com\/vi\/our-deluxes-suites\/century-presidential-suite\/","og_site_name":"Majestic Saigon Hotel","article_modified_time":"2025-03-16T07:14:19+00:00","og_image":[{"width":2200,"height":1464,"url":"https:\/\/www.majesticsaigon.com\/wp-content\/uploads\/sites\/258\/2023\/10\/Noble-Summer-Camp-Closing-Ceremony-at-Chi-Bu-Aug-11-64-1.jpg","type":"image\/jpeg"}],"twitter_card":"summary_large_image","twitter_misc":{"Est. reading time":"1 minute"},"schema":{"@context":"https:\/\/schema.org","@graph":[{"@type":"WebPage","@id":"https:\/\/www.majesticsaigon.com\/vi\/our-deluxes-suites\/century-presidential-suite\/","url":"https:\/\/www.majesticsaigon.com\/vi\/our-deluxes-suites\/century-presidential-suite\/","name":"CENTURY PRESIDENTIAL SUITE - Majestic Saigon Hotel","isPartOf":{"@id":"https:\/\/www.majesticsaigon.com\/vi\/#website"},"primaryImageOfPage":{"@id":"https:\/\/www.majesticsaigon.com\/vi\/our-deluxes-suites\/century-presidential-suite\/#primaryimage"},"image":{"@id":"https:\/\/www.majesticsaigon.com\/vi\/our-deluxes-suites\/century-presidential-suite\/#primaryimage"},"thumbnailUrl":"https:\/\/www.majesticsaigon.com\/wp-content\/uploads\/sites\/258\/2023\/10\/Noble-Summer-Camp-Closing-Ceremony-at-Chi-Bu-Aug-11-64-1.jpg","datePublished":"2022-10-12T06:39:21+00:00","dateModified":"2025-03-16T07:14:19+00:00","breadcrumb":{"@id":"https:\/\/www.majesticsaigon.com\/vi\/our-deluxes-suites\/century-presidential-suite\/#breadcrumb"},"inLanguage":"vi-VN","potentialAction":[{"@type":"ReadAction","target":["https:\/\/www.majesticsaigon.com\/vi\/our-deluxes-suites\/century-presidential-suite\/"]}]},{"@type":"ImageObject","inLanguage":"vi-VN","@id":"https:\/\/www.majesticsaigon.com\/vi\/our-deluxes-suites\/century-presidential-suite\/#primaryimage","url":"https:\/\/www.majesticsaigon.com\/wp-content\/uploads\/sites\/258\/2023\/10\/Noble-Summer-Camp-Closing-Ceremony-at-Chi-Bu-Aug-11-64-1.jpg","contentUrl":"https:\/\/www.majesticsaigon.com\/wp-content\/uploads\/sites\/258\/2023\/10\/Noble-Summer-Camp-Closing-Ceremony-at-Chi-Bu-Aug-11-64-1.jpg","width":2200,"height":1464},{"@type":"BreadcrumbList","@id":"https:\/\/www.majesticsaigon.com\/vi\/our-deluxes-suites\/century-presidential-suite\/#breadcrumb","itemListElement":[{"@type":"ListItem","position":1,"name":"Home","item":"https:\/\/www.majesticsaigon.com\/vi\/"},{"@type":"ListItem","position":2,"name":"DELUXE &#038; SUITE","item":"https:\/\/www.majesticsaigon.com\/vi\/our-deluxes-suites\/"},{"@type":"ListItem","position":3,"name":"CENTURY PRESIDENTIAL SUITE"}]},{"@type":"WebSite","@id":"https:\/\/www.majesticsaigon.com\/vi\/#website","url":"https:\/\/www.majesticsaigon.com\/vi\/","name":"Majestic Saigon Hotel","description":"","potentialAction":[{"@type":"SearchAction","target":{"@type":"EntryPoint","urlTemplate":"https:\/\/www.majesticsaigon.com\/vi\/?s={search_term_string}"},"query-input":"required name=search_term_string"}],"inLanguage":"vi-VN"}]}},"_links":{"self":[{"href":"https:\/\/www.majesticsaigon.com\/vi\/wp-json\/wp\/v2\/pages\/2010"}],"collection":[{"href":"https:\/\/www.majesticsaigon.com\/vi\/wp-json\/wp\/v2\/pages"}],"about":[{"href":"https:\/\/www.majesticsaigon.com\/vi\/wp-json\/wp\/v2\/types\/page"}],"author":[{"embeddable":true,"href":"https:\/\/www.majesticsaigon.com\/vi\/wp-json\/wp\/v2\/users\/368"}],"replies":[{"embeddable":true,"href":"https:\/\/www.majesticsaigon.com\/vi\/wp-json\/wp\/v2\/comments?post=2010"}],"version-history":[{"count":0,"href":"https:\/\/www.majesticsaigon.com\/vi\/wp-json\/wp\/v2\/pages\/2010\/revisions"}],"up":[{"embeddable":true,"href":"https:\/\/www.majesticsaigon.com\/vi\/wp-json\/wp\/v2\/pages\/1979"}],"wp:featuredmedia":[{"embeddable":true,"href":"https:\/\/www.majesticsaigon.com\/vi\/wp-json\/wp\/v2\/media\/1066"}],"wp:attachment":[{"href":"https:\/\/www.majesticsaigon.com\/vi\/wp-json\/wp\/v2\/media?parent=2010"}],"curies":[{"name":"wp","href":"https:\/\/api.w.org\/{rel}","templated":true}]}}