{"id":2042,"date":"2022-10-12T07:04:06","date_gmt":"2022-10-12T07:04:06","guid":{"rendered":"https:\/\/www.majesticsaigon.com\/our-restaurant-bar\/"},"modified":"2024-04-02T07:49:41","modified_gmt":"2024-04-02T07:49:41","slug":"our-restaurant-bar","status":"publish","type":"page","link":"https:\/\/www.majesticsaigon.com\/vi\/our-restaurant-bar\/","title":{"rendered":"NH\u00c0 H\u00c0NG V\u00c0 BAR"},"content":{"rendered":"<p>\u0110\u1ebfn v\u1edbi nh\u00e0 h\u00e0ng c\u1ee7a ch\u00fang t\u00f4i, m\u1eddi b\u1ea1n th\u1ecfa s\u1ee9c kh\u00e1m ph\u00e1 v\u00f4 v\u00e0n h\u01b0\u01a1ng v\u1ecb m\u1edbi l\u1ea1 v\u00e0 tr\u1ea3i nghi\u1ec7m nh\u1eefng n\u00e9t v\u0103n h\u00f3a \u1ea9m th\u1ef1c truy\u1ec1n th\u1ed1ng v\u00e0 s\u00e1ng t\u1ea1o. T\u1eeb b\u1eefa s\u00e1ng t\u1ef1 ch\u1ecdn h\u00e0ng ng\u00e0y, ti\u1ec7c tr\u00e0 chi\u1ec1u \u1ea5m c\u00fang cho \u0111\u1ebfn tr\u1ea3i nghi\u1ec7m \u1ea9m th\u1ef1c cao c\u1ea5p \u0111\u1ed9c nh\u1ea5t v\u00f4 nh\u1ecb, b\u1ea1n c\u00f3 th\u1ec3 d\u00f9ng b\u1eefa th\u1eadt phong c\u00e1ch t\u1ea1i Kh\u00e1ch s\u1ea1n Majestic S\u00e0i G\u00f2n b\u1ea5t c\u1ee9 l\u00fac n\u00e0o. T\u1eebng m\u00f3n ngon \u0111\u01b0\u1ee3c ch\u1ebf bi\u1ebfn d\u01b0\u1edbi nh\u1eefng b\u00e0n tay d\u00e0y d\u1ea1n kinh nghi\u1ec7m l\u00e0 k\u1ebft tinh c\u1ee7a nguy\u00ean li\u1ec7u h\u1ea3o h\u1ea1ng \u0111\u01b0\u1ee3c tuy\u1ec3n ch\u1ecdn k\u1ef9 c\u00e0ng c\u00f9ng bao t\u00e2m huy\u1ebft c\u1ee7a ng\u01b0\u1eddi \u0111\u1ea7u b\u1ebfp.<\/p>\n","protected":false},"excerpt":{"rendered":"<p>\u0110\u1ebfn v\u1edbi nh\u00e0 h\u00e0ng c\u1ee7a ch\u00fang t\u00f4i, m\u1eddi b\u1ea1n th\u1ecfa s\u1ee9c kh\u00e1m ph\u00e1 v\u00f4 v\u00e0n h\u01b0\u01a1ng v\u1ecb m\u1edbi l\u1ea1 v\u00e0 tr\u1ea3i nghi\u1ec7m nh\u1eefng n\u00e9t v\u0103n h\u00f3a \u1ea9m th\u1ef1c truy\u1ec1n th\u1ed1ng v\u00e0 s\u00e1ng t\u1ea1o. T\u1eeb b\u1eefa s\u00e1ng t\u1ef1 ch\u1ecdn h\u00e0ng ng\u00e0y, ti\u1ec7c tr\u00e0 chi\u1ec1u \u1ea5m c\u00fang cho \u0111\u1ebfn tr\u1ea3i nghi\u1ec7m \u1ea9m th\u1ef1c cao c\u1ea5p \u0111\u1ed9c nh\u1ea5t [&hellip;]<\/p>\n","protected":false},"author":368,"featured_media":216,"parent":0,"menu_order":0,"comment_status":"closed","ping_status":"closed","template":"template-restaurants.php","meta":{"footnotes":""},"acf":[],"yoast_head":"<!-- This site is optimized with the Yoast SEO plugin v22.3 - https:\/\/yoast.com\/wordpress\/plugins\/seo\/ -->\n<title>Nh\u00e0 h\u00e0ng &amp; Bar | Hotel Majestic Saigon<\/title>\n<meta name=\"description\" content=\"Tr\u1ea3i nghi\u1ec7m \u1ea9m th\u1ef1c sang tr\u1ecdng t\u1ea1i Kh\u00e1ch s\u1ea1n Majestic S\u00e0i G\u00f2n \u0111\u1ec3 kh\u00e1m ph\u00e1 nh\u1eefng h\u01b0\u01a1ng v\u1ecb m\u1edbi l\u1ea1 v\u00e0 nh\u1eefng m\u00f3n ngon \u0111\u1ed9c \u0111\u00e1o \u0111\u01b0\u1ee3c ch\u1ebf bi\u1ebfn t\u1eeb nh\u1eefng nguy\u00ean li\u1ec7u h\u1ea3o h\u1ea1ng \u0111\u1ebfn t\u1eeb nhi\u1ec1u n\u1ec1n v\u0103n h\u00f3a.\" \/>\n<meta name=\"robots\" content=\"index, follow, max-snippet:-1, max-image-preview:large, max-video-preview:-1\" \/>\n<link rel=\"canonical\" href=\"https:\/\/www.majesticsaigon.com\/vi\/our-restaurant-bar\/\" \/>\n<meta property=\"og:locale\" content=\"vi_VN\" \/>\n<meta property=\"og:type\" content=\"article\" \/>\n<meta property=\"og:title\" content=\"Nh\u00e0 h\u00e0ng &amp; Bar | Hotel Majestic Saigon\" \/>\n<meta property=\"og:description\" content=\"Tr\u1ea3i nghi\u1ec7m \u1ea9m th\u1ef1c sang tr\u1ecdng t\u1ea1i Kh\u00e1ch s\u1ea1n Majestic S\u00e0i G\u00f2n \u0111\u1ec3 kh\u00e1m ph\u00e1 nh\u1eefng h\u01b0\u01a1ng v\u1ecb m\u1edbi l\u1ea1 v\u00e0 nh\u1eefng m\u00f3n ngon \u0111\u1ed9c \u0111\u00e1o \u0111\u01b0\u1ee3c ch\u1ebf bi\u1ebfn t\u1eeb nh\u1eefng nguy\u00ean li\u1ec7u h\u1ea3o h\u1ea1ng \u0111\u1ebfn t\u1eeb nhi\u1ec1u n\u1ec1n v\u0103n h\u00f3a.\" \/>\n<meta property=\"og:url\" content=\"https:\/\/www.majesticsaigon.com\/vi\/our-restaurant-bar\/\" \/>\n<meta property=\"og:site_name\" content=\"Majestic Saigon Hotel\" \/>\n<meta property=\"article:modified_time\" content=\"2024-04-02T07:49:41+00:00\" \/>\n<meta property=\"og:image\" content=\"https:\/\/www.majesticsaigon.com\/wp-content\/uploads\/sites\/258\/2022\/10\/Copy-of-hotel_majestic_catinat-4.jpg\" \/>\n\t<meta property=\"og:image:width\" content=\"2200\" \/>\n\t<meta property=\"og:image:height\" content=\"1466\" \/>\n\t<meta property=\"og:image:type\" content=\"image\/jpeg\" \/>\n<meta name=\"twitter:card\" content=\"summary_large_image\" \/>\n<meta name=\"twitter:label1\" content=\"Est. reading time\" \/>\n\t<meta name=\"twitter:data1\" content=\"1 minute\" \/>\n<script type=\"application\/ld+json\" class=\"yoast-schema-graph\">{\"@context\":\"https:\/\/schema.org\",\"@graph\":[{\"@type\":\"WebPage\",\"@id\":\"https:\/\/www.majesticsaigon.com\/vi\/our-restaurant-bar\/\",\"url\":\"https:\/\/www.majesticsaigon.com\/vi\/our-restaurant-bar\/\",\"name\":\"Nh\u00e0 h\u00e0ng & Bar | Hotel Majestic Saigon\",\"isPartOf\":{\"@id\":\"https:\/\/www.majesticsaigon.com\/vi\/#website\"},\"primaryImageOfPage\":{\"@id\":\"https:\/\/www.majesticsaigon.com\/vi\/our-restaurant-bar\/#primaryimage\"},\"image\":{\"@id\":\"https:\/\/www.majesticsaigon.com\/vi\/our-restaurant-bar\/#primaryimage\"},\"thumbnailUrl\":\"https:\/\/www.majesticsaigon.com\/wp-content\/uploads\/sites\/258\/2022\/10\/Copy-of-hotel_majestic_catinat-4.jpg\",\"datePublished\":\"2022-10-12T07:04:06+00:00\",\"dateModified\":\"2024-04-02T07:49:41+00:00\",\"description\":\"Tr\u1ea3i nghi\u1ec7m \u1ea9m th\u1ef1c sang tr\u1ecdng t\u1ea1i Kh\u00e1ch s\u1ea1n Majestic S\u00e0i G\u00f2n \u0111\u1ec3 kh\u00e1m ph\u00e1 nh\u1eefng h\u01b0\u01a1ng v\u1ecb m\u1edbi l\u1ea1 v\u00e0 nh\u1eefng m\u00f3n ngon \u0111\u1ed9c \u0111\u00e1o \u0111\u01b0\u1ee3c ch\u1ebf bi\u1ebfn t\u1eeb nh\u1eefng nguy\u00ean li\u1ec7u h\u1ea3o h\u1ea1ng \u0111\u1ebfn t\u1eeb nhi\u1ec1u n\u1ec1n v\u0103n h\u00f3a.\",\"breadcrumb\":{\"@id\":\"https:\/\/www.majesticsaigon.com\/vi\/our-restaurant-bar\/#breadcrumb\"},\"inLanguage\":\"vi-VN\",\"potentialAction\":[{\"@type\":\"ReadAction\",\"target\":[\"https:\/\/www.majesticsaigon.com\/vi\/our-restaurant-bar\/\"]}]},{\"@type\":\"ImageObject\",\"inLanguage\":\"vi-VN\",\"@id\":\"https:\/\/www.majesticsaigon.com\/vi\/our-restaurant-bar\/#primaryimage\",\"url\":\"https:\/\/www.majesticsaigon.com\/wp-content\/uploads\/sites\/258\/2022\/10\/Copy-of-hotel_majestic_catinat-4.jpg\",\"contentUrl\":\"https:\/\/www.majesticsaigon.com\/wp-content\/uploads\/sites\/258\/2022\/10\/Copy-of-hotel_majestic_catinat-4.jpg\",\"width\":2200,\"height\":1466},{\"@type\":\"BreadcrumbList\",\"@id\":\"https:\/\/www.majesticsaigon.com\/vi\/our-restaurant-bar\/#breadcrumb\",\"itemListElement\":[{\"@type\":\"ListItem\",\"position\":1,\"name\":\"Home\",\"item\":\"https:\/\/www.majesticsaigon.com\/vi\/\"},{\"@type\":\"ListItem\",\"position\":2,\"name\":\"NH\u00c0 H\u00c0NG V\u00c0 BAR\"}]},{\"@type\":\"WebSite\",\"@id\":\"https:\/\/www.majesticsaigon.com\/vi\/#website\",\"url\":\"https:\/\/www.majesticsaigon.com\/vi\/\",\"name\":\"Majestic Saigon Hotel\",\"description\":\"\",\"potentialAction\":[{\"@type\":\"SearchAction\",\"target\":{\"@type\":\"EntryPoint\",\"urlTemplate\":\"https:\/\/www.majesticsaigon.com\/vi\/?s={search_term_string}\"},\"query-input\":\"required name=search_term_string\"}],\"inLanguage\":\"vi-VN\"}]}<\/script>\n<!-- \/ Yoast SEO plugin. -->","yoast_head_json":{"title":"Nh\u00e0 h\u00e0ng & Bar | Hotel Majestic Saigon","description":"Tr\u1ea3i nghi\u1ec7m \u1ea9m th\u1ef1c sang tr\u1ecdng t\u1ea1i Kh\u00e1ch s\u1ea1n Majestic S\u00e0i G\u00f2n \u0111\u1ec3 kh\u00e1m ph\u00e1 nh\u1eefng h\u01b0\u01a1ng v\u1ecb m\u1edbi l\u1ea1 v\u00e0 nh\u1eefng m\u00f3n ngon \u0111\u1ed9c \u0111\u00e1o \u0111\u01b0\u1ee3c ch\u1ebf bi\u1ebfn t\u1eeb nh\u1eefng nguy\u00ean li\u1ec7u h\u1ea3o h\u1ea1ng \u0111\u1ebfn t\u1eeb nhi\u1ec1u n\u1ec1n v\u0103n h\u00f3a.","robots":{"index":"index","follow":"follow","max-snippet":"max-snippet:-1","max-image-preview":"max-image-preview:large","max-video-preview":"max-video-preview:-1"},"canonical":"https:\/\/www.majesticsaigon.com\/vi\/our-restaurant-bar\/","og_locale":"vi_VN","og_type":"article","og_title":"Nh\u00e0 h\u00e0ng & Bar | Hotel Majestic Saigon","og_description":"Tr\u1ea3i nghi\u1ec7m \u1ea9m th\u1ef1c sang tr\u1ecdng t\u1ea1i Kh\u00e1ch s\u1ea1n Majestic S\u00e0i G\u00f2n \u0111\u1ec3 kh\u00e1m ph\u00e1 nh\u1eefng h\u01b0\u01a1ng v\u1ecb m\u1edbi l\u1ea1 v\u00e0 nh\u1eefng m\u00f3n ngon \u0111\u1ed9c \u0111\u00e1o \u0111\u01b0\u1ee3c ch\u1ebf bi\u1ebfn t\u1eeb nh\u1eefng nguy\u00ean li\u1ec7u h\u1ea3o h\u1ea1ng \u0111\u1ebfn t\u1eeb nhi\u1ec1u n\u1ec1n v\u0103n h\u00f3a.","og_url":"https:\/\/www.majesticsaigon.com\/vi\/our-restaurant-bar\/","og_site_name":"Majestic Saigon Hotel","article_modified_time":"2024-04-02T07:49:41+00:00","og_image":[{"width":2200,"height":1466,"url":"https:\/\/www.majesticsaigon.com\/wp-content\/uploads\/sites\/258\/2022\/10\/Copy-of-hotel_majestic_catinat-4.jpg","type":"image\/jpeg"}],"twitter_card":"summary_large_image","twitter_misc":{"Est. reading time":"1 minute"},"schema":{"@context":"https:\/\/schema.org","@graph":[{"@type":"WebPage","@id":"https:\/\/www.majesticsaigon.com\/vi\/our-restaurant-bar\/","url":"https:\/\/www.majesticsaigon.com\/vi\/our-restaurant-bar\/","name":"Nh\u00e0 h\u00e0ng & Bar | Hotel Majestic Saigon","isPartOf":{"@id":"https:\/\/www.majesticsaigon.com\/vi\/#website"},"primaryImageOfPage":{"@id":"https:\/\/www.majesticsaigon.com\/vi\/our-restaurant-bar\/#primaryimage"},"image":{"@id":"https:\/\/www.majesticsaigon.com\/vi\/our-restaurant-bar\/#primaryimage"},"thumbnailUrl":"https:\/\/www.majesticsaigon.com\/wp-content\/uploads\/sites\/258\/2022\/10\/Copy-of-hotel_majestic_catinat-4.jpg","datePublished":"2022-10-12T07:04:06+00:00","dateModified":"2024-04-02T07:49:41+00:00","description":"Tr\u1ea3i nghi\u1ec7m \u1ea9m th\u1ef1c sang tr\u1ecdng t\u1ea1i Kh\u00e1ch s\u1ea1n Majestic S\u00e0i G\u00f2n \u0111\u1ec3 kh\u00e1m ph\u00e1 nh\u1eefng h\u01b0\u01a1ng v\u1ecb m\u1edbi l\u1ea1 v\u00e0 nh\u1eefng m\u00f3n ngon \u0111\u1ed9c \u0111\u00e1o \u0111\u01b0\u1ee3c ch\u1ebf bi\u1ebfn t\u1eeb nh\u1eefng nguy\u00ean li\u1ec7u h\u1ea3o h\u1ea1ng \u0111\u1ebfn t\u1eeb nhi\u1ec1u n\u1ec1n v\u0103n h\u00f3a.","breadcrumb":{"@id":"https:\/\/www.majesticsaigon.com\/vi\/our-restaurant-bar\/#breadcrumb"},"inLanguage":"vi-VN","potentialAction":[{"@type":"ReadAction","target":["https:\/\/www.majesticsaigon.com\/vi\/our-restaurant-bar\/"]}]},{"@type":"ImageObject","inLanguage":"vi-VN","@id":"https:\/\/www.majesticsaigon.com\/vi\/our-restaurant-bar\/#primaryimage","url":"https:\/\/www.majesticsaigon.com\/wp-content\/uploads\/sites\/258\/2022\/10\/Copy-of-hotel_majestic_catinat-4.jpg","contentUrl":"https:\/\/www.majesticsaigon.com\/wp-content\/uploads\/sites\/258\/2022\/10\/Copy-of-hotel_majestic_catinat-4.jpg","width":2200,"height":1466},{"@type":"BreadcrumbList","@id":"https:\/\/www.majesticsaigon.com\/vi\/our-restaurant-bar\/#breadcrumb","itemListElement":[{"@type":"ListItem","position":1,"name":"Home","item":"https:\/\/www.majesticsaigon.com\/vi\/"},{"@type":"ListItem","position":2,"name":"NH\u00c0 H\u00c0NG V\u00c0 BAR"}]},{"@type":"WebSite","@id":"https:\/\/www.majesticsaigon.com\/vi\/#website","url":"https:\/\/www.majesticsaigon.com\/vi\/","name":"Majestic Saigon Hotel","description":"","potentialAction":[{"@type":"SearchAction","target":{"@type":"EntryPoint","urlTemplate":"https:\/\/www.majesticsaigon.com\/vi\/?s={search_term_string}"},"query-input":"required name=search_term_string"}],"inLanguage":"vi-VN"}]}},"_links":{"self":[{"href":"https:\/\/www.majesticsaigon.com\/vi\/wp-json\/wp\/v2\/pages\/2042"}],"collection":[{"href":"https:\/\/www.majesticsaigon.com\/vi\/wp-json\/wp\/v2\/pages"}],"about":[{"href":"https:\/\/www.majesticsaigon.com\/vi\/wp-json\/wp\/v2\/types\/page"}],"author":[{"embeddable":true,"href":"https:\/\/www.majesticsaigon.com\/vi\/wp-json\/wp\/v2\/users\/368"}],"replies":[{"embeddable":true,"href":"https:\/\/www.majesticsaigon.com\/vi\/wp-json\/wp\/v2\/comments?post=2042"}],"version-history":[{"count":0,"href":"https:\/\/www.majesticsaigon.com\/vi\/wp-json\/wp\/v2\/pages\/2042\/revisions"}],"wp:featuredmedia":[{"embeddable":true,"href":"https:\/\/www.majesticsaigon.com\/vi\/wp-json\/wp\/v2\/media\/216"}],"wp:attachment":[{"href":"https:\/\/www.majesticsaigon.com\/vi\/wp-json\/wp\/v2\/media?parent=2042"}],"curies":[{"name":"wp","href":"https:\/\/api.w.org\/{rel}","templated":true}]}}