{"id":2044,"date":"2022-10-12T07:10:55","date_gmt":"2022-10-12T07:10:55","guid":{"rendered":"https:\/\/www.majesticsaigon.com\/our-restaurant-bar\/catinat-lounge\/"},"modified":"2025-03-31T03:06:59","modified_gmt":"2025-03-31T03:06:59","slug":"catinat-lounge","status":"publish","type":"page","link":"https:\/\/www.majesticsaigon.com\/vi\/our-restaurant-bar\/catinat-lounge\/","title":{"rendered":"CATINAT LOUNGE"},"content":{"rendered":"<p>H\u00e3y th\u1eed ngh\u0129 v\u1ec1 m\u1ed9t ch\u1ed1n \u1ea9n n\u00e1u n\u01a1i b\u1ea1n c\u00f3 th\u1ec3 tho\u00e1t kh\u1ecfi c\u00e1i oi b\u1ee9c c\u1ee7a tr\u01b0a h\u00e8, \u0111\u01b0a m\u1eaft nh\u00ecn ra \u00f4 c\u1eeda s\u1ed5 v\u00e0 ng\u1eafm th\u1ebf gi\u1edbi di\u1ec5n ra xung quanh. Catinat Lounge c\u1ee7a ch\u00fang t\u00f4i t\u1ef1a nh\u01b0 m\u1ed9t \u1ed1c \u0111\u1ea3o y\u00ean b\u00ecnh gi\u1eefa bao h\u1ed1i h\u1ea3 nh\u1ed9n nh\u1ecbp c\u1ee7a m\u1ed9t trong nh\u1eefng con ph\u1ed1 s\u1ea7m u\u1ea5t nh\u1ea5t Th\u00e0nh ph\u1ed1 H\u1ed3 Ch\u00ed Minh.<\/p>\n<p>Mang theo n\u00e9t d\u1ecbu d\u00e0ng c\u1ee7a m\u1ed9t th\u1eddi x\u01b0a c\u0169 h\u00f2a c\u00f9ng h\u01b0\u01a1ng v\u1ecb \u1ea9m th\u1ef1c hi\u1ec7n \u0111\u1ea1i, Catinat Lounge ph\u1ee5c v\u1ee5 b\u1eefa s\u00e1ng, b\u1eefa tr\u01b0a v\u00e0 b\u1eefa t\u1ed1i v\u1edbi th\u1ef1c \u0111\u01a1n theo m\u00f3n phong ph\u00fa v\u00e0 \u0111\u1eadm ch\u1ea5t b\u1ea3n \u0111\u1ecba, v\u1eeba gi\u00fap b\u1ea1n th\u01b0 gi\u00e3n v\u1eeba th\u1ecfa m\u00e3n v\u1ecb gi\u00e1c c\u1ee7a ng\u01b0\u1eddi s\u00e0nh \u0103n trong b\u1ea1n. M\u1eddi b\u1ea1n \u0111\u1eafm m\u00ecnh trong b\u1ea7u kh\u00f4ng kh\u00ed \u1ea5m c\u00fang, v\u1edbi ti\u1ebfng th\u00ec th\u1ea7m d\u1ecbu \u00eam c\u1ee7a nh\u1eefng giai \u0111i\u1ec7u c\u1ed5 \u0111i\u1ec3n, nh\u1ea5p m\u00f4i nh\u1eefng m\u00f3n th\u1ee9c u\u1ed1ng t\u01b0\u01a1i m\u00e1t trong khi l\u00ean k\u1ebf ho\u1ea1ch cho chuy\u1ebfn ngh\u1ec9 d\u01b0\u1ee1ng ti\u1ebfp theo c\u1ee7a m\u00ecnh.<\/p>\n<p>Catinat Lounge c\u0169ng trang b\u1ecb m\u1ea1ng Internet kh\u00f4ng d\u00e2y mi\u1ec5n ph\u00ed \u0111\u1ec3 ph\u1ee5c v\u1ee5 m\u1ecdi nhu c\u1ea7u c\u1ee7a b\u1ea1n.<\/p>\n","protected":false},"excerpt":{"rendered":"<p>H\u00e3y th\u1eed ngh\u0129 v\u1ec1 m\u1ed9t ch\u1ed1n \u1ea9n n\u00e1u n\u01a1i b\u1ea1n c\u00f3 th\u1ec3 tho\u00e1t kh\u1ecfi c\u00e1i oi b\u1ee9c c\u1ee7a tr\u01b0a h\u00e8, \u0111\u01b0a m\u1eaft nh\u00ecn ra \u00f4 c\u1eeda s\u1ed5 v\u00e0 ng\u1eafm th\u1ebf gi\u1edbi di\u1ec5n ra xung quanh. Catinat Lounge c\u1ee7a ch\u00fang t\u00f4i t\u1ef1a nh\u01b0 m\u1ed9t \u1ed1c \u0111\u1ea3o y\u00ean b\u00ecnh gi\u1eefa bao h\u1ed1i h\u1ea3 nh\u1ed9n nh\u1ecbp c\u1ee7a m\u1ed9t [&hellip;]<\/p>\n","protected":false},"author":368,"featured_media":224,"parent":2042,"menu_order":1,"comment_status":"closed","ping_status":"closed","template":"template-single-restaurant.php","meta":{"footnotes":""},"acf":[],"yoast_head":"<!-- This site is optimized with the Yoast SEO plugin v22.3 - https:\/\/yoast.com\/wordpress\/plugins\/seo\/ -->\n<title>Ph\u00f2ng ch\u1edd Catinat | Hotel Majestic Saigon<\/title>\n<meta name=\"description\" content=\"N\u1eb1m \u1edf t\u1ea7ng tr\u1ec7t c\u1ee7a kh\u00e1ch s\u1ea1n. N\u01a1i l\u00fd t\u01b0\u1edfng \u0111\u1ec3 h\u1eb9n h\u00f2, \u0111\u1ecdc s\u00e1ch ho\u1eb7c tr\u00f2 chuy\u1ec7n.\" \/>\n<meta name=\"robots\" content=\"index, follow, max-snippet:-1, max-image-preview:large, max-video-preview:-1\" \/>\n<link rel=\"canonical\" href=\"https:\/\/www.majesticsaigon.com\/vi\/our-restaurant-bar\/catinat-lounge\/\" \/>\n<meta property=\"og:locale\" content=\"vi_VN\" \/>\n<meta property=\"og:type\" content=\"article\" \/>\n<meta property=\"og:title\" content=\"Ph\u00f2ng ch\u1edd Catinat | Hotel Majestic Saigon\" \/>\n<meta property=\"og:description\" content=\"N\u1eb1m \u1edf t\u1ea7ng tr\u1ec7t c\u1ee7a kh\u00e1ch s\u1ea1n. N\u01a1i l\u00fd t\u01b0\u1edfng \u0111\u1ec3 h\u1eb9n h\u00f2, \u0111\u1ecdc s\u00e1ch ho\u1eb7c tr\u00f2 chuy\u1ec7n.\" \/>\n<meta property=\"og:url\" content=\"https:\/\/www.majesticsaigon.com\/vi\/our-restaurant-bar\/catinat-lounge\/\" \/>\n<meta property=\"og:site_name\" content=\"Majestic Saigon Hotel\" \/>\n<meta property=\"article:modified_time\" content=\"2025-03-31T03:06:59+00:00\" \/>\n<meta property=\"og:image\" content=\"https:\/\/www.majesticsaigon.com\/wp-content\/uploads\/sites\/258\/2022\/10\/hotel_majestic_catinat-3.jpg\" \/>\n\t<meta property=\"og:image:width\" content=\"2200\" \/>\n\t<meta property=\"og:image:height\" content=\"1466\" \/>\n\t<meta property=\"og:image:type\" content=\"image\/jpeg\" \/>\n<meta name=\"twitter:card\" content=\"summary_large_image\" \/>\n<meta name=\"twitter:label1\" content=\"Est. reading time\" \/>\n\t<meta name=\"twitter:data1\" content=\"2 minutes\" \/>\n<script type=\"application\/ld+json\" class=\"yoast-schema-graph\">{\"@context\":\"https:\/\/schema.org\",\"@graph\":[{\"@type\":\"WebPage\",\"@id\":\"https:\/\/www.majesticsaigon.com\/vi\/our-restaurant-bar\/catinat-lounge\/\",\"url\":\"https:\/\/www.majesticsaigon.com\/vi\/our-restaurant-bar\/catinat-lounge\/\",\"name\":\"Ph\u00f2ng ch\u1edd Catinat | Hotel Majestic Saigon\",\"isPartOf\":{\"@id\":\"https:\/\/www.majesticsaigon.com\/vi\/#website\"},\"primaryImageOfPage\":{\"@id\":\"https:\/\/www.majesticsaigon.com\/vi\/our-restaurant-bar\/catinat-lounge\/#primaryimage\"},\"image\":{\"@id\":\"https:\/\/www.majesticsaigon.com\/vi\/our-restaurant-bar\/catinat-lounge\/#primaryimage\"},\"thumbnailUrl\":\"https:\/\/www.majesticsaigon.com\/wp-content\/uploads\/sites\/258\/2022\/10\/hotel_majestic_catinat-3.jpg\",\"datePublished\":\"2022-10-12T07:10:55+00:00\",\"dateModified\":\"2025-03-31T03:06:59+00:00\",\"description\":\"N\u1eb1m \u1edf t\u1ea7ng tr\u1ec7t c\u1ee7a kh\u00e1ch s\u1ea1n. N\u01a1i l\u00fd t\u01b0\u1edfng \u0111\u1ec3 h\u1eb9n h\u00f2, \u0111\u1ecdc s\u00e1ch ho\u1eb7c tr\u00f2 chuy\u1ec7n.\",\"breadcrumb\":{\"@id\":\"https:\/\/www.majesticsaigon.com\/vi\/our-restaurant-bar\/catinat-lounge\/#breadcrumb\"},\"inLanguage\":\"vi-VN\",\"potentialAction\":[{\"@type\":\"ReadAction\",\"target\":[\"https:\/\/www.majesticsaigon.com\/vi\/our-restaurant-bar\/catinat-lounge\/\"]}]},{\"@type\":\"ImageObject\",\"inLanguage\":\"vi-VN\",\"@id\":\"https:\/\/www.majesticsaigon.com\/vi\/our-restaurant-bar\/catinat-lounge\/#primaryimage\",\"url\":\"https:\/\/www.majesticsaigon.com\/wp-content\/uploads\/sites\/258\/2022\/10\/hotel_majestic_catinat-3.jpg\",\"contentUrl\":\"https:\/\/www.majesticsaigon.com\/wp-content\/uploads\/sites\/258\/2022\/10\/hotel_majestic_catinat-3.jpg\",\"width\":2200,\"height\":1466},{\"@type\":\"BreadcrumbList\",\"@id\":\"https:\/\/www.majesticsaigon.com\/vi\/our-restaurant-bar\/catinat-lounge\/#breadcrumb\",\"itemListElement\":[{\"@type\":\"ListItem\",\"position\":1,\"name\":\"Home\",\"item\":\"https:\/\/www.majesticsaigon.com\/vi\/\"},{\"@type\":\"ListItem\",\"position\":2,\"name\":\"NH\u00c0 H\u00c0NG V\u00c0 BAR\",\"item\":\"https:\/\/www.majesticsaigon.com\/vi\/our-restaurant-bar\/\"},{\"@type\":\"ListItem\",\"position\":3,\"name\":\"CATINAT LOUNGE\"}]},{\"@type\":\"WebSite\",\"@id\":\"https:\/\/www.majesticsaigon.com\/vi\/#website\",\"url\":\"https:\/\/www.majesticsaigon.com\/vi\/\",\"name\":\"Majestic Saigon Hotel\",\"description\":\"\",\"potentialAction\":[{\"@type\":\"SearchAction\",\"target\":{\"@type\":\"EntryPoint\",\"urlTemplate\":\"https:\/\/www.majesticsaigon.com\/vi\/?s={search_term_string}\"},\"query-input\":\"required name=search_term_string\"}],\"inLanguage\":\"vi-VN\"}]}<\/script>\n<!-- \/ Yoast SEO plugin. -->","yoast_head_json":{"title":"Ph\u00f2ng ch\u1edd Catinat | Hotel Majestic Saigon","description":"N\u1eb1m \u1edf t\u1ea7ng tr\u1ec7t c\u1ee7a kh\u00e1ch s\u1ea1n. N\u01a1i l\u00fd t\u01b0\u1edfng \u0111\u1ec3 h\u1eb9n h\u00f2, \u0111\u1ecdc s\u00e1ch ho\u1eb7c tr\u00f2 chuy\u1ec7n.","robots":{"index":"index","follow":"follow","max-snippet":"max-snippet:-1","max-image-preview":"max-image-preview:large","max-video-preview":"max-video-preview:-1"},"canonical":"https:\/\/www.majesticsaigon.com\/vi\/our-restaurant-bar\/catinat-lounge\/","og_locale":"vi_VN","og_type":"article","og_title":"Ph\u00f2ng ch\u1edd Catinat | Hotel Majestic Saigon","og_description":"N\u1eb1m \u1edf t\u1ea7ng tr\u1ec7t c\u1ee7a kh\u00e1ch s\u1ea1n. N\u01a1i l\u00fd t\u01b0\u1edfng \u0111\u1ec3 h\u1eb9n h\u00f2, \u0111\u1ecdc s\u00e1ch ho\u1eb7c tr\u00f2 chuy\u1ec7n.","og_url":"https:\/\/www.majesticsaigon.com\/vi\/our-restaurant-bar\/catinat-lounge\/","og_site_name":"Majestic Saigon Hotel","article_modified_time":"2025-03-31T03:06:59+00:00","og_image":[{"width":2200,"height":1466,"url":"https:\/\/www.majesticsaigon.com\/wp-content\/uploads\/sites\/258\/2022\/10\/hotel_majestic_catinat-3.jpg","type":"image\/jpeg"}],"twitter_card":"summary_large_image","twitter_misc":{"Est. reading time":"2 minutes"},"schema":{"@context":"https:\/\/schema.org","@graph":[{"@type":"WebPage","@id":"https:\/\/www.majesticsaigon.com\/vi\/our-restaurant-bar\/catinat-lounge\/","url":"https:\/\/www.majesticsaigon.com\/vi\/our-restaurant-bar\/catinat-lounge\/","name":"Ph\u00f2ng ch\u1edd Catinat | Hotel Majestic Saigon","isPartOf":{"@id":"https:\/\/www.majesticsaigon.com\/vi\/#website"},"primaryImageOfPage":{"@id":"https:\/\/www.majesticsaigon.com\/vi\/our-restaurant-bar\/catinat-lounge\/#primaryimage"},"image":{"@id":"https:\/\/www.majesticsaigon.com\/vi\/our-restaurant-bar\/catinat-lounge\/#primaryimage"},"thumbnailUrl":"https:\/\/www.majesticsaigon.com\/wp-content\/uploads\/sites\/258\/2022\/10\/hotel_majestic_catinat-3.jpg","datePublished":"2022-10-12T07:10:55+00:00","dateModified":"2025-03-31T03:06:59+00:00","description":"N\u1eb1m \u1edf t\u1ea7ng tr\u1ec7t c\u1ee7a kh\u00e1ch s\u1ea1n. N\u01a1i l\u00fd t\u01b0\u1edfng \u0111\u1ec3 h\u1eb9n h\u00f2, \u0111\u1ecdc s\u00e1ch ho\u1eb7c tr\u00f2 chuy\u1ec7n.","breadcrumb":{"@id":"https:\/\/www.majesticsaigon.com\/vi\/our-restaurant-bar\/catinat-lounge\/#breadcrumb"},"inLanguage":"vi-VN","potentialAction":[{"@type":"ReadAction","target":["https:\/\/www.majesticsaigon.com\/vi\/our-restaurant-bar\/catinat-lounge\/"]}]},{"@type":"ImageObject","inLanguage":"vi-VN","@id":"https:\/\/www.majesticsaigon.com\/vi\/our-restaurant-bar\/catinat-lounge\/#primaryimage","url":"https:\/\/www.majesticsaigon.com\/wp-content\/uploads\/sites\/258\/2022\/10\/hotel_majestic_catinat-3.jpg","contentUrl":"https:\/\/www.majesticsaigon.com\/wp-content\/uploads\/sites\/258\/2022\/10\/hotel_majestic_catinat-3.jpg","width":2200,"height":1466},{"@type":"BreadcrumbList","@id":"https:\/\/www.majesticsaigon.com\/vi\/our-restaurant-bar\/catinat-lounge\/#breadcrumb","itemListElement":[{"@type":"ListItem","position":1,"name":"Home","item":"https:\/\/www.majesticsaigon.com\/vi\/"},{"@type":"ListItem","position":2,"name":"NH\u00c0 H\u00c0NG V\u00c0 BAR","item":"https:\/\/www.majesticsaigon.com\/vi\/our-restaurant-bar\/"},{"@type":"ListItem","position":3,"name":"CATINAT LOUNGE"}]},{"@type":"WebSite","@id":"https:\/\/www.majesticsaigon.com\/vi\/#website","url":"https:\/\/www.majesticsaigon.com\/vi\/","name":"Majestic Saigon Hotel","description":"","potentialAction":[{"@type":"SearchAction","target":{"@type":"EntryPoint","urlTemplate":"https:\/\/www.majesticsaigon.com\/vi\/?s={search_term_string}"},"query-input":"required name=search_term_string"}],"inLanguage":"vi-VN"}]}},"_links":{"self":[{"href":"https:\/\/www.majesticsaigon.com\/vi\/wp-json\/wp\/v2\/pages\/2044"}],"collection":[{"href":"https:\/\/www.majesticsaigon.com\/vi\/wp-json\/wp\/v2\/pages"}],"about":[{"href":"https:\/\/www.majesticsaigon.com\/vi\/wp-json\/wp\/v2\/types\/page"}],"author":[{"embeddable":true,"href":"https:\/\/www.majesticsaigon.com\/vi\/wp-json\/wp\/v2\/users\/368"}],"replies":[{"embeddable":true,"href":"https:\/\/www.majesticsaigon.com\/vi\/wp-json\/wp\/v2\/comments?post=2044"}],"version-history":[{"count":0,"href":"https:\/\/www.majesticsaigon.com\/vi\/wp-json\/wp\/v2\/pages\/2044\/revisions"}],"up":[{"embeddable":true,"href":"https:\/\/www.majesticsaigon.com\/vi\/wp-json\/wp\/v2\/pages\/2042"}],"wp:featuredmedia":[{"embeddable":true,"href":"https:\/\/www.majesticsaigon.com\/vi\/wp-json\/wp\/v2\/media\/224"}],"wp:attachment":[{"href":"https:\/\/www.majesticsaigon.com\/vi\/wp-json\/wp\/v2\/media?parent=2044"}],"curies":[{"name":"wp","href":"https:\/\/api.w.org\/{rel}","templated":true}]}}