{"id":2049,"date":"2022-10-12T07:40:45","date_gmt":"2022-10-12T07:40:45","guid":{"rendered":"https:\/\/www.majesticsaigon.com\/our-restaurant-bar\/breeze-sky-bar\/"},"modified":"2026-03-05T09:37:05","modified_gmt":"2026-03-05T09:37:05","slug":"breeze-sky-bar","status":"publish","type":"page","link":"https:\/\/www.majesticsaigon.com\/vi\/our-restaurant-bar\/breeze-sky-bar\/","title":{"rendered":"BREEZE SKY BAR"},"content":{"rendered":"<p>T\u1ecda l\u1ea1c t\u1ea1i t\u1ea7ng 5 c\u1ee7a Kh\u00e1ch s\u1ea1n Majestic S\u00e0i G\u00f2n, Breeze Sky Bar nh\u00ecn ra s\u00f4ng S\u00e0i G\u00f2n, mang \u0111\u1ebfn cho du kh\u00e1ch b\u1ea7u kh\u00f4ng kh\u00ed vui v\u1ebb v\u00e0 \u1ea5m c\u00fang. N\u1ed5i ti\u1ebfng v\u1edbi ti\u1ec7c buffet sang tr\u1ecdng v\u00e0 th\u1ecbnh so\u1ea1n ngay gi\u1eefa l\u00f2ng S\u00e0i G\u00f2n, Breeze Sky Bar l\u00e0 m\u1ed9t trong nh\u1eefng \u0111i\u1ec3m \u0111\u1ebfn \u1ea9m th\u1ef1c \u0111\u01b0\u1ee3c nhi\u1ec1u ng\u01b0\u1eddi y\u00eau th\u00edch gh\u00e9 th\u0103m v\u00e0 tr\u1ea3i nghi\u1ec7m khi l\u01b0u tr\u00fa t\u1ea1i kh\u00e1ch s\u1ea1n. V\u00e0o Th\u1eeb S\u00e1u v\u00e0 Th\u1ee9 B\u1ea3y h\u00e0ng tu\u1ea7n, t\u1eeb 18:00 \u2013 21:30, qu\u00fd kh\u00e1ch c\u00f3 th\u1ec3 th\u01b0\u1edfng th\u1ee9c Buffet BBQ &amp; H\u1ea3i s\u1ea3n cu\u1ed1i tu\u1ea7n v\u1edbi nh\u1eefng lo\u1ea1i h\u1ea3i s\u1ea3n t\u01b0\u01a1i ngon nh\u1ea5t \u2013 nh\u01b0 t\u00f4m h\u00f9m, t\u00f4m, h\u00e0u, s\u00f2 \u0111i\u1ec7p \u2013 v\u00e0 b\u00edt-t\u1ebft n\u01b0\u1edbng v\u00e0 ph\u1ee5c v\u1ee5 t\u1ea1i ch\u1ed7. Buffet gi\u1edbi thi\u1ec7u h\u01a1n 40 m\u00f3n ngon mang \u00e2m h\u01b0\u1edfng \u00c1 &#8211; \u00c2u, t\u1eeb s\u00fap \u0111\u1ebfn sushi, salad h\u1ed7n h\u1ee3p, c\u00e1c lo\u1ea1i ph\u00f4 mai, tr\u00e1i c\u00e2y nhi\u1ec7t \u0111\u1edbi, kem v\u00e0 c\u00e1c m\u00f3n b\u00e1nh tr\u00e1ng mi\u1ec7ng, \u0111\u01b0\u1ee3c ch\u1ebf bi\u1ebfn t\u1ec9 m\u1ec9 v\u00e0 ch\u0103m ch\u00fat \u0111\u1ebfn t\u1eebng chi ti\u1ebft.<br \/>\nKh\u00f4ng ch\u1ec9 th, Buffet BBQ &amp; H\u1ea3i S\u1ea3n bao g\u1ed3m tr\u1ecdn g\u00f3i r\u01b0\u1ee3u vang, bia t\u01b0\u01a1i, n\u01b0\u1edbc su\u1ed1i v\u00e0 n\u01b0\u1edbc ng\u1ecdt \u0111i k\u00e8m cung c\u00e1ch ph\u1ee5c v\u1ee5 chuy\u00ean nghi\u1ec7p v\u00e0 t\u1ea7m nh\u00ecn to\u00e0n c\u1ea3nh th\u00e0nh ph\u1ed1 tuy\u1ec7t \u0111\u1eb9p t\u1eeb m\u1ed9t trong nh\u1eefng v\u1ecb tr\u00ed \u0111\u1eafc \u0111\u1ecba nh\u1ea5t S\u00e0i G\u00f2n. N\u1ebfu qu\u00fd kh\u00e1ch mu\u1ed1n chi\u00eau \u0111\u00e3i b\u1ea3n th\u00e2n b\u00ean gia \u0111\u00ecnh v\u00e0 b\u1ea1n b\u00e8 sau m\u1ed9t ng\u00e0y d\u00e0i v\u1ea5t v\u1ea3 v\u00e0 l\u1ea5p \u0111\u1ea7y d\u1ea1 d\u00e0y b\u1eb1ng nh\u1eefng m\u00f3n ngon, Breeze Sky Bar c\u1ee7a ch\u00fang t\u00f4i l\u00e0 \u0111i\u1ec3m \u0111\u1ebfn l\u00fd t\u01b0\u1edfng d\u00e0nh cho b\u1ea1n.<\/p>\n<p style=\"text-align: center\">\u0110\u1ecba \u0111i\u1ec3m &#8211; Nh\u00e0 h\u00e0ng Breeze Sky Bar, l\u1ea7u 5<\/p>\n<p style=\"text-align: center\">Th\u1eddi gian: t\u1eeb 18h &#8211; 22h<\/p>\n<p style=\"text-align: center\">Gi\u00e1 v\u00e9: 1.200.000VND ++\/kh\u00e1ch (ch\u01b0a bao g\u1ed3m 5% ph\u00ed ph\u1ee5c v\u1ee5 &amp; VAT)<\/p>\n<p style=\"text-align: center\">Tr\u1ecdn g\u00f3i r\u01b0\u1ee3u vang, bia t\u01b0\u01a1i, n\u01b0\u1edbc ng\u1ecdt n\u01b0\u1edbc su\u1ed1i<\/p>\n<p style=\"text-align: center\">Ch\u01b0\u01a1ng tr\u00ecnh \u01b0u \u0111\u00e3i:<\/p>\n<p style=\"text-align: center\">50% gi\u1ea3m gi\u00e1 cho tr\u1ebb em cao d\u01b0\u1edbi 1.4m<\/p>\n<p style=\"text-align: center\">50% gi\u1ea3m gi\u00e1 cho kh\u00e1ch c\u00f3 ng\u00e0y sinh nh\u1eadt tr\u00f9ng v\u1edbi ng\u00e0y ph\u1ee5c v\u1ee5 Buffet<\/p>\n<p style=\"text-align: center\">10% \u01b0u \u0111\u00e3i \u0111\u1eb7c bi\u1ec7t cho kh\u00e1ch l\u01b0u tr\u00fa t\u1ea1i kh\u00e1ch s\u1ea1n<\/p>\n<p style=\"text-align: center\">15% \u01b0u \u0111\u00e3i cho kh\u00e1ch \u0111\u1eb7t b\u00e0n v\u00e0 thanh to\u00e1n tr\u01b0\u1edbc th\u1ee9 N\u0103m h\u00e0ng tu\u1ea7n<\/p>\n<p>&nbsp;<\/p>\n","protected":false},"excerpt":{"rendered":"<p>T\u1ecda l\u1ea1c t\u1ea1i t\u1ea7ng 5 c\u1ee7a Kh\u00e1ch s\u1ea1n Majestic S\u00e0i G\u00f2n, Breeze Sky Bar nh\u00ecn ra s\u00f4ng S\u00e0i G\u00f2n, mang \u0111\u1ebfn cho du kh\u00e1ch b\u1ea7u kh\u00f4ng kh\u00ed vui v\u1ebb v\u00e0 \u1ea5m c\u00fang. N\u1ed5i ti\u1ebfng v\u1edbi ti\u1ec7c buffet sang tr\u1ecdng v\u00e0 th\u1ecbnh so\u1ea1n ngay gi\u1eefa l\u00f2ng S\u00e0i G\u00f2n, Breeze Sky Bar l\u00e0 m\u1ed9t trong nh\u1eefng \u0111i\u1ec3m [&hellip;]<\/p>\n","protected":false},"author":368,"featured_media":249,"parent":2042,"menu_order":2,"comment_status":"closed","ping_status":"closed","template":"template-single-restaurant.php","meta":{"footnotes":""},"acf":[],"yoast_head":"<!-- This site is optimized with the Yoast SEO plugin v22.3 - https:\/\/yoast.com\/wordpress\/plugins\/seo\/ -->\n<title>Breeze Sky Bar - Hotel Majestic Saigon<\/title>\n<meta name=\"description\" content=\"Enjoy the spectacular vista of the Saigon River on our lovely 5th Floor alfresco dining venue with International Buffet Breakfast, BBQ &amp; Seafood Buffet, and delectable a la carte menu option.\" \/>\n<meta name=\"robots\" content=\"index, follow, max-snippet:-1, max-image-preview:large, max-video-preview:-1\" \/>\n<link rel=\"canonical\" href=\"https:\/\/www.majesticsaigon.com\/vi\/our-restaurant-bar\/breeze-sky-bar\/\" \/>\n<meta property=\"og:locale\" content=\"vi_VN\" \/>\n<meta property=\"og:type\" content=\"article\" \/>\n<meta property=\"og:title\" content=\"Breeze Sky Bar - Hotel Majestic Saigon\" \/>\n<meta property=\"og:description\" content=\"Enjoy the spectacular vista of the Saigon River on our lovely 5th Floor alfresco dining venue with International Buffet Breakfast, BBQ &amp; Seafood Buffet, and delectable a la carte menu option.\" \/>\n<meta property=\"og:url\" content=\"https:\/\/www.majesticsaigon.com\/vi\/our-restaurant-bar\/breeze-sky-bar\/\" \/>\n<meta property=\"og:site_name\" content=\"Majestic Saigon Hotel\" \/>\n<meta property=\"article:modified_time\" content=\"2026-03-05T09:37:05+00:00\" \/>\n<meta property=\"og:image\" content=\"https:\/\/www.majesticsaigon.com\/wp-content\/uploads\/sites\/258\/2022\/10\/hotel_majestic_breeze_sky_bar-6.jpg\" \/>\n\t<meta property=\"og:image:width\" content=\"2200\" \/>\n\t<meta property=\"og:image:height\" content=\"1470\" \/>\n\t<meta property=\"og:image:type\" content=\"image\/jpeg\" \/>\n<meta name=\"twitter:card\" content=\"summary_large_image\" \/>\n<meta name=\"twitter:label1\" content=\"Est. reading time\" \/>\n\t<meta name=\"twitter:data1\" content=\"2 minutes\" \/>\n<script type=\"application\/ld+json\" class=\"yoast-schema-graph\">{\"@context\":\"https:\/\/schema.org\",\"@graph\":[{\"@type\":\"WebPage\",\"@id\":\"https:\/\/www.majesticsaigon.com\/vi\/our-restaurant-bar\/breeze-sky-bar\/\",\"url\":\"https:\/\/www.majesticsaigon.com\/vi\/our-restaurant-bar\/breeze-sky-bar\/\",\"name\":\"Breeze Sky Bar - Hotel Majestic Saigon\",\"isPartOf\":{\"@id\":\"https:\/\/www.majesticsaigon.com\/vi\/#website\"},\"primaryImageOfPage\":{\"@id\":\"https:\/\/www.majesticsaigon.com\/vi\/our-restaurant-bar\/breeze-sky-bar\/#primaryimage\"},\"image\":{\"@id\":\"https:\/\/www.majesticsaigon.com\/vi\/our-restaurant-bar\/breeze-sky-bar\/#primaryimage\"},\"thumbnailUrl\":\"https:\/\/www.majesticsaigon.com\/wp-content\/uploads\/sites\/258\/2022\/10\/hotel_majestic_breeze_sky_bar-6.jpg\",\"datePublished\":\"2022-10-12T07:40:45+00:00\",\"dateModified\":\"2026-03-05T09:37:05+00:00\",\"description\":\"Enjoy the spectacular vista of the Saigon River on our lovely 5th Floor alfresco dining venue with International Buffet Breakfast, BBQ & Seafood Buffet, and delectable a la carte menu option.\",\"breadcrumb\":{\"@id\":\"https:\/\/www.majesticsaigon.com\/vi\/our-restaurant-bar\/breeze-sky-bar\/#breadcrumb\"},\"inLanguage\":\"vi-VN\",\"potentialAction\":[{\"@type\":\"ReadAction\",\"target\":[\"https:\/\/www.majesticsaigon.com\/vi\/our-restaurant-bar\/breeze-sky-bar\/\"]}]},{\"@type\":\"ImageObject\",\"inLanguage\":\"vi-VN\",\"@id\":\"https:\/\/www.majesticsaigon.com\/vi\/our-restaurant-bar\/breeze-sky-bar\/#primaryimage\",\"url\":\"https:\/\/www.majesticsaigon.com\/wp-content\/uploads\/sites\/258\/2022\/10\/hotel_majestic_breeze_sky_bar-6.jpg\",\"contentUrl\":\"https:\/\/www.majesticsaigon.com\/wp-content\/uploads\/sites\/258\/2022\/10\/hotel_majestic_breeze_sky_bar-6.jpg\",\"width\":2200,\"height\":1470},{\"@type\":\"BreadcrumbList\",\"@id\":\"https:\/\/www.majesticsaigon.com\/vi\/our-restaurant-bar\/breeze-sky-bar\/#breadcrumb\",\"itemListElement\":[{\"@type\":\"ListItem\",\"position\":1,\"name\":\"Home\",\"item\":\"https:\/\/www.majesticsaigon.com\/vi\/\"},{\"@type\":\"ListItem\",\"position\":2,\"name\":\"NH\u00c0 H\u00c0NG V\u00c0 BAR\",\"item\":\"https:\/\/www.majesticsaigon.com\/vi\/our-restaurant-bar\/\"},{\"@type\":\"ListItem\",\"position\":3,\"name\":\"BREEZE SKY BAR\"}]},{\"@type\":\"WebSite\",\"@id\":\"https:\/\/www.majesticsaigon.com\/vi\/#website\",\"url\":\"https:\/\/www.majesticsaigon.com\/vi\/\",\"name\":\"Majestic Saigon Hotel\",\"description\":\"\",\"potentialAction\":[{\"@type\":\"SearchAction\",\"target\":{\"@type\":\"EntryPoint\",\"urlTemplate\":\"https:\/\/www.majesticsaigon.com\/vi\/?s={search_term_string}\"},\"query-input\":\"required name=search_term_string\"}],\"inLanguage\":\"vi-VN\"}]}<\/script>\n<!-- \/ Yoast SEO plugin. -->","yoast_head_json":{"title":"Breeze Sky Bar - Hotel Majestic Saigon","description":"Enjoy the spectacular vista of the Saigon River on our lovely 5th Floor alfresco dining venue with International Buffet Breakfast, BBQ & Seafood Buffet, and delectable a la carte menu option.","robots":{"index":"index","follow":"follow","max-snippet":"max-snippet:-1","max-image-preview":"max-image-preview:large","max-video-preview":"max-video-preview:-1"},"canonical":"https:\/\/www.majesticsaigon.com\/vi\/our-restaurant-bar\/breeze-sky-bar\/","og_locale":"vi_VN","og_type":"article","og_title":"Breeze Sky Bar - Hotel Majestic Saigon","og_description":"Enjoy the spectacular vista of the Saigon River on our lovely 5th Floor alfresco dining venue with International Buffet Breakfast, BBQ & Seafood Buffet, and delectable a la carte menu option.","og_url":"https:\/\/www.majesticsaigon.com\/vi\/our-restaurant-bar\/breeze-sky-bar\/","og_site_name":"Majestic Saigon Hotel","article_modified_time":"2026-03-05T09:37:05+00:00","og_image":[{"width":2200,"height":1470,"url":"https:\/\/www.majesticsaigon.com\/wp-content\/uploads\/sites\/258\/2022\/10\/hotel_majestic_breeze_sky_bar-6.jpg","type":"image\/jpeg"}],"twitter_card":"summary_large_image","twitter_misc":{"Est. reading time":"2 minutes"},"schema":{"@context":"https:\/\/schema.org","@graph":[{"@type":"WebPage","@id":"https:\/\/www.majesticsaigon.com\/vi\/our-restaurant-bar\/breeze-sky-bar\/","url":"https:\/\/www.majesticsaigon.com\/vi\/our-restaurant-bar\/breeze-sky-bar\/","name":"Breeze Sky Bar - Hotel Majestic Saigon","isPartOf":{"@id":"https:\/\/www.majesticsaigon.com\/vi\/#website"},"primaryImageOfPage":{"@id":"https:\/\/www.majesticsaigon.com\/vi\/our-restaurant-bar\/breeze-sky-bar\/#primaryimage"},"image":{"@id":"https:\/\/www.majesticsaigon.com\/vi\/our-restaurant-bar\/breeze-sky-bar\/#primaryimage"},"thumbnailUrl":"https:\/\/www.majesticsaigon.com\/wp-content\/uploads\/sites\/258\/2022\/10\/hotel_majestic_breeze_sky_bar-6.jpg","datePublished":"2022-10-12T07:40:45+00:00","dateModified":"2026-03-05T09:37:05+00:00","description":"Enjoy the spectacular vista of the Saigon River on our lovely 5th Floor alfresco dining venue with International Buffet Breakfast, BBQ & Seafood Buffet, and delectable a la carte menu option.","breadcrumb":{"@id":"https:\/\/www.majesticsaigon.com\/vi\/our-restaurant-bar\/breeze-sky-bar\/#breadcrumb"},"inLanguage":"vi-VN","potentialAction":[{"@type":"ReadAction","target":["https:\/\/www.majesticsaigon.com\/vi\/our-restaurant-bar\/breeze-sky-bar\/"]}]},{"@type":"ImageObject","inLanguage":"vi-VN","@id":"https:\/\/www.majesticsaigon.com\/vi\/our-restaurant-bar\/breeze-sky-bar\/#primaryimage","url":"https:\/\/www.majesticsaigon.com\/wp-content\/uploads\/sites\/258\/2022\/10\/hotel_majestic_breeze_sky_bar-6.jpg","contentUrl":"https:\/\/www.majesticsaigon.com\/wp-content\/uploads\/sites\/258\/2022\/10\/hotel_majestic_breeze_sky_bar-6.jpg","width":2200,"height":1470},{"@type":"BreadcrumbList","@id":"https:\/\/www.majesticsaigon.com\/vi\/our-restaurant-bar\/breeze-sky-bar\/#breadcrumb","itemListElement":[{"@type":"ListItem","position":1,"name":"Home","item":"https:\/\/www.majesticsaigon.com\/vi\/"},{"@type":"ListItem","position":2,"name":"NH\u00c0 H\u00c0NG V\u00c0 BAR","item":"https:\/\/www.majesticsaigon.com\/vi\/our-restaurant-bar\/"},{"@type":"ListItem","position":3,"name":"BREEZE SKY BAR"}]},{"@type":"WebSite","@id":"https:\/\/www.majesticsaigon.com\/vi\/#website","url":"https:\/\/www.majesticsaigon.com\/vi\/","name":"Majestic Saigon Hotel","description":"","potentialAction":[{"@type":"SearchAction","target":{"@type":"EntryPoint","urlTemplate":"https:\/\/www.majesticsaigon.com\/vi\/?s={search_term_string}"},"query-input":"required name=search_term_string"}],"inLanguage":"vi-VN"}]}},"_links":{"self":[{"href":"https:\/\/www.majesticsaigon.com\/vi\/wp-json\/wp\/v2\/pages\/2049"}],"collection":[{"href":"https:\/\/www.majesticsaigon.com\/vi\/wp-json\/wp\/v2\/pages"}],"about":[{"href":"https:\/\/www.majesticsaigon.com\/vi\/wp-json\/wp\/v2\/types\/page"}],"author":[{"embeddable":true,"href":"https:\/\/www.majesticsaigon.com\/vi\/wp-json\/wp\/v2\/users\/368"}],"replies":[{"embeddable":true,"href":"https:\/\/www.majesticsaigon.com\/vi\/wp-json\/wp\/v2\/comments?post=2049"}],"version-history":[{"count":1,"href":"https:\/\/www.majesticsaigon.com\/vi\/wp-json\/wp\/v2\/pages\/2049\/revisions"}],"predecessor-version":[{"id":4601,"href":"https:\/\/www.majesticsaigon.com\/vi\/wp-json\/wp\/v2\/pages\/2049\/revisions\/4601"}],"up":[{"embeddable":true,"href":"https:\/\/www.majesticsaigon.com\/vi\/wp-json\/wp\/v2\/pages\/2042"}],"wp:featuredmedia":[{"embeddable":true,"href":"https:\/\/www.majesticsaigon.com\/vi\/wp-json\/wp\/v2\/media\/249"}],"wp:attachment":[{"href":"https:\/\/www.majesticsaigon.com\/vi\/wp-json\/wp\/v2\/media?parent=2049"}],"curies":[{"name":"wp","href":"https:\/\/api.w.org\/{rel}","templated":true}]}}