{"id":2054,"date":"2022-10-12T07:47:19","date_gmt":"2022-10-12T07:47:19","guid":{"rendered":"https:\/\/www.majesticsaigon.com\/our-restaurant-bar\/m-bar\/"},"modified":"2025-08-22T08:14:58","modified_gmt":"2025-08-22T08:14:58","slug":"m-bar","status":"publish","type":"page","link":"https:\/\/www.majesticsaigon.com\/vi\/our-restaurant-bar\/m-bar\/","title":{"rendered":"M BAR"},"content":{"rendered":"<p>M\u1edf ra t\u1ea7m nh\u00ecn tuy\u1ec7t \u0111\u1eb9p h\u01b0\u1edbng v\u1ec1 th\u00e0nh ph\u1ed1 v\u00e0 d\u00f2ng s\u00f4ng, mang \u0111\u1ebfn nh\u1eefng th\u1ee9c u\u1ed1ng v\u00e0 m\u00f3n ngon tuy\u1ec7t v\u1eddi, M Bar ch\u1eafc ch\u1eafn l\u00e0 m\u1ed9t trong m\u01b0\u1eddi qu\u1ea7y bar tr\u00ean t\u1ea7ng th\u01b0\u1ee3ng \u1ea5n t\u01b0\u1ee3ng nh\u1ea5t th\u00e0nh ph\u1ed1. N\u1ed5i ti\u1ebfng l\u00e0 \u0111i\u1ec3m \u0111\u1ebfn kh\u00f4ng th\u1ec3 b\u1ecf qua \u0111\u1ec3 tr\u00f2 chuy\u1ec7n c\u00f9ng ng\u01b0\u1eddi th\u00e2n v\u00e0 b\u1ea1n b\u00e8 b\u00ean nh\u1eefng ly \u0111\u1ed3 u\u1ed1ng trong l\u00fac \u0111\u1eafm m\u00ecnh v\u00e0o cu\u1ed9c s\u1ed1ng v\u1ec1 \u0111\u00eam \u1edf S\u00e0i G\u00f2n v\u00e0 nh\u1eefng m\u00e0n tr\u00ecnh di\u1ec5n cu\u1ed1n h\u00fat t\u1eeb c\u00e1c ban nh\u1ea1c s\u1ed1ng (20:00 m\u1ed7i t\u1ed1i), M Bar c\u00f3 th\u1ec3 mang \u0111\u1ebfn cho b\u1ea1n m\u1ed9t tr\u1ea3i nghi\u1ec7m kh\u00f4ng th\u1ec3 n\u00e0o qu\u00ean. T\u1ea5t nhi\u00ean, m\u1ed9t trong nh\u1eefng lo\u1ea1i cocktail kh\u00f4ng th\u1ec3 b\u1ecf qua c\u1ee7a M Bar ch\u00ednh l\u00e0 &#8216;Majestic 1925&#8217; tr\u1ee9 danh c\u1ee7a ch\u00fang t\u00f4i, c\u00e1i t\u00ean g\u1ee3i nh\u1edb v\u1ec1 Th\u1eddi k\u1ef3 Ho\u00e0ng kim c\u1ee7a S\u00e0i G\u00f2n v\u00e0o \u0111\u1ea7u th\u1ebf k\u1ef7 20. V\u1edbi s\u1ef1 h\u00f2a quy\u1ec7n duy\u00ean d\u00e1ng gi\u1eefa Bourbon cam v\u00e0 qu\u1ebf, Campari, Vermouth ng\u1ecdt ng\u00e0o, siro cam \u0111\u1eafng, v\u1ecf cam, Majestic 1925 l\u00e0 t\u00e1c ph\u1ea9m nguy\u00ean b\u1ea3n xu\u1ea5t s\u1eafc nh\u1ea5t m\u00e0 c\u00e1c bartender c\u1ee7a ch\u00fang t\u00f4i t\u1eebng th\u1ef1c hi\u1ec7n.<br \/>\nT\u1ea1i M Bar, b\u1ea1n c\u00f3 th\u1ec3 d\u1ec5 d\u00e0ng l\u1ea1c v\u00e0o th\u1ebf gi\u1edbi \u1ea9m th\u1ef1c k\u1ebft h\u1ee3p phong v\u1ecb c\u1ee7a nhi\u1ec1u n\u1ec1n v\u0103n h\u00f3a \u0111\u1eb7c s\u1eafc, \u0111\u1ed3ng th\u1eddi b\u1ecb m\u00ea ho\u1eb7c b\u1edfi b\u1ea7u kh\u00f4ng kh\u00ed \u0111\u1ed9c \u0111\u00e1o c\u1ee7a M Bar khi m\u00e0n \u0111\u00eam bu\u00f4ng xu\u1ed1ng.<br \/>\n\u0110\u1ecba \u0111i\u1ec3m &#8211; T\u1ea7ng 8, C\u00e1nh M\u1edbi<\/p>\n","protected":false},"excerpt":{"rendered":"<p>M\u1edf ra t\u1ea7m nh\u00ecn tuy\u1ec7t \u0111\u1eb9p h\u01b0\u1edbng v\u1ec1 th\u00e0nh ph\u1ed1 v\u00e0 d\u00f2ng s\u00f4ng, mang \u0111\u1ebfn nh\u1eefng th\u1ee9c u\u1ed1ng v\u00e0 m\u00f3n ngon tuy\u1ec7t v\u1eddi, M Bar ch\u1eafc ch\u1eafn l\u00e0 m\u1ed9t trong m\u01b0\u1eddi qu\u1ea7y bar tr\u00ean t\u1ea7ng th\u01b0\u1ee3ng \u1ea5n t\u01b0\u1ee3ng nh\u1ea5t th\u00e0nh ph\u1ed1. N\u1ed5i ti\u1ebfng l\u00e0 \u0111i\u1ec3m \u0111\u1ebfn kh\u00f4ng th\u1ec3 b\u1ecf qua \u0111\u1ec3 tr\u00f2 chuy\u1ec7n c\u00f9ng ng\u01b0\u1eddi [&hellip;]<\/p>\n","protected":false},"author":368,"featured_media":1146,"parent":2042,"menu_order":3,"comment_status":"closed","ping_status":"closed","template":"template-single-restaurant.php","meta":{"footnotes":""},"acf":[],"yoast_head":"<!-- This site is optimized with the Yoast SEO plugin v22.3 - https:\/\/yoast.com\/wordpress\/plugins\/seo\/ -->\n<title>M Bar | Hotel Majestic Saigon<\/title>\n<meta name=\"description\" content=\"T\u1ecda l\u1ea1c t\u1ea1i t\u1ea7ng 8 c\u1ee7a kh\u00e1ch s\u1ea1n l\u00e0 m\u1ed9t trong 10 qu\u1ea7y bar tr\u00ean t\u1ea7ng th\u01b0\u1ee3ng h\u00e0ng \u0111\u1ea7u S\u00e0i G\u00f2n, M Bar n\u1ed5i ti\u1ebfng v\u1edbi t\u1ea7m nh\u00ecn \u0111\u1ed9c nh\u1ea5t v\u00f4 nh\u1ecb h\u01b0\u1edbng ra s\u00f4ng S\u00e0i G\u00f2n.\" \/>\n<meta name=\"robots\" content=\"index, follow, max-snippet:-1, max-image-preview:large, max-video-preview:-1\" \/>\n<link rel=\"canonical\" href=\"https:\/\/www.majesticsaigon.com\/vi\/our-restaurant-bar\/m-bar\/\" \/>\n<meta property=\"og:locale\" content=\"vi_VN\" \/>\n<meta property=\"og:type\" content=\"article\" \/>\n<meta property=\"og:title\" content=\"M Bar | Hotel Majestic Saigon\" \/>\n<meta property=\"og:description\" content=\"T\u1ecda l\u1ea1c t\u1ea1i t\u1ea7ng 8 c\u1ee7a kh\u00e1ch s\u1ea1n l\u00e0 m\u1ed9t trong 10 qu\u1ea7y bar tr\u00ean t\u1ea7ng th\u01b0\u1ee3ng h\u00e0ng \u0111\u1ea7u S\u00e0i G\u00f2n, M Bar n\u1ed5i ti\u1ebfng v\u1edbi t\u1ea7m nh\u00ecn \u0111\u1ed9c nh\u1ea5t v\u00f4 nh\u1ecb h\u01b0\u1edbng ra s\u00f4ng S\u00e0i G\u00f2n.\" \/>\n<meta property=\"og:url\" content=\"https:\/\/www.majesticsaigon.com\/vi\/our-restaurant-bar\/m-bar\/\" \/>\n<meta property=\"og:site_name\" content=\"Majestic Saigon Hotel\" \/>\n<meta property=\"article:modified_time\" content=\"2025-08-22T08:14:58+00:00\" \/>\n<meta property=\"og:image\" content=\"https:\/\/www.majesticsaigon.com\/wp-content\/uploads\/sites\/258\/2023\/10\/cam1f.jpg\" \/>\n\t<meta property=\"og:image:width\" content=\"2200\" \/>\n\t<meta property=\"og:image:height\" content=\"1319\" \/>\n\t<meta property=\"og:image:type\" content=\"image\/jpeg\" \/>\n<meta name=\"twitter:card\" content=\"summary_large_image\" \/>\n<meta name=\"twitter:label1\" content=\"Est. reading time\" \/>\n\t<meta name=\"twitter:data1\" content=\"2 minutes\" \/>\n<script type=\"application\/ld+json\" class=\"yoast-schema-graph\">{\"@context\":\"https:\/\/schema.org\",\"@graph\":[{\"@type\":\"WebPage\",\"@id\":\"https:\/\/www.majesticsaigon.com\/vi\/our-restaurant-bar\/m-bar\/\",\"url\":\"https:\/\/www.majesticsaigon.com\/vi\/our-restaurant-bar\/m-bar\/\",\"name\":\"M Bar | Hotel Majestic Saigon\",\"isPartOf\":{\"@id\":\"https:\/\/www.majesticsaigon.com\/vi\/#website\"},\"primaryImageOfPage\":{\"@id\":\"https:\/\/www.majesticsaigon.com\/vi\/our-restaurant-bar\/m-bar\/#primaryimage\"},\"image\":{\"@id\":\"https:\/\/www.majesticsaigon.com\/vi\/our-restaurant-bar\/m-bar\/#primaryimage\"},\"thumbnailUrl\":\"https:\/\/www.majesticsaigon.com\/wp-content\/uploads\/sites\/258\/2023\/10\/cam1f.jpg\",\"datePublished\":\"2022-10-12T07:47:19+00:00\",\"dateModified\":\"2025-08-22T08:14:58+00:00\",\"description\":\"T\u1ecda l\u1ea1c t\u1ea1i t\u1ea7ng 8 c\u1ee7a kh\u00e1ch s\u1ea1n l\u00e0 m\u1ed9t trong 10 qu\u1ea7y bar tr\u00ean t\u1ea7ng th\u01b0\u1ee3ng h\u00e0ng \u0111\u1ea7u S\u00e0i G\u00f2n, M Bar n\u1ed5i ti\u1ebfng v\u1edbi t\u1ea7m nh\u00ecn \u0111\u1ed9c nh\u1ea5t v\u00f4 nh\u1ecb h\u01b0\u1edbng ra s\u00f4ng S\u00e0i G\u00f2n.\",\"breadcrumb\":{\"@id\":\"https:\/\/www.majesticsaigon.com\/vi\/our-restaurant-bar\/m-bar\/#breadcrumb\"},\"inLanguage\":\"vi-VN\",\"potentialAction\":[{\"@type\":\"ReadAction\",\"target\":[\"https:\/\/www.majesticsaigon.com\/vi\/our-restaurant-bar\/m-bar\/\"]}]},{\"@type\":\"ImageObject\",\"inLanguage\":\"vi-VN\",\"@id\":\"https:\/\/www.majesticsaigon.com\/vi\/our-restaurant-bar\/m-bar\/#primaryimage\",\"url\":\"https:\/\/www.majesticsaigon.com\/wp-content\/uploads\/sites\/258\/2023\/10\/cam1f.jpg\",\"contentUrl\":\"https:\/\/www.majesticsaigon.com\/wp-content\/uploads\/sites\/258\/2023\/10\/cam1f.jpg\",\"width\":2200,\"height\":1319},{\"@type\":\"BreadcrumbList\",\"@id\":\"https:\/\/www.majesticsaigon.com\/vi\/our-restaurant-bar\/m-bar\/#breadcrumb\",\"itemListElement\":[{\"@type\":\"ListItem\",\"position\":1,\"name\":\"Home\",\"item\":\"https:\/\/www.majesticsaigon.com\/vi\/\"},{\"@type\":\"ListItem\",\"position\":2,\"name\":\"NH\u00c0 H\u00c0NG V\u00c0 BAR\",\"item\":\"https:\/\/www.majesticsaigon.com\/vi\/our-restaurant-bar\/\"},{\"@type\":\"ListItem\",\"position\":3,\"name\":\"M BAR\"}]},{\"@type\":\"WebSite\",\"@id\":\"https:\/\/www.majesticsaigon.com\/vi\/#website\",\"url\":\"https:\/\/www.majesticsaigon.com\/vi\/\",\"name\":\"Majestic Saigon Hotel\",\"description\":\"\",\"potentialAction\":[{\"@type\":\"SearchAction\",\"target\":{\"@type\":\"EntryPoint\",\"urlTemplate\":\"https:\/\/www.majesticsaigon.com\/vi\/?s={search_term_string}\"},\"query-input\":\"required name=search_term_string\"}],\"inLanguage\":\"vi-VN\"}]}<\/script>\n<!-- \/ Yoast SEO plugin. -->","yoast_head_json":{"title":"M Bar | Hotel Majestic Saigon","description":"T\u1ecda l\u1ea1c t\u1ea1i t\u1ea7ng 8 c\u1ee7a kh\u00e1ch s\u1ea1n l\u00e0 m\u1ed9t trong 10 qu\u1ea7y bar tr\u00ean t\u1ea7ng th\u01b0\u1ee3ng h\u00e0ng \u0111\u1ea7u S\u00e0i G\u00f2n, M Bar n\u1ed5i ti\u1ebfng v\u1edbi t\u1ea7m nh\u00ecn \u0111\u1ed9c nh\u1ea5t v\u00f4 nh\u1ecb h\u01b0\u1edbng ra s\u00f4ng S\u00e0i G\u00f2n.","robots":{"index":"index","follow":"follow","max-snippet":"max-snippet:-1","max-image-preview":"max-image-preview:large","max-video-preview":"max-video-preview:-1"},"canonical":"https:\/\/www.majesticsaigon.com\/vi\/our-restaurant-bar\/m-bar\/","og_locale":"vi_VN","og_type":"article","og_title":"M Bar | Hotel Majestic Saigon","og_description":"T\u1ecda l\u1ea1c t\u1ea1i t\u1ea7ng 8 c\u1ee7a kh\u00e1ch s\u1ea1n l\u00e0 m\u1ed9t trong 10 qu\u1ea7y bar tr\u00ean t\u1ea7ng th\u01b0\u1ee3ng h\u00e0ng \u0111\u1ea7u S\u00e0i G\u00f2n, M Bar n\u1ed5i ti\u1ebfng v\u1edbi t\u1ea7m nh\u00ecn \u0111\u1ed9c nh\u1ea5t v\u00f4 nh\u1ecb h\u01b0\u1edbng ra s\u00f4ng S\u00e0i G\u00f2n.","og_url":"https:\/\/www.majesticsaigon.com\/vi\/our-restaurant-bar\/m-bar\/","og_site_name":"Majestic Saigon Hotel","article_modified_time":"2025-08-22T08:14:58+00:00","og_image":[{"width":2200,"height":1319,"url":"https:\/\/www.majesticsaigon.com\/wp-content\/uploads\/sites\/258\/2023\/10\/cam1f.jpg","type":"image\/jpeg"}],"twitter_card":"summary_large_image","twitter_misc":{"Est. reading time":"2 minutes"},"schema":{"@context":"https:\/\/schema.org","@graph":[{"@type":"WebPage","@id":"https:\/\/www.majesticsaigon.com\/vi\/our-restaurant-bar\/m-bar\/","url":"https:\/\/www.majesticsaigon.com\/vi\/our-restaurant-bar\/m-bar\/","name":"M Bar | Hotel Majestic Saigon","isPartOf":{"@id":"https:\/\/www.majesticsaigon.com\/vi\/#website"},"primaryImageOfPage":{"@id":"https:\/\/www.majesticsaigon.com\/vi\/our-restaurant-bar\/m-bar\/#primaryimage"},"image":{"@id":"https:\/\/www.majesticsaigon.com\/vi\/our-restaurant-bar\/m-bar\/#primaryimage"},"thumbnailUrl":"https:\/\/www.majesticsaigon.com\/wp-content\/uploads\/sites\/258\/2023\/10\/cam1f.jpg","datePublished":"2022-10-12T07:47:19+00:00","dateModified":"2025-08-22T08:14:58+00:00","description":"T\u1ecda l\u1ea1c t\u1ea1i t\u1ea7ng 8 c\u1ee7a kh\u00e1ch s\u1ea1n l\u00e0 m\u1ed9t trong 10 qu\u1ea7y bar tr\u00ean t\u1ea7ng th\u01b0\u1ee3ng h\u00e0ng \u0111\u1ea7u S\u00e0i G\u00f2n, M Bar n\u1ed5i ti\u1ebfng v\u1edbi t\u1ea7m nh\u00ecn \u0111\u1ed9c nh\u1ea5t v\u00f4 nh\u1ecb h\u01b0\u1edbng ra s\u00f4ng S\u00e0i G\u00f2n.","breadcrumb":{"@id":"https:\/\/www.majesticsaigon.com\/vi\/our-restaurant-bar\/m-bar\/#breadcrumb"},"inLanguage":"vi-VN","potentialAction":[{"@type":"ReadAction","target":["https:\/\/www.majesticsaigon.com\/vi\/our-restaurant-bar\/m-bar\/"]}]},{"@type":"ImageObject","inLanguage":"vi-VN","@id":"https:\/\/www.majesticsaigon.com\/vi\/our-restaurant-bar\/m-bar\/#primaryimage","url":"https:\/\/www.majesticsaigon.com\/wp-content\/uploads\/sites\/258\/2023\/10\/cam1f.jpg","contentUrl":"https:\/\/www.majesticsaigon.com\/wp-content\/uploads\/sites\/258\/2023\/10\/cam1f.jpg","width":2200,"height":1319},{"@type":"BreadcrumbList","@id":"https:\/\/www.majesticsaigon.com\/vi\/our-restaurant-bar\/m-bar\/#breadcrumb","itemListElement":[{"@type":"ListItem","position":1,"name":"Home","item":"https:\/\/www.majesticsaigon.com\/vi\/"},{"@type":"ListItem","position":2,"name":"NH\u00c0 H\u00c0NG V\u00c0 BAR","item":"https:\/\/www.majesticsaigon.com\/vi\/our-restaurant-bar\/"},{"@type":"ListItem","position":3,"name":"M BAR"}]},{"@type":"WebSite","@id":"https:\/\/www.majesticsaigon.com\/vi\/#website","url":"https:\/\/www.majesticsaigon.com\/vi\/","name":"Majestic Saigon Hotel","description":"","potentialAction":[{"@type":"SearchAction","target":{"@type":"EntryPoint","urlTemplate":"https:\/\/www.majesticsaigon.com\/vi\/?s={search_term_string}"},"query-input":"required name=search_term_string"}],"inLanguage":"vi-VN"}]}},"_links":{"self":[{"href":"https:\/\/www.majesticsaigon.com\/vi\/wp-json\/wp\/v2\/pages\/2054"}],"collection":[{"href":"https:\/\/www.majesticsaigon.com\/vi\/wp-json\/wp\/v2\/pages"}],"about":[{"href":"https:\/\/www.majesticsaigon.com\/vi\/wp-json\/wp\/v2\/types\/page"}],"author":[{"embeddable":true,"href":"https:\/\/www.majesticsaigon.com\/vi\/wp-json\/wp\/v2\/users\/368"}],"replies":[{"embeddable":true,"href":"https:\/\/www.majesticsaigon.com\/vi\/wp-json\/wp\/v2\/comments?post=2054"}],"version-history":[{"count":0,"href":"https:\/\/www.majesticsaigon.com\/vi\/wp-json\/wp\/v2\/pages\/2054\/revisions"}],"up":[{"embeddable":true,"href":"https:\/\/www.majesticsaigon.com\/vi\/wp-json\/wp\/v2\/pages\/2042"}],"wp:featuredmedia":[{"embeddable":true,"href":"https:\/\/www.majesticsaigon.com\/vi\/wp-json\/wp\/v2\/media\/1146"}],"wp:attachment":[{"href":"https:\/\/www.majesticsaigon.com\/vi\/wp-json\/wp\/v2\/media?parent=2054"}],"curies":[{"name":"wp","href":"https:\/\/api.w.org\/{rel}","templated":true}]}}