{"id":2060,"date":"2022-10-12T07:51:47","date_gmt":"2022-10-12T07:51:47","guid":{"rendered":"https:\/\/www.majesticsaigon.com\/meetings-event\/"},"modified":"2025-11-10T06:10:27","modified_gmt":"2025-11-10T06:10:27","slug":"meetings-event","status":"publish","type":"page","link":"https:\/\/www.majesticsaigon.com\/vi\/wedding-events\/meetings-event\/","title":{"rendered":"H\u1ed8I H\u1eccP &amp; S\u1ef0 KI\u1ec6N"},"content":{"rendered":"<p>V\u1edbi h\u01a1n 1.400 m2 kh\u00f4ng gian t\u1ed5 ch\u1ee9c s\u1ef1 ki\u1ec7n trong nh\u00e0 v\u00e0 ngo\u00e0i tr\u1eddi, Kh\u00e1ch s\u1ea1n Majestic S\u00e0i G\u00f2n l\u00e0 \u0111\u1ecba \u0111i\u1ec3m l\u00fd t\u01b0\u1edfng cho c\u00e1c s\u1ef1 ki\u1ec7n doanh nghi\u1ec7p, ti\u1ec7c c\u01b0\u1edbi, gala v\u00e0 s\u1ef1 ki\u1ec7n x\u00e3 h\u1ed9i. Kh\u00e1ch s\u1ea1n s\u1edf h\u1eefu \u0111a d\u1ea1ng ph\u00f2ng h\u1ecdp v\u00e0 ph\u00f2ng ti\u1ec7c c\u00f3 s\u1ee9c ch\u1ee9a t\u1ed1i \u0111a l\u00ean t\u1edbi 500 kh\u00e1ch. Ch\u00fang t\u00f4i c\u0169ng mang \u0111\u1ebfn thi\u1ebft k\u1ebf \u00e2m thanh\/h\u00ecnh \u1ea3nh hi\u1ec7n \u0111\u1ea1i b\u1eadc nh\u1ea5t v\u00e0 k\u1ebft n\u1ed1i Internet t\u1ed1c \u0111\u1ed9 cao \u0111\u1ec3 \u0111\u1ea3m b\u1ea3o m\u1ecdi s\u1ef1 ki\u1ec7n t\u1ed5 ch\u1ee9c t\u1ea1i Kh\u00e1ch s\u1ea1n \u0111\u1ec1u di\u1ec5n ra su\u00f4n s\u1ebb.<\/p>\n","protected":false},"excerpt":{"rendered":"<p>V\u1edbi h\u01a1n 1.400 m2 kh\u00f4ng gian t\u1ed5 ch\u1ee9c s\u1ef1 ki\u1ec7n trong nh\u00e0 v\u00e0 ngo\u00e0i tr\u1eddi, Kh\u00e1ch s\u1ea1n Majestic S\u00e0i G\u00f2n l\u00e0 \u0111\u1ecba \u0111i\u1ec3m l\u00fd t\u01b0\u1edfng cho c\u00e1c s\u1ef1 ki\u1ec7n doanh nghi\u1ec7p, ti\u1ec7c c\u01b0\u1edbi, gala v\u00e0 s\u1ef1 ki\u1ec7n x\u00e3 h\u1ed9i. Kh\u00e1ch s\u1ea1n s\u1edf h\u1eefu \u0111a d\u1ea1ng ph\u00f2ng h\u1ecdp v\u00e0 ph\u00f2ng ti\u1ec7c c\u00f3 s\u1ee9c ch\u1ee9a t\u1ed1i \u0111a [&hellip;]<\/p>\n","protected":false},"author":368,"featured_media":1120,"parent":3132,"menu_order":1,"comment_status":"closed","ping_status":"closed","template":"template-meeting.php","meta":{"footnotes":""},"acf":[],"yoast_head":"<!-- This site is optimized with the Yoast SEO plugin v22.3 - https:\/\/yoast.com\/wordpress\/plugins\/seo\/ -->\n<title>H\u1ed9i h\u1ecdp &amp; S\u1ef1 ki\u1ec7n | Hotel Majestic Saigon<\/title>\n<meta name=\"description\" content=\"Kh\u00e1ch s\u1ea1n Majestic S\u00e0i G\u00f2n t\u1ecda l\u1ea1c tr\u00ean \u0111\u01b0\u1eddng \u0110\u1ed3ng Kh\u1edfi \u1edf v\u1ecb tr\u00ed trung t\u00e2m S\u00e0i G\u00f2n, l\u00e0 \u0111i\u1ec3m \u0111\u1ebfn ho\u00e0n h\u1ea3o \u0111\u1ec3 t\u1ed5 ch\u1ee9c c\u00e1c s\u1ef1 ki\u1ec7n doanh nghi\u1ec7p trang tr\u1ecdng c\u0169ng nh\u01b0 c\u00e1c s\u1ef1 ki\u1ec7n x\u00e3 h\u1ed9i.\" \/>\n<meta name=\"robots\" content=\"index, follow, max-snippet:-1, max-image-preview:large, max-video-preview:-1\" \/>\n<link rel=\"canonical\" href=\"https:\/\/www.majesticsaigon.com\/vi\/wedding-events\/meetings-event\/\" \/>\n<meta property=\"og:locale\" content=\"vi_VN\" \/>\n<meta property=\"og:type\" content=\"article\" \/>\n<meta property=\"og:title\" content=\"H\u1ed9i h\u1ecdp &amp; S\u1ef1 ki\u1ec7n | Hotel Majestic Saigon\" \/>\n<meta property=\"og:description\" content=\"Kh\u00e1ch s\u1ea1n Majestic S\u00e0i G\u00f2n t\u1ecda l\u1ea1c tr\u00ean \u0111\u01b0\u1eddng \u0110\u1ed3ng Kh\u1edfi \u1edf v\u1ecb tr\u00ed trung t\u00e2m S\u00e0i G\u00f2n, l\u00e0 \u0111i\u1ec3m \u0111\u1ebfn ho\u00e0n h\u1ea3o \u0111\u1ec3 t\u1ed5 ch\u1ee9c c\u00e1c s\u1ef1 ki\u1ec7n doanh nghi\u1ec7p trang tr\u1ecdng c\u0169ng nh\u01b0 c\u00e1c s\u1ef1 ki\u1ec7n x\u00e3 h\u1ed9i.\" \/>\n<meta property=\"og:url\" content=\"https:\/\/www.majesticsaigon.com\/vi\/wedding-events\/meetings-event\/\" \/>\n<meta property=\"og:site_name\" content=\"Majestic Saigon Hotel\" \/>\n<meta property=\"article:modified_time\" content=\"2025-11-10T06:10:27+00:00\" \/>\n<meta property=\"og:image\" content=\"https:\/\/www.majesticsaigon.com\/wp-content\/uploads\/sites\/258\/2023\/10\/KAL09209-HDR-1.jpg\" \/>\n\t<meta property=\"og:image:width\" content=\"2200\" \/>\n\t<meta property=\"og:image:height\" content=\"1359\" \/>\n\t<meta property=\"og:image:type\" content=\"image\/jpeg\" \/>\n<meta name=\"twitter:card\" content=\"summary_large_image\" \/>\n<meta name=\"twitter:label1\" content=\"Est. reading time\" \/>\n\t<meta name=\"twitter:data1\" content=\"1 minute\" \/>\n<script type=\"application\/ld+json\" class=\"yoast-schema-graph\">{\"@context\":\"https:\/\/schema.org\",\"@graph\":[{\"@type\":\"WebPage\",\"@id\":\"https:\/\/www.majesticsaigon.com\/vi\/wedding-events\/meetings-event\/\",\"url\":\"https:\/\/www.majesticsaigon.com\/vi\/wedding-events\/meetings-event\/\",\"name\":\"H\u1ed9i h\u1ecdp & S\u1ef1 ki\u1ec7n | Hotel Majestic Saigon\",\"isPartOf\":{\"@id\":\"https:\/\/www.majesticsaigon.com\/vi\/#website\"},\"primaryImageOfPage\":{\"@id\":\"https:\/\/www.majesticsaigon.com\/vi\/wedding-events\/meetings-event\/#primaryimage\"},\"image\":{\"@id\":\"https:\/\/www.majesticsaigon.com\/vi\/wedding-events\/meetings-event\/#primaryimage\"},\"thumbnailUrl\":\"https:\/\/www.majesticsaigon.com\/wp-content\/uploads\/sites\/258\/2023\/10\/KAL09209-HDR-1.jpg\",\"datePublished\":\"2022-10-12T07:51:47+00:00\",\"dateModified\":\"2025-11-10T06:10:27+00:00\",\"description\":\"Kh\u00e1ch s\u1ea1n Majestic S\u00e0i G\u00f2n t\u1ecda l\u1ea1c tr\u00ean \u0111\u01b0\u1eddng \u0110\u1ed3ng Kh\u1edfi \u1edf v\u1ecb tr\u00ed trung t\u00e2m S\u00e0i G\u00f2n, l\u00e0 \u0111i\u1ec3m \u0111\u1ebfn ho\u00e0n h\u1ea3o \u0111\u1ec3 t\u1ed5 ch\u1ee9c c\u00e1c s\u1ef1 ki\u1ec7n doanh nghi\u1ec7p trang tr\u1ecdng c\u0169ng nh\u01b0 c\u00e1c s\u1ef1 ki\u1ec7n x\u00e3 h\u1ed9i.\",\"breadcrumb\":{\"@id\":\"https:\/\/www.majesticsaigon.com\/vi\/wedding-events\/meetings-event\/#breadcrumb\"},\"inLanguage\":\"vi-VN\",\"potentialAction\":[{\"@type\":\"ReadAction\",\"target\":[\"https:\/\/www.majesticsaigon.com\/vi\/wedding-events\/meetings-event\/\"]}]},{\"@type\":\"ImageObject\",\"inLanguage\":\"vi-VN\",\"@id\":\"https:\/\/www.majesticsaigon.com\/vi\/wedding-events\/meetings-event\/#primaryimage\",\"url\":\"https:\/\/www.majesticsaigon.com\/wp-content\/uploads\/sites\/258\/2023\/10\/KAL09209-HDR-1.jpg\",\"contentUrl\":\"https:\/\/www.majesticsaigon.com\/wp-content\/uploads\/sites\/258\/2023\/10\/KAL09209-HDR-1.jpg\",\"width\":2200,\"height\":1359},{\"@type\":\"BreadcrumbList\",\"@id\":\"https:\/\/www.majesticsaigon.com\/vi\/wedding-events\/meetings-event\/#breadcrumb\",\"itemListElement\":[{\"@type\":\"ListItem\",\"position\":1,\"name\":\"Home\",\"item\":\"https:\/\/www.majesticsaigon.com\/vi\/\"},{\"@type\":\"ListItem\",\"position\":2,\"name\":\"TI\u1ec6C C\u01af\u1edaI &#038; S\u1ef0 KI\u1ec6N\",\"item\":\"https:\/\/www.majesticsaigon.com\/vi\/wedding-events\/\"},{\"@type\":\"ListItem\",\"position\":3,\"name\":\"H\u1ed8I H\u1eccP &amp; S\u1ef0 KI\u1ec6N\"}]},{\"@type\":\"WebSite\",\"@id\":\"https:\/\/www.majesticsaigon.com\/vi\/#website\",\"url\":\"https:\/\/www.majesticsaigon.com\/vi\/\",\"name\":\"Majestic Saigon Hotel\",\"description\":\"\",\"potentialAction\":[{\"@type\":\"SearchAction\",\"target\":{\"@type\":\"EntryPoint\",\"urlTemplate\":\"https:\/\/www.majesticsaigon.com\/vi\/?s={search_term_string}\"},\"query-input\":\"required name=search_term_string\"}],\"inLanguage\":\"vi-VN\"}]}<\/script>\n<!-- \/ Yoast SEO plugin. -->","yoast_head_json":{"title":"H\u1ed9i h\u1ecdp & S\u1ef1 ki\u1ec7n | Hotel Majestic Saigon","description":"Kh\u00e1ch s\u1ea1n Majestic S\u00e0i G\u00f2n t\u1ecda l\u1ea1c tr\u00ean \u0111\u01b0\u1eddng \u0110\u1ed3ng Kh\u1edfi \u1edf v\u1ecb tr\u00ed trung t\u00e2m S\u00e0i G\u00f2n, l\u00e0 \u0111i\u1ec3m \u0111\u1ebfn ho\u00e0n h\u1ea3o \u0111\u1ec3 t\u1ed5 ch\u1ee9c c\u00e1c s\u1ef1 ki\u1ec7n doanh nghi\u1ec7p trang tr\u1ecdng c\u0169ng nh\u01b0 c\u00e1c s\u1ef1 ki\u1ec7n x\u00e3 h\u1ed9i.","robots":{"index":"index","follow":"follow","max-snippet":"max-snippet:-1","max-image-preview":"max-image-preview:large","max-video-preview":"max-video-preview:-1"},"canonical":"https:\/\/www.majesticsaigon.com\/vi\/wedding-events\/meetings-event\/","og_locale":"vi_VN","og_type":"article","og_title":"H\u1ed9i h\u1ecdp & S\u1ef1 ki\u1ec7n | Hotel Majestic Saigon","og_description":"Kh\u00e1ch s\u1ea1n Majestic S\u00e0i G\u00f2n t\u1ecda l\u1ea1c tr\u00ean \u0111\u01b0\u1eddng \u0110\u1ed3ng Kh\u1edfi \u1edf v\u1ecb tr\u00ed trung t\u00e2m S\u00e0i G\u00f2n, l\u00e0 \u0111i\u1ec3m \u0111\u1ebfn ho\u00e0n h\u1ea3o \u0111\u1ec3 t\u1ed5 ch\u1ee9c c\u00e1c s\u1ef1 ki\u1ec7n doanh nghi\u1ec7p trang tr\u1ecdng c\u0169ng nh\u01b0 c\u00e1c s\u1ef1 ki\u1ec7n x\u00e3 h\u1ed9i.","og_url":"https:\/\/www.majesticsaigon.com\/vi\/wedding-events\/meetings-event\/","og_site_name":"Majestic Saigon Hotel","article_modified_time":"2025-11-10T06:10:27+00:00","og_image":[{"width":2200,"height":1359,"url":"https:\/\/www.majesticsaigon.com\/wp-content\/uploads\/sites\/258\/2023\/10\/KAL09209-HDR-1.jpg","type":"image\/jpeg"}],"twitter_card":"summary_large_image","twitter_misc":{"Est. reading time":"1 minute"},"schema":{"@context":"https:\/\/schema.org","@graph":[{"@type":"WebPage","@id":"https:\/\/www.majesticsaigon.com\/vi\/wedding-events\/meetings-event\/","url":"https:\/\/www.majesticsaigon.com\/vi\/wedding-events\/meetings-event\/","name":"H\u1ed9i h\u1ecdp & S\u1ef1 ki\u1ec7n | Hotel Majestic Saigon","isPartOf":{"@id":"https:\/\/www.majesticsaigon.com\/vi\/#website"},"primaryImageOfPage":{"@id":"https:\/\/www.majesticsaigon.com\/vi\/wedding-events\/meetings-event\/#primaryimage"},"image":{"@id":"https:\/\/www.majesticsaigon.com\/vi\/wedding-events\/meetings-event\/#primaryimage"},"thumbnailUrl":"https:\/\/www.majesticsaigon.com\/wp-content\/uploads\/sites\/258\/2023\/10\/KAL09209-HDR-1.jpg","datePublished":"2022-10-12T07:51:47+00:00","dateModified":"2025-11-10T06:10:27+00:00","description":"Kh\u00e1ch s\u1ea1n Majestic S\u00e0i G\u00f2n t\u1ecda l\u1ea1c tr\u00ean \u0111\u01b0\u1eddng \u0110\u1ed3ng Kh\u1edfi \u1edf v\u1ecb tr\u00ed trung t\u00e2m S\u00e0i G\u00f2n, l\u00e0 \u0111i\u1ec3m \u0111\u1ebfn ho\u00e0n h\u1ea3o \u0111\u1ec3 t\u1ed5 ch\u1ee9c c\u00e1c s\u1ef1 ki\u1ec7n doanh nghi\u1ec7p trang tr\u1ecdng c\u0169ng nh\u01b0 c\u00e1c s\u1ef1 ki\u1ec7n x\u00e3 h\u1ed9i.","breadcrumb":{"@id":"https:\/\/www.majesticsaigon.com\/vi\/wedding-events\/meetings-event\/#breadcrumb"},"inLanguage":"vi-VN","potentialAction":[{"@type":"ReadAction","target":["https:\/\/www.majesticsaigon.com\/vi\/wedding-events\/meetings-event\/"]}]},{"@type":"ImageObject","inLanguage":"vi-VN","@id":"https:\/\/www.majesticsaigon.com\/vi\/wedding-events\/meetings-event\/#primaryimage","url":"https:\/\/www.majesticsaigon.com\/wp-content\/uploads\/sites\/258\/2023\/10\/KAL09209-HDR-1.jpg","contentUrl":"https:\/\/www.majesticsaigon.com\/wp-content\/uploads\/sites\/258\/2023\/10\/KAL09209-HDR-1.jpg","width":2200,"height":1359},{"@type":"BreadcrumbList","@id":"https:\/\/www.majesticsaigon.com\/vi\/wedding-events\/meetings-event\/#breadcrumb","itemListElement":[{"@type":"ListItem","position":1,"name":"Home","item":"https:\/\/www.majesticsaigon.com\/vi\/"},{"@type":"ListItem","position":2,"name":"TI\u1ec6C C\u01af\u1edaI &#038; S\u1ef0 KI\u1ec6N","item":"https:\/\/www.majesticsaigon.com\/vi\/wedding-events\/"},{"@type":"ListItem","position":3,"name":"H\u1ed8I H\u1eccP &amp; S\u1ef0 KI\u1ec6N"}]},{"@type":"WebSite","@id":"https:\/\/www.majesticsaigon.com\/vi\/#website","url":"https:\/\/www.majesticsaigon.com\/vi\/","name":"Majestic Saigon Hotel","description":"","potentialAction":[{"@type":"SearchAction","target":{"@type":"EntryPoint","urlTemplate":"https:\/\/www.majesticsaigon.com\/vi\/?s={search_term_string}"},"query-input":"required name=search_term_string"}],"inLanguage":"vi-VN"}]}},"_links":{"self":[{"href":"https:\/\/www.majesticsaigon.com\/vi\/wp-json\/wp\/v2\/pages\/2060"}],"collection":[{"href":"https:\/\/www.majesticsaigon.com\/vi\/wp-json\/wp\/v2\/pages"}],"about":[{"href":"https:\/\/www.majesticsaigon.com\/vi\/wp-json\/wp\/v2\/types\/page"}],"author":[{"embeddable":true,"href":"https:\/\/www.majesticsaigon.com\/vi\/wp-json\/wp\/v2\/users\/368"}],"replies":[{"embeddable":true,"href":"https:\/\/www.majesticsaigon.com\/vi\/wp-json\/wp\/v2\/comments?post=2060"}],"version-history":[{"count":0,"href":"https:\/\/www.majesticsaigon.com\/vi\/wp-json\/wp\/v2\/pages\/2060\/revisions"}],"up":[{"embeddable":true,"href":"https:\/\/www.majesticsaigon.com\/vi\/wp-json\/wp\/v2\/pages\/3132"}],"wp:featuredmedia":[{"embeddable":true,"href":"https:\/\/www.majesticsaigon.com\/vi\/wp-json\/wp\/v2\/media\/1120"}],"wp:attachment":[{"href":"https:\/\/www.majesticsaigon.com\/vi\/wp-json\/wp\/v2\/media?parent=2060"}],"curies":[{"name":"wp","href":"https:\/\/api.w.org\/{rel}","templated":true}]}}