{"id":2065,"date":"2022-10-12T08:02:41","date_gmt":"2022-10-12T08:02:41","guid":{"rendered":"https:\/\/www.majesticsaigon.com\/services-amenities\/"},"modified":"2024-04-02T09:16:28","modified_gmt":"2024-04-02T09:16:28","slug":"services-amenities","status":"publish","type":"page","link":"https:\/\/www.majesticsaigon.com\/vi\/facilities\/services-amenities\/","title":{"rendered":"D\u1ecaCH V\u1ee4 &#038; TI\u1ec6N NGHI"},"content":{"rendered":"<p>\u0110\u00e1p \u1ee9ng s\u1ef1 k\u1ef3 v\u1ecdng c\u1ee7a kh\u00e1ch h\u00e0ng, Kh\u00e1ch s\u1ea1n Majestic S\u00e0i G\u00f2n quy\u1ebft t\u00e2m mang \u0111\u1ebfn c\u00e1c ti\u1ec7n nghi v\u00e0 d\u1ecbch v\u1ee5 h\u00e0ng \u0111\u1ea7u \u0111\u1ec3 m\u1ed7i v\u1ecb kh\u00e1ch \u0111\u1ec1u c\u1ea3m nh\u1eadn \u0111\u01b0\u1ee3c s\u1ef1 n\u1ed3ng h\u1eadu, hi\u1ebfu kh\u00e1ch c\u1ee7a th\u00e0nh ph\u1ed1 v\u00e0 tr\u1ea3i nghi\u1ec7m k\u1ef3 ngh\u1ec9 th\u00fa v\u1ecb v\u00e0 \u0111\u00e1ng nh\u1edb nh\u1ea5t \u1edf S\u00e0i G\u00f2n.<\/p>\n","protected":false},"excerpt":{"rendered":"<p>\u0110\u00e1p \u1ee9ng s\u1ef1 k\u1ef3 v\u1ecdng c\u1ee7a kh\u00e1ch h\u00e0ng, Kh\u00e1ch s\u1ea1n Majestic S\u00e0i G\u00f2n quy\u1ebft t\u00e2m mang \u0111\u1ebfn c\u00e1c ti\u1ec7n nghi v\u00e0 d\u1ecbch v\u1ee5 h\u00e0ng \u0111\u1ea7u \u0111\u1ec3 m\u1ed7i v\u1ecb kh\u00e1ch \u0111\u1ec1u c\u1ea3m nh\u1eadn \u0111\u01b0\u1ee3c s\u1ef1 n\u1ed3ng h\u1eadu, hi\u1ebfu kh\u00e1ch c\u1ee7a th\u00e0nh ph\u1ed1 v\u00e0 tr\u1ea3i nghi\u1ec7m k\u1ef3 ngh\u1ec9 th\u00fa v\u1ecb v\u00e0 \u0111\u00e1ng nh\u1edb nh\u1ea5t \u1edf S\u00e0i G\u00f2n.<\/p>\n","protected":false},"author":368,"featured_media":289,"parent":3140,"menu_order":0,"comment_status":"closed","ping_status":"closed","template":"template-services.php","meta":{"footnotes":""},"acf":[],"yoast_head":"<!-- This site is optimized with the Yoast SEO plugin v22.3 - https:\/\/yoast.com\/wordpress\/plugins\/seo\/ -->\n<title>Services &amp; Amenities - Hotel Majestic Saigon<\/title>\n<meta name=\"description\" content=\"Kh\u00e1ch s\u1ea1n Majestic S\u00e0i G\u00f2n cung c\u1ea5p c\u00e1c ti\u1ec7n nghi v\u00e0 d\u1ecbch v\u1ee5 h\u1ea1ng nh\u1ea5t \u0111\u1ec3 mang \u0111\u1ebfn cho m\u1ed7i v\u1ecb kh\u00e1ch tr\u1ea3i nghi\u1ec7m l\u01b0u tr\u00fa th\u00fa v\u1ecb v\u00e0 \u0111\u00e1ng nh\u1edb.\" \/>\n<meta name=\"robots\" content=\"index, follow, max-snippet:-1, max-image-preview:large, max-video-preview:-1\" \/>\n<link rel=\"canonical\" href=\"https:\/\/www.majesticsaigon.com\/vi\/facilities\/services-amenities\/\" \/>\n<meta property=\"og:locale\" content=\"vi_VN\" \/>\n<meta property=\"og:type\" content=\"article\" \/>\n<meta property=\"og:title\" content=\"Services &amp; Amenities - Hotel Majestic Saigon\" \/>\n<meta property=\"og:description\" content=\"Kh\u00e1ch s\u1ea1n Majestic S\u00e0i G\u00f2n cung c\u1ea5p c\u00e1c ti\u1ec7n nghi v\u00e0 d\u1ecbch v\u1ee5 h\u1ea1ng nh\u1ea5t \u0111\u1ec3 mang \u0111\u1ebfn cho m\u1ed7i v\u1ecb kh\u00e1ch tr\u1ea3i nghi\u1ec7m l\u01b0u tr\u00fa th\u00fa v\u1ecb v\u00e0 \u0111\u00e1ng nh\u1edb.\" \/>\n<meta property=\"og:url\" content=\"https:\/\/www.majesticsaigon.com\/vi\/facilities\/services-amenities\/\" \/>\n<meta property=\"og:site_name\" content=\"Majestic Saigon Hotel\" \/>\n<meta property=\"article:modified_time\" content=\"2024-04-02T09:16:28+00:00\" \/>\n<meta property=\"og:image\" content=\"https:\/\/www.majesticsaigon.com\/wp-content\/uploads\/sites\/258\/2022\/10\/hotel_majestic_airport_pickup.jpg\" \/>\n\t<meta property=\"og:image:width\" content=\"2200\" \/>\n\t<meta property=\"og:image:height\" content=\"1467\" \/>\n\t<meta property=\"og:image:type\" content=\"image\/jpeg\" \/>\n<meta name=\"twitter:card\" content=\"summary_large_image\" \/>\n<meta name=\"twitter:label1\" content=\"Est. reading time\" \/>\n\t<meta name=\"twitter:data1\" content=\"1 minute\" \/>\n<script type=\"application\/ld+json\" class=\"yoast-schema-graph\">{\"@context\":\"https:\/\/schema.org\",\"@graph\":[{\"@type\":\"WebPage\",\"@id\":\"https:\/\/www.majesticsaigon.com\/vi\/facilities\/services-amenities\/\",\"url\":\"https:\/\/www.majesticsaigon.com\/vi\/facilities\/services-amenities\/\",\"name\":\"Services & Amenities - Hotel Majestic Saigon\",\"isPartOf\":{\"@id\":\"https:\/\/www.majesticsaigon.com\/vi\/#website\"},\"primaryImageOfPage\":{\"@id\":\"https:\/\/www.majesticsaigon.com\/vi\/facilities\/services-amenities\/#primaryimage\"},\"image\":{\"@id\":\"https:\/\/www.majesticsaigon.com\/vi\/facilities\/services-amenities\/#primaryimage\"},\"thumbnailUrl\":\"https:\/\/www.majesticsaigon.com\/wp-content\/uploads\/sites\/258\/2022\/10\/hotel_majestic_airport_pickup.jpg\",\"datePublished\":\"2022-10-12T08:02:41+00:00\",\"dateModified\":\"2024-04-02T09:16:28+00:00\",\"description\":\"Kh\u00e1ch s\u1ea1n Majestic S\u00e0i G\u00f2n cung c\u1ea5p c\u00e1c ti\u1ec7n nghi v\u00e0 d\u1ecbch v\u1ee5 h\u1ea1ng nh\u1ea5t \u0111\u1ec3 mang \u0111\u1ebfn cho m\u1ed7i v\u1ecb kh\u00e1ch tr\u1ea3i nghi\u1ec7m l\u01b0u tr\u00fa th\u00fa v\u1ecb v\u00e0 \u0111\u00e1ng nh\u1edb.\",\"breadcrumb\":{\"@id\":\"https:\/\/www.majesticsaigon.com\/vi\/facilities\/services-amenities\/#breadcrumb\"},\"inLanguage\":\"vi-VN\",\"potentialAction\":[{\"@type\":\"ReadAction\",\"target\":[\"https:\/\/www.majesticsaigon.com\/vi\/facilities\/services-amenities\/\"]}]},{\"@type\":\"ImageObject\",\"inLanguage\":\"vi-VN\",\"@id\":\"https:\/\/www.majesticsaigon.com\/vi\/facilities\/services-amenities\/#primaryimage\",\"url\":\"https:\/\/www.majesticsaigon.com\/wp-content\/uploads\/sites\/258\/2022\/10\/hotel_majestic_airport_pickup.jpg\",\"contentUrl\":\"https:\/\/www.majesticsaigon.com\/wp-content\/uploads\/sites\/258\/2022\/10\/hotel_majestic_airport_pickup.jpg\",\"width\":2200,\"height\":1467},{\"@type\":\"BreadcrumbList\",\"@id\":\"https:\/\/www.majesticsaigon.com\/vi\/facilities\/services-amenities\/#breadcrumb\",\"itemListElement\":[{\"@type\":\"ListItem\",\"position\":1,\"name\":\"Home\",\"item\":\"https:\/\/www.majesticsaigon.com\/vi\/\"},{\"@type\":\"ListItem\",\"position\":2,\"name\":\"C\u01a0 S\u1ede\",\"item\":\"https:\/\/www.majesticsaigon.com\/vi\/facilities\/\"},{\"@type\":\"ListItem\",\"position\":3,\"name\":\"D\u1ecaCH V\u1ee4 &#038; TI\u1ec6N NGHI\"}]},{\"@type\":\"WebSite\",\"@id\":\"https:\/\/www.majesticsaigon.com\/vi\/#website\",\"url\":\"https:\/\/www.majesticsaigon.com\/vi\/\",\"name\":\"Majestic Saigon Hotel\",\"description\":\"\",\"potentialAction\":[{\"@type\":\"SearchAction\",\"target\":{\"@type\":\"EntryPoint\",\"urlTemplate\":\"https:\/\/www.majesticsaigon.com\/vi\/?s={search_term_string}\"},\"query-input\":\"required name=search_term_string\"}],\"inLanguage\":\"vi-VN\"}]}<\/script>\n<!-- \/ Yoast SEO plugin. -->","yoast_head_json":{"title":"Services & Amenities - Hotel Majestic Saigon","description":"Kh\u00e1ch s\u1ea1n Majestic S\u00e0i G\u00f2n cung c\u1ea5p c\u00e1c ti\u1ec7n nghi v\u00e0 d\u1ecbch v\u1ee5 h\u1ea1ng nh\u1ea5t \u0111\u1ec3 mang \u0111\u1ebfn cho m\u1ed7i v\u1ecb kh\u00e1ch tr\u1ea3i nghi\u1ec7m l\u01b0u tr\u00fa th\u00fa v\u1ecb v\u00e0 \u0111\u00e1ng nh\u1edb.","robots":{"index":"index","follow":"follow","max-snippet":"max-snippet:-1","max-image-preview":"max-image-preview:large","max-video-preview":"max-video-preview:-1"},"canonical":"https:\/\/www.majesticsaigon.com\/vi\/facilities\/services-amenities\/","og_locale":"vi_VN","og_type":"article","og_title":"Services & Amenities - Hotel Majestic Saigon","og_description":"Kh\u00e1ch s\u1ea1n Majestic S\u00e0i G\u00f2n cung c\u1ea5p c\u00e1c ti\u1ec7n nghi v\u00e0 d\u1ecbch v\u1ee5 h\u1ea1ng nh\u1ea5t \u0111\u1ec3 mang \u0111\u1ebfn cho m\u1ed7i v\u1ecb kh\u00e1ch tr\u1ea3i nghi\u1ec7m l\u01b0u tr\u00fa th\u00fa v\u1ecb v\u00e0 \u0111\u00e1ng nh\u1edb.","og_url":"https:\/\/www.majesticsaigon.com\/vi\/facilities\/services-amenities\/","og_site_name":"Majestic Saigon Hotel","article_modified_time":"2024-04-02T09:16:28+00:00","og_image":[{"width":2200,"height":1467,"url":"https:\/\/www.majesticsaigon.com\/wp-content\/uploads\/sites\/258\/2022\/10\/hotel_majestic_airport_pickup.jpg","type":"image\/jpeg"}],"twitter_card":"summary_large_image","twitter_misc":{"Est. reading time":"1 minute"},"schema":{"@context":"https:\/\/schema.org","@graph":[{"@type":"WebPage","@id":"https:\/\/www.majesticsaigon.com\/vi\/facilities\/services-amenities\/","url":"https:\/\/www.majesticsaigon.com\/vi\/facilities\/services-amenities\/","name":"Services & Amenities - Hotel Majestic Saigon","isPartOf":{"@id":"https:\/\/www.majesticsaigon.com\/vi\/#website"},"primaryImageOfPage":{"@id":"https:\/\/www.majesticsaigon.com\/vi\/facilities\/services-amenities\/#primaryimage"},"image":{"@id":"https:\/\/www.majesticsaigon.com\/vi\/facilities\/services-amenities\/#primaryimage"},"thumbnailUrl":"https:\/\/www.majesticsaigon.com\/wp-content\/uploads\/sites\/258\/2022\/10\/hotel_majestic_airport_pickup.jpg","datePublished":"2022-10-12T08:02:41+00:00","dateModified":"2024-04-02T09:16:28+00:00","description":"Kh\u00e1ch s\u1ea1n Majestic S\u00e0i G\u00f2n cung c\u1ea5p c\u00e1c ti\u1ec7n nghi v\u00e0 d\u1ecbch v\u1ee5 h\u1ea1ng nh\u1ea5t \u0111\u1ec3 mang \u0111\u1ebfn cho m\u1ed7i v\u1ecb kh\u00e1ch tr\u1ea3i nghi\u1ec7m l\u01b0u tr\u00fa th\u00fa v\u1ecb v\u00e0 \u0111\u00e1ng nh\u1edb.","breadcrumb":{"@id":"https:\/\/www.majesticsaigon.com\/vi\/facilities\/services-amenities\/#breadcrumb"},"inLanguage":"vi-VN","potentialAction":[{"@type":"ReadAction","target":["https:\/\/www.majesticsaigon.com\/vi\/facilities\/services-amenities\/"]}]},{"@type":"ImageObject","inLanguage":"vi-VN","@id":"https:\/\/www.majesticsaigon.com\/vi\/facilities\/services-amenities\/#primaryimage","url":"https:\/\/www.majesticsaigon.com\/wp-content\/uploads\/sites\/258\/2022\/10\/hotel_majestic_airport_pickup.jpg","contentUrl":"https:\/\/www.majesticsaigon.com\/wp-content\/uploads\/sites\/258\/2022\/10\/hotel_majestic_airport_pickup.jpg","width":2200,"height":1467},{"@type":"BreadcrumbList","@id":"https:\/\/www.majesticsaigon.com\/vi\/facilities\/services-amenities\/#breadcrumb","itemListElement":[{"@type":"ListItem","position":1,"name":"Home","item":"https:\/\/www.majesticsaigon.com\/vi\/"},{"@type":"ListItem","position":2,"name":"C\u01a0 S\u1ede","item":"https:\/\/www.majesticsaigon.com\/vi\/facilities\/"},{"@type":"ListItem","position":3,"name":"D\u1ecaCH V\u1ee4 &#038; TI\u1ec6N NGHI"}]},{"@type":"WebSite","@id":"https:\/\/www.majesticsaigon.com\/vi\/#website","url":"https:\/\/www.majesticsaigon.com\/vi\/","name":"Majestic Saigon Hotel","description":"","potentialAction":[{"@type":"SearchAction","target":{"@type":"EntryPoint","urlTemplate":"https:\/\/www.majesticsaigon.com\/vi\/?s={search_term_string}"},"query-input":"required name=search_term_string"}],"inLanguage":"vi-VN"}]}},"_links":{"self":[{"href":"https:\/\/www.majesticsaigon.com\/vi\/wp-json\/wp\/v2\/pages\/2065"}],"collection":[{"href":"https:\/\/www.majesticsaigon.com\/vi\/wp-json\/wp\/v2\/pages"}],"about":[{"href":"https:\/\/www.majesticsaigon.com\/vi\/wp-json\/wp\/v2\/types\/page"}],"author":[{"embeddable":true,"href":"https:\/\/www.majesticsaigon.com\/vi\/wp-json\/wp\/v2\/users\/368"}],"replies":[{"embeddable":true,"href":"https:\/\/www.majesticsaigon.com\/vi\/wp-json\/wp\/v2\/comments?post=2065"}],"version-history":[{"count":0,"href":"https:\/\/www.majesticsaigon.com\/vi\/wp-json\/wp\/v2\/pages\/2065\/revisions"}],"up":[{"embeddable":true,"href":"https:\/\/www.majesticsaigon.com\/vi\/wp-json\/wp\/v2\/pages\/3140"}],"wp:featuredmedia":[{"embeddable":true,"href":"https:\/\/www.majesticsaigon.com\/vi\/wp-json\/wp\/v2\/media\/289"}],"wp:attachment":[{"href":"https:\/\/www.majesticsaigon.com\/vi\/wp-json\/wp\/v2\/media?parent=2065"}],"curies":[{"name":"wp","href":"https:\/\/api.w.org\/{rel}","templated":true}]}}