{"id":2068,"date":"2022-10-12T08:12:13","date_gmt":"2022-10-12T08:12:13","guid":{"rendered":"https:\/\/www.majesticsaigon.com\/wellness-spa-center\/"},"modified":"2024-04-02T07:51:02","modified_gmt":"2024-04-02T07:51:02","slug":"wellness-spa-center","status":"publish","type":"page","link":"https:\/\/www.majesticsaigon.com\/vi\/facilities\/wellness-spa-center\/","title":{"rendered":"TRUNG T\u00c2M S\u1ee8C KH\u1eceE &#038; SPA"},"content":{"rendered":"<p>D\u00f9 l\u01b0u tr\u00fa ng\u1eafn ng\u00e0y hay d\u00e0i h\u1ea1n, kh\u00f4ng gian tho\u1ea3i m\u00e1i v\u00e0 \u0111\u1ed9i ng\u0169 nh\u00e2n vi\u00ean gi\u00e0u kinh nghi\u1ec7m s\u1ebd lu\u00f4n l\u00e0 y\u1ebfu t\u1ed1 quan tr\u1ecdng l\u00e0m n\u00ean m\u1ed9t tr\u1ea3i nghi\u1ec7m kh\u00f3 qu\u00ean.<\/p>\n<p>Th\u01b0 gi\u00e3n v\u00e0 r\u00e8n luy\u1ec7n s\u1ee9c kh\u1ecfe l\u00e0 hai trong s\u1ed1 nh\u1eefng nhu c\u1ea7u c\u01a1 b\u1ea3n nh\u1ea5t c\u1ee7a con ng\u01b0\u1eddi. Th\u1ea5u hi\u1ec3u nhu c\u1ea7u n\u00e0y, ch\u00fang t\u00f4i mong mu\u1ed1n cung c\u1ea5p c\u00e1c d\u1ecbch v\u1ee5 ch\u0103m s\u00f3c s\u1ee9c kh\u1ecfe v\u00e0 spa h\u01b0\u1edbng \u0111\u1ebfn tr\u1ea1ng th\u00e1i b\u00ecnh y\u00ean v\u00e0 kh\u1ecfe m\u1ea1nh cho m\u1ecdi kh\u00e1ch h\u00e0ng.<\/p>\n<p>M\u1eddi b\u1ea1n h\u00f2a m\u00ecnh v\u00e0o kh\u00f4ng gian ki\u1ebfn tr\u00fac mang \u00e2m h\u01b0\u1edfng Thu\u1ed9c \u0111\u1ecba Ph\u00e1p ho\u00e0i c\u1ed5 v\u00e0 chi\u00eam ng\u01b0\u1ee1ng v\u1ebb \u0111\u1eb9p c\u1ee7a bi\u1ec3u t\u01b0\u1ee3ng xa hoa tr\u00e1ng l\u1ec7 m\u1ed9t th\u1eddi &#8211; hai d\u1ea5u \u1ea5n b\u00ecnh y\u00ean ch\u00fang t\u00f4i mu\u1ed1n g\u1eedi t\u1eb7ng b\u1ea1n trong k\u1ef3 ngh\u1ec9 t\u1ea1i kh\u00e1ch s\u1ea1n. N\u01a1i \u0111\u00e2y s\u1ebd lu\u00f4n ch\u00e0o \u0111\u00f3n b\u1ea5t c\u1ee9 ai \u0111ang t\u00ecm ki\u1ebfm kho\u1ea3ng tr\u1eddi ri\u00eang t\u0129nh t\u1ea1i r\u1eddi xa ch\u1ed1n \u0111\u00f4 h\u1ed9i \u1ed3n \u00e0o.<\/p>\n","protected":false},"excerpt":{"rendered":"<p>D\u00f9 l\u01b0u tr\u00fa ng\u1eafn ng\u00e0y hay d\u00e0i h\u1ea1n, kh\u00f4ng gian tho\u1ea3i m\u00e1i v\u00e0 \u0111\u1ed9i ng\u0169 nh\u00e2n vi\u00ean gi\u00e0u kinh nghi\u1ec7m s\u1ebd lu\u00f4n l\u00e0 y\u1ebfu t\u1ed1 quan tr\u1ecdng l\u00e0m n\u00ean m\u1ed9t tr\u1ea3i nghi\u1ec7m kh\u00f3 qu\u00ean. Th\u01b0 gi\u00e3n v\u00e0 r\u00e8n luy\u1ec7n s\u1ee9c kh\u1ecfe l\u00e0 hai trong s\u1ed1 nh\u1eefng nhu c\u1ea7u c\u01a1 b\u1ea3n nh\u1ea5t c\u1ee7a con ng\u01b0\u1eddi. Th\u1ea5u [&hellip;]<\/p>\n","protected":false},"author":368,"featured_media":315,"parent":3140,"menu_order":0,"comment_status":"closed","ping_status":"closed","template":"template-spa.php","meta":{"footnotes":""},"acf":[],"yoast_head":"<!-- This site is optimized with the Yoast SEO plugin v22.3 - https:\/\/yoast.com\/wordpress\/plugins\/seo\/ -->\n<title>TRUNG T\u00c2M S\u1ee8C KH\u1eceE &amp; SPA | Hotel Majestic Saigon<\/title>\n<meta name=\"description\" content=\"Th\u1ea5u hi\u1ec3u nhu c\u1ea7u th\u01b0 gi\u00e3n v\u00e0 r\u00e8n luy\u1ec7n s\u1ee9c kh\u1ecfe, Kh\u00e1ch s\u1ea1n mong mu\u1ed1n cung c\u1ea5p c\u00e1c d\u1ecbch v\u1ee5 spa v\u00e0 ch\u0103m s\u00f3c s\u1ee9c kh\u1ecfe cho m\u1ecdi kh\u00e1ch h\u00e0ng.\" \/>\n<meta name=\"robots\" content=\"index, follow, max-snippet:-1, max-image-preview:large, max-video-preview:-1\" \/>\n<link rel=\"canonical\" href=\"https:\/\/www.majesticsaigon.com\/vi\/facilities\/wellness-spa-center\/\" \/>\n<meta property=\"og:locale\" content=\"vi_VN\" \/>\n<meta property=\"og:type\" content=\"article\" \/>\n<meta property=\"og:title\" content=\"TRUNG T\u00c2M S\u1ee8C KH\u1eceE &amp; SPA | Hotel Majestic Saigon\" \/>\n<meta property=\"og:description\" content=\"Th\u1ea5u hi\u1ec3u nhu c\u1ea7u th\u01b0 gi\u00e3n v\u00e0 r\u00e8n luy\u1ec7n s\u1ee9c kh\u1ecfe, Kh\u00e1ch s\u1ea1n mong mu\u1ed1n cung c\u1ea5p c\u00e1c d\u1ecbch v\u1ee5 spa v\u00e0 ch\u0103m s\u00f3c s\u1ee9c kh\u1ecfe cho m\u1ecdi kh\u00e1ch h\u00e0ng.\" \/>\n<meta property=\"og:url\" content=\"https:\/\/www.majesticsaigon.com\/vi\/facilities\/wellness-spa-center\/\" \/>\n<meta property=\"og:site_name\" content=\"Majestic Saigon Hotel\" \/>\n<meta property=\"article:modified_time\" content=\"2024-04-02T07:51:02+00:00\" \/>\n<meta property=\"og:image\" content=\"https:\/\/www.majesticsaigon.com\/wp-content\/uploads\/sites\/258\/2022\/10\/Copy-of-hotel_majestic_pool-2.jpg\" \/>\n\t<meta property=\"og:image:width\" content=\"2200\" \/>\n\t<meta property=\"og:image:height\" content=\"1467\" \/>\n\t<meta property=\"og:image:type\" content=\"image\/jpeg\" \/>\n<meta name=\"twitter:card\" content=\"summary_large_image\" \/>\n<meta name=\"twitter:label1\" content=\"Est. reading time\" \/>\n\t<meta name=\"twitter:data1\" content=\"1 minute\" \/>\n<script type=\"application\/ld+json\" class=\"yoast-schema-graph\">{\"@context\":\"https:\/\/schema.org\",\"@graph\":[{\"@type\":\"WebPage\",\"@id\":\"https:\/\/www.majesticsaigon.com\/vi\/facilities\/wellness-spa-center\/\",\"url\":\"https:\/\/www.majesticsaigon.com\/vi\/facilities\/wellness-spa-center\/\",\"name\":\"TRUNG T\u00c2M S\u1ee8C KH\u1eceE & SPA | Hotel Majestic Saigon\",\"isPartOf\":{\"@id\":\"https:\/\/www.majesticsaigon.com\/vi\/#website\"},\"primaryImageOfPage\":{\"@id\":\"https:\/\/www.majesticsaigon.com\/vi\/facilities\/wellness-spa-center\/#primaryimage\"},\"image\":{\"@id\":\"https:\/\/www.majesticsaigon.com\/vi\/facilities\/wellness-spa-center\/#primaryimage\"},\"thumbnailUrl\":\"https:\/\/www.majesticsaigon.com\/wp-content\/uploads\/sites\/258\/2022\/10\/Copy-of-hotel_majestic_pool-2.jpg\",\"datePublished\":\"2022-10-12T08:12:13+00:00\",\"dateModified\":\"2024-04-02T07:51:02+00:00\",\"description\":\"Th\u1ea5u hi\u1ec3u nhu c\u1ea7u th\u01b0 gi\u00e3n v\u00e0 r\u00e8n luy\u1ec7n s\u1ee9c kh\u1ecfe, Kh\u00e1ch s\u1ea1n mong mu\u1ed1n cung c\u1ea5p c\u00e1c d\u1ecbch v\u1ee5 spa v\u00e0 ch\u0103m s\u00f3c s\u1ee9c kh\u1ecfe cho m\u1ecdi kh\u00e1ch h\u00e0ng.\",\"breadcrumb\":{\"@id\":\"https:\/\/www.majesticsaigon.com\/vi\/facilities\/wellness-spa-center\/#breadcrumb\"},\"inLanguage\":\"vi-VN\",\"potentialAction\":[{\"@type\":\"ReadAction\",\"target\":[\"https:\/\/www.majesticsaigon.com\/vi\/facilities\/wellness-spa-center\/\"]}]},{\"@type\":\"ImageObject\",\"inLanguage\":\"vi-VN\",\"@id\":\"https:\/\/www.majesticsaigon.com\/vi\/facilities\/wellness-spa-center\/#primaryimage\",\"url\":\"https:\/\/www.majesticsaigon.com\/wp-content\/uploads\/sites\/258\/2022\/10\/Copy-of-hotel_majestic_pool-2.jpg\",\"contentUrl\":\"https:\/\/www.majesticsaigon.com\/wp-content\/uploads\/sites\/258\/2022\/10\/Copy-of-hotel_majestic_pool-2.jpg\",\"width\":2200,\"height\":1467},{\"@type\":\"BreadcrumbList\",\"@id\":\"https:\/\/www.majesticsaigon.com\/vi\/facilities\/wellness-spa-center\/#breadcrumb\",\"itemListElement\":[{\"@type\":\"ListItem\",\"position\":1,\"name\":\"Home\",\"item\":\"https:\/\/www.majesticsaigon.com\/vi\/\"},{\"@type\":\"ListItem\",\"position\":2,\"name\":\"C\u01a0 S\u1ede\",\"item\":\"https:\/\/www.majesticsaigon.com\/vi\/facilities\/\"},{\"@type\":\"ListItem\",\"position\":3,\"name\":\"TRUNG T\u00c2M S\u1ee8C KH\u1eceE &#038; SPA\"}]},{\"@type\":\"WebSite\",\"@id\":\"https:\/\/www.majesticsaigon.com\/vi\/#website\",\"url\":\"https:\/\/www.majesticsaigon.com\/vi\/\",\"name\":\"Majestic Saigon Hotel\",\"description\":\"\",\"potentialAction\":[{\"@type\":\"SearchAction\",\"target\":{\"@type\":\"EntryPoint\",\"urlTemplate\":\"https:\/\/www.majesticsaigon.com\/vi\/?s={search_term_string}\"},\"query-input\":\"required name=search_term_string\"}],\"inLanguage\":\"vi-VN\"}]}<\/script>\n<!-- \/ Yoast SEO plugin. -->","yoast_head_json":{"title":"TRUNG T\u00c2M S\u1ee8C KH\u1eceE & SPA | Hotel Majestic Saigon","description":"Th\u1ea5u hi\u1ec3u nhu c\u1ea7u th\u01b0 gi\u00e3n v\u00e0 r\u00e8n luy\u1ec7n s\u1ee9c kh\u1ecfe, Kh\u00e1ch s\u1ea1n mong mu\u1ed1n cung c\u1ea5p c\u00e1c d\u1ecbch v\u1ee5 spa v\u00e0 ch\u0103m s\u00f3c s\u1ee9c kh\u1ecfe cho m\u1ecdi kh\u00e1ch h\u00e0ng.","robots":{"index":"index","follow":"follow","max-snippet":"max-snippet:-1","max-image-preview":"max-image-preview:large","max-video-preview":"max-video-preview:-1"},"canonical":"https:\/\/www.majesticsaigon.com\/vi\/facilities\/wellness-spa-center\/","og_locale":"vi_VN","og_type":"article","og_title":"TRUNG T\u00c2M S\u1ee8C KH\u1eceE & SPA | Hotel Majestic Saigon","og_description":"Th\u1ea5u hi\u1ec3u nhu c\u1ea7u th\u01b0 gi\u00e3n v\u00e0 r\u00e8n luy\u1ec7n s\u1ee9c kh\u1ecfe, Kh\u00e1ch s\u1ea1n mong mu\u1ed1n cung c\u1ea5p c\u00e1c d\u1ecbch v\u1ee5 spa v\u00e0 ch\u0103m s\u00f3c s\u1ee9c kh\u1ecfe cho m\u1ecdi kh\u00e1ch h\u00e0ng.","og_url":"https:\/\/www.majesticsaigon.com\/vi\/facilities\/wellness-spa-center\/","og_site_name":"Majestic Saigon Hotel","article_modified_time":"2024-04-02T07:51:02+00:00","og_image":[{"width":2200,"height":1467,"url":"https:\/\/www.majesticsaigon.com\/wp-content\/uploads\/sites\/258\/2022\/10\/Copy-of-hotel_majestic_pool-2.jpg","type":"image\/jpeg"}],"twitter_card":"summary_large_image","twitter_misc":{"Est. reading time":"1 minute"},"schema":{"@context":"https:\/\/schema.org","@graph":[{"@type":"WebPage","@id":"https:\/\/www.majesticsaigon.com\/vi\/facilities\/wellness-spa-center\/","url":"https:\/\/www.majesticsaigon.com\/vi\/facilities\/wellness-spa-center\/","name":"TRUNG T\u00c2M S\u1ee8C KH\u1eceE & SPA | Hotel Majestic Saigon","isPartOf":{"@id":"https:\/\/www.majesticsaigon.com\/vi\/#website"},"primaryImageOfPage":{"@id":"https:\/\/www.majesticsaigon.com\/vi\/facilities\/wellness-spa-center\/#primaryimage"},"image":{"@id":"https:\/\/www.majesticsaigon.com\/vi\/facilities\/wellness-spa-center\/#primaryimage"},"thumbnailUrl":"https:\/\/www.majesticsaigon.com\/wp-content\/uploads\/sites\/258\/2022\/10\/Copy-of-hotel_majestic_pool-2.jpg","datePublished":"2022-10-12T08:12:13+00:00","dateModified":"2024-04-02T07:51:02+00:00","description":"Th\u1ea5u hi\u1ec3u nhu c\u1ea7u th\u01b0 gi\u00e3n v\u00e0 r\u00e8n luy\u1ec7n s\u1ee9c kh\u1ecfe, Kh\u00e1ch s\u1ea1n mong mu\u1ed1n cung c\u1ea5p c\u00e1c d\u1ecbch v\u1ee5 spa v\u00e0 ch\u0103m s\u00f3c s\u1ee9c kh\u1ecfe cho m\u1ecdi kh\u00e1ch h\u00e0ng.","breadcrumb":{"@id":"https:\/\/www.majesticsaigon.com\/vi\/facilities\/wellness-spa-center\/#breadcrumb"},"inLanguage":"vi-VN","potentialAction":[{"@type":"ReadAction","target":["https:\/\/www.majesticsaigon.com\/vi\/facilities\/wellness-spa-center\/"]}]},{"@type":"ImageObject","inLanguage":"vi-VN","@id":"https:\/\/www.majesticsaigon.com\/vi\/facilities\/wellness-spa-center\/#primaryimage","url":"https:\/\/www.majesticsaigon.com\/wp-content\/uploads\/sites\/258\/2022\/10\/Copy-of-hotel_majestic_pool-2.jpg","contentUrl":"https:\/\/www.majesticsaigon.com\/wp-content\/uploads\/sites\/258\/2022\/10\/Copy-of-hotel_majestic_pool-2.jpg","width":2200,"height":1467},{"@type":"BreadcrumbList","@id":"https:\/\/www.majesticsaigon.com\/vi\/facilities\/wellness-spa-center\/#breadcrumb","itemListElement":[{"@type":"ListItem","position":1,"name":"Home","item":"https:\/\/www.majesticsaigon.com\/vi\/"},{"@type":"ListItem","position":2,"name":"C\u01a0 S\u1ede","item":"https:\/\/www.majesticsaigon.com\/vi\/facilities\/"},{"@type":"ListItem","position":3,"name":"TRUNG T\u00c2M S\u1ee8C KH\u1eceE &#038; SPA"}]},{"@type":"WebSite","@id":"https:\/\/www.majesticsaigon.com\/vi\/#website","url":"https:\/\/www.majesticsaigon.com\/vi\/","name":"Majestic Saigon Hotel","description":"","potentialAction":[{"@type":"SearchAction","target":{"@type":"EntryPoint","urlTemplate":"https:\/\/www.majesticsaigon.com\/vi\/?s={search_term_string}"},"query-input":"required name=search_term_string"}],"inLanguage":"vi-VN"}]}},"_links":{"self":[{"href":"https:\/\/www.majesticsaigon.com\/vi\/wp-json\/wp\/v2\/pages\/2068"}],"collection":[{"href":"https:\/\/www.majesticsaigon.com\/vi\/wp-json\/wp\/v2\/pages"}],"about":[{"href":"https:\/\/www.majesticsaigon.com\/vi\/wp-json\/wp\/v2\/types\/page"}],"author":[{"embeddable":true,"href":"https:\/\/www.majesticsaigon.com\/vi\/wp-json\/wp\/v2\/users\/368"}],"replies":[{"embeddable":true,"href":"https:\/\/www.majesticsaigon.com\/vi\/wp-json\/wp\/v2\/comments?post=2068"}],"version-history":[{"count":0,"href":"https:\/\/www.majesticsaigon.com\/vi\/wp-json\/wp\/v2\/pages\/2068\/revisions"}],"up":[{"embeddable":true,"href":"https:\/\/www.majesticsaigon.com\/vi\/wp-json\/wp\/v2\/pages\/3140"}],"wp:featuredmedia":[{"embeddable":true,"href":"https:\/\/www.majesticsaigon.com\/vi\/wp-json\/wp\/v2\/media\/315"}],"wp:attachment":[{"href":"https:\/\/www.majesticsaigon.com\/vi\/wp-json\/wp\/v2\/media?parent=2068"}],"curies":[{"name":"wp","href":"https:\/\/api.w.org\/{rel}","templated":true}]}}