{"id":2072,"date":"2022-10-12T08:28:52","date_gmt":"2022-10-12T08:28:52","guid":{"rendered":"https:\/\/www.majesticsaigon.com\/wellness-spa-center\/spa\/"},"modified":"2024-04-02T09:19:16","modified_gmt":"2024-04-02T09:19:16","slug":"spa","status":"publish","type":"page","link":"https:\/\/www.majesticsaigon.com\/vi\/facilities\/wellness-spa-center\/spa\/","title":{"rendered":"SPA"},"content":{"rendered":"<p>T\u1ecda l\u1ea1c t\u1ea1i t\u1ea7ng 1 c\u1ee7a Kh\u00e1ch s\u1ea1n Majestic S\u00e0i G\u00f2n, Le Grand Spa l\u00e0 ch\u1ed1n ngh\u1ec9 d\u01b0\u1ee1ng y\u00ean b\u00ecnh \u0111\u1ec3 th\u01b0 gi\u00e3n v\u00e0 n\u00e2ng cao s\u1ee9c kh\u1ecfe. Kh\u00f4ng gian m\u1edf c\u00f9ng nh\u1eefng \u0111i\u1ec3m nh\u1ea5n b\u00e0i tr\u00ed \u0111\u1eadm n\u00e9t b\u1ea3n \u0111\u1ecba h\u1ee9a h\u1eb9n mang \u0111\u1ebfn nh\u1eefng ph\u00fat gi\u00e2y th\u01b0 th\u00e1i v\u00e0 an y\u00ean. T\u1ea1i \u0111\u00e2y, c\u00e1c li\u1ec7u ph\u00e1p spa h\u01b0\u1edbng \u0111\u1ebfn s\u1ef1 ph\u1ee5c h\u1ed3i s\u1ebd gi\u00fap b\u1ea1n ch\u1eefa l\u00e0nh th\u00e2n &#8211; t\u00e2m &#8211; tr\u00ed. M\u1eddi b\u1ea1n \u0111\u1eafm m\u00ecnh v\u00e0o tr\u1ea3i nghi\u1ec7m h\u00e0i h\u00f2a, n\u01a1i giao thoa c\u1ee7a nh\u1eefng gi\u00e1 tr\u1ecb \u0111\u1ebfn t\u1eeb d\u1ecbch v\u1ee5 spa, s\u1ee9c kh\u1ecfe v\u00e0 s\u1eafc \u0111\u1eb9p. Trong kh\u00f4ng gian t\u0129nh t\u1ea1i ph\u1ea3ng ph\u1ea5t h\u01b0\u01a1ng tinh d\u1ea7u c\u00f9ng giai \u0111i\u1ec7u du d\u01b0\u01a1ng, \u0111\u1ed9i ng\u0169 k\u1ef9 thu\u1eadt vi\u00ean chuy\u00ean nghi\u1ec7p v\u00e0 \u00e2n c\u1ea7n s\u1ebd gi\u00fap b\u1ea1n xua \u0111i nh\u1eefng m\u1ecfi m\u1ec7t sau ng\u00e0y d\u00e0i l\u00e0m vi\u1ec7c \u0111\u1ec3 t\u1eadn h\u01b0\u1edfng nh\u1eefng ph\u00fat gi\u00e2y th\u01b0 gi\u00e3n.<br \/>\nD\u1ecbch v\u1ee5 Spa bao g\u1ed3m d\u1ecbch v\u1ee5 l\u00e0m t\u00f3c, tr\u1ecb li\u1ec7u to\u00e0n th\u00e2n, tr\u1ecb li\u1ec7u b\u1eb1ng x\u00fac gi\u00e1c, tr\u1ecb li\u1ec7u da m\u1eb7t, qu\u1ea5n \u1ee7 to\u00e0n th\u00e2n, b\u1ea5m huy\u1ec7t b\u00e0n ch\u00e2n, t\u1ea9y l\u00f4ng, d\u1ecbch v\u1ee5 l\u00e0m m\u00f3ng&#8230;<\/p>\n<p>\u0110\u1ecba \u0111i\u1ec3m:<br \/>\nT\u1ea7ng 1<\/p>\n<p>Gi\u1edd m\u1edf c\u1eeda: 08:30 \u2013 23:30<\/p>\n<p>\u0110\u1ec3 \u0111\u1eb7t ch\u1ed7, vui l\u00f2ng g\u1ecdi: 028 3829 5517 &#8211; S\u1ed1 m\u00e1y l\u1ebb 8021<\/p>\n","protected":false},"excerpt":{"rendered":"<p>T\u1ecda l\u1ea1c t\u1ea1i t\u1ea7ng 1 c\u1ee7a Kh\u00e1ch s\u1ea1n Majestic S\u00e0i G\u00f2n, Le Grand Spa l\u00e0 ch\u1ed1n ngh\u1ec9 d\u01b0\u1ee1ng y\u00ean b\u00ecnh \u0111\u1ec3 th\u01b0 gi\u00e3n v\u00e0 n\u00e2ng cao s\u1ee9c kh\u1ecfe. Kh\u00f4ng gian m\u1edf c\u00f9ng nh\u1eefng \u0111i\u1ec3m nh\u1ea5n b\u00e0i tr\u00ed \u0111\u1eadm n\u00e9t b\u1ea3n \u0111\u1ecba h\u1ee9a h\u1eb9n mang \u0111\u1ebfn nh\u1eefng ph\u00fat gi\u00e2y th\u01b0 th\u00e1i v\u00e0 an y\u00ean. T\u1ea1i \u0111\u00e2y, [&hellip;]<\/p>\n","protected":false},"author":368,"featured_media":327,"parent":2068,"menu_order":1,"comment_status":"closed","ping_status":"closed","template":"template-default-3.php","meta":{"footnotes":""},"acf":[],"yoast_head":"<!-- This site is optimized with the Yoast SEO plugin v22.3 - https:\/\/yoast.com\/wordpress\/plugins\/seo\/ -->\n<title>Spa | Hotel Majestic Saigon<\/title>\n<meta name=\"description\" content=\"T\u1eadn h\u01b0\u1edfng nh\u1eefng ph\u00fat gi\u00e2y th\u01b0 th\u00e1i v\u00e0 nu\u00f4ng chi\u1ec1u b\u1ea3n th\u00e2n v\u1edbi nh\u1eefng ti\u1ec7n nghi v\u00e0 d\u1ecbch v\u1ee5 m\u1edbi nh\u1ea5t t\u1ea1i kh\u00f4ng gian Spa and Fitness y\u00ean b\u00ecnh c\u1ee7a ch\u00fang t\u00f4i.\" \/>\n<meta name=\"robots\" content=\"index, follow, max-snippet:-1, max-image-preview:large, max-video-preview:-1\" \/>\n<link rel=\"canonical\" href=\"https:\/\/www.majesticsaigon.com\/vi\/facilities\/wellness-spa-center\/spa\/\" \/>\n<meta property=\"og:locale\" content=\"vi_VN\" \/>\n<meta property=\"og:type\" content=\"article\" \/>\n<meta property=\"og:title\" content=\"Spa | Hotel Majestic Saigon\" \/>\n<meta property=\"og:description\" content=\"T\u1eadn h\u01b0\u1edfng nh\u1eefng ph\u00fat gi\u00e2y th\u01b0 th\u00e1i v\u00e0 nu\u00f4ng chi\u1ec1u b\u1ea3n th\u00e2n v\u1edbi nh\u1eefng ti\u1ec7n nghi v\u00e0 d\u1ecbch v\u1ee5 m\u1edbi nh\u1ea5t t\u1ea1i kh\u00f4ng gian Spa and Fitness y\u00ean b\u00ecnh c\u1ee7a ch\u00fang t\u00f4i.\" \/>\n<meta property=\"og:url\" content=\"https:\/\/www.majesticsaigon.com\/vi\/facilities\/wellness-spa-center\/spa\/\" \/>\n<meta property=\"og:site_name\" content=\"Majestic Saigon Hotel\" \/>\n<meta property=\"article:modified_time\" content=\"2024-04-02T09:19:16+00:00\" \/>\n<meta property=\"og:image\" content=\"https:\/\/www.majesticsaigon.com\/wp-content\/uploads\/sites\/258\/2022\/10\/hotel_majestic_spa.jpg\" \/>\n\t<meta property=\"og:image:width\" content=\"1280\" \/>\n\t<meta property=\"og:image:height\" content=\"720\" \/>\n\t<meta property=\"og:image:type\" content=\"image\/jpeg\" \/>\n<meta name=\"twitter:card\" content=\"summary_large_image\" \/>\n<meta name=\"twitter:label1\" content=\"Est. reading time\" \/>\n\t<meta name=\"twitter:data1\" content=\"2 minutes\" \/>\n<script type=\"application\/ld+json\" class=\"yoast-schema-graph\">{\"@context\":\"https:\/\/schema.org\",\"@graph\":[{\"@type\":\"WebPage\",\"@id\":\"https:\/\/www.majesticsaigon.com\/vi\/facilities\/wellness-spa-center\/spa\/\",\"url\":\"https:\/\/www.majesticsaigon.com\/vi\/facilities\/wellness-spa-center\/spa\/\",\"name\":\"Spa | Hotel Majestic Saigon\",\"isPartOf\":{\"@id\":\"https:\/\/www.majesticsaigon.com\/vi\/#website\"},\"primaryImageOfPage\":{\"@id\":\"https:\/\/www.majesticsaigon.com\/vi\/facilities\/wellness-spa-center\/spa\/#primaryimage\"},\"image\":{\"@id\":\"https:\/\/www.majesticsaigon.com\/vi\/facilities\/wellness-spa-center\/spa\/#primaryimage\"},\"thumbnailUrl\":\"https:\/\/www.majesticsaigon.com\/wp-content\/uploads\/sites\/258\/2022\/10\/hotel_majestic_spa.jpg\",\"datePublished\":\"2022-10-12T08:28:52+00:00\",\"dateModified\":\"2024-04-02T09:19:16+00:00\",\"description\":\"T\u1eadn h\u01b0\u1edfng nh\u1eefng ph\u00fat gi\u00e2y th\u01b0 th\u00e1i v\u00e0 nu\u00f4ng chi\u1ec1u b\u1ea3n th\u00e2n v\u1edbi nh\u1eefng ti\u1ec7n nghi v\u00e0 d\u1ecbch v\u1ee5 m\u1edbi nh\u1ea5t t\u1ea1i kh\u00f4ng gian Spa and Fitness y\u00ean b\u00ecnh c\u1ee7a ch\u00fang t\u00f4i.\",\"breadcrumb\":{\"@id\":\"https:\/\/www.majesticsaigon.com\/vi\/facilities\/wellness-spa-center\/spa\/#breadcrumb\"},\"inLanguage\":\"vi-VN\",\"potentialAction\":[{\"@type\":\"ReadAction\",\"target\":[\"https:\/\/www.majesticsaigon.com\/vi\/facilities\/wellness-spa-center\/spa\/\"]}]},{\"@type\":\"ImageObject\",\"inLanguage\":\"vi-VN\",\"@id\":\"https:\/\/www.majesticsaigon.com\/vi\/facilities\/wellness-spa-center\/spa\/#primaryimage\",\"url\":\"https:\/\/www.majesticsaigon.com\/wp-content\/uploads\/sites\/258\/2022\/10\/hotel_majestic_spa.jpg\",\"contentUrl\":\"https:\/\/www.majesticsaigon.com\/wp-content\/uploads\/sites\/258\/2022\/10\/hotel_majestic_spa.jpg\",\"width\":1280,\"height\":720},{\"@type\":\"BreadcrumbList\",\"@id\":\"https:\/\/www.majesticsaigon.com\/vi\/facilities\/wellness-spa-center\/spa\/#breadcrumb\",\"itemListElement\":[{\"@type\":\"ListItem\",\"position\":1,\"name\":\"Home\",\"item\":\"https:\/\/www.majesticsaigon.com\/vi\/\"},{\"@type\":\"ListItem\",\"position\":2,\"name\":\"C\u01a0 S\u1ede\",\"item\":\"https:\/\/www.majesticsaigon.com\/vi\/facilities\/\"},{\"@type\":\"ListItem\",\"position\":3,\"name\":\"TRUNG T\u00c2M S\u1ee8C KH\u1eceE &#038; SPA\",\"item\":\"https:\/\/www.majesticsaigon.com\/vi\/facilities\/wellness-spa-center\/\"},{\"@type\":\"ListItem\",\"position\":4,\"name\":\"SPA\"}]},{\"@type\":\"WebSite\",\"@id\":\"https:\/\/www.majesticsaigon.com\/vi\/#website\",\"url\":\"https:\/\/www.majesticsaigon.com\/vi\/\",\"name\":\"Majestic Saigon Hotel\",\"description\":\"\",\"potentialAction\":[{\"@type\":\"SearchAction\",\"target\":{\"@type\":\"EntryPoint\",\"urlTemplate\":\"https:\/\/www.majesticsaigon.com\/vi\/?s={search_term_string}\"},\"query-input\":\"required name=search_term_string\"}],\"inLanguage\":\"vi-VN\"}]}<\/script>\n<!-- \/ Yoast SEO plugin. -->","yoast_head_json":{"title":"Spa | Hotel Majestic Saigon","description":"T\u1eadn h\u01b0\u1edfng nh\u1eefng ph\u00fat gi\u00e2y th\u01b0 th\u00e1i v\u00e0 nu\u00f4ng chi\u1ec1u b\u1ea3n th\u00e2n v\u1edbi nh\u1eefng ti\u1ec7n nghi v\u00e0 d\u1ecbch v\u1ee5 m\u1edbi nh\u1ea5t t\u1ea1i kh\u00f4ng gian Spa and Fitness y\u00ean b\u00ecnh c\u1ee7a ch\u00fang t\u00f4i.","robots":{"index":"index","follow":"follow","max-snippet":"max-snippet:-1","max-image-preview":"max-image-preview:large","max-video-preview":"max-video-preview:-1"},"canonical":"https:\/\/www.majesticsaigon.com\/vi\/facilities\/wellness-spa-center\/spa\/","og_locale":"vi_VN","og_type":"article","og_title":"Spa | Hotel Majestic Saigon","og_description":"T\u1eadn h\u01b0\u1edfng nh\u1eefng ph\u00fat gi\u00e2y th\u01b0 th\u00e1i v\u00e0 nu\u00f4ng chi\u1ec1u b\u1ea3n th\u00e2n v\u1edbi nh\u1eefng ti\u1ec7n nghi v\u00e0 d\u1ecbch v\u1ee5 m\u1edbi nh\u1ea5t t\u1ea1i kh\u00f4ng gian Spa and Fitness y\u00ean b\u00ecnh c\u1ee7a ch\u00fang t\u00f4i.","og_url":"https:\/\/www.majesticsaigon.com\/vi\/facilities\/wellness-spa-center\/spa\/","og_site_name":"Majestic Saigon Hotel","article_modified_time":"2024-04-02T09:19:16+00:00","og_image":[{"width":1280,"height":720,"url":"https:\/\/www.majesticsaigon.com\/wp-content\/uploads\/sites\/258\/2022\/10\/hotel_majestic_spa.jpg","type":"image\/jpeg"}],"twitter_card":"summary_large_image","twitter_misc":{"Est. reading time":"2 minutes"},"schema":{"@context":"https:\/\/schema.org","@graph":[{"@type":"WebPage","@id":"https:\/\/www.majesticsaigon.com\/vi\/facilities\/wellness-spa-center\/spa\/","url":"https:\/\/www.majesticsaigon.com\/vi\/facilities\/wellness-spa-center\/spa\/","name":"Spa | Hotel Majestic Saigon","isPartOf":{"@id":"https:\/\/www.majesticsaigon.com\/vi\/#website"},"primaryImageOfPage":{"@id":"https:\/\/www.majesticsaigon.com\/vi\/facilities\/wellness-spa-center\/spa\/#primaryimage"},"image":{"@id":"https:\/\/www.majesticsaigon.com\/vi\/facilities\/wellness-spa-center\/spa\/#primaryimage"},"thumbnailUrl":"https:\/\/www.majesticsaigon.com\/wp-content\/uploads\/sites\/258\/2022\/10\/hotel_majestic_spa.jpg","datePublished":"2022-10-12T08:28:52+00:00","dateModified":"2024-04-02T09:19:16+00:00","description":"T\u1eadn h\u01b0\u1edfng nh\u1eefng ph\u00fat gi\u00e2y th\u01b0 th\u00e1i v\u00e0 nu\u00f4ng chi\u1ec1u b\u1ea3n th\u00e2n v\u1edbi nh\u1eefng ti\u1ec7n nghi v\u00e0 d\u1ecbch v\u1ee5 m\u1edbi nh\u1ea5t t\u1ea1i kh\u00f4ng gian Spa and Fitness y\u00ean b\u00ecnh c\u1ee7a ch\u00fang t\u00f4i.","breadcrumb":{"@id":"https:\/\/www.majesticsaigon.com\/vi\/facilities\/wellness-spa-center\/spa\/#breadcrumb"},"inLanguage":"vi-VN","potentialAction":[{"@type":"ReadAction","target":["https:\/\/www.majesticsaigon.com\/vi\/facilities\/wellness-spa-center\/spa\/"]}]},{"@type":"ImageObject","inLanguage":"vi-VN","@id":"https:\/\/www.majesticsaigon.com\/vi\/facilities\/wellness-spa-center\/spa\/#primaryimage","url":"https:\/\/www.majesticsaigon.com\/wp-content\/uploads\/sites\/258\/2022\/10\/hotel_majestic_spa.jpg","contentUrl":"https:\/\/www.majesticsaigon.com\/wp-content\/uploads\/sites\/258\/2022\/10\/hotel_majestic_spa.jpg","width":1280,"height":720},{"@type":"BreadcrumbList","@id":"https:\/\/www.majesticsaigon.com\/vi\/facilities\/wellness-spa-center\/spa\/#breadcrumb","itemListElement":[{"@type":"ListItem","position":1,"name":"Home","item":"https:\/\/www.majesticsaigon.com\/vi\/"},{"@type":"ListItem","position":2,"name":"C\u01a0 S\u1ede","item":"https:\/\/www.majesticsaigon.com\/vi\/facilities\/"},{"@type":"ListItem","position":3,"name":"TRUNG T\u00c2M S\u1ee8C KH\u1eceE &#038; SPA","item":"https:\/\/www.majesticsaigon.com\/vi\/facilities\/wellness-spa-center\/"},{"@type":"ListItem","position":4,"name":"SPA"}]},{"@type":"WebSite","@id":"https:\/\/www.majesticsaigon.com\/vi\/#website","url":"https:\/\/www.majesticsaigon.com\/vi\/","name":"Majestic Saigon Hotel","description":"","potentialAction":[{"@type":"SearchAction","target":{"@type":"EntryPoint","urlTemplate":"https:\/\/www.majesticsaigon.com\/vi\/?s={search_term_string}"},"query-input":"required name=search_term_string"}],"inLanguage":"vi-VN"}]}},"_links":{"self":[{"href":"https:\/\/www.majesticsaigon.com\/vi\/wp-json\/wp\/v2\/pages\/2072"}],"collection":[{"href":"https:\/\/www.majesticsaigon.com\/vi\/wp-json\/wp\/v2\/pages"}],"about":[{"href":"https:\/\/www.majesticsaigon.com\/vi\/wp-json\/wp\/v2\/types\/page"}],"author":[{"embeddable":true,"href":"https:\/\/www.majesticsaigon.com\/vi\/wp-json\/wp\/v2\/users\/368"}],"replies":[{"embeddable":true,"href":"https:\/\/www.majesticsaigon.com\/vi\/wp-json\/wp\/v2\/comments?post=2072"}],"version-history":[{"count":0,"href":"https:\/\/www.majesticsaigon.com\/vi\/wp-json\/wp\/v2\/pages\/2072\/revisions"}],"up":[{"embeddable":true,"href":"https:\/\/www.majesticsaigon.com\/vi\/wp-json\/wp\/v2\/pages\/2068"}],"wp:featuredmedia":[{"embeddable":true,"href":"https:\/\/www.majesticsaigon.com\/vi\/wp-json\/wp\/v2\/media\/327"}],"wp:attachment":[{"href":"https:\/\/www.majesticsaigon.com\/vi\/wp-json\/wp\/v2\/media?parent=2072"}],"curies":[{"name":"wp","href":"https:\/\/api.w.org\/{rel}","templated":true}]}}