{"id":2076,"date":"2022-10-12T08:35:13","date_gmt":"2022-10-12T08:35:13","guid":{"rendered":"https:\/\/www.majesticsaigon.com\/wellness-spa-center\/fitness\/"},"modified":"2026-02-12T04:05:28","modified_gmt":"2026-02-12T04:05:28","slug":"fitness","status":"publish","type":"page","link":"https:\/\/www.majesticsaigon.com\/vi\/facilities\/wellness-spa-center\/fitness\/","title":{"rendered":"S\u1ee8C KH\u1eceE"},"content":{"rendered":"<p>Trung t\u00e2m th\u1ec3 h\u00ecnh c\u1ee7a ch\u00fang t\u00f4i \u0111\u01b0\u1ee3c trang b\u1ecb h\u1ec7 th\u1ed1ng m\u00e1y t\u1eadp v\u00e0 t\u1ea1 \u0111a d\u1ea1ng \u0111\u00e1p \u1ee9ng m\u1ecdi nhu c\u1ea7u t\u1eadp cardio v\u00e0 th\u1ec3 l\u1ef1c, v\u1edbi mong mu\u1ed1n kh\u00edch l\u1ec7 m\u1ed7i v\u1ecb kh\u00e1ch duy tr\u00ec th\u00f3i quen r\u00e8n luy\u1ec7n s\u1ee9c kh\u1ecfe trong th\u1eddi gian l\u01b0u tr\u00fa t\u1ea1i Kh\u00e1ch s\u1ea1n. Ph\u00f2ng t\u1eadp m\u1edf c\u1eeda t\u1eeb 6h s\u00e1ng \u0111\u01b0\u1ee3c trang b\u1ecb \u0111\u1ea7y \u0111\u1ee7 m\u00e1y ch\u1ea1y b\u1ed9, TV, xe \u0111\u1ea1p v\u00e0 m\u00e1y t\u1eadp t\u1ea1 t\u00e2n ti\u1ebfn. \u0110\u1eebng lo l\u1eafng n\u1ebfu b\u1ea1n l\u00e0 ng\u01b0\u1eddi m\u1edbi &#8211; \u0111\u1ed9i ng\u0169 nh\u00e2n vi\u00ean lu\u00f4n s\u1eb5n s\u00e0ng h\u1ed7 tr\u1ee3 b\u1ea5t c\u1ee9 khi n\u00e0o b\u1ea1n c\u1ea7n.<\/p>\n<p>\u0110\u1ecba \u0111i\u1ec3m:<br \/>\nT\u1ea7ng 1<\/p>\n<p>Gi\u1edd m\u1edf c\u1eeda:<br \/>\n06:00 \u2013 21:00<\/p>\n","protected":false},"excerpt":{"rendered":"<p>Trung t\u00e2m th\u1ec3 h\u00ecnh c\u1ee7a ch\u00fang t\u00f4i \u0111\u01b0\u1ee3c trang b\u1ecb h\u1ec7 th\u1ed1ng m\u00e1y t\u1eadp v\u00e0 t\u1ea1 \u0111a d\u1ea1ng \u0111\u00e1p \u1ee9ng m\u1ecdi nhu c\u1ea7u t\u1eadp cardio v\u00e0 th\u1ec3 l\u1ef1c, v\u1edbi mong mu\u1ed1n kh\u00edch l\u1ec7 m\u1ed7i v\u1ecb kh\u00e1ch duy tr\u00ec th\u00f3i quen r\u00e8n luy\u1ec7n s\u1ee9c kh\u1ecfe trong th\u1eddi gian l\u01b0u tr\u00fa t\u1ea1i Kh\u00e1ch s\u1ea1n. Ph\u00f2ng t\u1eadp m\u1edf [&hellip;]<\/p>\n","protected":false},"author":368,"featured_media":341,"parent":2068,"menu_order":2,"comment_status":"closed","ping_status":"closed","template":"template-default-3.php","meta":{"footnotes":""},"acf":[],"yoast_head":"<!-- This site is optimized with the Yoast SEO plugin v22.3 - https:\/\/yoast.com\/wordpress\/plugins\/seo\/ -->\n<title>S\u1ee9c kh\u1ecfe | Hotel Majestic Saigon<\/title>\n<meta name=\"description\" content=\"T\u1eadn h\u01b0\u1edfng nh\u1eefng ph\u00fat gi\u00e2y th\u01b0 th\u00e1i v\u00e0 nu\u00f4ng chi\u1ec1u b\u1ea3n th\u00e2n v\u1edbi nh\u1eefng ti\u1ec7n nghi v\u00e0 d\u1ecbch v\u1ee5 m\u1edbi nh\u1ea5t t\u1ea1i kh\u00f4ng gian Spa and Fitness y\u00ean b\u00ecnh c\u1ee7a ch\u00fang t\u00f4i.\" \/>\n<meta name=\"robots\" content=\"index, follow, max-snippet:-1, max-image-preview:large, max-video-preview:-1\" \/>\n<link rel=\"canonical\" href=\"https:\/\/www.majesticsaigon.com\/vi\/facilities\/wellness-spa-center\/fitness\/\" \/>\n<meta property=\"og:locale\" content=\"vi_VN\" \/>\n<meta property=\"og:type\" content=\"article\" \/>\n<meta property=\"og:title\" content=\"S\u1ee9c kh\u1ecfe | Hotel Majestic Saigon\" \/>\n<meta property=\"og:description\" content=\"T\u1eadn h\u01b0\u1edfng nh\u1eefng ph\u00fat gi\u00e2y th\u01b0 th\u00e1i v\u00e0 nu\u00f4ng chi\u1ec1u b\u1ea3n th\u00e2n v\u1edbi nh\u1eefng ti\u1ec7n nghi v\u00e0 d\u1ecbch v\u1ee5 m\u1edbi nh\u1ea5t t\u1ea1i kh\u00f4ng gian Spa and Fitness y\u00ean b\u00ecnh c\u1ee7a ch\u00fang t\u00f4i.\" \/>\n<meta property=\"og:url\" content=\"https:\/\/www.majesticsaigon.com\/vi\/facilities\/wellness-spa-center\/fitness\/\" \/>\n<meta property=\"og:site_name\" content=\"Majestic Saigon Hotel\" \/>\n<meta property=\"article:modified_time\" content=\"2026-02-12T04:05:28+00:00\" \/>\n<meta property=\"og:image\" content=\"https:\/\/www.majesticsaigon.com\/wp-content\/uploads\/sites\/258\/2022\/10\/hotel_majestic_gym.jpg\" \/>\n\t<meta property=\"og:image:width\" content=\"2200\" \/>\n\t<meta property=\"og:image:height\" content=\"1467\" \/>\n\t<meta property=\"og:image:type\" content=\"image\/jpeg\" \/>\n<meta name=\"twitter:card\" content=\"summary_large_image\" \/>\n<meta name=\"twitter:label1\" content=\"Est. reading time\" \/>\n\t<meta name=\"twitter:data1\" content=\"1 minute\" \/>\n<script type=\"application\/ld+json\" class=\"yoast-schema-graph\">{\"@context\":\"https:\/\/schema.org\",\"@graph\":[{\"@type\":\"WebPage\",\"@id\":\"https:\/\/www.majesticsaigon.com\/vi\/facilities\/wellness-spa-center\/fitness\/\",\"url\":\"https:\/\/www.majesticsaigon.com\/vi\/facilities\/wellness-spa-center\/fitness\/\",\"name\":\"S\u1ee9c kh\u1ecfe | Hotel Majestic Saigon\",\"isPartOf\":{\"@id\":\"https:\/\/www.majesticsaigon.com\/vi\/#website\"},\"primaryImageOfPage\":{\"@id\":\"https:\/\/www.majesticsaigon.com\/vi\/facilities\/wellness-spa-center\/fitness\/#primaryimage\"},\"image\":{\"@id\":\"https:\/\/www.majesticsaigon.com\/vi\/facilities\/wellness-spa-center\/fitness\/#primaryimage\"},\"thumbnailUrl\":\"https:\/\/www.majesticsaigon.com\/wp-content\/uploads\/sites\/258\/2022\/10\/hotel_majestic_gym.jpg\",\"datePublished\":\"2022-10-12T08:35:13+00:00\",\"dateModified\":\"2026-02-12T04:05:28+00:00\",\"description\":\"T\u1eadn h\u01b0\u1edfng nh\u1eefng ph\u00fat gi\u00e2y th\u01b0 th\u00e1i v\u00e0 nu\u00f4ng chi\u1ec1u b\u1ea3n th\u00e2n v\u1edbi nh\u1eefng ti\u1ec7n nghi v\u00e0 d\u1ecbch v\u1ee5 m\u1edbi nh\u1ea5t t\u1ea1i kh\u00f4ng gian Spa and Fitness y\u00ean b\u00ecnh c\u1ee7a ch\u00fang t\u00f4i.\",\"breadcrumb\":{\"@id\":\"https:\/\/www.majesticsaigon.com\/vi\/facilities\/wellness-spa-center\/fitness\/#breadcrumb\"},\"inLanguage\":\"vi-VN\",\"potentialAction\":[{\"@type\":\"ReadAction\",\"target\":[\"https:\/\/www.majesticsaigon.com\/vi\/facilities\/wellness-spa-center\/fitness\/\"]}]},{\"@type\":\"ImageObject\",\"inLanguage\":\"vi-VN\",\"@id\":\"https:\/\/www.majesticsaigon.com\/vi\/facilities\/wellness-spa-center\/fitness\/#primaryimage\",\"url\":\"https:\/\/www.majesticsaigon.com\/wp-content\/uploads\/sites\/258\/2022\/10\/hotel_majestic_gym.jpg\",\"contentUrl\":\"https:\/\/www.majesticsaigon.com\/wp-content\/uploads\/sites\/258\/2022\/10\/hotel_majestic_gym.jpg\",\"width\":2200,\"height\":1467},{\"@type\":\"BreadcrumbList\",\"@id\":\"https:\/\/www.majesticsaigon.com\/vi\/facilities\/wellness-spa-center\/fitness\/#breadcrumb\",\"itemListElement\":[{\"@type\":\"ListItem\",\"position\":1,\"name\":\"Home\",\"item\":\"https:\/\/www.majesticsaigon.com\/vi\/\"},{\"@type\":\"ListItem\",\"position\":2,\"name\":\"C\u01a0 S\u1ede\",\"item\":\"https:\/\/www.majesticsaigon.com\/vi\/facilities\/\"},{\"@type\":\"ListItem\",\"position\":3,\"name\":\"TRUNG T\u00c2M S\u1ee8C KH\u1eceE &#038; SPA\",\"item\":\"https:\/\/www.majesticsaigon.com\/vi\/facilities\/wellness-spa-center\/\"},{\"@type\":\"ListItem\",\"position\":4,\"name\":\"S\u1ee8C KH\u1eceE\"}]},{\"@type\":\"WebSite\",\"@id\":\"https:\/\/www.majesticsaigon.com\/vi\/#website\",\"url\":\"https:\/\/www.majesticsaigon.com\/vi\/\",\"name\":\"Majestic Saigon Hotel\",\"description\":\"\",\"potentialAction\":[{\"@type\":\"SearchAction\",\"target\":{\"@type\":\"EntryPoint\",\"urlTemplate\":\"https:\/\/www.majesticsaigon.com\/vi\/?s={search_term_string}\"},\"query-input\":\"required name=search_term_string\"}],\"inLanguage\":\"vi-VN\"}]}<\/script>\n<!-- \/ Yoast SEO plugin. -->","yoast_head_json":{"title":"S\u1ee9c kh\u1ecfe | Hotel Majestic Saigon","description":"T\u1eadn h\u01b0\u1edfng nh\u1eefng ph\u00fat gi\u00e2y th\u01b0 th\u00e1i v\u00e0 nu\u00f4ng chi\u1ec1u b\u1ea3n th\u00e2n v\u1edbi nh\u1eefng ti\u1ec7n nghi v\u00e0 d\u1ecbch v\u1ee5 m\u1edbi nh\u1ea5t t\u1ea1i kh\u00f4ng gian Spa and Fitness y\u00ean b\u00ecnh c\u1ee7a ch\u00fang t\u00f4i.","robots":{"index":"index","follow":"follow","max-snippet":"max-snippet:-1","max-image-preview":"max-image-preview:large","max-video-preview":"max-video-preview:-1"},"canonical":"https:\/\/www.majesticsaigon.com\/vi\/facilities\/wellness-spa-center\/fitness\/","og_locale":"vi_VN","og_type":"article","og_title":"S\u1ee9c kh\u1ecfe | Hotel Majestic Saigon","og_description":"T\u1eadn h\u01b0\u1edfng nh\u1eefng ph\u00fat gi\u00e2y th\u01b0 th\u00e1i v\u00e0 nu\u00f4ng chi\u1ec1u b\u1ea3n th\u00e2n v\u1edbi nh\u1eefng ti\u1ec7n nghi v\u00e0 d\u1ecbch v\u1ee5 m\u1edbi nh\u1ea5t t\u1ea1i kh\u00f4ng gian Spa and Fitness y\u00ean b\u00ecnh c\u1ee7a ch\u00fang t\u00f4i.","og_url":"https:\/\/www.majesticsaigon.com\/vi\/facilities\/wellness-spa-center\/fitness\/","og_site_name":"Majestic Saigon Hotel","article_modified_time":"2026-02-12T04:05:28+00:00","og_image":[{"width":2200,"height":1467,"url":"https:\/\/www.majesticsaigon.com\/wp-content\/uploads\/sites\/258\/2022\/10\/hotel_majestic_gym.jpg","type":"image\/jpeg"}],"twitter_card":"summary_large_image","twitter_misc":{"Est. reading time":"1 minute"},"schema":{"@context":"https:\/\/schema.org","@graph":[{"@type":"WebPage","@id":"https:\/\/www.majesticsaigon.com\/vi\/facilities\/wellness-spa-center\/fitness\/","url":"https:\/\/www.majesticsaigon.com\/vi\/facilities\/wellness-spa-center\/fitness\/","name":"S\u1ee9c kh\u1ecfe | Hotel Majestic Saigon","isPartOf":{"@id":"https:\/\/www.majesticsaigon.com\/vi\/#website"},"primaryImageOfPage":{"@id":"https:\/\/www.majesticsaigon.com\/vi\/facilities\/wellness-spa-center\/fitness\/#primaryimage"},"image":{"@id":"https:\/\/www.majesticsaigon.com\/vi\/facilities\/wellness-spa-center\/fitness\/#primaryimage"},"thumbnailUrl":"https:\/\/www.majesticsaigon.com\/wp-content\/uploads\/sites\/258\/2022\/10\/hotel_majestic_gym.jpg","datePublished":"2022-10-12T08:35:13+00:00","dateModified":"2026-02-12T04:05:28+00:00","description":"T\u1eadn h\u01b0\u1edfng nh\u1eefng ph\u00fat gi\u00e2y th\u01b0 th\u00e1i v\u00e0 nu\u00f4ng chi\u1ec1u b\u1ea3n th\u00e2n v\u1edbi nh\u1eefng ti\u1ec7n nghi v\u00e0 d\u1ecbch v\u1ee5 m\u1edbi nh\u1ea5t t\u1ea1i kh\u00f4ng gian Spa and Fitness y\u00ean b\u00ecnh c\u1ee7a ch\u00fang t\u00f4i.","breadcrumb":{"@id":"https:\/\/www.majesticsaigon.com\/vi\/facilities\/wellness-spa-center\/fitness\/#breadcrumb"},"inLanguage":"vi-VN","potentialAction":[{"@type":"ReadAction","target":["https:\/\/www.majesticsaigon.com\/vi\/facilities\/wellness-spa-center\/fitness\/"]}]},{"@type":"ImageObject","inLanguage":"vi-VN","@id":"https:\/\/www.majesticsaigon.com\/vi\/facilities\/wellness-spa-center\/fitness\/#primaryimage","url":"https:\/\/www.majesticsaigon.com\/wp-content\/uploads\/sites\/258\/2022\/10\/hotel_majestic_gym.jpg","contentUrl":"https:\/\/www.majesticsaigon.com\/wp-content\/uploads\/sites\/258\/2022\/10\/hotel_majestic_gym.jpg","width":2200,"height":1467},{"@type":"BreadcrumbList","@id":"https:\/\/www.majesticsaigon.com\/vi\/facilities\/wellness-spa-center\/fitness\/#breadcrumb","itemListElement":[{"@type":"ListItem","position":1,"name":"Home","item":"https:\/\/www.majesticsaigon.com\/vi\/"},{"@type":"ListItem","position":2,"name":"C\u01a0 S\u1ede","item":"https:\/\/www.majesticsaigon.com\/vi\/facilities\/"},{"@type":"ListItem","position":3,"name":"TRUNG T\u00c2M S\u1ee8C KH\u1eceE &#038; SPA","item":"https:\/\/www.majesticsaigon.com\/vi\/facilities\/wellness-spa-center\/"},{"@type":"ListItem","position":4,"name":"S\u1ee8C KH\u1eceE"}]},{"@type":"WebSite","@id":"https:\/\/www.majesticsaigon.com\/vi\/#website","url":"https:\/\/www.majesticsaigon.com\/vi\/","name":"Majestic Saigon Hotel","description":"","potentialAction":[{"@type":"SearchAction","target":{"@type":"EntryPoint","urlTemplate":"https:\/\/www.majesticsaigon.com\/vi\/?s={search_term_string}"},"query-input":"required name=search_term_string"}],"inLanguage":"vi-VN"}]}},"_links":{"self":[{"href":"https:\/\/www.majesticsaigon.com\/vi\/wp-json\/wp\/v2\/pages\/2076"}],"collection":[{"href":"https:\/\/www.majesticsaigon.com\/vi\/wp-json\/wp\/v2\/pages"}],"about":[{"href":"https:\/\/www.majesticsaigon.com\/vi\/wp-json\/wp\/v2\/types\/page"}],"author":[{"embeddable":true,"href":"https:\/\/www.majesticsaigon.com\/vi\/wp-json\/wp\/v2\/users\/368"}],"replies":[{"embeddable":true,"href":"https:\/\/www.majesticsaigon.com\/vi\/wp-json\/wp\/v2\/comments?post=2076"}],"version-history":[{"count":0,"href":"https:\/\/www.majesticsaigon.com\/vi\/wp-json\/wp\/v2\/pages\/2076\/revisions"}],"up":[{"embeddable":true,"href":"https:\/\/www.majesticsaigon.com\/vi\/wp-json\/wp\/v2\/pages\/2068"}],"wp:featuredmedia":[{"embeddable":true,"href":"https:\/\/www.majesticsaigon.com\/vi\/wp-json\/wp\/v2\/media\/341"}],"wp:attachment":[{"href":"https:\/\/www.majesticsaigon.com\/vi\/wp-json\/wp\/v2\/media?parent=2076"}],"curies":[{"name":"wp","href":"https:\/\/api.w.org\/{rel}","templated":true}]}}