{"id":2086,"date":"2022-10-12T08:43:15","date_gmt":"2022-10-12T08:43:15","guid":{"rendered":"https:\/\/www.majesticsaigon.com\/wedding\/"},"modified":"2025-07-10T03:07:37","modified_gmt":"2025-07-10T03:07:37","slug":"wedding","status":"publish","type":"page","link":"https:\/\/www.majesticsaigon.com\/vi\/wedding-events\/wedding\/","title":{"rendered":"TI\u1ec6C C\u01af\u1edaI"},"content":{"rendered":"<p>L\u1ef1a ch\u1ecdn \u0111\u1ecba \u0111i\u1ec3m t\u1ed5 ch\u1ee9c ti\u1ec7c c\u01b0\u1edbi ho\u00e0n h\u1ea3o l\u00e0 m\u1ed9t trong nh\u1eefng quy\u1ebft \u0111\u1ecbnh tr\u1ecdng \u0111\u1ea1i c\u1ee7a cu\u1ed9c \u0111\u1eddi. Ch\u00fang t\u00f4i hi\u1ec3u r\u1eb1ng ai c\u0169ng c\u00f3 nh\u1eefng k\u1ef3 v\u1ecdng kh\u00e1c nhau cho Ng\u00e0y \u0111\u1eb7c bi\u1ec7t c\u1ee7a m\u00ecnh. V\u00ec l\u1ebd \u0111\u00f3, ch\u00fang t\u00f4i lu\u00f4n d\u00e0nh th\u1eddi gian ng\u1ed3i l\u1ea1i v\u00e0 c\u00f9ng kh\u00e1ch h\u00e0ng c\u00e2n nh\u1eafc \u0111\u1ebfn t\u1eebng chi ti\u1ebft. C\u00e1c chuy\u00ean gia t\u1ed5 ch\u1ee9c ti\u1ec7c c\u01b0\u1edbi chu \u0111\u00e1o v\u00e0 gi\u00e0u kinh nghi\u1ec7m c\u1ee7a ch\u00fang t\u00f4i s\u1ebd l\u00e0 nh\u1eefng tr\u1ee3 th\u1ee7 \u0111\u1eafc l\u1ef1c lu\u00f4n h\u1ed7 tr\u1ee3 v\u00e0 \u0111\u01b0a ra nh\u1eefng l\u1eddi khuy\u00ean h\u1eefu \u00edch \u0111\u1ec3 c\u00f9ng nhau mang \u0111\u1ebfn m\u1ed9t ng\u00e0y v\u01b0\u1ee3t l\u00ean m\u1ecdi k\u1ef3 v\u1ecdng c\u1ee7a b\u1ea1n.<br \/>\nH\u00e3y li\u00ean h\u1ec7 v\u1edbi ch\u00fang t\u00f4i \u0111\u1ec3 hi\u1ec7n th\u1ef1c h\u00f3a nh\u1eefng kho\u1ea3nh kh\u1eafc tr\u00e2n qu\u00fd v\u00e0 \u0111\u00e1ng nh\u1edb nh\u1ea5t trong \u0111\u1eddi.<br \/>\n028 3829 5517<br \/>\n(li\u00ean h\u1ec7 v\u1edbi B\u1ed9 ph\u1eadn Chuy\u00ean vi\u00ean Kinh doanh S\u1ef1 ki\u1ec7n)<\/p>\n","protected":false},"excerpt":{"rendered":"<p>L\u1ef1a ch\u1ecdn \u0111\u1ecba \u0111i\u1ec3m t\u1ed5 ch\u1ee9c ti\u1ec7c c\u01b0\u1edbi ho\u00e0n h\u1ea3o l\u00e0 m\u1ed9t trong nh\u1eefng quy\u1ebft \u0111\u1ecbnh tr\u1ecdng \u0111\u1ea1i c\u1ee7a cu\u1ed9c \u0111\u1eddi. Ch\u00fang t\u00f4i hi\u1ec3u r\u1eb1ng ai c\u0169ng c\u00f3 nh\u1eefng k\u1ef3 v\u1ecdng kh\u00e1c nhau cho Ng\u00e0y \u0111\u1eb7c bi\u1ec7t c\u1ee7a m\u00ecnh. V\u00ec l\u1ebd \u0111\u00f3, ch\u00fang t\u00f4i lu\u00f4n d\u00e0nh th\u1eddi gian ng\u1ed3i l\u1ea1i v\u00e0 c\u00f9ng kh\u00e1ch h\u00e0ng c\u00e2n [&hellip;]<\/p>\n","protected":false},"author":368,"featured_media":1106,"parent":3132,"menu_order":0,"comment_status":"closed","ping_status":"closed","template":"template-weddings.php","meta":{"footnotes":""},"acf":[],"yoast_head":"<!-- This site is optimized with the Yoast SEO plugin v22.3 - https:\/\/yoast.com\/wordpress\/plugins\/seo\/ -->\n<title>Ti\u1ec7c c\u01b0\u1edbi | Hotel Majestic Saigon<\/title>\n<meta name=\"description\" content=\"L\u1ef1a ch\u1ecdn \u0111\u1ecba \u0111i\u1ec3m t\u1ed5 ch\u1ee9c ti\u1ec7c c\u01b0\u1edbi ho\u00e0n h\u1ea3o l\u00e0 m\u1ed9t trong nh\u1eefng quy\u1ebft \u0111\u1ecbnh tr\u1ecdng \u0111\u1ea1i c\u1ee7a cu\u1ed9c \u0111\u1eddi. Ch\u00fang t\u00f4i mong mu\u1ed1n mang \u0111\u1ebfn m\u1ed9t ng\u00e0y v\u01b0\u1ee3t l\u00ean m\u1ecdi k\u1ef3 v\u1ecdng c\u1ee7a b\u1ea1n.\" \/>\n<meta name=\"robots\" content=\"index, follow, max-snippet:-1, max-image-preview:large, max-video-preview:-1\" \/>\n<link rel=\"canonical\" href=\"https:\/\/www.majesticsaigon.com\/vi\/wedding-events\/wedding\/\" \/>\n<meta property=\"og:locale\" content=\"vi_VN\" \/>\n<meta property=\"og:type\" content=\"article\" \/>\n<meta property=\"og:title\" content=\"Ti\u1ec7c c\u01b0\u1edbi | Hotel Majestic Saigon\" \/>\n<meta property=\"og:description\" content=\"L\u1ef1a ch\u1ecdn \u0111\u1ecba \u0111i\u1ec3m t\u1ed5 ch\u1ee9c ti\u1ec7c c\u01b0\u1edbi ho\u00e0n h\u1ea3o l\u00e0 m\u1ed9t trong nh\u1eefng quy\u1ebft \u0111\u1ecbnh tr\u1ecdng \u0111\u1ea1i c\u1ee7a cu\u1ed9c \u0111\u1eddi. Ch\u00fang t\u00f4i mong mu\u1ed1n mang \u0111\u1ebfn m\u1ed9t ng\u00e0y v\u01b0\u1ee3t l\u00ean m\u1ecdi k\u1ef3 v\u1ecdng c\u1ee7a b\u1ea1n.\" \/>\n<meta property=\"og:url\" content=\"https:\/\/www.majesticsaigon.com\/vi\/wedding-events\/wedding\/\" \/>\n<meta property=\"og:site_name\" content=\"Majestic Saigon Hotel\" \/>\n<meta property=\"article:modified_time\" content=\"2025-07-10T03:07:37+00:00\" \/>\n<meta property=\"og:image\" content=\"https:\/\/www.majesticsaigon.com\/wp-content\/uploads\/sites\/258\/2023\/10\/KAL09487-HDR.jpg\" \/>\n\t<meta property=\"og:image:width\" content=\"2200\" \/>\n\t<meta property=\"og:image:height\" content=\"1467\" \/>\n\t<meta property=\"og:image:type\" content=\"image\/jpeg\" \/>\n<meta name=\"twitter:card\" content=\"summary_large_image\" \/>\n<meta name=\"twitter:label1\" content=\"Est. reading time\" \/>\n\t<meta name=\"twitter:data1\" content=\"1 minute\" \/>\n<script type=\"application\/ld+json\" class=\"yoast-schema-graph\">{\"@context\":\"https:\/\/schema.org\",\"@graph\":[{\"@type\":\"WebPage\",\"@id\":\"https:\/\/www.majesticsaigon.com\/vi\/wedding-events\/wedding\/\",\"url\":\"https:\/\/www.majesticsaigon.com\/vi\/wedding-events\/wedding\/\",\"name\":\"Ti\u1ec7c c\u01b0\u1edbi | Hotel Majestic Saigon\",\"isPartOf\":{\"@id\":\"https:\/\/www.majesticsaigon.com\/vi\/#website\"},\"primaryImageOfPage\":{\"@id\":\"https:\/\/www.majesticsaigon.com\/vi\/wedding-events\/wedding\/#primaryimage\"},\"image\":{\"@id\":\"https:\/\/www.majesticsaigon.com\/vi\/wedding-events\/wedding\/#primaryimage\"},\"thumbnailUrl\":\"https:\/\/www.majesticsaigon.com\/wp-content\/uploads\/sites\/258\/2023\/10\/KAL09487-HDR.jpg\",\"datePublished\":\"2022-10-12T08:43:15+00:00\",\"dateModified\":\"2025-07-10T03:07:37+00:00\",\"description\":\"L\u1ef1a ch\u1ecdn \u0111\u1ecba \u0111i\u1ec3m t\u1ed5 ch\u1ee9c ti\u1ec7c c\u01b0\u1edbi ho\u00e0n h\u1ea3o l\u00e0 m\u1ed9t trong nh\u1eefng quy\u1ebft \u0111\u1ecbnh tr\u1ecdng \u0111\u1ea1i c\u1ee7a cu\u1ed9c \u0111\u1eddi. Ch\u00fang t\u00f4i mong mu\u1ed1n mang \u0111\u1ebfn m\u1ed9t ng\u00e0y v\u01b0\u1ee3t l\u00ean m\u1ecdi k\u1ef3 v\u1ecdng c\u1ee7a b\u1ea1n.\",\"breadcrumb\":{\"@id\":\"https:\/\/www.majesticsaigon.com\/vi\/wedding-events\/wedding\/#breadcrumb\"},\"inLanguage\":\"vi-VN\",\"potentialAction\":[{\"@type\":\"ReadAction\",\"target\":[\"https:\/\/www.majesticsaigon.com\/vi\/wedding-events\/wedding\/\"]}]},{\"@type\":\"ImageObject\",\"inLanguage\":\"vi-VN\",\"@id\":\"https:\/\/www.majesticsaigon.com\/vi\/wedding-events\/wedding\/#primaryimage\",\"url\":\"https:\/\/www.majesticsaigon.com\/wp-content\/uploads\/sites\/258\/2023\/10\/KAL09487-HDR.jpg\",\"contentUrl\":\"https:\/\/www.majesticsaigon.com\/wp-content\/uploads\/sites\/258\/2023\/10\/KAL09487-HDR.jpg\",\"width\":2200,\"height\":1467},{\"@type\":\"BreadcrumbList\",\"@id\":\"https:\/\/www.majesticsaigon.com\/vi\/wedding-events\/wedding\/#breadcrumb\",\"itemListElement\":[{\"@type\":\"ListItem\",\"position\":1,\"name\":\"Home\",\"item\":\"https:\/\/www.majesticsaigon.com\/vi\/\"},{\"@type\":\"ListItem\",\"position\":2,\"name\":\"TI\u1ec6C C\u01af\u1edaI &#038; S\u1ef0 KI\u1ec6N\",\"item\":\"https:\/\/www.majesticsaigon.com\/vi\/wedding-events\/\"},{\"@type\":\"ListItem\",\"position\":3,\"name\":\"TI\u1ec6C C\u01af\u1edaI\"}]},{\"@type\":\"WebSite\",\"@id\":\"https:\/\/www.majesticsaigon.com\/vi\/#website\",\"url\":\"https:\/\/www.majesticsaigon.com\/vi\/\",\"name\":\"Majestic Saigon Hotel\",\"description\":\"\",\"potentialAction\":[{\"@type\":\"SearchAction\",\"target\":{\"@type\":\"EntryPoint\",\"urlTemplate\":\"https:\/\/www.majesticsaigon.com\/vi\/?s={search_term_string}\"},\"query-input\":\"required name=search_term_string\"}],\"inLanguage\":\"vi-VN\"}]}<\/script>\n<!-- \/ Yoast SEO plugin. -->","yoast_head_json":{"title":"Ti\u1ec7c c\u01b0\u1edbi | Hotel Majestic Saigon","description":"L\u1ef1a ch\u1ecdn \u0111\u1ecba \u0111i\u1ec3m t\u1ed5 ch\u1ee9c ti\u1ec7c c\u01b0\u1edbi ho\u00e0n h\u1ea3o l\u00e0 m\u1ed9t trong nh\u1eefng quy\u1ebft \u0111\u1ecbnh tr\u1ecdng \u0111\u1ea1i c\u1ee7a cu\u1ed9c \u0111\u1eddi. Ch\u00fang t\u00f4i mong mu\u1ed1n mang \u0111\u1ebfn m\u1ed9t ng\u00e0y v\u01b0\u1ee3t l\u00ean m\u1ecdi k\u1ef3 v\u1ecdng c\u1ee7a b\u1ea1n.","robots":{"index":"index","follow":"follow","max-snippet":"max-snippet:-1","max-image-preview":"max-image-preview:large","max-video-preview":"max-video-preview:-1"},"canonical":"https:\/\/www.majesticsaigon.com\/vi\/wedding-events\/wedding\/","og_locale":"vi_VN","og_type":"article","og_title":"Ti\u1ec7c c\u01b0\u1edbi | Hotel Majestic Saigon","og_description":"L\u1ef1a ch\u1ecdn \u0111\u1ecba \u0111i\u1ec3m t\u1ed5 ch\u1ee9c ti\u1ec7c c\u01b0\u1edbi ho\u00e0n h\u1ea3o l\u00e0 m\u1ed9t trong nh\u1eefng quy\u1ebft \u0111\u1ecbnh tr\u1ecdng \u0111\u1ea1i c\u1ee7a cu\u1ed9c \u0111\u1eddi. Ch\u00fang t\u00f4i mong mu\u1ed1n mang \u0111\u1ebfn m\u1ed9t ng\u00e0y v\u01b0\u1ee3t l\u00ean m\u1ecdi k\u1ef3 v\u1ecdng c\u1ee7a b\u1ea1n.","og_url":"https:\/\/www.majesticsaigon.com\/vi\/wedding-events\/wedding\/","og_site_name":"Majestic Saigon Hotel","article_modified_time":"2025-07-10T03:07:37+00:00","og_image":[{"width":2200,"height":1467,"url":"https:\/\/www.majesticsaigon.com\/wp-content\/uploads\/sites\/258\/2023\/10\/KAL09487-HDR.jpg","type":"image\/jpeg"}],"twitter_card":"summary_large_image","twitter_misc":{"Est. reading time":"1 minute"},"schema":{"@context":"https:\/\/schema.org","@graph":[{"@type":"WebPage","@id":"https:\/\/www.majesticsaigon.com\/vi\/wedding-events\/wedding\/","url":"https:\/\/www.majesticsaigon.com\/vi\/wedding-events\/wedding\/","name":"Ti\u1ec7c c\u01b0\u1edbi | Hotel Majestic Saigon","isPartOf":{"@id":"https:\/\/www.majesticsaigon.com\/vi\/#website"},"primaryImageOfPage":{"@id":"https:\/\/www.majesticsaigon.com\/vi\/wedding-events\/wedding\/#primaryimage"},"image":{"@id":"https:\/\/www.majesticsaigon.com\/vi\/wedding-events\/wedding\/#primaryimage"},"thumbnailUrl":"https:\/\/www.majesticsaigon.com\/wp-content\/uploads\/sites\/258\/2023\/10\/KAL09487-HDR.jpg","datePublished":"2022-10-12T08:43:15+00:00","dateModified":"2025-07-10T03:07:37+00:00","description":"L\u1ef1a ch\u1ecdn \u0111\u1ecba \u0111i\u1ec3m t\u1ed5 ch\u1ee9c ti\u1ec7c c\u01b0\u1edbi ho\u00e0n h\u1ea3o l\u00e0 m\u1ed9t trong nh\u1eefng quy\u1ebft \u0111\u1ecbnh tr\u1ecdng \u0111\u1ea1i c\u1ee7a cu\u1ed9c \u0111\u1eddi. Ch\u00fang t\u00f4i mong mu\u1ed1n mang \u0111\u1ebfn m\u1ed9t ng\u00e0y v\u01b0\u1ee3t l\u00ean m\u1ecdi k\u1ef3 v\u1ecdng c\u1ee7a b\u1ea1n.","breadcrumb":{"@id":"https:\/\/www.majesticsaigon.com\/vi\/wedding-events\/wedding\/#breadcrumb"},"inLanguage":"vi-VN","potentialAction":[{"@type":"ReadAction","target":["https:\/\/www.majesticsaigon.com\/vi\/wedding-events\/wedding\/"]}]},{"@type":"ImageObject","inLanguage":"vi-VN","@id":"https:\/\/www.majesticsaigon.com\/vi\/wedding-events\/wedding\/#primaryimage","url":"https:\/\/www.majesticsaigon.com\/wp-content\/uploads\/sites\/258\/2023\/10\/KAL09487-HDR.jpg","contentUrl":"https:\/\/www.majesticsaigon.com\/wp-content\/uploads\/sites\/258\/2023\/10\/KAL09487-HDR.jpg","width":2200,"height":1467},{"@type":"BreadcrumbList","@id":"https:\/\/www.majesticsaigon.com\/vi\/wedding-events\/wedding\/#breadcrumb","itemListElement":[{"@type":"ListItem","position":1,"name":"Home","item":"https:\/\/www.majesticsaigon.com\/vi\/"},{"@type":"ListItem","position":2,"name":"TI\u1ec6C C\u01af\u1edaI &#038; S\u1ef0 KI\u1ec6N","item":"https:\/\/www.majesticsaigon.com\/vi\/wedding-events\/"},{"@type":"ListItem","position":3,"name":"TI\u1ec6C C\u01af\u1edaI"}]},{"@type":"WebSite","@id":"https:\/\/www.majesticsaigon.com\/vi\/#website","url":"https:\/\/www.majesticsaigon.com\/vi\/","name":"Majestic Saigon Hotel","description":"","potentialAction":[{"@type":"SearchAction","target":{"@type":"EntryPoint","urlTemplate":"https:\/\/www.majesticsaigon.com\/vi\/?s={search_term_string}"},"query-input":"required name=search_term_string"}],"inLanguage":"vi-VN"}]}},"_links":{"self":[{"href":"https:\/\/www.majesticsaigon.com\/vi\/wp-json\/wp\/v2\/pages\/2086"}],"collection":[{"href":"https:\/\/www.majesticsaigon.com\/vi\/wp-json\/wp\/v2\/pages"}],"about":[{"href":"https:\/\/www.majesticsaigon.com\/vi\/wp-json\/wp\/v2\/types\/page"}],"author":[{"embeddable":true,"href":"https:\/\/www.majesticsaigon.com\/vi\/wp-json\/wp\/v2\/users\/368"}],"replies":[{"embeddable":true,"href":"https:\/\/www.majesticsaigon.com\/vi\/wp-json\/wp\/v2\/comments?post=2086"}],"version-history":[{"count":0,"href":"https:\/\/www.majesticsaigon.com\/vi\/wp-json\/wp\/v2\/pages\/2086\/revisions"}],"up":[{"embeddable":true,"href":"https:\/\/www.majesticsaigon.com\/vi\/wp-json\/wp\/v2\/pages\/3132"}],"wp:featuredmedia":[{"embeddable":true,"href":"https:\/\/www.majesticsaigon.com\/vi\/wp-json\/wp\/v2\/media\/1106"}],"wp:attachment":[{"href":"https:\/\/www.majesticsaigon.com\/vi\/wp-json\/wp\/v2\/media?parent=2086"}],"curies":[{"name":"wp","href":"https:\/\/api.w.org\/{rel}","templated":true}]}}