{"id":2091,"date":"2022-10-12T08:58:04","date_gmt":"2022-10-12T08:58:04","guid":{"rendered":"https:\/\/www.majesticsaigon.com\/location-map\/"},"modified":"2024-02-28T07:19:09","modified_gmt":"2024-02-28T07:19:09","slug":"location-map","status":"publish","type":"page","link":"https:\/\/www.majesticsaigon.com\/vi\/location-map\/","title":{"rendered":"V\u1eca TR\u00cd &#038; B\u1ea2N \u0110\u1ed2"},"content":{"rendered":"<p>Nh\u01b0 m\u1ed9t l\u1ebd th\u01b0\u1eddng t\u00ecnh, m\u1ed7i du kh\u00e1ch \u0111\u1ec1u mong mu\u1ed1n \u0111\u01b0\u1ee3c tr\u1ea3i nghi\u1ec7m m\u1ed9t h\u00e0nh tr\u00ecnh th\u00fa v\u1ecb v\u00e0 ghi l\u1ea1i nh\u1eefng k\u1ef7 ni\u1ec7m qu\u00fd gi\u00e1 \u0111\u1ec3 tr\u00e2n tr\u1ecdng su\u1ed1t cu\u1ed9c \u0111\u1eddi. Gi\u00fap kh\u00e1ch h\u00e0ng \u0111i l\u1ea1i thu\u1eadn ti\u1ec7n, d\u1ec5 d\u00e0ng \u0111\u1ebfn \u0111\u01b0\u1ee3c b\u1ea5t c\u1ee9 n\u01a1i n\u00e0o m\u00ecnh mu\u1ed1n l\u00e0 nhi\u1ec7m v\u1ee5 kh\u00f4ng th\u1ec3 thi\u1ebfu c\u1ee7a m\u1ecdi kh\u00e1ch s\u1ea1ng h\u1ea1ng sang. Kh\u00e1ch s\u1ea1n Majestic S\u00e0i G\u00f2n t\u1ef1 h\u00e0o t\u1ecda l\u1ea1c t\u1ea1i m\u1ed9t trong nh\u1eefng v\u1ecb tr\u00ed \u0111\u1eafc \u0111\u1ecba nh\u1ea5t th\u00e0nh ph\u1ed1, n\u1eb1m ngay trung t\u00e2m Th\u00e0nh ph\u1ed1 H\u1ed3 Ch\u00ed Minh, tr\u00ean m\u1ed9t trong nh\u1eefng tr\u1ee5c \u0111\u01b0\u1eddng ch\u00ednh c\u1ee7a Qu\u1eadn 1, cho ph\u00e9p du kh\u00e1ch d\u1ec5 d\u00e0ng gh\u00e9 th\u0103m nhi\u1ec1u \u0111\u1ecba danh l\u1ecbch s\u1eed, khu v\u1ef1c mua s\u1eafm, vui ch\u01a1i gi\u1ea3i tr\u00ed v\u00e0 \u0103n u\u1ed1ng n\u1ed5i ti\u1ebfng.<\/p>\n","protected":false},"excerpt":{"rendered":"<p>Nh\u01b0 m\u1ed9t l\u1ebd th\u01b0\u1eddng t\u00ecnh, m\u1ed7i du kh\u00e1ch \u0111\u1ec1u mong mu\u1ed1n \u0111\u01b0\u1ee3c tr\u1ea3i nghi\u1ec7m m\u1ed9t h\u00e0nh tr\u00ecnh th\u00fa v\u1ecb v\u00e0 ghi l\u1ea1i nh\u1eefng k\u1ef7 ni\u1ec7m qu\u00fd gi\u00e1 \u0111\u1ec3 tr\u00e2n tr\u1ecdng su\u1ed1t cu\u1ed9c \u0111\u1eddi. Gi\u00fap kh\u00e1ch h\u00e0ng \u0111i l\u1ea1i thu\u1eadn ti\u1ec7n, d\u1ec5 d\u00e0ng \u0111\u1ebfn \u0111\u01b0\u1ee3c b\u1ea5t c\u1ee9 n\u01a1i n\u00e0o m\u00ecnh mu\u1ed1n l\u00e0 nhi\u1ec7m v\u1ee5 kh\u00f4ng th\u1ec3 [&hellip;]<\/p>\n","protected":false},"author":368,"featured_media":376,"parent":0,"menu_order":0,"comment_status":"closed","ping_status":"closed","template":"template-location.php","meta":{"footnotes":""},"acf":[],"yoast_head":"<!-- This site is optimized with the Yoast SEO plugin v22.3 - https:\/\/yoast.com\/wordpress\/plugins\/seo\/ -->\n<title>V\u1ecb tr\u00ed &amp; B\u1ea3n \u0111\u1ed3 | Hotel Majestic Saigon<\/title>\n<meta name=\"description\" content=\"Kh\u00e1m ph\u00e1 v\u00e0 gh\u00e9 th\u0103m c\u00e1c \u0111\u1ecba danh n\u1ed5i ti\u1ebfng xung quanh kh\u00e1ch s\u1ea1n v\u00e0 kh\u1eafp th\u00e0nh ph\u1ed1 \u0111\u1ec3 l\u00e0m phong ph\u00fa th\u00eam tr\u1ea3i nghi\u1ec7m phi\u00eau l\u01b0u c\u1ee7a b\u1ea1n v\u00e0 l\u01b0u gi\u1eef nh\u1eefng k\u1ef7 ni\u1ec7m \u0111\u00e1ng nh\u1edb nh\u1ea5t.\" \/>\n<meta name=\"robots\" content=\"index, follow, max-snippet:-1, max-image-preview:large, max-video-preview:-1\" \/>\n<link rel=\"canonical\" href=\"https:\/\/www.majesticsaigon.com\/vi\/location-map\/\" \/>\n<meta property=\"og:locale\" content=\"vi_VN\" \/>\n<meta property=\"og:type\" content=\"article\" \/>\n<meta property=\"og:title\" content=\"V\u1ecb tr\u00ed &amp; B\u1ea3n \u0111\u1ed3 | Hotel Majestic Saigon\" \/>\n<meta property=\"og:description\" content=\"Kh\u00e1m ph\u00e1 v\u00e0 gh\u00e9 th\u0103m c\u00e1c \u0111\u1ecba danh n\u1ed5i ti\u1ebfng xung quanh kh\u00e1ch s\u1ea1n v\u00e0 kh\u1eafp th\u00e0nh ph\u1ed1 \u0111\u1ec3 l\u00e0m phong ph\u00fa th\u00eam tr\u1ea3i nghi\u1ec7m phi\u00eau l\u01b0u c\u1ee7a b\u1ea1n v\u00e0 l\u01b0u gi\u1eef nh\u1eefng k\u1ef7 ni\u1ec7m \u0111\u00e1ng nh\u1edb nh\u1ea5t.\" \/>\n<meta property=\"og:url\" content=\"https:\/\/www.majesticsaigon.com\/vi\/location-map\/\" \/>\n<meta property=\"og:site_name\" content=\"Majestic Saigon Hotel\" \/>\n<meta property=\"article:modified_time\" content=\"2024-02-28T07:19:09+00:00\" \/>\n<meta property=\"og:image\" content=\"https:\/\/www.majesticsaigon.com\/wp-content\/uploads\/sites\/258\/2022\/10\/Copy-of-hotel_majestic_about_us_3.jpg\" \/>\n\t<meta property=\"og:image:width\" content=\"2200\" \/>\n\t<meta property=\"og:image:height\" content=\"1597\" \/>\n\t<meta property=\"og:image:type\" content=\"image\/jpeg\" \/>\n<meta name=\"twitter:card\" content=\"summary_large_image\" \/>\n<meta name=\"twitter:label1\" content=\"Est. reading time\" \/>\n\t<meta name=\"twitter:data1\" content=\"1 minute\" \/>\n<script type=\"application\/ld+json\" class=\"yoast-schema-graph\">{\"@context\":\"https:\/\/schema.org\",\"@graph\":[{\"@type\":\"WebPage\",\"@id\":\"https:\/\/www.majesticsaigon.com\/vi\/location-map\/\",\"url\":\"https:\/\/www.majesticsaigon.com\/vi\/location-map\/\",\"name\":\"V\u1ecb tr\u00ed & B\u1ea3n \u0111\u1ed3 | Hotel Majestic Saigon\",\"isPartOf\":{\"@id\":\"https:\/\/www.majesticsaigon.com\/vi\/#website\"},\"primaryImageOfPage\":{\"@id\":\"https:\/\/www.majesticsaigon.com\/vi\/location-map\/#primaryimage\"},\"image\":{\"@id\":\"https:\/\/www.majesticsaigon.com\/vi\/location-map\/#primaryimage\"},\"thumbnailUrl\":\"https:\/\/www.majesticsaigon.com\/wp-content\/uploads\/sites\/258\/2022\/10\/Copy-of-hotel_majestic_about_us_3.jpg\",\"datePublished\":\"2022-10-12T08:58:04+00:00\",\"dateModified\":\"2024-02-28T07:19:09+00:00\",\"description\":\"Kh\u00e1m ph\u00e1 v\u00e0 gh\u00e9 th\u0103m c\u00e1c \u0111\u1ecba danh n\u1ed5i ti\u1ebfng xung quanh kh\u00e1ch s\u1ea1n v\u00e0 kh\u1eafp th\u00e0nh ph\u1ed1 \u0111\u1ec3 l\u00e0m phong ph\u00fa th\u00eam tr\u1ea3i nghi\u1ec7m phi\u00eau l\u01b0u c\u1ee7a b\u1ea1n v\u00e0 l\u01b0u gi\u1eef nh\u1eefng k\u1ef7 ni\u1ec7m \u0111\u00e1ng nh\u1edb nh\u1ea5t.\",\"breadcrumb\":{\"@id\":\"https:\/\/www.majesticsaigon.com\/vi\/location-map\/#breadcrumb\"},\"inLanguage\":\"vi-VN\",\"potentialAction\":[{\"@type\":\"ReadAction\",\"target\":[\"https:\/\/www.majesticsaigon.com\/vi\/location-map\/\"]}]},{\"@type\":\"ImageObject\",\"inLanguage\":\"vi-VN\",\"@id\":\"https:\/\/www.majesticsaigon.com\/vi\/location-map\/#primaryimage\",\"url\":\"https:\/\/www.majesticsaigon.com\/wp-content\/uploads\/sites\/258\/2022\/10\/Copy-of-hotel_majestic_about_us_3.jpg\",\"contentUrl\":\"https:\/\/www.majesticsaigon.com\/wp-content\/uploads\/sites\/258\/2022\/10\/Copy-of-hotel_majestic_about_us_3.jpg\",\"width\":2200,\"height\":1597},{\"@type\":\"BreadcrumbList\",\"@id\":\"https:\/\/www.majesticsaigon.com\/vi\/location-map\/#breadcrumb\",\"itemListElement\":[{\"@type\":\"ListItem\",\"position\":1,\"name\":\"Home\",\"item\":\"https:\/\/www.majesticsaigon.com\/vi\/\"},{\"@type\":\"ListItem\",\"position\":2,\"name\":\"V\u1eca TR\u00cd &#038; B\u1ea2N \u0110\u1ed2\"}]},{\"@type\":\"WebSite\",\"@id\":\"https:\/\/www.majesticsaigon.com\/vi\/#website\",\"url\":\"https:\/\/www.majesticsaigon.com\/vi\/\",\"name\":\"Majestic Saigon Hotel\",\"description\":\"\",\"potentialAction\":[{\"@type\":\"SearchAction\",\"target\":{\"@type\":\"EntryPoint\",\"urlTemplate\":\"https:\/\/www.majesticsaigon.com\/vi\/?s={search_term_string}\"},\"query-input\":\"required name=search_term_string\"}],\"inLanguage\":\"vi-VN\"}]}<\/script>\n<!-- \/ Yoast SEO plugin. -->","yoast_head_json":{"title":"V\u1ecb tr\u00ed & B\u1ea3n \u0111\u1ed3 | Hotel Majestic Saigon","description":"Kh\u00e1m ph\u00e1 v\u00e0 gh\u00e9 th\u0103m c\u00e1c \u0111\u1ecba danh n\u1ed5i ti\u1ebfng xung quanh kh\u00e1ch s\u1ea1n v\u00e0 kh\u1eafp th\u00e0nh ph\u1ed1 \u0111\u1ec3 l\u00e0m phong ph\u00fa th\u00eam tr\u1ea3i nghi\u1ec7m phi\u00eau l\u01b0u c\u1ee7a b\u1ea1n v\u00e0 l\u01b0u gi\u1eef nh\u1eefng k\u1ef7 ni\u1ec7m \u0111\u00e1ng nh\u1edb nh\u1ea5t.","robots":{"index":"index","follow":"follow","max-snippet":"max-snippet:-1","max-image-preview":"max-image-preview:large","max-video-preview":"max-video-preview:-1"},"canonical":"https:\/\/www.majesticsaigon.com\/vi\/location-map\/","og_locale":"vi_VN","og_type":"article","og_title":"V\u1ecb tr\u00ed & B\u1ea3n \u0111\u1ed3 | Hotel Majestic Saigon","og_description":"Kh\u00e1m ph\u00e1 v\u00e0 gh\u00e9 th\u0103m c\u00e1c \u0111\u1ecba danh n\u1ed5i ti\u1ebfng xung quanh kh\u00e1ch s\u1ea1n v\u00e0 kh\u1eafp th\u00e0nh ph\u1ed1 \u0111\u1ec3 l\u00e0m phong ph\u00fa th\u00eam tr\u1ea3i nghi\u1ec7m phi\u00eau l\u01b0u c\u1ee7a b\u1ea1n v\u00e0 l\u01b0u gi\u1eef nh\u1eefng k\u1ef7 ni\u1ec7m \u0111\u00e1ng nh\u1edb nh\u1ea5t.","og_url":"https:\/\/www.majesticsaigon.com\/vi\/location-map\/","og_site_name":"Majestic Saigon Hotel","article_modified_time":"2024-02-28T07:19:09+00:00","og_image":[{"width":2200,"height":1597,"url":"https:\/\/www.majesticsaigon.com\/wp-content\/uploads\/sites\/258\/2022\/10\/Copy-of-hotel_majestic_about_us_3.jpg","type":"image\/jpeg"}],"twitter_card":"summary_large_image","twitter_misc":{"Est. reading time":"1 minute"},"schema":{"@context":"https:\/\/schema.org","@graph":[{"@type":"WebPage","@id":"https:\/\/www.majesticsaigon.com\/vi\/location-map\/","url":"https:\/\/www.majesticsaigon.com\/vi\/location-map\/","name":"V\u1ecb tr\u00ed & B\u1ea3n \u0111\u1ed3 | Hotel Majestic Saigon","isPartOf":{"@id":"https:\/\/www.majesticsaigon.com\/vi\/#website"},"primaryImageOfPage":{"@id":"https:\/\/www.majesticsaigon.com\/vi\/location-map\/#primaryimage"},"image":{"@id":"https:\/\/www.majesticsaigon.com\/vi\/location-map\/#primaryimage"},"thumbnailUrl":"https:\/\/www.majesticsaigon.com\/wp-content\/uploads\/sites\/258\/2022\/10\/Copy-of-hotel_majestic_about_us_3.jpg","datePublished":"2022-10-12T08:58:04+00:00","dateModified":"2024-02-28T07:19:09+00:00","description":"Kh\u00e1m ph\u00e1 v\u00e0 gh\u00e9 th\u0103m c\u00e1c \u0111\u1ecba danh n\u1ed5i ti\u1ebfng xung quanh kh\u00e1ch s\u1ea1n v\u00e0 kh\u1eafp th\u00e0nh ph\u1ed1 \u0111\u1ec3 l\u00e0m phong ph\u00fa th\u00eam tr\u1ea3i nghi\u1ec7m phi\u00eau l\u01b0u c\u1ee7a b\u1ea1n v\u00e0 l\u01b0u gi\u1eef nh\u1eefng k\u1ef7 ni\u1ec7m \u0111\u00e1ng nh\u1edb nh\u1ea5t.","breadcrumb":{"@id":"https:\/\/www.majesticsaigon.com\/vi\/location-map\/#breadcrumb"},"inLanguage":"vi-VN","potentialAction":[{"@type":"ReadAction","target":["https:\/\/www.majesticsaigon.com\/vi\/location-map\/"]}]},{"@type":"ImageObject","inLanguage":"vi-VN","@id":"https:\/\/www.majesticsaigon.com\/vi\/location-map\/#primaryimage","url":"https:\/\/www.majesticsaigon.com\/wp-content\/uploads\/sites\/258\/2022\/10\/Copy-of-hotel_majestic_about_us_3.jpg","contentUrl":"https:\/\/www.majesticsaigon.com\/wp-content\/uploads\/sites\/258\/2022\/10\/Copy-of-hotel_majestic_about_us_3.jpg","width":2200,"height":1597},{"@type":"BreadcrumbList","@id":"https:\/\/www.majesticsaigon.com\/vi\/location-map\/#breadcrumb","itemListElement":[{"@type":"ListItem","position":1,"name":"Home","item":"https:\/\/www.majesticsaigon.com\/vi\/"},{"@type":"ListItem","position":2,"name":"V\u1eca TR\u00cd &#038; B\u1ea2N \u0110\u1ed2"}]},{"@type":"WebSite","@id":"https:\/\/www.majesticsaigon.com\/vi\/#website","url":"https:\/\/www.majesticsaigon.com\/vi\/","name":"Majestic Saigon Hotel","description":"","potentialAction":[{"@type":"SearchAction","target":{"@type":"EntryPoint","urlTemplate":"https:\/\/www.majesticsaigon.com\/vi\/?s={search_term_string}"},"query-input":"required name=search_term_string"}],"inLanguage":"vi-VN"}]}},"_links":{"self":[{"href":"https:\/\/www.majesticsaigon.com\/vi\/wp-json\/wp\/v2\/pages\/2091"}],"collection":[{"href":"https:\/\/www.majesticsaigon.com\/vi\/wp-json\/wp\/v2\/pages"}],"about":[{"href":"https:\/\/www.majesticsaigon.com\/vi\/wp-json\/wp\/v2\/types\/page"}],"author":[{"embeddable":true,"href":"https:\/\/www.majesticsaigon.com\/vi\/wp-json\/wp\/v2\/users\/368"}],"replies":[{"embeddable":true,"href":"https:\/\/www.majesticsaigon.com\/vi\/wp-json\/wp\/v2\/comments?post=2091"}],"version-history":[{"count":0,"href":"https:\/\/www.majesticsaigon.com\/vi\/wp-json\/wp\/v2\/pages\/2091\/revisions"}],"wp:featuredmedia":[{"embeddable":true,"href":"https:\/\/www.majesticsaigon.com\/vi\/wp-json\/wp\/v2\/media\/376"}],"wp:attachment":[{"href":"https:\/\/www.majesticsaigon.com\/vi\/wp-json\/wp\/v2\/media?parent=2091"}],"curies":[{"name":"wp","href":"https:\/\/api.w.org\/{rel}","templated":true}]}}