{"id":2102,"date":"2022-10-14T01:48:55","date_gmt":"2022-10-14T01:48:55","guid":{"rendered":"https:\/\/www.majesticsaigon.com\/location-map\/surroundings\/"},"modified":"2024-02-28T07:49:01","modified_gmt":"2024-02-28T07:49:01","slug":"surroundings","status":"publish","type":"page","link":"https:\/\/www.majesticsaigon.com\/vi\/location-map\/surroundings\/","title":{"rendered":"KHU V\u1ef0C L\u00c2N C\u1eacN"},"content":{"rendered":"<p>Nh\u1edd v\u1ecb tr\u00ed thu\u1eadn l\u1ee3i t\u1ea1i g\u00f3c \u0111\u01b0\u1eddng \u0110\u1ed3ng Kh\u1edfi v\u00e0 T\u00f4n \u0110\u1ee9c Th\u1eafng, kh\u00e1ch l\u01b0u tr\u00fa t\u1ea1i Kh\u00e1ch s\u1ea1n Majestic S\u00e0i G\u00f2n c\u00f3 th\u1ec3 d\u1ec5 d\u00e0ng \u0111i b\u1ed9 \u0111\u1ebfn Nh\u00e0 h\u00e1t L\u1edbn, Nh\u00e0 th\u1edd \u0110\u1ee9c B\u00e0, Dinh \u0110\u1ed9c L\u1eadp v\u00e0 c\u00e1c trung t\u00e2m mua s\u1eafm sang tr\u1ecdng, khu vui ch\u01a1i gi\u1ea3i tr\u00ed n\u1ed5i ti\u1ebfng nh\u1ea5t th\u00e0nh ph\u1ed1. D\u00f9 b\u1ea1n \u0111ang \u0111i c\u00f4ng t\u00e1c hay ngh\u1ec9 d\u01b0\u1ee1ng, kh\u00e1m ph\u00e1 nh\u1ecbp s\u1ed1ng s\u00f4i \u0111\u1ed9ng c\u1ee7a th\u00e0nh ph\u1ed1 ch\u1eafc ch\u1eafn s\u1ebd lu\u00f4n l\u00e0 m\u1ed9t cu\u1ed9c phi\u00eau l\u01b0u tuy\u1ec7t v\u1eddi.<\/p>\n","protected":false},"excerpt":{"rendered":"<p>Nh\u1edd v\u1ecb tr\u00ed thu\u1eadn l\u1ee3i t\u1ea1i g\u00f3c \u0111\u01b0\u1eddng \u0110\u1ed3ng Kh\u1edfi v\u00e0 T\u00f4n \u0110\u1ee9c Th\u1eafng, kh\u00e1ch l\u01b0u tr\u00fa t\u1ea1i Kh\u00e1ch s\u1ea1n Majestic S\u00e0i G\u00f2n c\u00f3 th\u1ec3 d\u1ec5 d\u00e0ng \u0111i b\u1ed9 \u0111\u1ebfn Nh\u00e0 h\u00e1t L\u1edbn, Nh\u00e0 th\u1edd \u0110\u1ee9c B\u00e0, Dinh \u0110\u1ed9c L\u1eadp v\u00e0 c\u00e1c trung t\u00e2m mua s\u1eafm sang tr\u1ecdng, khu vui ch\u01a1i gi\u1ea3i tr\u00ed n\u1ed5i ti\u1ebfng [&hellip;]<\/p>\n","protected":false},"author":368,"featured_media":431,"parent":2091,"menu_order":0,"comment_status":"closed","ping_status":"closed","template":"template-surroundings.php","meta":{"footnotes":""},"acf":[],"yoast_head":"<!-- This site is optimized with the Yoast SEO plugin v22.3 - https:\/\/yoast.com\/wordpress\/plugins\/seo\/ -->\n<title>Khu v\u1ef1c l\u00e2n c\u1eadn | Hotel Majestic Saigon<\/title>\n<meta name=\"description\" content=\"Kh\u00e1ch l\u01b0u tr\u00fa c\u00f3 th\u1ec3 \u0111i b\u1ed9 t\u1eeb kh\u00e1ch s\u1ea1n \u0111\u1ebfn Nh\u00e0 h\u00e1t l\u1edbn, Nh\u00e0 th\u1edd \u0110\u1ee9c B\u00e0, Dinh \u0110\u1ed9c l\u1eadp v\u00e0 c\u00e1c trung t\u00e2m mua s\u1eafm v\u00e0 gi\u1ea3i tr\u00ed n\u1ed5i ti\u1ebfng nh\u1ea5t th\u00e0nh ph\u1ed1.\" \/>\n<meta name=\"robots\" content=\"index, follow, max-snippet:-1, max-image-preview:large, max-video-preview:-1\" \/>\n<link rel=\"canonical\" href=\"https:\/\/www.majesticsaigon.com\/vi\/location-map\/surroundings\/\" \/>\n<meta property=\"og:locale\" content=\"vi_VN\" \/>\n<meta property=\"og:type\" content=\"article\" \/>\n<meta property=\"og:title\" content=\"Khu v\u1ef1c l\u00e2n c\u1eadn | Hotel Majestic Saigon\" \/>\n<meta property=\"og:description\" content=\"Kh\u00e1ch l\u01b0u tr\u00fa c\u00f3 th\u1ec3 \u0111i b\u1ed9 t\u1eeb kh\u00e1ch s\u1ea1n \u0111\u1ebfn Nh\u00e0 h\u00e1t l\u1edbn, Nh\u00e0 th\u1edd \u0110\u1ee9c B\u00e0, Dinh \u0110\u1ed9c l\u1eadp v\u00e0 c\u00e1c trung t\u00e2m mua s\u1eafm v\u00e0 gi\u1ea3i tr\u00ed n\u1ed5i ti\u1ebfng nh\u1ea5t th\u00e0nh ph\u1ed1.\" \/>\n<meta property=\"og:url\" content=\"https:\/\/www.majesticsaigon.com\/vi\/location-map\/surroundings\/\" \/>\n<meta property=\"og:site_name\" content=\"Majestic Saigon Hotel\" \/>\n<meta property=\"article:modified_time\" content=\"2024-02-28T07:49:01+00:00\" \/>\n<meta property=\"og:image\" content=\"https:\/\/www.majesticsaigon.com\/wp-content\/uploads\/sites\/258\/2022\/10\/hotel_majestic_surroundings.jpg\" \/>\n\t<meta property=\"og:image:width\" content=\"2200\" \/>\n\t<meta property=\"og:image:height\" content=\"1467\" \/>\n\t<meta property=\"og:image:type\" content=\"image\/jpeg\" \/>\n<meta name=\"twitter:card\" content=\"summary_large_image\" \/>\n<meta name=\"twitter:label1\" content=\"Est. reading time\" \/>\n\t<meta name=\"twitter:data1\" content=\"1 minute\" \/>\n<script type=\"application\/ld+json\" class=\"yoast-schema-graph\">{\"@context\":\"https:\/\/schema.org\",\"@graph\":[{\"@type\":\"WebPage\",\"@id\":\"https:\/\/www.majesticsaigon.com\/vi\/location-map\/surroundings\/\",\"url\":\"https:\/\/www.majesticsaigon.com\/vi\/location-map\/surroundings\/\",\"name\":\"Khu v\u1ef1c l\u00e2n c\u1eadn | Hotel Majestic Saigon\",\"isPartOf\":{\"@id\":\"https:\/\/www.majesticsaigon.com\/vi\/#website\"},\"primaryImageOfPage\":{\"@id\":\"https:\/\/www.majesticsaigon.com\/vi\/location-map\/surroundings\/#primaryimage\"},\"image\":{\"@id\":\"https:\/\/www.majesticsaigon.com\/vi\/location-map\/surroundings\/#primaryimage\"},\"thumbnailUrl\":\"https:\/\/www.majesticsaigon.com\/wp-content\/uploads\/sites\/258\/2022\/10\/hotel_majestic_surroundings.jpg\",\"datePublished\":\"2022-10-14T01:48:55+00:00\",\"dateModified\":\"2024-02-28T07:49:01+00:00\",\"description\":\"Kh\u00e1ch l\u01b0u tr\u00fa c\u00f3 th\u1ec3 \u0111i b\u1ed9 t\u1eeb kh\u00e1ch s\u1ea1n \u0111\u1ebfn Nh\u00e0 h\u00e1t l\u1edbn, Nh\u00e0 th\u1edd \u0110\u1ee9c B\u00e0, Dinh \u0110\u1ed9c l\u1eadp v\u00e0 c\u00e1c trung t\u00e2m mua s\u1eafm v\u00e0 gi\u1ea3i tr\u00ed n\u1ed5i ti\u1ebfng nh\u1ea5t th\u00e0nh ph\u1ed1.\",\"breadcrumb\":{\"@id\":\"https:\/\/www.majesticsaigon.com\/vi\/location-map\/surroundings\/#breadcrumb\"},\"inLanguage\":\"vi-VN\",\"potentialAction\":[{\"@type\":\"ReadAction\",\"target\":[\"https:\/\/www.majesticsaigon.com\/vi\/location-map\/surroundings\/\"]}]},{\"@type\":\"ImageObject\",\"inLanguage\":\"vi-VN\",\"@id\":\"https:\/\/www.majesticsaigon.com\/vi\/location-map\/surroundings\/#primaryimage\",\"url\":\"https:\/\/www.majesticsaigon.com\/wp-content\/uploads\/sites\/258\/2022\/10\/hotel_majestic_surroundings.jpg\",\"contentUrl\":\"https:\/\/www.majesticsaigon.com\/wp-content\/uploads\/sites\/258\/2022\/10\/hotel_majestic_surroundings.jpg\",\"width\":2200,\"height\":1467},{\"@type\":\"BreadcrumbList\",\"@id\":\"https:\/\/www.majesticsaigon.com\/vi\/location-map\/surroundings\/#breadcrumb\",\"itemListElement\":[{\"@type\":\"ListItem\",\"position\":1,\"name\":\"Home\",\"item\":\"https:\/\/www.majesticsaigon.com\/vi\/\"},{\"@type\":\"ListItem\",\"position\":2,\"name\":\"V\u1eca TR\u00cd &#038; B\u1ea2N \u0110\u1ed2\",\"item\":\"https:\/\/www.majesticsaigon.com\/vi\/location-map\/\"},{\"@type\":\"ListItem\",\"position\":3,\"name\":\"KHU V\u1ef0C L\u00c2N C\u1eacN\"}]},{\"@type\":\"WebSite\",\"@id\":\"https:\/\/www.majesticsaigon.com\/vi\/#website\",\"url\":\"https:\/\/www.majesticsaigon.com\/vi\/\",\"name\":\"Majestic Saigon Hotel\",\"description\":\"\",\"potentialAction\":[{\"@type\":\"SearchAction\",\"target\":{\"@type\":\"EntryPoint\",\"urlTemplate\":\"https:\/\/www.majesticsaigon.com\/vi\/?s={search_term_string}\"},\"query-input\":\"required name=search_term_string\"}],\"inLanguage\":\"vi-VN\"}]}<\/script>\n<!-- \/ Yoast SEO plugin. -->","yoast_head_json":{"title":"Khu v\u1ef1c l\u00e2n c\u1eadn | Hotel Majestic Saigon","description":"Kh\u00e1ch l\u01b0u tr\u00fa c\u00f3 th\u1ec3 \u0111i b\u1ed9 t\u1eeb kh\u00e1ch s\u1ea1n \u0111\u1ebfn Nh\u00e0 h\u00e1t l\u1edbn, Nh\u00e0 th\u1edd \u0110\u1ee9c B\u00e0, Dinh \u0110\u1ed9c l\u1eadp v\u00e0 c\u00e1c trung t\u00e2m mua s\u1eafm v\u00e0 gi\u1ea3i tr\u00ed n\u1ed5i ti\u1ebfng nh\u1ea5t th\u00e0nh ph\u1ed1.","robots":{"index":"index","follow":"follow","max-snippet":"max-snippet:-1","max-image-preview":"max-image-preview:large","max-video-preview":"max-video-preview:-1"},"canonical":"https:\/\/www.majesticsaigon.com\/vi\/location-map\/surroundings\/","og_locale":"vi_VN","og_type":"article","og_title":"Khu v\u1ef1c l\u00e2n c\u1eadn | Hotel Majestic Saigon","og_description":"Kh\u00e1ch l\u01b0u tr\u00fa c\u00f3 th\u1ec3 \u0111i b\u1ed9 t\u1eeb kh\u00e1ch s\u1ea1n \u0111\u1ebfn Nh\u00e0 h\u00e1t l\u1edbn, Nh\u00e0 th\u1edd \u0110\u1ee9c B\u00e0, Dinh \u0110\u1ed9c l\u1eadp v\u00e0 c\u00e1c trung t\u00e2m mua s\u1eafm v\u00e0 gi\u1ea3i tr\u00ed n\u1ed5i ti\u1ebfng nh\u1ea5t th\u00e0nh ph\u1ed1.","og_url":"https:\/\/www.majesticsaigon.com\/vi\/location-map\/surroundings\/","og_site_name":"Majestic Saigon Hotel","article_modified_time":"2024-02-28T07:49:01+00:00","og_image":[{"width":2200,"height":1467,"url":"https:\/\/www.majesticsaigon.com\/wp-content\/uploads\/sites\/258\/2022\/10\/hotel_majestic_surroundings.jpg","type":"image\/jpeg"}],"twitter_card":"summary_large_image","twitter_misc":{"Est. reading time":"1 minute"},"schema":{"@context":"https:\/\/schema.org","@graph":[{"@type":"WebPage","@id":"https:\/\/www.majesticsaigon.com\/vi\/location-map\/surroundings\/","url":"https:\/\/www.majesticsaigon.com\/vi\/location-map\/surroundings\/","name":"Khu v\u1ef1c l\u00e2n c\u1eadn | Hotel Majestic Saigon","isPartOf":{"@id":"https:\/\/www.majesticsaigon.com\/vi\/#website"},"primaryImageOfPage":{"@id":"https:\/\/www.majesticsaigon.com\/vi\/location-map\/surroundings\/#primaryimage"},"image":{"@id":"https:\/\/www.majesticsaigon.com\/vi\/location-map\/surroundings\/#primaryimage"},"thumbnailUrl":"https:\/\/www.majesticsaigon.com\/wp-content\/uploads\/sites\/258\/2022\/10\/hotel_majestic_surroundings.jpg","datePublished":"2022-10-14T01:48:55+00:00","dateModified":"2024-02-28T07:49:01+00:00","description":"Kh\u00e1ch l\u01b0u tr\u00fa c\u00f3 th\u1ec3 \u0111i b\u1ed9 t\u1eeb kh\u00e1ch s\u1ea1n \u0111\u1ebfn Nh\u00e0 h\u00e1t l\u1edbn, Nh\u00e0 th\u1edd \u0110\u1ee9c B\u00e0, Dinh \u0110\u1ed9c l\u1eadp v\u00e0 c\u00e1c trung t\u00e2m mua s\u1eafm v\u00e0 gi\u1ea3i tr\u00ed n\u1ed5i ti\u1ebfng nh\u1ea5t th\u00e0nh ph\u1ed1.","breadcrumb":{"@id":"https:\/\/www.majesticsaigon.com\/vi\/location-map\/surroundings\/#breadcrumb"},"inLanguage":"vi-VN","potentialAction":[{"@type":"ReadAction","target":["https:\/\/www.majesticsaigon.com\/vi\/location-map\/surroundings\/"]}]},{"@type":"ImageObject","inLanguage":"vi-VN","@id":"https:\/\/www.majesticsaigon.com\/vi\/location-map\/surroundings\/#primaryimage","url":"https:\/\/www.majesticsaigon.com\/wp-content\/uploads\/sites\/258\/2022\/10\/hotel_majestic_surroundings.jpg","contentUrl":"https:\/\/www.majesticsaigon.com\/wp-content\/uploads\/sites\/258\/2022\/10\/hotel_majestic_surroundings.jpg","width":2200,"height":1467},{"@type":"BreadcrumbList","@id":"https:\/\/www.majesticsaigon.com\/vi\/location-map\/surroundings\/#breadcrumb","itemListElement":[{"@type":"ListItem","position":1,"name":"Home","item":"https:\/\/www.majesticsaigon.com\/vi\/"},{"@type":"ListItem","position":2,"name":"V\u1eca TR\u00cd &#038; B\u1ea2N \u0110\u1ed2","item":"https:\/\/www.majesticsaigon.com\/vi\/location-map\/"},{"@type":"ListItem","position":3,"name":"KHU V\u1ef0C L\u00c2N C\u1eacN"}]},{"@type":"WebSite","@id":"https:\/\/www.majesticsaigon.com\/vi\/#website","url":"https:\/\/www.majesticsaigon.com\/vi\/","name":"Majestic Saigon Hotel","description":"","potentialAction":[{"@type":"SearchAction","target":{"@type":"EntryPoint","urlTemplate":"https:\/\/www.majesticsaigon.com\/vi\/?s={search_term_string}"},"query-input":"required name=search_term_string"}],"inLanguage":"vi-VN"}]}},"_links":{"self":[{"href":"https:\/\/www.majesticsaigon.com\/vi\/wp-json\/wp\/v2\/pages\/2102"}],"collection":[{"href":"https:\/\/www.majesticsaigon.com\/vi\/wp-json\/wp\/v2\/pages"}],"about":[{"href":"https:\/\/www.majesticsaigon.com\/vi\/wp-json\/wp\/v2\/types\/page"}],"author":[{"embeddable":true,"href":"https:\/\/www.majesticsaigon.com\/vi\/wp-json\/wp\/v2\/users\/368"}],"replies":[{"embeddable":true,"href":"https:\/\/www.majesticsaigon.com\/vi\/wp-json\/wp\/v2\/comments?post=2102"}],"version-history":[{"count":0,"href":"https:\/\/www.majesticsaigon.com\/vi\/wp-json\/wp\/v2\/pages\/2102\/revisions"}],"up":[{"embeddable":true,"href":"https:\/\/www.majesticsaigon.com\/vi\/wp-json\/wp\/v2\/pages\/2091"}],"wp:featuredmedia":[{"embeddable":true,"href":"https:\/\/www.majesticsaigon.com\/vi\/wp-json\/wp\/v2\/media\/431"}],"wp:attachment":[{"href":"https:\/\/www.majesticsaigon.com\/vi\/wp-json\/wp\/v2\/media?parent=2102"}],"curies":[{"name":"wp","href":"https:\/\/api.w.org\/{rel}","templated":true}]}}