{"id":2322,"date":"2022-10-14T03:53:35","date_gmt":"2022-10-14T03:53:35","guid":{"rendered":"https:\/\/www.majesticsaigon.com\/environment-policy\/"},"modified":"2025-02-14T04:37:37","modified_gmt":"2025-02-14T04:37:37","slug":"environment-policy","status":"publish","type":"page","link":"https:\/\/www.majesticsaigon.com\/vi\/environment-policy\/","title":{"rendered":"Ch\u00ednh s\u00e1ch M\u00f4i tr\u01b0\u1eddng"},"content":{"rendered":"<p>Kh\u00e1ch s\u1ea1n Majestic S\u00e0i G\u00f2n l\u00e0 m\u1ed9t trong nh\u1eefng kh\u00e1ch s\u1ea1n 5 sao h\u00e0ng \u0111\u1ea7u Vi\u1ec7t Nam, tr\u1ef1c thu\u1ed9c T\u1ed5ng C\u00f4ng ty Du l\u1ecbch S\u00e0i G\u00f2n TNHH m\u1ed9t th\u00e0nh vi\u00ean. Ho\u1ea1t \u0111\u1ed9ng c\u1ee7a ch\u00fang t\u00f4i lu\u00f4n ch\u00fa tr\u1ecdng \u0111\u1ebfn vi\u1ec7c cung c\u1ea5p c\u00e1c d\u1ecbch v\u1ee5 ch\u1ea5t l\u01b0\u1ee3ng cao v\u00e0 quan t\u00e2m b\u1ea3o v\u1ec7 m\u00f4i tr\u01b0\u1eddng, h\u01b0\u1edbng \u0111\u1ebfn ph\u00e1t tri\u1ec3n b\u1ec1n v\u1eefng. \u0110i\u1ec1u n\u00e0y kh\u00f4ng ch\u1ec9 nh\u1eb1m \u0111\u1ea3m b\u1ea3o mang \u0111\u1ebfn y\u1ebfu t\u1ed1 s\u1ee9c kh\u1ecfe v\u00e0 an to\u00e0n cho c\u1ed9ng \u0111\u1ed3ng, m\u00e0 c\u00f2n mang l\u1ea1i l\u1ee3i \u00edch kinh doanh cho kh\u00e1ch s\u1ea1n. Do \u0111\u00f3, ch\u00fang t\u00f4i cam k\u1ebft th\u1ef1c hi\u1ec7n c\u00e1c ch\u00ednh s\u00e1ch ch\u1ea5t l\u01b0\u1ee3ng v\u00e0 ch\u00ednh s\u00e1ch m\u00f4i tr\u01b0\u1eddng nh\u01b0 sau:<\/p>\n<ol>\n<li>Cam k\u1ebft tu\u00e2n th\u1ee7 c\u00e1c quy \u0111\u1ecbnh ph\u00e1p lu\u1eadt c\u1ee7a nh\u00e0 n\u01b0\u1edbc Vi\u1ec7t Nam.<\/li>\n<li>X\u00e2y d\u1ef1ng ch\u00ednh s\u00e1ch mua h\u00e0ng h\u1ee3p l\u00fd \u01b0u ti\u00ean s\u1eed d\u1ee5ng s\u1ea3n ph\u1ea9m \u0111\u1ecba ph\u01b0\u01a1ng, s\u1ea3n ph\u1ea9m xanh, th\u00e2n thi\u1ec7n v\u1edbi m\u00f4i tr\u01b0\u1eddng. Khuy\u1ebfn kh\u00edch v\u00e0 t\u00e1c \u0111\u1ed9ng \u0111\u1ebfn c\u00e1c nh\u00e0 cung c\u1ea5p \u0111\u1ec3 hi\u1ec3u v\u00e0 th\u1ef1c hi\u1ec7n theo nh\u1eb1m t\u1ea1o ra c\u00e1c s\u1ea3n ph\u1ea9m v\u00e0 d\u1ecbch v\u1ee5 ch\u1ea5t l\u01b0\u1ee3ng, b\u1ea3o v\u1ec7 m\u00f4i tr\u01b0\u1eddng v\u00e0 \u0111\u1ea3m b\u1ea3o v\u1ec7 sinh an to\u00e0n th\u1ef1c ph\u1ea9m\u2026<\/li>\n<li>Th\u1ef1c hi\u1ec7n nguy\u00ean t\u1eafc 3T: \u201cTi\u1ebft gi\u1ea3m \u2013 T\u00e1i s\u1eed d\u1ee5ng \u2013 T\u00e1i ch\u1ebf\u201d trong c\u00e1c ho\u1ea1t \u0111\u1ed9ng h\u00e0ng ng\u00e0y c\u1ee7a kh\u00e1ch s\u1ea1n. X\u00e2y d\u1ef1ng v\u00e0 th\u1ef1c h\u00e0nh c\u00e1c t\u1eadp qu\u00e1n t\u1ed1t trong vi\u1ec7c s\u1eed d\u1ee5ng h\u1ee3p l\u00fd v\u00e0 hi\u1ec7u qu\u1ea3 c\u00e1c ngu\u1ed3n t\u00e0i nguy\u00ean t\u1ef1 nhi\u00ean nh\u1eb1m gi\u1ea3m thi\u1ec3u c\u00e1c t\u00e1c \u0111\u1ed9ng ti\u00eau c\u1ef1c \u0111\u1ebfn m\u00f4i tr\u01b0\u1eddng.<\/li>\n<li>Th\u1ef1c hi\u1ec7n c\u00e1c ho\u1ea1t \u0111\u1ed9ng tuy\u00ean truy\u1ec1n v\u00e0 ch\u01b0\u01a1ng tr\u00ecnh \u0111\u00e0o t\u1ea1o nh\u1eb1m n\u00e2ng cao nh\u1eadn th\u1ee9c c\u1ee7a nh\u00e2n vi\u00ean v\u1ec1 an to\u00e0n lao \u0111\u1ed9ng, an to\u00e0n v\u1ec7 sinh th\u1ef1c ph\u1ea9m v\u00e0 b\u1ea3o v\u1ec7 m\u00f4i tr\u01b0\u1eddng. \u0110\u1ed3ng th\u1eddi x\u00e2y d\u1ef1ng c\u00e1c bi\u1ec7n ph\u00e1p ch\u1ee7 \u0111\u1ed9ng ki\u1ec3m so\u00e1t r\u1ee7i ro v\u00e0 s\u1eb5n s\u00e0ng \u1ee9ng ph\u00f3 v\u1edbi c\u00e1c t\u00ecnh hu\u1ed1ng kh\u1ea9n c\u1ea5p.<\/li>\n<li>\u01afu ti\u00ean nghi\u00ean c\u1ee9u, \u1ee9ng d\u1ee5ng c\u00e1c k\u1ef9 thu\u1eadt, c\u00f4ng ngh\u1ec7, thi\u1ebft b\u1ecb m\u1edbi nh\u1eb1m gi\u1ea3m thi\u1ec3u s\u1eed d\u1ee5ng n\u0103ng l\u01b0\u1ee3ng v\u00e0 t\u00e0i nguy\u00ean m\u00f4i tr\u01b0\u1eddng.<\/li>\n<li>T\u00edch c\u1ef1c tham gia, \u0111\u00f3ng g\u00f3p cho c\u00e1c ho\u1ea1t \u0111\u1ed9ng c\u1ed9ng \u0111\u1ed3ng nh\u1eb1m c\u1ea3i thi\u1ec7n ch\u1ea5t l\u01b0\u1ee3ng cu\u1ed9c s\u1ed1ng v\u00e0 n\u00e2ng cao nh\u1eadn th\u1ee9c b\u1ea3o v\u1ec7 m\u00f4i tr\u01b0\u1eddng.<\/li>\n<li>Duy tr\u00ec v\u00e0 c\u1ea3i ti\u1ebfn li\u00ean t\u1ee5c h\u1ec7 th\u1ed1ng qu\u1ea3n l\u00fd ch\u1ea5t l\u01b0\u1ee3ng v\u00e0 h\u1ec7 th\u1ed1ng qu\u1ea3n l\u00fd m\u00f4i tr\u01b0\u1eddng theo ti\u00eau chu\u1ea9n ISO 14001- 2015.<\/li>\n<\/ol>\n","protected":false},"excerpt":{"rendered":"<p>Kh\u00e1ch s\u1ea1n Majestic S\u00e0i G\u00f2n l\u00e0 m\u1ed9t trong nh\u1eefng kh\u00e1ch s\u1ea1n 5 sao h\u00e0ng \u0111\u1ea7u Vi\u1ec7t Nam, tr\u1ef1c thu\u1ed9c T\u1ed5ng C\u00f4ng ty Du l\u1ecbch S\u00e0i G\u00f2n TNHH m\u1ed9t th\u00e0nh vi\u00ean. Ho\u1ea1t \u0111\u1ed9ng c\u1ee7a ch\u00fang t\u00f4i lu\u00f4n ch\u00fa tr\u1ecdng \u0111\u1ebfn vi\u1ec7c cung c\u1ea5p c\u00e1c d\u1ecbch v\u1ee5 ch\u1ea5t l\u01b0\u1ee3ng cao v\u00e0 quan t\u00e2m b\u1ea3o v\u1ec7 m\u00f4i tr\u01b0\u1eddng, [&hellip;]<\/p>\n","protected":false},"author":368,"featured_media":0,"parent":0,"menu_order":0,"comment_status":"closed","ping_status":"closed","template":"","meta":{"footnotes":""},"acf":[],"yoast_head":"<!-- This site is optimized with the Yoast SEO plugin v22.3 - https:\/\/yoast.com\/wordpress\/plugins\/seo\/ -->\n<title>Ch\u00ednh s\u00e1ch M\u00f4i tr\u01b0\u1eddng | Hotel Majestic Saigon<\/title>\n<meta name=\"robots\" content=\"index, follow, max-snippet:-1, max-image-preview:large, max-video-preview:-1\" \/>\n<link rel=\"canonical\" href=\"https:\/\/www.majesticsaigon.com\/vi\/environment-policy\/\" \/>\n<meta property=\"og:locale\" content=\"vi_VN\" \/>\n<meta property=\"og:type\" content=\"article\" \/>\n<meta property=\"og:title\" content=\"Ch\u00ednh s\u00e1ch M\u00f4i tr\u01b0\u1eddng | Hotel Majestic Saigon\" \/>\n<meta property=\"og:description\" content=\"Kh\u00e1ch s\u1ea1n Majestic S\u00e0i G\u00f2n l\u00e0 m\u1ed9t trong nh\u1eefng kh\u00e1ch s\u1ea1n 5 sao h\u00e0ng \u0111\u1ea7u Vi\u1ec7t Nam, tr\u1ef1c thu\u1ed9c T\u1ed5ng C\u00f4ng ty Du l\u1ecbch S\u00e0i G\u00f2n TNHH m\u1ed9t th\u00e0nh vi\u00ean. Ho\u1ea1t \u0111\u1ed9ng c\u1ee7a ch\u00fang t\u00f4i lu\u00f4n ch\u00fa tr\u1ecdng \u0111\u1ebfn vi\u1ec7c cung c\u1ea5p c\u00e1c d\u1ecbch v\u1ee5 ch\u1ea5t l\u01b0\u1ee3ng cao v\u00e0 quan t\u00e2m b\u1ea3o v\u1ec7 m\u00f4i tr\u01b0\u1eddng, [&hellip;]\" \/>\n<meta property=\"og:url\" content=\"https:\/\/www.majesticsaigon.com\/vi\/environment-policy\/\" \/>\n<meta property=\"og:site_name\" content=\"Majestic Saigon Hotel\" \/>\n<meta property=\"article:modified_time\" content=\"2025-02-14T04:37:37+00:00\" \/>\n<meta name=\"twitter:card\" content=\"summary_large_image\" \/>\n<meta name=\"twitter:label1\" content=\"Est. reading time\" \/>\n\t<meta name=\"twitter:data1\" content=\"2 minutes\" \/>\n<script type=\"application\/ld+json\" class=\"yoast-schema-graph\">{\"@context\":\"https:\/\/schema.org\",\"@graph\":[{\"@type\":\"WebPage\",\"@id\":\"https:\/\/www.majesticsaigon.com\/vi\/environment-policy\/\",\"url\":\"https:\/\/www.majesticsaigon.com\/vi\/environment-policy\/\",\"name\":\"Ch\u00ednh s\u00e1ch M\u00f4i tr\u01b0\u1eddng | Hotel Majestic Saigon\",\"isPartOf\":{\"@id\":\"https:\/\/www.majesticsaigon.com\/vi\/#website\"},\"datePublished\":\"2022-10-14T03:53:35+00:00\",\"dateModified\":\"2025-02-14T04:37:37+00:00\",\"breadcrumb\":{\"@id\":\"https:\/\/www.majesticsaigon.com\/vi\/environment-policy\/#breadcrumb\"},\"inLanguage\":\"vi-VN\",\"potentialAction\":[{\"@type\":\"ReadAction\",\"target\":[\"https:\/\/www.majesticsaigon.com\/vi\/environment-policy\/\"]}]},{\"@type\":\"BreadcrumbList\",\"@id\":\"https:\/\/www.majesticsaigon.com\/vi\/environment-policy\/#breadcrumb\",\"itemListElement\":[{\"@type\":\"ListItem\",\"position\":1,\"name\":\"Home\",\"item\":\"https:\/\/www.majesticsaigon.com\/vi\/\"},{\"@type\":\"ListItem\",\"position\":2,\"name\":\"Ch\u00ednh s\u00e1ch M\u00f4i tr\u01b0\u1eddng\"}]},{\"@type\":\"WebSite\",\"@id\":\"https:\/\/www.majesticsaigon.com\/vi\/#website\",\"url\":\"https:\/\/www.majesticsaigon.com\/vi\/\",\"name\":\"Majestic Saigon Hotel\",\"description\":\"\",\"potentialAction\":[{\"@type\":\"SearchAction\",\"target\":{\"@type\":\"EntryPoint\",\"urlTemplate\":\"https:\/\/www.majesticsaigon.com\/vi\/?s={search_term_string}\"},\"query-input\":\"required name=search_term_string\"}],\"inLanguage\":\"vi-VN\"}]}<\/script>\n<!-- \/ Yoast SEO plugin. -->","yoast_head_json":{"title":"Ch\u00ednh s\u00e1ch M\u00f4i tr\u01b0\u1eddng | Hotel Majestic Saigon","robots":{"index":"index","follow":"follow","max-snippet":"max-snippet:-1","max-image-preview":"max-image-preview:large","max-video-preview":"max-video-preview:-1"},"canonical":"https:\/\/www.majesticsaigon.com\/vi\/environment-policy\/","og_locale":"vi_VN","og_type":"article","og_title":"Ch\u00ednh s\u00e1ch M\u00f4i tr\u01b0\u1eddng | Hotel Majestic Saigon","og_description":"Kh\u00e1ch s\u1ea1n Majestic S\u00e0i G\u00f2n l\u00e0 m\u1ed9t trong nh\u1eefng kh\u00e1ch s\u1ea1n 5 sao h\u00e0ng \u0111\u1ea7u Vi\u1ec7t Nam, tr\u1ef1c thu\u1ed9c T\u1ed5ng C\u00f4ng ty Du l\u1ecbch S\u00e0i G\u00f2n TNHH m\u1ed9t th\u00e0nh vi\u00ean. Ho\u1ea1t \u0111\u1ed9ng c\u1ee7a ch\u00fang t\u00f4i lu\u00f4n ch\u00fa tr\u1ecdng \u0111\u1ebfn vi\u1ec7c cung c\u1ea5p c\u00e1c d\u1ecbch v\u1ee5 ch\u1ea5t l\u01b0\u1ee3ng cao v\u00e0 quan t\u00e2m b\u1ea3o v\u1ec7 m\u00f4i tr\u01b0\u1eddng, [&hellip;]","og_url":"https:\/\/www.majesticsaigon.com\/vi\/environment-policy\/","og_site_name":"Majestic Saigon Hotel","article_modified_time":"2025-02-14T04:37:37+00:00","twitter_card":"summary_large_image","twitter_misc":{"Est. reading time":"2 minutes"},"schema":{"@context":"https:\/\/schema.org","@graph":[{"@type":"WebPage","@id":"https:\/\/www.majesticsaigon.com\/vi\/environment-policy\/","url":"https:\/\/www.majesticsaigon.com\/vi\/environment-policy\/","name":"Ch\u00ednh s\u00e1ch M\u00f4i tr\u01b0\u1eddng | Hotel Majestic Saigon","isPartOf":{"@id":"https:\/\/www.majesticsaigon.com\/vi\/#website"},"datePublished":"2022-10-14T03:53:35+00:00","dateModified":"2025-02-14T04:37:37+00:00","breadcrumb":{"@id":"https:\/\/www.majesticsaigon.com\/vi\/environment-policy\/#breadcrumb"},"inLanguage":"vi-VN","potentialAction":[{"@type":"ReadAction","target":["https:\/\/www.majesticsaigon.com\/vi\/environment-policy\/"]}]},{"@type":"BreadcrumbList","@id":"https:\/\/www.majesticsaigon.com\/vi\/environment-policy\/#breadcrumb","itemListElement":[{"@type":"ListItem","position":1,"name":"Home","item":"https:\/\/www.majesticsaigon.com\/vi\/"},{"@type":"ListItem","position":2,"name":"Ch\u00ednh s\u00e1ch M\u00f4i tr\u01b0\u1eddng"}]},{"@type":"WebSite","@id":"https:\/\/www.majesticsaigon.com\/vi\/#website","url":"https:\/\/www.majesticsaigon.com\/vi\/","name":"Majestic Saigon Hotel","description":"","potentialAction":[{"@type":"SearchAction","target":{"@type":"EntryPoint","urlTemplate":"https:\/\/www.majesticsaigon.com\/vi\/?s={search_term_string}"},"query-input":"required name=search_term_string"}],"inLanguage":"vi-VN"}]}},"_links":{"self":[{"href":"https:\/\/www.majesticsaigon.com\/vi\/wp-json\/wp\/v2\/pages\/2322"}],"collection":[{"href":"https:\/\/www.majesticsaigon.com\/vi\/wp-json\/wp\/v2\/pages"}],"about":[{"href":"https:\/\/www.majesticsaigon.com\/vi\/wp-json\/wp\/v2\/types\/page"}],"author":[{"embeddable":true,"href":"https:\/\/www.majesticsaigon.com\/vi\/wp-json\/wp\/v2\/users\/368"}],"replies":[{"embeddable":true,"href":"https:\/\/www.majesticsaigon.com\/vi\/wp-json\/wp\/v2\/comments?post=2322"}],"version-history":[{"count":0,"href":"https:\/\/www.majesticsaigon.com\/vi\/wp-json\/wp\/v2\/pages\/2322\/revisions"}],"wp:attachment":[{"href":"https:\/\/www.majesticsaigon.com\/vi\/wp-json\/wp\/v2\/media?parent=2322"}],"curies":[{"name":"wp","href":"https:\/\/api.w.org\/{rel}","templated":true}]}}