{"id":2982,"date":"2022-10-12T08:06:14","date_gmt":"2022-10-12T08:06:14","guid":{"rendered":"https:\/\/www.majesticsaigon.com\/services-amenities\/airport-pick-up\/"},"modified":"2024-04-23T01:58:27","modified_gmt":"2024-04-23T01:58:27","slug":"airport-pick-up","status":"publish","type":"page","link":"https:\/\/www.majesticsaigon.com\/vi\/facilities\/services-amenities\/airport-pick-up\/","title":{"rendered":"D\u1ecaCH V\u1ee4 \u0110\u00d3N TI\u1ec4N S\u00c2N BAY"},"content":{"rendered":"<p>Ch\u00fang t\u00f4i h\u1ebft s\u1ee9c coi tr\u1ecdng th\u1eddi gian v\u00e0 quy\u1ec1n ri\u00eang t\u01b0 c\u1ee7a m\u1ed7i kh\u00e1ch h\u00e0ng. V\u00ec l\u1ebd \u0111\u00f3, ch\u00fang t\u00f4i lu\u00f4n s\u1eb5n s\u00e0ng h\u1ed7 tr\u1ee3 kh\u00e1ch h\u00e0ng di chuy\u1ec3n trong th\u00e0nh ph\u1ed1 ho\u1eb7c \u0111\u1ebfn s\u00e2n bay k\u1ecbp th\u1eddi. Kh\u00e1ch s\u1ea1n Majestic S\u00e0i G\u00f2n cung c\u1ea5p d\u1ecbch v\u1ee5 \u0111\u00f3n ti\u1ec5n s\u00e2n bay nhanh ch\u00f3ng v\u00e0 d\u1ecbch v\u1ee5 t\u00e0i x\u1ebf ri\u00eang. Ch\u00fang t\u00f4i r\u1ea5t h\u00e2n h\u1ea1nh \u0111\u01b0\u1ee3c cung c\u1ea5p d\u1ecbch v\u1ee5 ngay khi kh\u00e1ch h\u00e0ng c\u00f3 y\u00eau c\u1ea7u. \u0110\u1ec3 thu\u1eadn ti\u1ec7n, Qu\u00fd kh\u00e1ch l\u01b0u tr\u00fa t\u1ea1i kh\u00e1ch s\u1ea1n c\u00f3 th\u1ec3 y\u00eau c\u1ea7u h\u1ed7 tr\u1ee3 t\u1ea1i qu\u1ea7y l\u1ec5 t\u00e2n.<\/p>\n<p>\u0110\u1ec3 \u0111\u1eb7t xe ho\u1eb7c bi\u1ebft th\u00eam th\u00f4ng tin, vui l\u00f2ng g\u1ecdi (84-28) 3829 5517 s\u1ed1 m\u00e1y l\u1ebb 18.<\/p>\n","protected":false},"excerpt":{"rendered":"<p>Ch\u00fang t\u00f4i h\u1ebft s\u1ee9c coi tr\u1ecdng th\u1eddi gian v\u00e0 quy\u1ec1n ri\u00eang t\u01b0 c\u1ee7a m\u1ed7i kh\u00e1ch h\u00e0ng. V\u00ec l\u1ebd \u0111\u00f3, ch\u00fang t\u00f4i lu\u00f4n s\u1eb5n s\u00e0ng h\u1ed7 tr\u1ee3 kh\u00e1ch h\u00e0ng di chuy\u1ec3n trong th\u00e0nh ph\u1ed1 ho\u1eb7c \u0111\u1ebfn s\u00e2n bay k\u1ecbp th\u1eddi. Kh\u00e1ch s\u1ea1n Majestic S\u00e0i G\u00f2n cung c\u1ea5p d\u1ecbch v\u1ee5 \u0111\u00f3n ti\u1ec5n s\u00e2n bay nhanh ch\u00f3ng v\u00e0 [&hellip;]<\/p>\n","protected":false},"author":368,"featured_media":289,"parent":2065,"menu_order":0,"comment_status":"closed","ping_status":"closed","template":"template-default-3.php","meta":{"footnotes":""},"acf":[],"yoast_head":"<!-- This site is optimized with the Yoast SEO plugin v22.3 - https:\/\/yoast.com\/wordpress\/plugins\/seo\/ -->\n<title>Airport Pick Up - Hotel Majestic Saigon<\/title>\n<meta name=\"description\" content=\"Hotel Majestic Saigon is available for those who need assistance with airport transfers and chauffeured vehicle service.\" \/>\n<meta name=\"robots\" content=\"index, follow, max-snippet:-1, max-image-preview:large, max-video-preview:-1\" \/>\n<link rel=\"canonical\" href=\"https:\/\/www.majesticsaigon.com\/vi\/facilities\/services-amenities\/airport-pick-up\/\" \/>\n<meta property=\"og:locale\" content=\"vi_VN\" \/>\n<meta property=\"og:type\" content=\"article\" \/>\n<meta property=\"og:title\" content=\"Airport Pick Up - Hotel Majestic Saigon\" \/>\n<meta property=\"og:description\" content=\"Hotel Majestic Saigon is available for those who need assistance with airport transfers and chauffeured vehicle service.\" \/>\n<meta property=\"og:url\" content=\"https:\/\/www.majesticsaigon.com\/vi\/facilities\/services-amenities\/airport-pick-up\/\" \/>\n<meta property=\"og:site_name\" content=\"Majestic Saigon Hotel\" \/>\n<meta property=\"article:modified_time\" content=\"2024-04-23T01:58:27+00:00\" \/>\n<meta property=\"og:image\" content=\"https:\/\/www.majesticsaigon.com\/wp-content\/uploads\/sites\/258\/2022\/10\/hotel_majestic_airport_pickup.jpg\" \/>\n\t<meta property=\"og:image:width\" content=\"2200\" \/>\n\t<meta property=\"og:image:height\" content=\"1467\" \/>\n\t<meta property=\"og:image:type\" content=\"image\/jpeg\" \/>\n<meta name=\"twitter:card\" content=\"summary_large_image\" \/>\n<meta name=\"twitter:label1\" content=\"Est. reading time\" \/>\n\t<meta name=\"twitter:data1\" content=\"1 minute\" \/>\n<script type=\"application\/ld+json\" class=\"yoast-schema-graph\">{\"@context\":\"https:\/\/schema.org\",\"@graph\":[{\"@type\":\"WebPage\",\"@id\":\"https:\/\/www.majesticsaigon.com\/vi\/facilities\/services-amenities\/airport-pick-up\/\",\"url\":\"https:\/\/www.majesticsaigon.com\/vi\/facilities\/services-amenities\/airport-pick-up\/\",\"name\":\"Airport Pick Up - Hotel Majestic Saigon\",\"isPartOf\":{\"@id\":\"https:\/\/www.majesticsaigon.com\/vi\/#website\"},\"primaryImageOfPage\":{\"@id\":\"https:\/\/www.majesticsaigon.com\/vi\/facilities\/services-amenities\/airport-pick-up\/#primaryimage\"},\"image\":{\"@id\":\"https:\/\/www.majesticsaigon.com\/vi\/facilities\/services-amenities\/airport-pick-up\/#primaryimage\"},\"thumbnailUrl\":\"https:\/\/www.majesticsaigon.com\/wp-content\/uploads\/sites\/258\/2022\/10\/hotel_majestic_airport_pickup.jpg\",\"datePublished\":\"2022-10-12T08:06:14+00:00\",\"dateModified\":\"2024-04-23T01:58:27+00:00\",\"description\":\"Hotel Majestic Saigon is available for those who need assistance with airport transfers and chauffeured vehicle service.\",\"breadcrumb\":{\"@id\":\"https:\/\/www.majesticsaigon.com\/vi\/facilities\/services-amenities\/airport-pick-up\/#breadcrumb\"},\"inLanguage\":\"vi-VN\",\"potentialAction\":[{\"@type\":\"ReadAction\",\"target\":[\"https:\/\/www.majesticsaigon.com\/vi\/facilities\/services-amenities\/airport-pick-up\/\"]}]},{\"@type\":\"ImageObject\",\"inLanguage\":\"vi-VN\",\"@id\":\"https:\/\/www.majesticsaigon.com\/vi\/facilities\/services-amenities\/airport-pick-up\/#primaryimage\",\"url\":\"https:\/\/www.majesticsaigon.com\/wp-content\/uploads\/sites\/258\/2022\/10\/hotel_majestic_airport_pickup.jpg\",\"contentUrl\":\"https:\/\/www.majesticsaigon.com\/wp-content\/uploads\/sites\/258\/2022\/10\/hotel_majestic_airport_pickup.jpg\",\"width\":2200,\"height\":1467},{\"@type\":\"BreadcrumbList\",\"@id\":\"https:\/\/www.majesticsaigon.com\/vi\/facilities\/services-amenities\/airport-pick-up\/#breadcrumb\",\"itemListElement\":[{\"@type\":\"ListItem\",\"position\":1,\"name\":\"Home\",\"item\":\"https:\/\/www.majesticsaigon.com\/vi\/\"},{\"@type\":\"ListItem\",\"position\":2,\"name\":\"C\u01a0 S\u1ede\",\"item\":\"https:\/\/www.majesticsaigon.com\/vi\/facilities\/\"},{\"@type\":\"ListItem\",\"position\":3,\"name\":\"D\u1ecaCH V\u1ee4 &#038; TI\u1ec6N NGHI\",\"item\":\"https:\/\/www.majesticsaigon.com\/vi\/facilities\/services-amenities\/\"},{\"@type\":\"ListItem\",\"position\":4,\"name\":\"D\u1ecaCH V\u1ee4 \u0110\u00d3N TI\u1ec4N S\u00c2N BAY\"}]},{\"@type\":\"WebSite\",\"@id\":\"https:\/\/www.majesticsaigon.com\/vi\/#website\",\"url\":\"https:\/\/www.majesticsaigon.com\/vi\/\",\"name\":\"Majestic Saigon Hotel\",\"description\":\"\",\"potentialAction\":[{\"@type\":\"SearchAction\",\"target\":{\"@type\":\"EntryPoint\",\"urlTemplate\":\"https:\/\/www.majesticsaigon.com\/vi\/?s={search_term_string}\"},\"query-input\":\"required name=search_term_string\"}],\"inLanguage\":\"vi-VN\"}]}<\/script>\n<!-- \/ Yoast SEO plugin. -->","yoast_head_json":{"title":"Airport Pick Up - Hotel Majestic Saigon","description":"Hotel Majestic Saigon is available for those who need assistance with airport transfers and chauffeured vehicle service.","robots":{"index":"index","follow":"follow","max-snippet":"max-snippet:-1","max-image-preview":"max-image-preview:large","max-video-preview":"max-video-preview:-1"},"canonical":"https:\/\/www.majesticsaigon.com\/vi\/facilities\/services-amenities\/airport-pick-up\/","og_locale":"vi_VN","og_type":"article","og_title":"Airport Pick Up - Hotel Majestic Saigon","og_description":"Hotel Majestic Saigon is available for those who need assistance with airport transfers and chauffeured vehicle service.","og_url":"https:\/\/www.majesticsaigon.com\/vi\/facilities\/services-amenities\/airport-pick-up\/","og_site_name":"Majestic Saigon Hotel","article_modified_time":"2024-04-23T01:58:27+00:00","og_image":[{"width":2200,"height":1467,"url":"https:\/\/www.majesticsaigon.com\/wp-content\/uploads\/sites\/258\/2022\/10\/hotel_majestic_airport_pickup.jpg","type":"image\/jpeg"}],"twitter_card":"summary_large_image","twitter_misc":{"Est. reading time":"1 minute"},"schema":{"@context":"https:\/\/schema.org","@graph":[{"@type":"WebPage","@id":"https:\/\/www.majesticsaigon.com\/vi\/facilities\/services-amenities\/airport-pick-up\/","url":"https:\/\/www.majesticsaigon.com\/vi\/facilities\/services-amenities\/airport-pick-up\/","name":"Airport Pick Up - Hotel Majestic Saigon","isPartOf":{"@id":"https:\/\/www.majesticsaigon.com\/vi\/#website"},"primaryImageOfPage":{"@id":"https:\/\/www.majesticsaigon.com\/vi\/facilities\/services-amenities\/airport-pick-up\/#primaryimage"},"image":{"@id":"https:\/\/www.majesticsaigon.com\/vi\/facilities\/services-amenities\/airport-pick-up\/#primaryimage"},"thumbnailUrl":"https:\/\/www.majesticsaigon.com\/wp-content\/uploads\/sites\/258\/2022\/10\/hotel_majestic_airport_pickup.jpg","datePublished":"2022-10-12T08:06:14+00:00","dateModified":"2024-04-23T01:58:27+00:00","description":"Hotel Majestic Saigon is available for those who need assistance with airport transfers and chauffeured vehicle service.","breadcrumb":{"@id":"https:\/\/www.majesticsaigon.com\/vi\/facilities\/services-amenities\/airport-pick-up\/#breadcrumb"},"inLanguage":"vi-VN","potentialAction":[{"@type":"ReadAction","target":["https:\/\/www.majesticsaigon.com\/vi\/facilities\/services-amenities\/airport-pick-up\/"]}]},{"@type":"ImageObject","inLanguage":"vi-VN","@id":"https:\/\/www.majesticsaigon.com\/vi\/facilities\/services-amenities\/airport-pick-up\/#primaryimage","url":"https:\/\/www.majesticsaigon.com\/wp-content\/uploads\/sites\/258\/2022\/10\/hotel_majestic_airport_pickup.jpg","contentUrl":"https:\/\/www.majesticsaigon.com\/wp-content\/uploads\/sites\/258\/2022\/10\/hotel_majestic_airport_pickup.jpg","width":2200,"height":1467},{"@type":"BreadcrumbList","@id":"https:\/\/www.majesticsaigon.com\/vi\/facilities\/services-amenities\/airport-pick-up\/#breadcrumb","itemListElement":[{"@type":"ListItem","position":1,"name":"Home","item":"https:\/\/www.majesticsaigon.com\/vi\/"},{"@type":"ListItem","position":2,"name":"C\u01a0 S\u1ede","item":"https:\/\/www.majesticsaigon.com\/vi\/facilities\/"},{"@type":"ListItem","position":3,"name":"D\u1ecaCH V\u1ee4 &#038; TI\u1ec6N NGHI","item":"https:\/\/www.majesticsaigon.com\/vi\/facilities\/services-amenities\/"},{"@type":"ListItem","position":4,"name":"D\u1ecaCH V\u1ee4 \u0110\u00d3N TI\u1ec4N S\u00c2N BAY"}]},{"@type":"WebSite","@id":"https:\/\/www.majesticsaigon.com\/vi\/#website","url":"https:\/\/www.majesticsaigon.com\/vi\/","name":"Majestic Saigon Hotel","description":"","potentialAction":[{"@type":"SearchAction","target":{"@type":"EntryPoint","urlTemplate":"https:\/\/www.majesticsaigon.com\/vi\/?s={search_term_string}"},"query-input":"required name=search_term_string"}],"inLanguage":"vi-VN"}]}},"_links":{"self":[{"href":"https:\/\/www.majesticsaigon.com\/vi\/wp-json\/wp\/v2\/pages\/2982"}],"collection":[{"href":"https:\/\/www.majesticsaigon.com\/vi\/wp-json\/wp\/v2\/pages"}],"about":[{"href":"https:\/\/www.majesticsaigon.com\/vi\/wp-json\/wp\/v2\/types\/page"}],"author":[{"embeddable":true,"href":"https:\/\/www.majesticsaigon.com\/vi\/wp-json\/wp\/v2\/users\/368"}],"replies":[{"embeddable":true,"href":"https:\/\/www.majesticsaigon.com\/vi\/wp-json\/wp\/v2\/comments?post=2982"}],"version-history":[{"count":0,"href":"https:\/\/www.majesticsaigon.com\/vi\/wp-json\/wp\/v2\/pages\/2982\/revisions"}],"up":[{"embeddable":true,"href":"https:\/\/www.majesticsaigon.com\/vi\/wp-json\/wp\/v2\/pages\/2065"}],"wp:featuredmedia":[{"embeddable":true,"href":"https:\/\/www.majesticsaigon.com\/vi\/wp-json\/wp\/v2\/media\/289"}],"wp:attachment":[{"href":"https:\/\/www.majesticsaigon.com\/vi\/wp-json\/wp\/v2\/media?parent=2982"}],"curies":[{"name":"wp","href":"https:\/\/api.w.org\/{rel}","templated":true}]}}