{"id":2984,"date":"2022-10-12T08:08:37","date_gmt":"2022-10-12T08:08:37","guid":{"rendered":"https:\/\/www.majesticsaigon.com\/services-amenities\/business-center\/"},"modified":"2024-04-02T07:56:00","modified_gmt":"2024-04-02T07:56:00","slug":"business-center","status":"publish","type":"page","link":"https:\/\/www.majesticsaigon.com\/vi\/facilities\/services-amenities\/business-center\/","title":{"rendered":"D\u1ecaCH V\u1ee4 V\u0102N PH\u00d2NG"},"content":{"rendered":"<p>Trung t\u00e2m D\u1ecbch v\u1ee5 V\u0103n ph\u00f2ng c\u1ee7a ch\u00fang t\u00f4i n\u1eb1m t\u1ea1i S\u1ea3nh Kh\u00e1ch s\u1ea1n, b\u00ean c\u1ea1nh qu\u1ea7y l\u1ec5 t\u00e2n, v\u1edbi h\u1ec7 th\u1ed1ng m\u00e1y t\u00ednh s\u1eb5n s\u00e0ng ph\u1ee5c v\u1ee5 gi\u00fap b\u1ea1n d\u1ec5 d\u00e0ng k\u1ebft n\u1ed1i v\u00e0 c\u1eadp nh\u1eadt h\u00e0nh tr\u00ecnh c\u1ee7a m\u00ecnh v\u1edbi gia \u0111\u00ecnh v\u00e0 b\u1ea1n b\u00e8 hay ch\u1ec9 \u0111\u01a1n gi\u1ea3n l\u00e0 gi\u1ea3i khu\u00e2y. T\u1ea1i \u0111\u00e2y, b\u1ea1n c\u00f3 th\u1ec3 xem l\u1ea1i nh\u1eefng \u0111\u1ecba \u0111i\u1ec3m gh\u00e9 th\u0103m g\u1ea7n nh\u1ea5t hay l\u00ean k\u1ebf ho\u1ea1ch cho nh\u1eefng chuy\u1ebfn tham quan ti\u1ebfp theo. Ngo\u00e0i ra, ch\u00fang t\u00f4i c\u0169ng cung c\u1ea5p c\u00e1c d\u1ecbch v\u1ee5 th\u01b0 k\u00fd kh\u00e1c nh\u01b0 g\u1eedi th\u01b0, v\u1eadn chuy\u1ec3n, fax, photocopy v\u00e0 in \u1ea5n.<\/p>\n","protected":false},"excerpt":{"rendered":"<p>Trung t\u00e2m D\u1ecbch v\u1ee5 V\u0103n ph\u00f2ng c\u1ee7a ch\u00fang t\u00f4i n\u1eb1m t\u1ea1i S\u1ea3nh Kh\u00e1ch s\u1ea1n, b\u00ean c\u1ea1nh qu\u1ea7y l\u1ec5 t\u00e2n, v\u1edbi h\u1ec7 th\u1ed1ng m\u00e1y t\u00ednh s\u1eb5n s\u00e0ng ph\u1ee5c v\u1ee5 gi\u00fap b\u1ea1n d\u1ec5 d\u00e0ng k\u1ebft n\u1ed1i v\u00e0 c\u1eadp nh\u1eadt h\u00e0nh tr\u00ecnh c\u1ee7a m\u00ecnh v\u1edbi gia \u0111\u00ecnh v\u00e0 b\u1ea1n b\u00e8 hay ch\u1ec9 \u0111\u01a1n gi\u1ea3n l\u00e0 gi\u1ea3i khu\u00e2y. T\u1ea1i [&hellip;]<\/p>\n","protected":false},"author":368,"featured_media":291,"parent":2065,"menu_order":1,"comment_status":"closed","ping_status":"closed","template":"template-default-3.php","meta":{"footnotes":""},"acf":[],"yoast_head":"<!-- This site is optimized with the Yoast SEO plugin v22.3 - https:\/\/yoast.com\/wordpress\/plugins\/seo\/ -->\n<title>D\u1ecbch v\u1ee5 V\u0103n ph\u00f2ng | Hotel Majestic Saigon<\/title>\n<meta name=\"description\" content=\"Trung t\u00e2m D\u1ecbch v\u1ee5 V\u0103n ph\u00f2ng c\u1ee7a ch\u00fang t\u00f4i \u0111\u01b0\u1ee3c trang b\u1ecb h\u1ec7 th\u1ed1ng m\u00e1y t\u00ednh s\u1eb5n s\u00e0ng ph\u1ee5c v\u1ee5 c\u00f9ng nhi\u1ec1u d\u1ecbch v\u1ee5 th\u01b0 k\u00fd kh\u00e1c. \u0110\u1ec3 bi\u1ebft th\u00eam th\u00f4ng tin, vui l\u00f2ng li\u00ean h\u1ec7 v\u1edbi b\u1ed9 ph\u1eadn l\u1ec5 t\u00e2n c\u1ee7a ch\u00fang t\u00f4i.\" \/>\n<meta name=\"robots\" content=\"index, follow, max-snippet:-1, max-image-preview:large, max-video-preview:-1\" \/>\n<link rel=\"canonical\" href=\"https:\/\/www.majesticsaigon.com\/vi\/facilities\/services-amenities\/business-center\/\" \/>\n<meta property=\"og:locale\" content=\"vi_VN\" \/>\n<meta property=\"og:type\" content=\"article\" \/>\n<meta property=\"og:title\" content=\"D\u1ecbch v\u1ee5 V\u0103n ph\u00f2ng | Hotel Majestic Saigon\" \/>\n<meta property=\"og:description\" content=\"Trung t\u00e2m D\u1ecbch v\u1ee5 V\u0103n ph\u00f2ng c\u1ee7a ch\u00fang t\u00f4i \u0111\u01b0\u1ee3c trang b\u1ecb h\u1ec7 th\u1ed1ng m\u00e1y t\u00ednh s\u1eb5n s\u00e0ng ph\u1ee5c v\u1ee5 c\u00f9ng nhi\u1ec1u d\u1ecbch v\u1ee5 th\u01b0 k\u00fd kh\u00e1c. \u0110\u1ec3 bi\u1ebft th\u00eam th\u00f4ng tin, vui l\u00f2ng li\u00ean h\u1ec7 v\u1edbi b\u1ed9 ph\u1eadn l\u1ec5 t\u00e2n c\u1ee7a ch\u00fang t\u00f4i.\" \/>\n<meta property=\"og:url\" content=\"https:\/\/www.majesticsaigon.com\/vi\/facilities\/services-amenities\/business-center\/\" \/>\n<meta property=\"og:site_name\" content=\"Majestic Saigon Hotel\" \/>\n<meta property=\"article:modified_time\" content=\"2024-04-02T07:56:00+00:00\" \/>\n<meta property=\"og:image\" content=\"https:\/\/www.majesticsaigon.com\/wp-content\/uploads\/sites\/258\/2022\/10\/hotel_majestic_business_center.jpg\" \/>\n\t<meta property=\"og:image:width\" content=\"2200\" \/>\n\t<meta property=\"og:image:height\" content=\"1467\" \/>\n\t<meta property=\"og:image:type\" content=\"image\/jpeg\" \/>\n<meta name=\"twitter:card\" content=\"summary_large_image\" \/>\n<meta name=\"twitter:label1\" content=\"Est. reading time\" \/>\n\t<meta name=\"twitter:data1\" content=\"1 minute\" \/>\n<script type=\"application\/ld+json\" class=\"yoast-schema-graph\">{\"@context\":\"https:\/\/schema.org\",\"@graph\":[{\"@type\":\"WebPage\",\"@id\":\"https:\/\/www.majesticsaigon.com\/vi\/facilities\/services-amenities\/business-center\/\",\"url\":\"https:\/\/www.majesticsaigon.com\/vi\/facilities\/services-amenities\/business-center\/\",\"name\":\"D\u1ecbch v\u1ee5 V\u0103n ph\u00f2ng | Hotel Majestic Saigon\",\"isPartOf\":{\"@id\":\"https:\/\/www.majesticsaigon.com\/vi\/#website\"},\"primaryImageOfPage\":{\"@id\":\"https:\/\/www.majesticsaigon.com\/vi\/facilities\/services-amenities\/business-center\/#primaryimage\"},\"image\":{\"@id\":\"https:\/\/www.majesticsaigon.com\/vi\/facilities\/services-amenities\/business-center\/#primaryimage\"},\"thumbnailUrl\":\"https:\/\/www.majesticsaigon.com\/wp-content\/uploads\/sites\/258\/2022\/10\/hotel_majestic_business_center.jpg\",\"datePublished\":\"2022-10-12T08:08:37+00:00\",\"dateModified\":\"2024-04-02T07:56:00+00:00\",\"description\":\"Trung t\u00e2m D\u1ecbch v\u1ee5 V\u0103n ph\u00f2ng c\u1ee7a ch\u00fang t\u00f4i \u0111\u01b0\u1ee3c trang b\u1ecb h\u1ec7 th\u1ed1ng m\u00e1y t\u00ednh s\u1eb5n s\u00e0ng ph\u1ee5c v\u1ee5 c\u00f9ng nhi\u1ec1u d\u1ecbch v\u1ee5 th\u01b0 k\u00fd kh\u00e1c. \u0110\u1ec3 bi\u1ebft th\u00eam th\u00f4ng tin, vui l\u00f2ng li\u00ean h\u1ec7 v\u1edbi b\u1ed9 ph\u1eadn l\u1ec5 t\u00e2n c\u1ee7a ch\u00fang t\u00f4i.\",\"breadcrumb\":{\"@id\":\"https:\/\/www.majesticsaigon.com\/vi\/facilities\/services-amenities\/business-center\/#breadcrumb\"},\"inLanguage\":\"vi-VN\",\"potentialAction\":[{\"@type\":\"ReadAction\",\"target\":[\"https:\/\/www.majesticsaigon.com\/vi\/facilities\/services-amenities\/business-center\/\"]}]},{\"@type\":\"ImageObject\",\"inLanguage\":\"vi-VN\",\"@id\":\"https:\/\/www.majesticsaigon.com\/vi\/facilities\/services-amenities\/business-center\/#primaryimage\",\"url\":\"https:\/\/www.majesticsaigon.com\/wp-content\/uploads\/sites\/258\/2022\/10\/hotel_majestic_business_center.jpg\",\"contentUrl\":\"https:\/\/www.majesticsaigon.com\/wp-content\/uploads\/sites\/258\/2022\/10\/hotel_majestic_business_center.jpg\",\"width\":2200,\"height\":1467},{\"@type\":\"BreadcrumbList\",\"@id\":\"https:\/\/www.majesticsaigon.com\/vi\/facilities\/services-amenities\/business-center\/#breadcrumb\",\"itemListElement\":[{\"@type\":\"ListItem\",\"position\":1,\"name\":\"Home\",\"item\":\"https:\/\/www.majesticsaigon.com\/vi\/\"},{\"@type\":\"ListItem\",\"position\":2,\"name\":\"C\u01a0 S\u1ede\",\"item\":\"https:\/\/www.majesticsaigon.com\/vi\/facilities\/\"},{\"@type\":\"ListItem\",\"position\":3,\"name\":\"D\u1ecaCH V\u1ee4 &#038; TI\u1ec6N NGHI\",\"item\":\"https:\/\/www.majesticsaigon.com\/vi\/facilities\/services-amenities\/\"},{\"@type\":\"ListItem\",\"position\":4,\"name\":\"D\u1ecaCH V\u1ee4 V\u0102N PH\u00d2NG\"}]},{\"@type\":\"WebSite\",\"@id\":\"https:\/\/www.majesticsaigon.com\/vi\/#website\",\"url\":\"https:\/\/www.majesticsaigon.com\/vi\/\",\"name\":\"Majestic Saigon Hotel\",\"description\":\"\",\"potentialAction\":[{\"@type\":\"SearchAction\",\"target\":{\"@type\":\"EntryPoint\",\"urlTemplate\":\"https:\/\/www.majesticsaigon.com\/vi\/?s={search_term_string}\"},\"query-input\":\"required name=search_term_string\"}],\"inLanguage\":\"vi-VN\"}]}<\/script>\n<!-- \/ Yoast SEO plugin. -->","yoast_head_json":{"title":"D\u1ecbch v\u1ee5 V\u0103n ph\u00f2ng | Hotel Majestic Saigon","description":"Trung t\u00e2m D\u1ecbch v\u1ee5 V\u0103n ph\u00f2ng c\u1ee7a ch\u00fang t\u00f4i \u0111\u01b0\u1ee3c trang b\u1ecb h\u1ec7 th\u1ed1ng m\u00e1y t\u00ednh s\u1eb5n s\u00e0ng ph\u1ee5c v\u1ee5 c\u00f9ng nhi\u1ec1u d\u1ecbch v\u1ee5 th\u01b0 k\u00fd kh\u00e1c. \u0110\u1ec3 bi\u1ebft th\u00eam th\u00f4ng tin, vui l\u00f2ng li\u00ean h\u1ec7 v\u1edbi b\u1ed9 ph\u1eadn l\u1ec5 t\u00e2n c\u1ee7a ch\u00fang t\u00f4i.","robots":{"index":"index","follow":"follow","max-snippet":"max-snippet:-1","max-image-preview":"max-image-preview:large","max-video-preview":"max-video-preview:-1"},"canonical":"https:\/\/www.majesticsaigon.com\/vi\/facilities\/services-amenities\/business-center\/","og_locale":"vi_VN","og_type":"article","og_title":"D\u1ecbch v\u1ee5 V\u0103n ph\u00f2ng | Hotel Majestic Saigon","og_description":"Trung t\u00e2m D\u1ecbch v\u1ee5 V\u0103n ph\u00f2ng c\u1ee7a ch\u00fang t\u00f4i \u0111\u01b0\u1ee3c trang b\u1ecb h\u1ec7 th\u1ed1ng m\u00e1y t\u00ednh s\u1eb5n s\u00e0ng ph\u1ee5c v\u1ee5 c\u00f9ng nhi\u1ec1u d\u1ecbch v\u1ee5 th\u01b0 k\u00fd kh\u00e1c. \u0110\u1ec3 bi\u1ebft th\u00eam th\u00f4ng tin, vui l\u00f2ng li\u00ean h\u1ec7 v\u1edbi b\u1ed9 ph\u1eadn l\u1ec5 t\u00e2n c\u1ee7a ch\u00fang t\u00f4i.","og_url":"https:\/\/www.majesticsaigon.com\/vi\/facilities\/services-amenities\/business-center\/","og_site_name":"Majestic Saigon Hotel","article_modified_time":"2024-04-02T07:56:00+00:00","og_image":[{"width":2200,"height":1467,"url":"https:\/\/www.majesticsaigon.com\/wp-content\/uploads\/sites\/258\/2022\/10\/hotel_majestic_business_center.jpg","type":"image\/jpeg"}],"twitter_card":"summary_large_image","twitter_misc":{"Est. reading time":"1 minute"},"schema":{"@context":"https:\/\/schema.org","@graph":[{"@type":"WebPage","@id":"https:\/\/www.majesticsaigon.com\/vi\/facilities\/services-amenities\/business-center\/","url":"https:\/\/www.majesticsaigon.com\/vi\/facilities\/services-amenities\/business-center\/","name":"D\u1ecbch v\u1ee5 V\u0103n ph\u00f2ng | Hotel Majestic Saigon","isPartOf":{"@id":"https:\/\/www.majesticsaigon.com\/vi\/#website"},"primaryImageOfPage":{"@id":"https:\/\/www.majesticsaigon.com\/vi\/facilities\/services-amenities\/business-center\/#primaryimage"},"image":{"@id":"https:\/\/www.majesticsaigon.com\/vi\/facilities\/services-amenities\/business-center\/#primaryimage"},"thumbnailUrl":"https:\/\/www.majesticsaigon.com\/wp-content\/uploads\/sites\/258\/2022\/10\/hotel_majestic_business_center.jpg","datePublished":"2022-10-12T08:08:37+00:00","dateModified":"2024-04-02T07:56:00+00:00","description":"Trung t\u00e2m D\u1ecbch v\u1ee5 V\u0103n ph\u00f2ng c\u1ee7a ch\u00fang t\u00f4i \u0111\u01b0\u1ee3c trang b\u1ecb h\u1ec7 th\u1ed1ng m\u00e1y t\u00ednh s\u1eb5n s\u00e0ng ph\u1ee5c v\u1ee5 c\u00f9ng nhi\u1ec1u d\u1ecbch v\u1ee5 th\u01b0 k\u00fd kh\u00e1c. \u0110\u1ec3 bi\u1ebft th\u00eam th\u00f4ng tin, vui l\u00f2ng li\u00ean h\u1ec7 v\u1edbi b\u1ed9 ph\u1eadn l\u1ec5 t\u00e2n c\u1ee7a ch\u00fang t\u00f4i.","breadcrumb":{"@id":"https:\/\/www.majesticsaigon.com\/vi\/facilities\/services-amenities\/business-center\/#breadcrumb"},"inLanguage":"vi-VN","potentialAction":[{"@type":"ReadAction","target":["https:\/\/www.majesticsaigon.com\/vi\/facilities\/services-amenities\/business-center\/"]}]},{"@type":"ImageObject","inLanguage":"vi-VN","@id":"https:\/\/www.majesticsaigon.com\/vi\/facilities\/services-amenities\/business-center\/#primaryimage","url":"https:\/\/www.majesticsaigon.com\/wp-content\/uploads\/sites\/258\/2022\/10\/hotel_majestic_business_center.jpg","contentUrl":"https:\/\/www.majesticsaigon.com\/wp-content\/uploads\/sites\/258\/2022\/10\/hotel_majestic_business_center.jpg","width":2200,"height":1467},{"@type":"BreadcrumbList","@id":"https:\/\/www.majesticsaigon.com\/vi\/facilities\/services-amenities\/business-center\/#breadcrumb","itemListElement":[{"@type":"ListItem","position":1,"name":"Home","item":"https:\/\/www.majesticsaigon.com\/vi\/"},{"@type":"ListItem","position":2,"name":"C\u01a0 S\u1ede","item":"https:\/\/www.majesticsaigon.com\/vi\/facilities\/"},{"@type":"ListItem","position":3,"name":"D\u1ecaCH V\u1ee4 &#038; TI\u1ec6N NGHI","item":"https:\/\/www.majesticsaigon.com\/vi\/facilities\/services-amenities\/"},{"@type":"ListItem","position":4,"name":"D\u1ecaCH V\u1ee4 V\u0102N PH\u00d2NG"}]},{"@type":"WebSite","@id":"https:\/\/www.majesticsaigon.com\/vi\/#website","url":"https:\/\/www.majesticsaigon.com\/vi\/","name":"Majestic Saigon Hotel","description":"","potentialAction":[{"@type":"SearchAction","target":{"@type":"EntryPoint","urlTemplate":"https:\/\/www.majesticsaigon.com\/vi\/?s={search_term_string}"},"query-input":"required name=search_term_string"}],"inLanguage":"vi-VN"}]}},"_links":{"self":[{"href":"https:\/\/www.majesticsaigon.com\/vi\/wp-json\/wp\/v2\/pages\/2984"}],"collection":[{"href":"https:\/\/www.majesticsaigon.com\/vi\/wp-json\/wp\/v2\/pages"}],"about":[{"href":"https:\/\/www.majesticsaigon.com\/vi\/wp-json\/wp\/v2\/types\/page"}],"author":[{"embeddable":true,"href":"https:\/\/www.majesticsaigon.com\/vi\/wp-json\/wp\/v2\/users\/368"}],"replies":[{"embeddable":true,"href":"https:\/\/www.majesticsaigon.com\/vi\/wp-json\/wp\/v2\/comments?post=2984"}],"version-history":[{"count":0,"href":"https:\/\/www.majesticsaigon.com\/vi\/wp-json\/wp\/v2\/pages\/2984\/revisions"}],"up":[{"embeddable":true,"href":"https:\/\/www.majesticsaigon.com\/vi\/wp-json\/wp\/v2\/pages\/2065"}],"wp:featuredmedia":[{"embeddable":true,"href":"https:\/\/www.majesticsaigon.com\/vi\/wp-json\/wp\/v2\/media\/291"}],"wp:attachment":[{"href":"https:\/\/www.majesticsaigon.com\/vi\/wp-json\/wp\/v2\/media?parent=2984"}],"curies":[{"name":"wp","href":"https:\/\/api.w.org\/{rel}","templated":true}]}}