{"id":3118,"date":"2023-04-25T08:17:32","date_gmt":"2023-04-25T08:17:32","guid":{"rendered":"https:\/\/www.majesticsaigon.com\/our-hotel\/"},"modified":"2024-04-02T03:27:13","modified_gmt":"2024-04-02T03:27:13","slug":"our-hotel","status":"publish","type":"page","link":"https:\/\/www.majesticsaigon.com\/vi\/our-hotel\/","title":{"rendered":"V\u1ec0 KH\u00c1CH S\u1ea0N"},"content":{"rendered":"<h3>Ch\u00e0o m\u1eebng qu\u00fd kh\u00e1ch \u0111\u1ebfn v\u1edbi Hotel Majestic Saigon!<\/h3>\n<p>C\u00f3 m\u1eb7t t\u1eeb n\u0103m 1925, Kh\u00e1ch s\u1ea1n Majestic S\u00e0i G\u00f2n \u0111\u1ea1t ti\u00eau chu\u1ea9n 5 sao l\u00e0 m\u1ed9t trong nh\u1eefng v\u1ecb tr\u00ed l\u00fd t\u01b0\u1edfng nh\u1ea5t \u0111\u1ec3 ng\u1eafm to\u00e0n c\u1ea3nh s\u00f4ng S\u00e0i G\u00f2n. Majestic S\u00e0i G\u00f2n mang phong c\u00e1ch ki\u1ebfn tr\u00fac bao g\u1ed3m c\u00e1c c\u1ed9t v\u00e0 m\u00e1i v\u00f2m sang tr\u1ecdng, c\u1ed5 \u0111i\u1ec3n theo phong c\u00e1ch Ph\u00e1p. B\u00ean c\u1ea1nh \u0111\u00f3, s\u1ef1 sang tr\u1ecdng c\u1ee7a Majestic S\u00e0i G\u00f2n c\u00f2n \u0111\u01b0\u1ee3c th\u1ec3 hi\u1ec7n qua s\u1ef1 ti\u1ec7n nghi c\u1ee7a c\u01a1 s\u1edf v\u1eadt ch\u1ea5t v\u00e0 ch\u1ea5t l\u01b0\u1ee3ng d\u1ecbch v\u1ee5.<br \/>\nKh\u00e1ch s\u1ea1n t\u1ecda l\u1ea1c \u1edf v\u1ecb tr\u00ed &#8220;\u0111\u1eafc \u0111\u1ecba&#8221; tr\u00ean \u0111\u01b0\u1eddng \u0110\u1ed3ng Kh\u1edfi &#8211; con \u0111\u01b0\u1eddng t\u01a1 l\u1ee5a c\u1ee7a S\u00e0i G\u00f2n, c\u00e1ch s\u00e2n bay TPHCM 7km, kh\u00e1ch s\u1ea1n 5 sao n\u00e0y c\u0169ng c\u00e1ch Nh\u00e0 Th\u1edd \u0110\u1ee9c B\u00e0 v\u00e0 ch\u1ee3 B\u1ebfn Th\u00e0nh ch\u01b0a \u0111\u1ea7y 1km. M\u1ed9t n\u1eeda c\u1ee7a t\u00f2a nh\u00e0 nh\u00ecn ra c\u1ea3nh quan tuy\u1ec7t \u0111\u1eb9p c\u1ee7a s\u00f4ng S\u00e0i g\u00f2n, v\u00e0 n\u1eeda kia nh\u00ecn ra h\u1ed3 b\u01a1i. Ngo\u00e0i n\u00e9t thanh l\u1ecbch, l\u00e3ng m\u1ea1n trong kh\u00f4ng gian c\u1ee7a c\u00e1c ph\u00f2ng ngh\u1ec9, nh\u1eefng d\u1ecbch v\u1ee5 \u0111i k\u00e8m bao g\u1ed3m trung t\u00e2m kinh doanh, b\u1ec3 b\u01a1i, trung t\u00e2m l\u00e0m \u0111\u1eb9p, ph\u00f2ng h\u1ed9i ngh\u1ecb, nh\u00e0 h\u00e0ng v\u00e0 qu\u00e1n bar c\u0169ng l\u00e0 m\u1ed9t c\u00e1ch \u0111\u1ec3 Majestic x\u00e2y d\u1ef1ng h\u00ecnh \u1ea3nh ri\u00eang c\u1ee7a m\u00ecnh.<br \/>\nTrong su\u1ed1t qu\u00e1 tr\u00ecnh ho\u1ea1t \u0111\u1ed9ng v\u00e0 ph\u00e1t tri\u1ec3n, th\u01b0\u01a1ng hi\u1ec7u kh\u00e1ch s\u1ea1n Majestic S\u00e0i G\u00f2n lu\u00f4n l\u00e0 m\u1ed9t trong nh\u1eefng \u0111i\u1ec3m l\u01b0u tr\u00fa h\u00e0ng \u0111\u1ea7u khi du kh\u00e1ch \u0111\u1eb7t ch\u00e2n \u0111\u1ebfn th\u00e0nh ph\u1ed1. Du kh\u00e1ch \u0111\u1ebfn Majestic ng\u00e0y m\u1ed9t \u0111a d\u1ea1ng t\u1eeb c\u00e1c b\u1ea1n tr\u1ebb th\u00edch kh\u00e1m ph\u00e1 nh\u1eefng c\u00f4ng tr\u00ecnh l\u1ecbch s\u1eed, c\u00e1c v\u1ecb kh\u00e1ch trung ni\u00ean cao tu\u1ed5i \u0111\u1ebfn \u0111\u1ec3 g\u1ee3i nh\u1edb m\u1ed9t th\u1eddi xa x\u01b0a, \u0111\u1ebfn c\u00e1c v\u1ecb kh\u00e1ch th\u01b0\u01a1ng nh\u00e2n c\u1ea7n n\u01a1i l\u01b0u tr\u00fa sang tr\u1ecdng hi\u1ec7n \u0111\u1ea1i, \u0111\u1ebfn nh\u1eefng nh\u00f3m kh\u00e1ch gia \u0111\u00ecnh c\u1ea7n n\u01a1i l\u01b0u tr\u00fa \u1ea5m \u00e1p, th\u00e2n thi\u1ec7n\u2026<br \/>\nHi\u1ec7n Majestic c\u00f3 175 ph\u00f2ng ng\u1ee7, trong \u0111\u00f3 c\u00f3 29 ph\u00f2ng th\u01b0\u1ee3ng h\u1ea1ng; c\u00f3 6 nh\u00e0 h\u00e0ng , qu\u1ea7y bar, h\u1ed3 b\u01a1i, CLB s\u1ee9c kh\u1ecfe, CLB Tr\u00f2 ch\u01a1i c\u00f3 th\u01b0\u1edfng c\u00f9ng nhi\u1ec1u d\u1ecbch v\u1ee5 cao c\u1ea5p kh\u00e1c\u2026 T\u00e2\u0301t c\u1ea3 c\u00e1c ph\u00f2ng t\u1ea1i \u0111\u00e2y \u0111\u00ea\u0300u c\u00f3 nh\u1eefng \u0111\u1eb7c \u0111i\u00ea\u0309m nh\u01b0 \u00f4 c\u1eeda k\u00ednh m\u00e0u, ph\u00f2ng t\u1eafm l\u00e1t \u0111\u00e1 hoa ki\u00ea\u0309u thu\u00f4\u0323c \u0111\u1ecba. Trong m\u00f4\u0303i ph\u00f2ng trang b\u1ecb \u0111i\u00ea\u0323n tho\u1ea1i ki\u00ea\u0309u x\u01b0a v\u00e0 n\u00f4\u0323i th\u00e2\u0301t c\u00f4\u0309. Kh\u00f4ng gian \u0111\u1eb7c tr\u01b0ng trong c\u00e1c ph\u00f2ng th\u1ec3 hi\u1ec7n qua \u00e1nh s\u00e1ng, m\u00e0u s\u1eafc, \u00e2m thanh hay t\u1eeb ngay nh\u1eefng chi\u1ebfc th\u1ea3m trang tr\u00ed, nh\u1eefng b\u1ee9c tranh c\u0169ng \u0111\u01b0\u1ee3c l\u1ef1a ch\u1ecdn, trang tr\u00ed m\u1ed9t c\u00e1ch h\u00e0i h\u00f2a. \u0110\u1ebfn v\u1edbi Majestic, du kh\u00e1ch s\u1ebd c\u1ea3m nh\u1eadn \u0111\u01b0\u1ee3c s\u1ef1 tinh t\u1ebf, l\u00e3ng m\u1ea1n v\u00e0 \u1ea5m c\u00fang.<\/p>\n","protected":false},"excerpt":{"rendered":"<p>Ch\u00e0o m\u1eebng qu\u00fd kh\u00e1ch \u0111\u1ebfn v\u1edbi Hotel Majestic Saigon! C\u00f3 m\u1eb7t t\u1eeb n\u0103m 1925, Kh\u00e1ch s\u1ea1n Majestic S\u00e0i G\u00f2n \u0111\u1ea1t ti\u00eau chu\u1ea9n 5 sao l\u00e0 m\u1ed9t trong nh\u1eefng v\u1ecb tr\u00ed l\u00fd t\u01b0\u1edfng nh\u1ea5t \u0111\u1ec3 ng\u1eafm to\u00e0n c\u1ea3nh s\u00f4ng S\u00e0i G\u00f2n. Majestic S\u00e0i G\u00f2n mang phong c\u00e1ch ki\u1ebfn tr\u00fac bao g\u1ed3m c\u00e1c c\u1ed9t v\u00e0 m\u00e1i v\u00f2m [&hellip;]<\/p>\n","protected":false},"author":368,"featured_media":563,"parent":0,"menu_order":0,"comment_status":"closed","ping_status":"closed","template":"template-default-2.php","meta":{"footnotes":""},"acf":[],"yoast_head":"<!-- This site is optimized with the Yoast SEO plugin v22.3 - https:\/\/yoast.com\/wordpress\/plugins\/seo\/ -->\n<title>V\u1ec0 KH\u00c1CH S\u1ea0N - Majestic Saigon Hotel<\/title>\n<meta name=\"robots\" content=\"index, follow, max-snippet:-1, max-image-preview:large, max-video-preview:-1\" \/>\n<link rel=\"canonical\" href=\"https:\/\/www.majesticsaigon.com\/vi\/our-hotel\/\" \/>\n<meta property=\"og:locale\" content=\"vi_VN\" \/>\n<meta property=\"og:type\" content=\"article\" \/>\n<meta property=\"og:title\" content=\"V\u1ec0 KH\u00c1CH S\u1ea0N - Majestic Saigon Hotel\" \/>\n<meta property=\"og:description\" content=\"Ch\u00e0o m\u1eebng qu\u00fd kh\u00e1ch \u0111\u1ebfn v\u1edbi Hotel Majestic Saigon! C\u00f3 m\u1eb7t t\u1eeb n\u0103m 1925, Kh\u00e1ch s\u1ea1n Majestic S\u00e0i G\u00f2n \u0111\u1ea1t ti\u00eau chu\u1ea9n 5 sao l\u00e0 m\u1ed9t trong nh\u1eefng v\u1ecb tr\u00ed l\u00fd t\u01b0\u1edfng nh\u1ea5t \u0111\u1ec3 ng\u1eafm to\u00e0n c\u1ea3nh s\u00f4ng S\u00e0i G\u00f2n. Majestic S\u00e0i G\u00f2n mang phong c\u00e1ch ki\u1ebfn tr\u00fac bao g\u1ed3m c\u00e1c c\u1ed9t v\u00e0 m\u00e1i v\u00f2m [&hellip;]\" \/>\n<meta property=\"og:url\" content=\"https:\/\/www.majesticsaigon.com\/vi\/our-hotel\/\" \/>\n<meta property=\"og:site_name\" content=\"Majestic Saigon Hotel\" \/>\n<meta property=\"article:modified_time\" content=\"2024-04-02T03:27:13+00:00\" \/>\n<meta property=\"og:image\" content=\"https:\/\/www.majesticsaigon.com\/wp-content\/uploads\/sites\/258\/2023\/04\/slideshow-1024x682.png\" \/>\n\t<meta property=\"og:image:width\" content=\"1024\" \/>\n\t<meta property=\"og:image:height\" content=\"682\" \/>\n\t<meta property=\"og:image:type\" content=\"image\/png\" \/>\n<meta name=\"twitter:card\" content=\"summary_large_image\" \/>\n<meta name=\"twitter:label1\" content=\"Est. reading time\" \/>\n\t<meta name=\"twitter:data1\" content=\"3 minutes\" \/>\n<script type=\"application\/ld+json\" class=\"yoast-schema-graph\">{\"@context\":\"https:\/\/schema.org\",\"@graph\":[{\"@type\":\"WebPage\",\"@id\":\"https:\/\/www.majesticsaigon.com\/vi\/our-hotel\/\",\"url\":\"https:\/\/www.majesticsaigon.com\/vi\/our-hotel\/\",\"name\":\"V\u1ec0 KH\u00c1CH S\u1ea0N - Majestic Saigon Hotel\",\"isPartOf\":{\"@id\":\"https:\/\/www.majesticsaigon.com\/vi\/#website\"},\"primaryImageOfPage\":{\"@id\":\"https:\/\/www.majesticsaigon.com\/vi\/our-hotel\/#primaryimage\"},\"image\":{\"@id\":\"https:\/\/www.majesticsaigon.com\/vi\/our-hotel\/#primaryimage\"},\"thumbnailUrl\":\"https:\/\/www.majesticsaigon.com\/wp-content\/uploads\/sites\/258\/2023\/04\/slideshow.png\",\"datePublished\":\"2023-04-25T08:17:32+00:00\",\"dateModified\":\"2024-04-02T03:27:13+00:00\",\"breadcrumb\":{\"@id\":\"https:\/\/www.majesticsaigon.com\/vi\/our-hotel\/#breadcrumb\"},\"inLanguage\":\"vi-VN\",\"potentialAction\":[{\"@type\":\"ReadAction\",\"target\":[\"https:\/\/www.majesticsaigon.com\/vi\/our-hotel\/\"]}]},{\"@type\":\"ImageObject\",\"inLanguage\":\"vi-VN\",\"@id\":\"https:\/\/www.majesticsaigon.com\/vi\/our-hotel\/#primaryimage\",\"url\":\"https:\/\/www.majesticsaigon.com\/wp-content\/uploads\/sites\/258\/2023\/04\/slideshow.png\",\"contentUrl\":\"https:\/\/www.majesticsaigon.com\/wp-content\/uploads\/sites\/258\/2023\/04\/slideshow.png\",\"width\":2000,\"height\":1333},{\"@type\":\"BreadcrumbList\",\"@id\":\"https:\/\/www.majesticsaigon.com\/vi\/our-hotel\/#breadcrumb\",\"itemListElement\":[{\"@type\":\"ListItem\",\"position\":1,\"name\":\"Home\",\"item\":\"https:\/\/www.majesticsaigon.com\/vi\/\"},{\"@type\":\"ListItem\",\"position\":2,\"name\":\"V\u1ec0 KH\u00c1CH S\u1ea0N\"}]},{\"@type\":\"WebSite\",\"@id\":\"https:\/\/www.majesticsaigon.com\/vi\/#website\",\"url\":\"https:\/\/www.majesticsaigon.com\/vi\/\",\"name\":\"Majestic Saigon Hotel\",\"description\":\"\",\"potentialAction\":[{\"@type\":\"SearchAction\",\"target\":{\"@type\":\"EntryPoint\",\"urlTemplate\":\"https:\/\/www.majesticsaigon.com\/vi\/?s={search_term_string}\"},\"query-input\":\"required name=search_term_string\"}],\"inLanguage\":\"vi-VN\"}]}<\/script>\n<!-- \/ Yoast SEO plugin. -->","yoast_head_json":{"title":"V\u1ec0 KH\u00c1CH S\u1ea0N - Majestic Saigon Hotel","robots":{"index":"index","follow":"follow","max-snippet":"max-snippet:-1","max-image-preview":"max-image-preview:large","max-video-preview":"max-video-preview:-1"},"canonical":"https:\/\/www.majesticsaigon.com\/vi\/our-hotel\/","og_locale":"vi_VN","og_type":"article","og_title":"V\u1ec0 KH\u00c1CH S\u1ea0N - Majestic Saigon Hotel","og_description":"Ch\u00e0o m\u1eebng qu\u00fd kh\u00e1ch \u0111\u1ebfn v\u1edbi Hotel Majestic Saigon! C\u00f3 m\u1eb7t t\u1eeb n\u0103m 1925, Kh\u00e1ch s\u1ea1n Majestic S\u00e0i G\u00f2n \u0111\u1ea1t ti\u00eau chu\u1ea9n 5 sao l\u00e0 m\u1ed9t trong nh\u1eefng v\u1ecb tr\u00ed l\u00fd t\u01b0\u1edfng nh\u1ea5t \u0111\u1ec3 ng\u1eafm to\u00e0n c\u1ea3nh s\u00f4ng S\u00e0i G\u00f2n. Majestic S\u00e0i G\u00f2n mang phong c\u00e1ch ki\u1ebfn tr\u00fac bao g\u1ed3m c\u00e1c c\u1ed9t v\u00e0 m\u00e1i v\u00f2m [&hellip;]","og_url":"https:\/\/www.majesticsaigon.com\/vi\/our-hotel\/","og_site_name":"Majestic Saigon Hotel","article_modified_time":"2024-04-02T03:27:13+00:00","og_image":[{"width":1024,"height":682,"url":"https:\/\/www.majesticsaigon.com\/wp-content\/uploads\/sites\/258\/2023\/04\/slideshow-1024x682.png","type":"image\/png"}],"twitter_card":"summary_large_image","twitter_misc":{"Est. reading time":"3 minutes"},"schema":{"@context":"https:\/\/schema.org","@graph":[{"@type":"WebPage","@id":"https:\/\/www.majesticsaigon.com\/vi\/our-hotel\/","url":"https:\/\/www.majesticsaigon.com\/vi\/our-hotel\/","name":"V\u1ec0 KH\u00c1CH S\u1ea0N - Majestic Saigon Hotel","isPartOf":{"@id":"https:\/\/www.majesticsaigon.com\/vi\/#website"},"primaryImageOfPage":{"@id":"https:\/\/www.majesticsaigon.com\/vi\/our-hotel\/#primaryimage"},"image":{"@id":"https:\/\/www.majesticsaigon.com\/vi\/our-hotel\/#primaryimage"},"thumbnailUrl":"https:\/\/www.majesticsaigon.com\/wp-content\/uploads\/sites\/258\/2023\/04\/slideshow.png","datePublished":"2023-04-25T08:17:32+00:00","dateModified":"2024-04-02T03:27:13+00:00","breadcrumb":{"@id":"https:\/\/www.majesticsaigon.com\/vi\/our-hotel\/#breadcrumb"},"inLanguage":"vi-VN","potentialAction":[{"@type":"ReadAction","target":["https:\/\/www.majesticsaigon.com\/vi\/our-hotel\/"]}]},{"@type":"ImageObject","inLanguage":"vi-VN","@id":"https:\/\/www.majesticsaigon.com\/vi\/our-hotel\/#primaryimage","url":"https:\/\/www.majesticsaigon.com\/wp-content\/uploads\/sites\/258\/2023\/04\/slideshow.png","contentUrl":"https:\/\/www.majesticsaigon.com\/wp-content\/uploads\/sites\/258\/2023\/04\/slideshow.png","width":2000,"height":1333},{"@type":"BreadcrumbList","@id":"https:\/\/www.majesticsaigon.com\/vi\/our-hotel\/#breadcrumb","itemListElement":[{"@type":"ListItem","position":1,"name":"Home","item":"https:\/\/www.majesticsaigon.com\/vi\/"},{"@type":"ListItem","position":2,"name":"V\u1ec0 KH\u00c1CH S\u1ea0N"}]},{"@type":"WebSite","@id":"https:\/\/www.majesticsaigon.com\/vi\/#website","url":"https:\/\/www.majesticsaigon.com\/vi\/","name":"Majestic Saigon Hotel","description":"","potentialAction":[{"@type":"SearchAction","target":{"@type":"EntryPoint","urlTemplate":"https:\/\/www.majesticsaigon.com\/vi\/?s={search_term_string}"},"query-input":"required name=search_term_string"}],"inLanguage":"vi-VN"}]}},"_links":{"self":[{"href":"https:\/\/www.majesticsaigon.com\/vi\/wp-json\/wp\/v2\/pages\/3118"}],"collection":[{"href":"https:\/\/www.majesticsaigon.com\/vi\/wp-json\/wp\/v2\/pages"}],"about":[{"href":"https:\/\/www.majesticsaigon.com\/vi\/wp-json\/wp\/v2\/types\/page"}],"author":[{"embeddable":true,"href":"https:\/\/www.majesticsaigon.com\/vi\/wp-json\/wp\/v2\/users\/368"}],"replies":[{"embeddable":true,"href":"https:\/\/www.majesticsaigon.com\/vi\/wp-json\/wp\/v2\/comments?post=3118"}],"version-history":[{"count":0,"href":"https:\/\/www.majesticsaigon.com\/vi\/wp-json\/wp\/v2\/pages\/3118\/revisions"}],"wp:featuredmedia":[{"embeddable":true,"href":"https:\/\/www.majesticsaigon.com\/vi\/wp-json\/wp\/v2\/media\/563"}],"wp:attachment":[{"href":"https:\/\/www.majesticsaigon.com\/vi\/wp-json\/wp\/v2\/media?parent=3118"}],"curies":[{"name":"wp","href":"https:\/\/api.w.org\/{rel}","templated":true}]}}