{"id":3132,"date":"2023-04-25T09:34:23","date_gmt":"2023-04-25T09:34:23","guid":{"rendered":"https:\/\/www.majesticsaigon.com\/wedding-events\/"},"modified":"2024-04-02T07:48:19","modified_gmt":"2024-04-02T07:48:19","slug":"wedding-events","status":"publish","type":"page","link":"https:\/\/www.majesticsaigon.com\/vi\/wedding-events\/","title":{"rendered":"TI\u1ec6C C\u01af\u1edaI &#038; S\u1ef0 KI\u1ec6N"},"content":{"rendered":"<p>N\u1eb1m ngay t\u1ea1i trung t\u00e2m th\u00e0nh ph\u1ed1, Kh\u00e1ch s\u1ea1n Majestic S\u00e0i G\u00f2n l\u00e0 l\u1ef1a ch\u1ecdn ho\u00e0n h\u1ea3o \u0111\u1ec3 t\u1ed5 ch\u1ee9c ti\u1ec7c c\u01b0\u1edbi, h\u1ed9i ngh\u1ecb kinh doanh \u0111\u1ebfn b\u1eefa ti\u1ec7c chi\u00eau \u0111\u00e3i v\u00e0 bu\u1ed5i h\u1ecdp doanh nghi\u1ec7p. Qu\u00fd kh\u00e1ch c\u00f3 th\u1ec3 tham kh\u1ea3o Brochure v\u1ec1 ti\u1ec7c c\u01b0\u1edbi c\u0169ng nh\u01b0 c\u00e1c ph\u00f2ng h\u1ecdp v\u00e0 ch\u1ee9c n\u0103ng b\u00ean d\u01b0\u1edbi \u0111\u1ec3 bi\u1ebft th\u00eam th\u00f4ng tin chi ti\u1ebft.<br \/>\n\u0110\u1ec3 nh\u1eadn \u0111\u01b0\u1ee3c \u01b0u \u0111\u00e3i \u0111\u1eb7c bi\u1ec7t, xin vui l\u00f2ng li\u00ean h\u1ec7 tr\u1ef1c ti\u1ebfp v\u1edbi ch\u00fang t\u00f4i.<\/p>\n","protected":false},"excerpt":{"rendered":"<p>N\u1eb1m ngay t\u1ea1i trung t\u00e2m th\u00e0nh ph\u1ed1, Kh\u00e1ch s\u1ea1n Majestic S\u00e0i G\u00f2n l\u00e0 l\u1ef1a ch\u1ecdn ho\u00e0n h\u1ea3o \u0111\u1ec3 t\u1ed5 ch\u1ee9c ti\u1ec7c c\u01b0\u1edbi, h\u1ed9i ngh\u1ecb kinh doanh \u0111\u1ebfn b\u1eefa ti\u1ec7c chi\u00eau \u0111\u00e3i v\u00e0 bu\u1ed5i h\u1ecdp doanh nghi\u1ec7p. Qu\u00fd kh\u00e1ch c\u00f3 th\u1ec3 tham kh\u1ea3o Brochure v\u1ec1 ti\u1ec7c c\u01b0\u1edbi c\u0169ng nh\u01b0 c\u00e1c ph\u00f2ng h\u1ecdp v\u00e0 ch\u1ee9c n\u0103ng b\u00ean [&hellip;]<\/p>\n","protected":false},"author":368,"featured_media":1106,"parent":0,"menu_order":0,"comment_status":"closed","ping_status":"closed","template":"template-default-2.php","meta":{"footnotes":""},"acf":[],"yoast_head":"<!-- This site is optimized with the Yoast SEO plugin v22.3 - https:\/\/yoast.com\/wordpress\/plugins\/seo\/ -->\n<title>TI\u1ec6C C\u01af\u1edaI &amp; S\u1ef0 KI\u1ec6N - Majestic Saigon Hotel<\/title>\n<meta name=\"robots\" content=\"index, follow, max-snippet:-1, max-image-preview:large, max-video-preview:-1\" \/>\n<link rel=\"canonical\" href=\"https:\/\/www.majesticsaigon.com\/vi\/wedding-events\/\" \/>\n<meta property=\"og:locale\" content=\"vi_VN\" \/>\n<meta property=\"og:type\" content=\"article\" \/>\n<meta property=\"og:title\" content=\"TI\u1ec6C C\u01af\u1edaI &amp; S\u1ef0 KI\u1ec6N - Majestic Saigon Hotel\" \/>\n<meta property=\"og:description\" content=\"N\u1eb1m ngay t\u1ea1i trung t\u00e2m th\u00e0nh ph\u1ed1, Kh\u00e1ch s\u1ea1n Majestic S\u00e0i G\u00f2n l\u00e0 l\u1ef1a ch\u1ecdn ho\u00e0n h\u1ea3o \u0111\u1ec3 t\u1ed5 ch\u1ee9c ti\u1ec7c c\u01b0\u1edbi, h\u1ed9i ngh\u1ecb kinh doanh \u0111\u1ebfn b\u1eefa ti\u1ec7c chi\u00eau \u0111\u00e3i v\u00e0 bu\u1ed5i h\u1ecdp doanh nghi\u1ec7p. Qu\u00fd kh\u00e1ch c\u00f3 th\u1ec3 tham kh\u1ea3o Brochure v\u1ec1 ti\u1ec7c c\u01b0\u1edbi c\u0169ng nh\u01b0 c\u00e1c ph\u00f2ng h\u1ecdp v\u00e0 ch\u1ee9c n\u0103ng b\u00ean [&hellip;]\" \/>\n<meta property=\"og:url\" content=\"https:\/\/www.majesticsaigon.com\/vi\/wedding-events\/\" \/>\n<meta property=\"og:site_name\" content=\"Majestic Saigon Hotel\" \/>\n<meta property=\"article:modified_time\" content=\"2024-04-02T07:48:19+00:00\" \/>\n<meta property=\"og:image\" content=\"https:\/\/www.majesticsaigon.com\/wp-content\/uploads\/sites\/258\/2023\/10\/KAL09487-HDR.jpg\" \/>\n\t<meta property=\"og:image:width\" content=\"2200\" \/>\n\t<meta property=\"og:image:height\" content=\"1467\" \/>\n\t<meta property=\"og:image:type\" content=\"image\/jpeg\" \/>\n<meta name=\"twitter:card\" content=\"summary_large_image\" \/>\n<meta name=\"twitter:label1\" content=\"Est. reading time\" \/>\n\t<meta name=\"twitter:data1\" content=\"1 minute\" \/>\n<script type=\"application\/ld+json\" class=\"yoast-schema-graph\">{\"@context\":\"https:\/\/schema.org\",\"@graph\":[{\"@type\":\"WebPage\",\"@id\":\"https:\/\/www.majesticsaigon.com\/vi\/wedding-events\/\",\"url\":\"https:\/\/www.majesticsaigon.com\/vi\/wedding-events\/\",\"name\":\"TI\u1ec6C C\u01af\u1edaI & S\u1ef0 KI\u1ec6N - Majestic Saigon Hotel\",\"isPartOf\":{\"@id\":\"https:\/\/www.majesticsaigon.com\/vi\/#website\"},\"primaryImageOfPage\":{\"@id\":\"https:\/\/www.majesticsaigon.com\/vi\/wedding-events\/#primaryimage\"},\"image\":{\"@id\":\"https:\/\/www.majesticsaigon.com\/vi\/wedding-events\/#primaryimage\"},\"thumbnailUrl\":\"https:\/\/www.majesticsaigon.com\/wp-content\/uploads\/sites\/258\/2023\/10\/KAL09487-HDR.jpg\",\"datePublished\":\"2023-04-25T09:34:23+00:00\",\"dateModified\":\"2024-04-02T07:48:19+00:00\",\"breadcrumb\":{\"@id\":\"https:\/\/www.majesticsaigon.com\/vi\/wedding-events\/#breadcrumb\"},\"inLanguage\":\"vi-VN\",\"potentialAction\":[{\"@type\":\"ReadAction\",\"target\":[\"https:\/\/www.majesticsaigon.com\/vi\/wedding-events\/\"]}]},{\"@type\":\"ImageObject\",\"inLanguage\":\"vi-VN\",\"@id\":\"https:\/\/www.majesticsaigon.com\/vi\/wedding-events\/#primaryimage\",\"url\":\"https:\/\/www.majesticsaigon.com\/wp-content\/uploads\/sites\/258\/2023\/10\/KAL09487-HDR.jpg\",\"contentUrl\":\"https:\/\/www.majesticsaigon.com\/wp-content\/uploads\/sites\/258\/2023\/10\/KAL09487-HDR.jpg\",\"width\":2200,\"height\":1467},{\"@type\":\"BreadcrumbList\",\"@id\":\"https:\/\/www.majesticsaigon.com\/vi\/wedding-events\/#breadcrumb\",\"itemListElement\":[{\"@type\":\"ListItem\",\"position\":1,\"name\":\"Home\",\"item\":\"https:\/\/www.majesticsaigon.com\/vi\/\"},{\"@type\":\"ListItem\",\"position\":2,\"name\":\"TI\u1ec6C C\u01af\u1edaI &#038; S\u1ef0 KI\u1ec6N\"}]},{\"@type\":\"WebSite\",\"@id\":\"https:\/\/www.majesticsaigon.com\/vi\/#website\",\"url\":\"https:\/\/www.majesticsaigon.com\/vi\/\",\"name\":\"Majestic Saigon Hotel\",\"description\":\"\",\"potentialAction\":[{\"@type\":\"SearchAction\",\"target\":{\"@type\":\"EntryPoint\",\"urlTemplate\":\"https:\/\/www.majesticsaigon.com\/vi\/?s={search_term_string}\"},\"query-input\":\"required name=search_term_string\"}],\"inLanguage\":\"vi-VN\"}]}<\/script>\n<!-- \/ Yoast SEO plugin. -->","yoast_head_json":{"title":"TI\u1ec6C C\u01af\u1edaI & S\u1ef0 KI\u1ec6N - Majestic Saigon Hotel","robots":{"index":"index","follow":"follow","max-snippet":"max-snippet:-1","max-image-preview":"max-image-preview:large","max-video-preview":"max-video-preview:-1"},"canonical":"https:\/\/www.majesticsaigon.com\/vi\/wedding-events\/","og_locale":"vi_VN","og_type":"article","og_title":"TI\u1ec6C C\u01af\u1edaI & S\u1ef0 KI\u1ec6N - Majestic Saigon Hotel","og_description":"N\u1eb1m ngay t\u1ea1i trung t\u00e2m th\u00e0nh ph\u1ed1, Kh\u00e1ch s\u1ea1n Majestic S\u00e0i G\u00f2n l\u00e0 l\u1ef1a ch\u1ecdn ho\u00e0n h\u1ea3o \u0111\u1ec3 t\u1ed5 ch\u1ee9c ti\u1ec7c c\u01b0\u1edbi, h\u1ed9i ngh\u1ecb kinh doanh \u0111\u1ebfn b\u1eefa ti\u1ec7c chi\u00eau \u0111\u00e3i v\u00e0 bu\u1ed5i h\u1ecdp doanh nghi\u1ec7p. Qu\u00fd kh\u00e1ch c\u00f3 th\u1ec3 tham kh\u1ea3o Brochure v\u1ec1 ti\u1ec7c c\u01b0\u1edbi c\u0169ng nh\u01b0 c\u00e1c ph\u00f2ng h\u1ecdp v\u00e0 ch\u1ee9c n\u0103ng b\u00ean [&hellip;]","og_url":"https:\/\/www.majesticsaigon.com\/vi\/wedding-events\/","og_site_name":"Majestic Saigon Hotel","article_modified_time":"2024-04-02T07:48:19+00:00","og_image":[{"width":2200,"height":1467,"url":"https:\/\/www.majesticsaigon.com\/wp-content\/uploads\/sites\/258\/2023\/10\/KAL09487-HDR.jpg","type":"image\/jpeg"}],"twitter_card":"summary_large_image","twitter_misc":{"Est. reading time":"1 minute"},"schema":{"@context":"https:\/\/schema.org","@graph":[{"@type":"WebPage","@id":"https:\/\/www.majesticsaigon.com\/vi\/wedding-events\/","url":"https:\/\/www.majesticsaigon.com\/vi\/wedding-events\/","name":"TI\u1ec6C C\u01af\u1edaI & S\u1ef0 KI\u1ec6N - Majestic Saigon Hotel","isPartOf":{"@id":"https:\/\/www.majesticsaigon.com\/vi\/#website"},"primaryImageOfPage":{"@id":"https:\/\/www.majesticsaigon.com\/vi\/wedding-events\/#primaryimage"},"image":{"@id":"https:\/\/www.majesticsaigon.com\/vi\/wedding-events\/#primaryimage"},"thumbnailUrl":"https:\/\/www.majesticsaigon.com\/wp-content\/uploads\/sites\/258\/2023\/10\/KAL09487-HDR.jpg","datePublished":"2023-04-25T09:34:23+00:00","dateModified":"2024-04-02T07:48:19+00:00","breadcrumb":{"@id":"https:\/\/www.majesticsaigon.com\/vi\/wedding-events\/#breadcrumb"},"inLanguage":"vi-VN","potentialAction":[{"@type":"ReadAction","target":["https:\/\/www.majesticsaigon.com\/vi\/wedding-events\/"]}]},{"@type":"ImageObject","inLanguage":"vi-VN","@id":"https:\/\/www.majesticsaigon.com\/vi\/wedding-events\/#primaryimage","url":"https:\/\/www.majesticsaigon.com\/wp-content\/uploads\/sites\/258\/2023\/10\/KAL09487-HDR.jpg","contentUrl":"https:\/\/www.majesticsaigon.com\/wp-content\/uploads\/sites\/258\/2023\/10\/KAL09487-HDR.jpg","width":2200,"height":1467},{"@type":"BreadcrumbList","@id":"https:\/\/www.majesticsaigon.com\/vi\/wedding-events\/#breadcrumb","itemListElement":[{"@type":"ListItem","position":1,"name":"Home","item":"https:\/\/www.majesticsaigon.com\/vi\/"},{"@type":"ListItem","position":2,"name":"TI\u1ec6C C\u01af\u1edaI &#038; S\u1ef0 KI\u1ec6N"}]},{"@type":"WebSite","@id":"https:\/\/www.majesticsaigon.com\/vi\/#website","url":"https:\/\/www.majesticsaigon.com\/vi\/","name":"Majestic Saigon Hotel","description":"","potentialAction":[{"@type":"SearchAction","target":{"@type":"EntryPoint","urlTemplate":"https:\/\/www.majesticsaigon.com\/vi\/?s={search_term_string}"},"query-input":"required name=search_term_string"}],"inLanguage":"vi-VN"}]}},"_links":{"self":[{"href":"https:\/\/www.majesticsaigon.com\/vi\/wp-json\/wp\/v2\/pages\/3132"}],"collection":[{"href":"https:\/\/www.majesticsaigon.com\/vi\/wp-json\/wp\/v2\/pages"}],"about":[{"href":"https:\/\/www.majesticsaigon.com\/vi\/wp-json\/wp\/v2\/types\/page"}],"author":[{"embeddable":true,"href":"https:\/\/www.majesticsaigon.com\/vi\/wp-json\/wp\/v2\/users\/368"}],"replies":[{"embeddable":true,"href":"https:\/\/www.majesticsaigon.com\/vi\/wp-json\/wp\/v2\/comments?post=3132"}],"version-history":[{"count":0,"href":"https:\/\/www.majesticsaigon.com\/vi\/wp-json\/wp\/v2\/pages\/3132\/revisions"}],"wp:featuredmedia":[{"embeddable":true,"href":"https:\/\/www.majesticsaigon.com\/vi\/wp-json\/wp\/v2\/media\/1106"}],"wp:attachment":[{"href":"https:\/\/www.majesticsaigon.com\/vi\/wp-json\/wp\/v2\/media?parent=3132"}],"curies":[{"name":"wp","href":"https:\/\/api.w.org\/{rel}","templated":true}]}}