{"id":3140,"date":"2023-04-26T03:43:48","date_gmt":"2023-04-26T03:43:48","guid":{"rendered":"https:\/\/www.majesticsaigon.com\/facilities\/"},"modified":"2024-04-02T07:52:14","modified_gmt":"2024-04-02T07:52:14","slug":"facilities","status":"publish","type":"page","link":"https:\/\/www.majesticsaigon.com\/vi\/facilities\/","title":{"rendered":"C\u01a0 S\u1ede"},"content":{"rendered":"<p>Kh\u00e1ch s\u1ea1n Majestic S\u00e0i G\u00f2n cung c\u1ea5p c\u00e1c ti\u1ec7n nghi v\u00e0 d\u1ecbch v\u1ee5 h\u00e0ng \u0111\u1ea7u cho kh\u00e1ch h\u00e0ng, \u0111\u1ea3m b\u1ea3o qu\u00fd kh\u00e1ch c\u00f3 m\u1ed9t k\u1ef3 ngh\u1ec9 th\u00fa v\u1ecb v\u00e0 \u0111\u00e1ng nh\u1edb nh\u1ea5t.<\/p>\n","protected":false},"excerpt":{"rendered":"<p>Kh\u00e1ch s\u1ea1n Majestic S\u00e0i G\u00f2n cung c\u1ea5p c\u00e1c ti\u1ec7n nghi v\u00e0 d\u1ecbch v\u1ee5 h\u00e0ng \u0111\u1ea7u cho kh\u00e1ch h\u00e0ng, \u0111\u1ea3m b\u1ea3o qu\u00fd kh\u00e1ch c\u00f3 m\u1ed9t k\u1ef3 ngh\u1ec9 th\u00fa v\u1ecb v\u00e0 \u0111\u00e1ng nh\u1edb nh\u1ea5t.<\/p>\n","protected":false},"author":368,"featured_media":0,"parent":0,"menu_order":0,"comment_status":"closed","ping_status":"closed","template":"template-default-2.php","meta":{"footnotes":""},"acf":[],"yoast_head":"<!-- This site is optimized with the Yoast SEO plugin v22.3 - https:\/\/yoast.com\/wordpress\/plugins\/seo\/ -->\n<title>C\u01a0 S\u1ede - Majestic Saigon Hotel<\/title>\n<meta name=\"robots\" content=\"index, follow, max-snippet:-1, max-image-preview:large, max-video-preview:-1\" \/>\n<link rel=\"canonical\" href=\"https:\/\/www.majesticsaigon.com\/vi\/facilities\/\" \/>\n<meta property=\"og:locale\" content=\"vi_VN\" \/>\n<meta property=\"og:type\" content=\"article\" \/>\n<meta property=\"og:title\" content=\"C\u01a0 S\u1ede - Majestic Saigon Hotel\" \/>\n<meta property=\"og:description\" content=\"Kh\u00e1ch s\u1ea1n Majestic S\u00e0i G\u00f2n cung c\u1ea5p c\u00e1c ti\u1ec7n nghi v\u00e0 d\u1ecbch v\u1ee5 h\u00e0ng \u0111\u1ea7u cho kh\u00e1ch h\u00e0ng, \u0111\u1ea3m b\u1ea3o qu\u00fd kh\u00e1ch c\u00f3 m\u1ed9t k\u1ef3 ngh\u1ec9 th\u00fa v\u1ecb v\u00e0 \u0111\u00e1ng nh\u1edb nh\u1ea5t.\" \/>\n<meta property=\"og:url\" content=\"https:\/\/www.majesticsaigon.com\/vi\/facilities\/\" \/>\n<meta property=\"og:site_name\" content=\"Majestic Saigon Hotel\" \/>\n<meta property=\"article:modified_time\" content=\"2024-04-02T07:52:14+00:00\" \/>\n<meta name=\"twitter:card\" content=\"summary_large_image\" \/>\n<meta name=\"twitter:label1\" content=\"Est. reading time\" \/>\n\t<meta name=\"twitter:data1\" content=\"1 minute\" \/>\n<script type=\"application\/ld+json\" class=\"yoast-schema-graph\">{\"@context\":\"https:\/\/schema.org\",\"@graph\":[{\"@type\":\"WebPage\",\"@id\":\"https:\/\/www.majesticsaigon.com\/vi\/facilities\/\",\"url\":\"https:\/\/www.majesticsaigon.com\/vi\/facilities\/\",\"name\":\"C\u01a0 S\u1ede - Majestic Saigon Hotel\",\"isPartOf\":{\"@id\":\"https:\/\/www.majesticsaigon.com\/vi\/#website\"},\"datePublished\":\"2023-04-26T03:43:48+00:00\",\"dateModified\":\"2024-04-02T07:52:14+00:00\",\"breadcrumb\":{\"@id\":\"https:\/\/www.majesticsaigon.com\/vi\/facilities\/#breadcrumb\"},\"inLanguage\":\"vi-VN\",\"potentialAction\":[{\"@type\":\"ReadAction\",\"target\":[\"https:\/\/www.majesticsaigon.com\/vi\/facilities\/\"]}]},{\"@type\":\"BreadcrumbList\",\"@id\":\"https:\/\/www.majesticsaigon.com\/vi\/facilities\/#breadcrumb\",\"itemListElement\":[{\"@type\":\"ListItem\",\"position\":1,\"name\":\"Home\",\"item\":\"https:\/\/www.majesticsaigon.com\/vi\/\"},{\"@type\":\"ListItem\",\"position\":2,\"name\":\"C\u01a0 S\u1ede\"}]},{\"@type\":\"WebSite\",\"@id\":\"https:\/\/www.majesticsaigon.com\/vi\/#website\",\"url\":\"https:\/\/www.majesticsaigon.com\/vi\/\",\"name\":\"Majestic Saigon Hotel\",\"description\":\"\",\"potentialAction\":[{\"@type\":\"SearchAction\",\"target\":{\"@type\":\"EntryPoint\",\"urlTemplate\":\"https:\/\/www.majesticsaigon.com\/vi\/?s={search_term_string}\"},\"query-input\":\"required name=search_term_string\"}],\"inLanguage\":\"vi-VN\"}]}<\/script>\n<!-- \/ Yoast SEO plugin. -->","yoast_head_json":{"title":"C\u01a0 S\u1ede - Majestic Saigon Hotel","robots":{"index":"index","follow":"follow","max-snippet":"max-snippet:-1","max-image-preview":"max-image-preview:large","max-video-preview":"max-video-preview:-1"},"canonical":"https:\/\/www.majesticsaigon.com\/vi\/facilities\/","og_locale":"vi_VN","og_type":"article","og_title":"C\u01a0 S\u1ede - Majestic Saigon Hotel","og_description":"Kh\u00e1ch s\u1ea1n Majestic S\u00e0i G\u00f2n cung c\u1ea5p c\u00e1c ti\u1ec7n nghi v\u00e0 d\u1ecbch v\u1ee5 h\u00e0ng \u0111\u1ea7u cho kh\u00e1ch h\u00e0ng, \u0111\u1ea3m b\u1ea3o qu\u00fd kh\u00e1ch c\u00f3 m\u1ed9t k\u1ef3 ngh\u1ec9 th\u00fa v\u1ecb v\u00e0 \u0111\u00e1ng nh\u1edb nh\u1ea5t.","og_url":"https:\/\/www.majesticsaigon.com\/vi\/facilities\/","og_site_name":"Majestic Saigon Hotel","article_modified_time":"2024-04-02T07:52:14+00:00","twitter_card":"summary_large_image","twitter_misc":{"Est. reading time":"1 minute"},"schema":{"@context":"https:\/\/schema.org","@graph":[{"@type":"WebPage","@id":"https:\/\/www.majesticsaigon.com\/vi\/facilities\/","url":"https:\/\/www.majesticsaigon.com\/vi\/facilities\/","name":"C\u01a0 S\u1ede - Majestic Saigon Hotel","isPartOf":{"@id":"https:\/\/www.majesticsaigon.com\/vi\/#website"},"datePublished":"2023-04-26T03:43:48+00:00","dateModified":"2024-04-02T07:52:14+00:00","breadcrumb":{"@id":"https:\/\/www.majesticsaigon.com\/vi\/facilities\/#breadcrumb"},"inLanguage":"vi-VN","potentialAction":[{"@type":"ReadAction","target":["https:\/\/www.majesticsaigon.com\/vi\/facilities\/"]}]},{"@type":"BreadcrumbList","@id":"https:\/\/www.majesticsaigon.com\/vi\/facilities\/#breadcrumb","itemListElement":[{"@type":"ListItem","position":1,"name":"Home","item":"https:\/\/www.majesticsaigon.com\/vi\/"},{"@type":"ListItem","position":2,"name":"C\u01a0 S\u1ede"}]},{"@type":"WebSite","@id":"https:\/\/www.majesticsaigon.com\/vi\/#website","url":"https:\/\/www.majesticsaigon.com\/vi\/","name":"Majestic Saigon Hotel","description":"","potentialAction":[{"@type":"SearchAction","target":{"@type":"EntryPoint","urlTemplate":"https:\/\/www.majesticsaigon.com\/vi\/?s={search_term_string}"},"query-input":"required name=search_term_string"}],"inLanguage":"vi-VN"}]}},"_links":{"self":[{"href":"https:\/\/www.majesticsaigon.com\/vi\/wp-json\/wp\/v2\/pages\/3140"}],"collection":[{"href":"https:\/\/www.majesticsaigon.com\/vi\/wp-json\/wp\/v2\/pages"}],"about":[{"href":"https:\/\/www.majesticsaigon.com\/vi\/wp-json\/wp\/v2\/types\/page"}],"author":[{"embeddable":true,"href":"https:\/\/www.majesticsaigon.com\/vi\/wp-json\/wp\/v2\/users\/368"}],"replies":[{"embeddable":true,"href":"https:\/\/www.majesticsaigon.com\/vi\/wp-json\/wp\/v2\/comments?post=3140"}],"version-history":[{"count":0,"href":"https:\/\/www.majesticsaigon.com\/vi\/wp-json\/wp\/v2\/pages\/3140\/revisions"}],"wp:attachment":[{"href":"https:\/\/www.majesticsaigon.com\/vi\/wp-json\/wp\/v2\/media?parent=3140"}],"curies":[{"name":"wp","href":"https:\/\/api.w.org\/{rel}","templated":true}]}}