{"id":3150,"date":"2023-10-10T11:00:37","date_gmt":"2023-10-10T11:00:37","guid":{"rendered":"https:\/\/www.majesticsaigon.com\/homepage\/souvenir-shop\/"},"modified":"2025-06-03T10:21:57","modified_gmt":"2025-06-03T10:21:57","slug":"souvenir-shop","status":"publish","type":"page","link":"https:\/\/www.majesticsaigon.com\/vi\/homepage\/souvenir-shop\/","title":{"rendered":"QU\u00c0 L\u01afU NI\u1ec6M"},"content":{"rendered":"<p>Kh\u00e1ch s\u1ea1n Majestic S\u00e0i G\u00f2n tr\u00e2n tr\u1ecdng m\u1eddi qu\u00fd kh\u00e1ch kh\u00e1m ph\u00e1 b\u1ed9 s\u01b0u t\u1eadp qu\u00e0 l\u01b0u ni\u1ec7m tinh t\u1ebf c\u1ee7a ch\u00fang t\u00f4i, n\u01a1i l\u01b0u gi\u1eef tinh hoa c\u1ee7a s\u1ef1 sang tr\u1ecdng v\u00e0 di s\u1ea3n. T\u1eeb nh\u1eefng chi\u1ebfc \u00e1o ph\u00f4ng \u0111\u1ed9c quy\u1ec1n \u0111\u1ebfn \u0111\u1ed3ng h\u1ed3 b\u00e0n c\u1ed5 xinh \u0111\u1eb9p v\u00e0 b\u1ed9 \u1ea5m tr\u00e0 b\u1eb1ng s\u1ee9 cao c\u1ea5p mang th\u01b0\u01a1ng hi\u1ec7u sang tr\u1ecdng, m\u1ed7i s\u1ea3n ph\u1ea9m \u0111\u1ec1u mang \u00e2m h\u01b0\u1edfng c\u1ee7a s\u1ef1 quy\u1ebfn r\u0169 v\u00e0 tinh t\u1ebf v\u01b0\u1ee3t th\u1eddi gian c\u1ee7a kh\u00e1ch s\u1ea1n.<\/p>\n","protected":false},"excerpt":{"rendered":"<p>Kh\u00e1ch s\u1ea1n Majestic S\u00e0i G\u00f2n tr\u00e2n tr\u1ecdng m\u1eddi qu\u00fd kh\u00e1ch kh\u00e1m ph\u00e1 b\u1ed9 s\u01b0u t\u1eadp qu\u00e0 l\u01b0u ni\u1ec7m tinh t\u1ebf c\u1ee7a ch\u00fang t\u00f4i, n\u01a1i l\u01b0u gi\u1eef tinh hoa c\u1ee7a s\u1ef1 sang tr\u1ecdng v\u00e0 di s\u1ea3n. T\u1eeb nh\u1eefng chi\u1ebfc \u00e1o ph\u00f4ng \u0111\u1ed9c quy\u1ec1n \u0111\u1ebfn \u0111\u1ed3ng h\u1ed3 b\u00e0n c\u1ed5 xinh \u0111\u1eb9p v\u00e0 b\u1ed9 \u1ea5m tr\u00e0 b\u1eb1ng s\u1ee9 [&hellip;]<\/p>\n","protected":false},"author":602,"featured_media":1437,"parent":1973,"menu_order":0,"comment_status":"closed","ping_status":"closed","template":"template-gallery.php","meta":{"footnotes":""},"acf":[],"yoast_head":"<!-- This site is optimized with the Yoast SEO plugin v22.3 - https:\/\/yoast.com\/wordpress\/plugins\/seo\/ -->\n<title>QU\u00c0 L\u01afU NI\u1ec6M - Majestic Saigon Hotel<\/title>\n<meta name=\"robots\" content=\"index, follow, max-snippet:-1, max-image-preview:large, max-video-preview:-1\" \/>\n<link rel=\"canonical\" href=\"https:\/\/www.majesticsaigon.com\/vi\/homepage\/souvenir-shop\/\" \/>\n<meta property=\"og:locale\" content=\"vi_VN\" \/>\n<meta property=\"og:type\" content=\"article\" \/>\n<meta property=\"og:title\" content=\"QU\u00c0 L\u01afU NI\u1ec6M - Majestic Saigon Hotel\" \/>\n<meta property=\"og:description\" content=\"Kh\u00e1ch s\u1ea1n Majestic S\u00e0i G\u00f2n tr\u00e2n tr\u1ecdng m\u1eddi qu\u00fd kh\u00e1ch kh\u00e1m ph\u00e1 b\u1ed9 s\u01b0u t\u1eadp qu\u00e0 l\u01b0u ni\u1ec7m tinh t\u1ebf c\u1ee7a ch\u00fang t\u00f4i, n\u01a1i l\u01b0u gi\u1eef tinh hoa c\u1ee7a s\u1ef1 sang tr\u1ecdng v\u00e0 di s\u1ea3n. T\u1eeb nh\u1eefng chi\u1ebfc \u00e1o ph\u00f4ng \u0111\u1ed9c quy\u1ec1n \u0111\u1ebfn \u0111\u1ed3ng h\u1ed3 b\u00e0n c\u1ed5 xinh \u0111\u1eb9p v\u00e0 b\u1ed9 \u1ea5m tr\u00e0 b\u1eb1ng s\u1ee9 [&hellip;]\" \/>\n<meta property=\"og:url\" content=\"https:\/\/www.majesticsaigon.com\/vi\/homepage\/souvenir-shop\/\" \/>\n<meta property=\"og:site_name\" content=\"Majestic Saigon Hotel\" \/>\n<meta property=\"article:modified_time\" content=\"2025-06-03T10:21:57+00:00\" \/>\n<meta property=\"og:image\" content=\"https:\/\/www.majesticsaigon.com\/wp-content\/uploads\/sites\/258\/2023\/10\/souvenir-683x1024.jpg\" \/>\n\t<meta property=\"og:image:width\" content=\"683\" \/>\n\t<meta property=\"og:image:height\" content=\"1024\" \/>\n\t<meta property=\"og:image:type\" content=\"image\/jpeg\" \/>\n<meta name=\"twitter:card\" content=\"summary_large_image\" \/>\n<meta name=\"twitter:label1\" content=\"Est. reading time\" \/>\n\t<meta name=\"twitter:data1\" content=\"1 minute\" \/>\n<script type=\"application\/ld+json\" class=\"yoast-schema-graph\">{\"@context\":\"https:\/\/schema.org\",\"@graph\":[{\"@type\":\"WebPage\",\"@id\":\"https:\/\/www.majesticsaigon.com\/vi\/homepage\/souvenir-shop\/\",\"url\":\"https:\/\/www.majesticsaigon.com\/vi\/homepage\/souvenir-shop\/\",\"name\":\"QU\u00c0 L\u01afU NI\u1ec6M - Majestic Saigon Hotel\",\"isPartOf\":{\"@id\":\"https:\/\/www.majesticsaigon.com\/vi\/#website\"},\"primaryImageOfPage\":{\"@id\":\"https:\/\/www.majesticsaigon.com\/vi\/homepage\/souvenir-shop\/#primaryimage\"},\"image\":{\"@id\":\"https:\/\/www.majesticsaigon.com\/vi\/homepage\/souvenir-shop\/#primaryimage\"},\"thumbnailUrl\":\"https:\/\/www.majesticsaigon.com\/wp-content\/uploads\/sites\/258\/2023\/10\/souvenir.jpg\",\"datePublished\":\"2023-10-10T11:00:37+00:00\",\"dateModified\":\"2025-06-03T10:21:57+00:00\",\"breadcrumb\":{\"@id\":\"https:\/\/www.majesticsaigon.com\/vi\/homepage\/souvenir-shop\/#breadcrumb\"},\"inLanguage\":\"vi-VN\",\"potentialAction\":[{\"@type\":\"ReadAction\",\"target\":[\"https:\/\/www.majesticsaigon.com\/vi\/homepage\/souvenir-shop\/\"]}]},{\"@type\":\"ImageObject\",\"inLanguage\":\"vi-VN\",\"@id\":\"https:\/\/www.majesticsaigon.com\/vi\/homepage\/souvenir-shop\/#primaryimage\",\"url\":\"https:\/\/www.majesticsaigon.com\/wp-content\/uploads\/sites\/258\/2023\/10\/souvenir.jpg\",\"contentUrl\":\"https:\/\/www.majesticsaigon.com\/wp-content\/uploads\/sites\/258\/2023\/10\/souvenir.jpg\",\"width\":1320,\"height\":1980},{\"@type\":\"BreadcrumbList\",\"@id\":\"https:\/\/www.majesticsaigon.com\/vi\/homepage\/souvenir-shop\/#breadcrumb\",\"itemListElement\":[{\"@type\":\"ListItem\",\"position\":1,\"name\":\"Home\",\"item\":\"https:\/\/www.majesticsaigon.com\/vi\/\"},{\"@type\":\"ListItem\",\"position\":2,\"name\":\"KH\u00c1CH S\u1ea0N MAJESTIC S\u00c0I G\u00d2N\",\"item\":\"https:\/\/www.majesticsaigon.com\/vi\/\"},{\"@type\":\"ListItem\",\"position\":3,\"name\":\"QU\u00c0 L\u01afU NI\u1ec6M\"}]},{\"@type\":\"WebSite\",\"@id\":\"https:\/\/www.majesticsaigon.com\/vi\/#website\",\"url\":\"https:\/\/www.majesticsaigon.com\/vi\/\",\"name\":\"Majestic Saigon Hotel\",\"description\":\"\",\"potentialAction\":[{\"@type\":\"SearchAction\",\"target\":{\"@type\":\"EntryPoint\",\"urlTemplate\":\"https:\/\/www.majesticsaigon.com\/vi\/?s={search_term_string}\"},\"query-input\":\"required name=search_term_string\"}],\"inLanguage\":\"vi-VN\"}]}<\/script>\n<!-- \/ Yoast SEO plugin. -->","yoast_head_json":{"title":"QU\u00c0 L\u01afU NI\u1ec6M - Majestic Saigon Hotel","robots":{"index":"index","follow":"follow","max-snippet":"max-snippet:-1","max-image-preview":"max-image-preview:large","max-video-preview":"max-video-preview:-1"},"canonical":"https:\/\/www.majesticsaigon.com\/vi\/homepage\/souvenir-shop\/","og_locale":"vi_VN","og_type":"article","og_title":"QU\u00c0 L\u01afU NI\u1ec6M - Majestic Saigon Hotel","og_description":"Kh\u00e1ch s\u1ea1n Majestic S\u00e0i G\u00f2n tr\u00e2n tr\u1ecdng m\u1eddi qu\u00fd kh\u00e1ch kh\u00e1m ph\u00e1 b\u1ed9 s\u01b0u t\u1eadp qu\u00e0 l\u01b0u ni\u1ec7m tinh t\u1ebf c\u1ee7a ch\u00fang t\u00f4i, n\u01a1i l\u01b0u gi\u1eef tinh hoa c\u1ee7a s\u1ef1 sang tr\u1ecdng v\u00e0 di s\u1ea3n. T\u1eeb nh\u1eefng chi\u1ebfc \u00e1o ph\u00f4ng \u0111\u1ed9c quy\u1ec1n \u0111\u1ebfn \u0111\u1ed3ng h\u1ed3 b\u00e0n c\u1ed5 xinh \u0111\u1eb9p v\u00e0 b\u1ed9 \u1ea5m tr\u00e0 b\u1eb1ng s\u1ee9 [&hellip;]","og_url":"https:\/\/www.majesticsaigon.com\/vi\/homepage\/souvenir-shop\/","og_site_name":"Majestic Saigon Hotel","article_modified_time":"2025-06-03T10:21:57+00:00","og_image":[{"width":683,"height":1024,"url":"https:\/\/www.majesticsaigon.com\/wp-content\/uploads\/sites\/258\/2023\/10\/souvenir-683x1024.jpg","type":"image\/jpeg"}],"twitter_card":"summary_large_image","twitter_misc":{"Est. reading time":"1 minute"},"schema":{"@context":"https:\/\/schema.org","@graph":[{"@type":"WebPage","@id":"https:\/\/www.majesticsaigon.com\/vi\/homepage\/souvenir-shop\/","url":"https:\/\/www.majesticsaigon.com\/vi\/homepage\/souvenir-shop\/","name":"QU\u00c0 L\u01afU NI\u1ec6M - Majestic Saigon Hotel","isPartOf":{"@id":"https:\/\/www.majesticsaigon.com\/vi\/#website"},"primaryImageOfPage":{"@id":"https:\/\/www.majesticsaigon.com\/vi\/homepage\/souvenir-shop\/#primaryimage"},"image":{"@id":"https:\/\/www.majesticsaigon.com\/vi\/homepage\/souvenir-shop\/#primaryimage"},"thumbnailUrl":"https:\/\/www.majesticsaigon.com\/wp-content\/uploads\/sites\/258\/2023\/10\/souvenir.jpg","datePublished":"2023-10-10T11:00:37+00:00","dateModified":"2025-06-03T10:21:57+00:00","breadcrumb":{"@id":"https:\/\/www.majesticsaigon.com\/vi\/homepage\/souvenir-shop\/#breadcrumb"},"inLanguage":"vi-VN","potentialAction":[{"@type":"ReadAction","target":["https:\/\/www.majesticsaigon.com\/vi\/homepage\/souvenir-shop\/"]}]},{"@type":"ImageObject","inLanguage":"vi-VN","@id":"https:\/\/www.majesticsaigon.com\/vi\/homepage\/souvenir-shop\/#primaryimage","url":"https:\/\/www.majesticsaigon.com\/wp-content\/uploads\/sites\/258\/2023\/10\/souvenir.jpg","contentUrl":"https:\/\/www.majesticsaigon.com\/wp-content\/uploads\/sites\/258\/2023\/10\/souvenir.jpg","width":1320,"height":1980},{"@type":"BreadcrumbList","@id":"https:\/\/www.majesticsaigon.com\/vi\/homepage\/souvenir-shop\/#breadcrumb","itemListElement":[{"@type":"ListItem","position":1,"name":"Home","item":"https:\/\/www.majesticsaigon.com\/vi\/"},{"@type":"ListItem","position":2,"name":"KH\u00c1CH S\u1ea0N MAJESTIC S\u00c0I G\u00d2N","item":"https:\/\/www.majesticsaigon.com\/vi\/"},{"@type":"ListItem","position":3,"name":"QU\u00c0 L\u01afU NI\u1ec6M"}]},{"@type":"WebSite","@id":"https:\/\/www.majesticsaigon.com\/vi\/#website","url":"https:\/\/www.majesticsaigon.com\/vi\/","name":"Majestic Saigon Hotel","description":"","potentialAction":[{"@type":"SearchAction","target":{"@type":"EntryPoint","urlTemplate":"https:\/\/www.majesticsaigon.com\/vi\/?s={search_term_string}"},"query-input":"required name=search_term_string"}],"inLanguage":"vi-VN"}]}},"_links":{"self":[{"href":"https:\/\/www.majesticsaigon.com\/vi\/wp-json\/wp\/v2\/pages\/3150"}],"collection":[{"href":"https:\/\/www.majesticsaigon.com\/vi\/wp-json\/wp\/v2\/pages"}],"about":[{"href":"https:\/\/www.majesticsaigon.com\/vi\/wp-json\/wp\/v2\/types\/page"}],"author":[{"embeddable":true,"href":"https:\/\/www.majesticsaigon.com\/vi\/wp-json\/wp\/v2\/users\/602"}],"replies":[{"embeddable":true,"href":"https:\/\/www.majesticsaigon.com\/vi\/wp-json\/wp\/v2\/comments?post=3150"}],"version-history":[{"count":0,"href":"https:\/\/www.majesticsaigon.com\/vi\/wp-json\/wp\/v2\/pages\/3150\/revisions"}],"up":[{"embeddable":true,"href":"https:\/\/www.majesticsaigon.com\/vi\/wp-json\/wp\/v2\/pages\/1973"}],"wp:featuredmedia":[{"embeddable":true,"href":"https:\/\/www.majesticsaigon.com\/vi\/wp-json\/wp\/v2\/media\/1437"}],"wp:attachment":[{"href":"https:\/\/www.majesticsaigon.com\/vi\/wp-json\/wp\/v2\/media?parent=3150"}],"curies":[{"name":"wp","href":"https:\/\/api.w.org\/{rel}","templated":true}]}}